{"id":88,"date":"2020-08-19T21:46:33","date_gmt":"2020-08-20T01:46:33","guid":{"rendered":"http:\/\/localhost:10003\/products\/"},"modified":"2024-03-22T10:50:57","modified_gmt":"2024-03-22T14:50:57","slug":"products","status":"publish","type":"page","link":"https:\/\/montysplantfood.com\/pt\/products\/","title":{"rendered":"Produtos"},"content":{"rendered":"<h1>\n\t\tProdutos\n\t<\/h1>\n    <section id=\"soil-amendment\">\n        <header>\n            <h2>Altera\u00e7\u00e3o do solo<\/h2>\n        <\/header>\n                        <a href=\"https:\/\/montysplantfood.com\/pt\/products\/catalyzer\/\">\n                                <h3>Catalisador<\/h3>\n                                        Monty&#8217;s Concentrated Humics                                    \n                        <\/a>\n                        <a href=\"https:\/\/montysplantfood.com\/pt\/products\/dri-carbon\/\">\n                                <h3>Dri-Carbon<\/h3>\n                                        Carbono l\u00edquido na forma seca                                    \n                        <\/a>\n                        <a href=\"https:\/\/montysplantfood.com\/pt\/products\/humi-till\/\">\n                                <h3>Humi-Till<\/h3>\n                                        Gerenciamento de res\u00edduos de culturas                                    \n                        <\/a>\n                        <a href=\"https:\/\/montysplantfood.com\/pt\/products\/humi-till-activator\/\">\n                                <h3>Ativador do Humi-Till<\/h3>\n                                        Para gerenciamento de res\u00edduos                                    \n                        <\/a>\n                        <a href=\"https:\/\/montysplantfood.com\/pt\/products\/montys-liquid-carbon\/\">\n                                <h3>Carbono l\u00edquido do Monty<\/h3>\n                                        Tecnologia Humic exclusiva                                    \n                        <\/a>\n                        <a href=\"https:\/\/montysplantfood.com\/pt\/products\/nanobind\/\">\n                                <h3>Nanobind<\/h3>\n                                        Carbono l\u00edquido microbiano aprimorado                                    \n                        <\/a>\n            <\/section>\n    <section id=\"starters\">\n        <header>\n            <h2>Iniciantes<\/h2>\n        <\/header>\n                        <a href=\"https:\/\/montysplantfood.com\/pt\/products\/12156\/\">\n                                <h3>9-24-3<\/h3>\n                        <\/a>\n                        <a href=\"https:\/\/montysplantfood.com\/pt\/products\/premium-blend\/\">\n                                <h3>Mistura Premium<\/h3>\n                                        A chave para o sucesso \u00e9 a escolha do fosfato                                    \n                        <\/a>\n            <\/section>\n    <section id=\"fertility\">\n        <header>\n            <h2>Fertilidade<\/h2>\n        <\/header>\n                        <a href=\"https:\/\/montysplantfood.com\/pt\/products\/agri-n\/\">\n                                <h3>Agri-N<\/h3>\n                                        Aprimoramento foliar para crescimento e energia                                    \n                        <\/a>\n                        <a href=\"https:\/\/montysplantfood.com\/pt\/products\/agrihance-s-v-r\/\">\n                                <h3>Agrihance (S, V, R)<\/h3>\n                                        Seed Starter &#8211; Vegetative Stage &#8211; Reproductive Stage                                    \n                        <\/a>\n                        <a href=\"https:\/\/montysplantfood.com\/pt\/products\/all-purpose-growth\/\">\n                                <h3>Crescimento para todos os fins<\/h3>\n                                        Crescimento vigoroso da planta e gerenciamento do estresse da cultura                                    \n                        <\/a>\n                        <a href=\"https:\/\/montysplantfood.com\/pt\/products\/c795-plus\/\">\n                                <h3>C795 Plus<\/h3>\n                                        Produto multiuso ideal para o sucesso de sementes e plantas                                    \n                        <\/a>\n                        <a href=\"https:\/\/montysplantfood.com\/pt\/products\/calcium-plus\/\">\n                                <h3>C\u00e1lcio Plus<\/h3>\n                                        Suplemento de nutrientes                                    \n                        <\/a>\n                        <a href=\"https:\/\/montysplantfood.com\/pt\/products\/hay-now\/\">\n                                <h3>Feno-agora<\/h3>\n                                        Fertilizante l\u00edquido para feno e pastagem                                    \n                        <\/a>\n                        <a href=\"https:\/\/montysplantfood.com\/pt\/products\/k28\/\">\n                                <h3>K28<\/h3>\n                                        Suplemento nutricional de pot\u00e1ssio l\u00edquido                                    \n                        <\/a>\n                        <a href=\"https:\/\/montysplantfood.com\/pt\/products\/magmahume\/\">\n                                <h3>MagmaHume<\/h3>\n                                        Fortificante para plantas e solos                                    \n                        <\/a>\n                        <a href=\"https:\/\/montysplantfood.com\/pt\/products\/microhance\/\">\n                                <h3>Microhance<\/h3>\n                                        Nutrient Package &#8211; Six Important Nutrients                                    \n                        <\/a>\n                        <a href=\"https:\/\/montysplantfood.com\/pt\/products\/midnight\/\">\n                                <h3>Meia-noite<\/h3>\n                                        Mistura \u00fanica ideal para o crescimento das plantas                                    \n                        <\/a>\n                        <a href=\"https:\/\/montysplantfood.com\/pt\/products\/nauxin\/\">\n                                <h3>Nauxin<\/h3>\n                                        Pacote de nutrientes essenciais                                    \n                        <\/a>\n                        <a href=\"https:\/\/montysplantfood.com\/pt\/products\/premium-blend\/\">\n                                <h3>Mistura Premium<\/h3>\n                                        A chave para o sucesso \u00e9 a escolha do fosfato                                    \n                        <\/a>\n                        <a href=\"https:\/\/montysplantfood.com\/pt\/products\/root-bloom\/\">\n                                <h3>Raiz e florescimento<\/h3>\n                                        Root Growth &#038; Seed and Fruit Development                                    \n                        <\/a>\n                        <a href=\"https:\/\/montysplantfood.com\/pt\/products\/seed-starter-foliar\/\">\n                                <h3>Semente inicial\/ Foliar<\/h3>\n                                        Para r\u00e1pida emerg\u00eancia e vigor no in\u00edcio da esta\u00e7\u00e3o                                    \n                        <\/a>\n                        <a href=\"https:\/\/montysplantfood.com\/pt\/products\/sulfur-15\/\">\n                                <h3>Enxofre 15<\/h3>\n                                        Suplemento de nutrientes                                    \n                        <\/a>\n            <\/section>\n    <section id=\"nutrient-management\">\n        <header>\n            <h2>Gerenciamento de nutrientes<\/h2>\n        <\/header>\n                        <a href=\"https:\/\/montysplantfood.com\/pt\/products\/drivas\/\">\n                                <h3>Drivas<\/h3>\n                                        O poder de um verdadeiro f\u00falvico                                    \n                        <\/a>\n                        <a href=\"https:\/\/montysplantfood.com\/pt\/products\/humihance\/\">\n                                <h3>Humidade<\/h3>\n                                        Monty&#8217;s Innovative Fertilizer Coating                                    \n                        <\/a>\n                        <a href=\"https:\/\/montysplantfood.com\/pt\/products\/surge-xd\/\">\n                                <h3>Surto XD<\/h3>\n                                        Fornecimento extremo de nutrientes                                    \n                        <\/a>\n            <\/section>\n    <section id=\"micronutrients\">\n        <header>\n            <h2>Micronutrientes<\/h2>\n        <\/header>\n                        <a href=\"https:\/\/montysplantfood.com\/pt\/products\/boron\/\">\n                                <h3>Boro<\/h3>\n                                        Necess\u00e1rio para a s\u00edntese de prote\u00ednas, divis\u00e3o celular e desenvolvimento da raiz.                                    \n                        <\/a>\n                        <a href=\"https:\/\/montysplantfood.com\/pt\/products\/como\/\">\n                                <h3>CoMo<\/h3>\n                                        Uma mistura exclusiva de micronutrientes voltada para maximizar o crescimento das plantas                                    \n                        <\/a>\n                        <a href=\"https:\/\/montysplantfood.com\/pt\/products\/copper-cu\/\">\n                                <h3>Cobre (Cu)<\/h3>\n                                        Ativa as enzimas vegetais necess\u00e1rias no processo de crescimento                                    \n                        <\/a>\n                        <a href=\"https:\/\/montysplantfood.com\/pt\/products\/iron\/\">\n                                <h3>Ferro (Fe)<\/h3>\n                                        Para a preven\u00e7\u00e3o e corre\u00e7\u00e3o da clorose f\u00e9rrica em todas as culturas                                    \n                        <\/a>\n                        <a href=\"https:\/\/montysplantfood.com\/pt\/products\/magnesium-mg\/\">\n                                <h3>Magn\u00e9sio (Mg)<\/h3>\n                                        Ativa as enzimas vegetais necess\u00e1rias para o processo de crescimento                                    \n                        <\/a>\n                        <a href=\"https:\/\/montysplantfood.com\/pt\/products\/manganese-mn\/\">\n                                <h3>Mangan\u00eas (Mn)<\/h3>\n                                        Essencial para a oxida\u00e7\u00e3o celular e a absor\u00e7\u00e3o de a\u00e7\u00facar                                    \n                        <\/a>\n                        <a href=\"https:\/\/montysplantfood.com\/pt\/products\/molybdenum-mo\/\">\n                                <h3>Molibd\u00eanio (Mo)<\/h3>\n                                        Suplemento a um programa regular de fertiliza\u00e7\u00e3o para prevenir e corrigir defici\u00eancias                                    \n                        <\/a>\n                        <a href=\"https:\/\/montysplantfood.com\/pt\/products\/zinc-zn\/\">\n                                <h3>Zinco (Zn)<\/h3>\n                                        Aumenta a disponibilidade de c\u00e1lcio (Ca) e f\u00f3sforo (P)                                    \n                        <\/a>\n            <\/section>\n    <section id=\"specialty\">\n        <header>\n            <h2>Especialidade<\/h2>\n        <\/header>\n                        <a href=\"https:\/\/montysplantfood.com\/pt\/products\/agri-sweet\/\">\n                                <h3>Agri-Sweet FG<\/h3>\n                                        A\u00e7\u00facar refinado                                    \n                        <\/a>\n                        <a href=\"https:\/\/montysplantfood.com\/pt\/products\/bio-strain\/\">\n                                <h3>Bio-Strain<\/h3>\n                                        Pacote microbiano para culturas em linha e produtos agr\u00edcolas                                    \n                        <\/a>\n                        <a href=\"https:\/\/montysplantfood.com\/pt\/products\/calesco\/\">\n                                <h3>Calesco<\/h3>\n                                        Condicionador de \u00e1gua especial                                    \n                        <\/a>\n                        <a href=\"https:\/\/montysplantfood.com\/pt\/products\/multiplicity\/\">\n                                <h3>Multiplicidade<\/h3>\n                                        Uma fonte seca de microrganismos para ajudar as culturas a atingir seu potencial m\u00e1ximo                                    \n                        <\/a>\n                        <a href=\"https:\/\/montysplantfood.com\/pt\/products\/nanoboost\/\">\n                                <h3>Nanoboost<\/h3>\n                                        Intensificador de herbicida                                    \n                        <\/a>\n                        <a href=\"https:\/\/montysplantfood.com\/pt\/products\/sludge-relief\/\">\n                                <h3>Al\u00edvio de lodo<\/h3>\n                                        AUX\u00cdLIO \u00c0 DIGEST\u00c3O                                    \n                        <\/a>\n                        <a href=\"https:\/\/montysplantfood.com\/pt\/products\/turf-power-srn\/\">\n                                <h3>Turf Power SRN<\/h3>\n                                        13-2-6 with Micronutrients &#038; Humics                                    \n                        <\/a>\n            <\/section>","protected":false},"excerpt":{"rendered":"<p>Products Soil Amendment Catalyzer Monty&#8217;s Concentrated Humics Dri-Carbon Liquid Carbon in Dry Form Humi-Till Crop Residue Management Humi-Till Activator For Residue Management Monty&#8217;s Liquid Carbon Proprietary Humic Technology Nanobind Microbial Enhanced Liquid Carbon Starters 9-24-3 Premium Blend The Key to Success is the Choice of Phosphate Fertility Agri-N Foliar Enhancement for Green-Up and Energy Agrihance&hellip;<\/p>","protected":false},"author":20,"featured_media":0,"parent":0,"menu_order":9,"comment_status":"closed","ping_status":"closed","template":"","meta":{"_acf_changed":false,"footnotes":""},"class_list":["post-88","page","type-page","status-publish","hentry"],"acf":[],"yoast_head":"<!-- This site is optimized with the Yoast SEO plugin v27.4 - https:\/\/yoast.com\/product\/yoast-seo-wordpress\/ -->\n<title>Products - Monty&#039;s Plant Food<\/title>\n<meta name=\"robots\" content=\"index, follow, max-snippet:-1, max-image-preview:large, max-video-preview:-1\" \/>\n<link rel=\"canonical\" href=\"https:\/\/montysplantfood.com\/pt\/products\/\" \/>\n<meta property=\"og:locale\" content=\"pt_BR\" \/>\n<meta property=\"og:type\" content=\"article\" \/>\n<meta property=\"og:title\" content=\"Products - Monty&#039;s Plant Food\" \/>\n<meta property=\"og:description\" content=\"Products Soil Amendment Catalyzer Monty&#8217;s Concentrated Humics Dri-Carbon Liquid Carbon in Dry Form Humi-Till Crop Residue Management Humi-Till Activator For Residue Management Monty&#8217;s Liquid Carbon Proprietary Humic Technology Nanobind Microbial Enhanced Liquid Carbon Starters 9-24-3 Premium Blend The Key to Success is the Choice of Phosphate Fertility Agri-N Foliar Enhancement for Green-Up and Energy Agrihance&hellip;\" \/>\n<meta property=\"og:url\" content=\"https:\/\/montysplantfood.com\/pt\/products\/\" \/>\n<meta property=\"og:site_name\" content=\"Monty&#039;s Plant Food\" \/>\n<meta property=\"article:modified_time\" content=\"2024-03-22T14:50:57+00:00\" \/>\n<meta property=\"og:image\" content=\"https:\/\/montysplantfood.com\/wp-content\/uploads\/2020\/09\/social-share.jpg\" \/>\n\t<meta property=\"og:image:width\" content=\"1280\" \/>\n\t<meta property=\"og:image:height\" content=\"720\" \/>\n\t<meta property=\"og:image:type\" content=\"image\/jpeg\" \/>\n<meta name=\"twitter:card\" content=\"summary_large_image\" \/>\n<meta name=\"twitter:label1\" content=\"Est. reading time\" \/>\n\t<meta name=\"twitter:data1\" content=\"2 minutes\" \/>\n<script type=\"application\/ld+json\" class=\"yoast-schema-graph\">{\"@context\":\"https:\\\/\\\/schema.org\",\"@graph\":[{\"@type\":\"WebPage\",\"@id\":\"https:\\\/\\\/montysplantfood.com\\\/products\\\/\",\"url\":\"https:\\\/\\\/montysplantfood.com\\\/products\\\/\",\"name\":\"Products - Monty&#039;s Plant Food\",\"isPartOf\":{\"@id\":\"https:\\\/\\\/montysplantfood.com\\\/#website\"},\"datePublished\":\"2020-08-20T01:46:33+00:00\",\"dateModified\":\"2024-03-22T14:50:57+00:00\",\"breadcrumb\":{\"@id\":\"https:\\\/\\\/montysplantfood.com\\\/products\\\/#breadcrumb\"},\"inLanguage\":\"pt-BR\",\"potentialAction\":[{\"@type\":\"ReadAction\",\"target\":[\"https:\\\/\\\/montysplantfood.com\\\/products\\\/\"]}]},{\"@type\":\"BreadcrumbList\",\"@id\":\"https:\\\/\\\/montysplantfood.com\\\/products\\\/#breadcrumb\",\"itemListElement\":[{\"@type\":\"ListItem\",\"position\":1,\"name\":\"Home\",\"item\":\"https:\\\/\\\/montysplantfood.com\\\/\"},{\"@type\":\"ListItem\",\"position\":2,\"name\":\"Products\"}]},{\"@type\":\"WebSite\",\"@id\":\"https:\\\/\\\/montysplantfood.com\\\/#website\",\"url\":\"https:\\\/\\\/montysplantfood.com\\\/\",\"name\":\"Monty&#039;s Plant Food\",\"description\":\"\",\"publisher\":{\"@id\":\"https:\\\/\\\/montysplantfood.com\\\/#organization\"},\"potentialAction\":[{\"@type\":\"SearchAction\",\"target\":{\"@type\":\"EntryPoint\",\"urlTemplate\":\"https:\\\/\\\/montysplantfood.com\\\/?s={search_term_string}\"},\"query-input\":{\"@type\":\"PropertyValueSpecification\",\"valueRequired\":true,\"valueName\":\"search_term_string\"}}],\"inLanguage\":\"pt-BR\"},{\"@type\":\"Organization\",\"@id\":\"https:\\\/\\\/montysplantfood.com\\\/#organization\",\"name\":\"Monty's Plant Food\",\"url\":\"https:\\\/\\\/montysplantfood.com\\\/\",\"logo\":{\"@type\":\"ImageObject\",\"inLanguage\":\"pt-BR\",\"@id\":\"https:\\\/\\\/montysplantfood.com\\\/#\\\/schema\\\/logo\\\/image\\\/\",\"url\":\"https:\\\/\\\/montysplantfood.com\\\/wp-content\\\/uploads\\\/2020\\\/09\\\/Website-Logo-TEST.png\",\"contentUrl\":\"https:\\\/\\\/montysplantfood.com\\\/wp-content\\\/uploads\\\/2020\\\/09\\\/Website-Logo-TEST.png\",\"width\":505,\"height\":358,\"caption\":\"Monty's Plant Food\"},\"image\":{\"@id\":\"https:\\\/\\\/montysplantfood.com\\\/#\\\/schema\\\/logo\\\/image\\\/\"}}]}<\/script>\n<!-- \/ Yoast SEO plugin. -->","yoast_head_json":{"title":"Products - Monty&#039;s Plant Food","robots":{"index":"index","follow":"follow","max-snippet":"max-snippet:-1","max-image-preview":"max-image-preview:large","max-video-preview":"max-video-preview:-1"},"canonical":"https:\/\/montysplantfood.com\/pt\/products\/","og_locale":"pt_BR","og_type":"article","og_title":"Products - Monty&#039;s Plant Food","og_description":"Products Soil Amendment Catalyzer Monty&#8217;s Concentrated Humics Dri-Carbon Liquid Carbon in Dry Form Humi-Till Crop Residue Management Humi-Till Activator For Residue Management Monty&#8217;s Liquid Carbon Proprietary Humic Technology Nanobind Microbial Enhanced Liquid Carbon Starters 9-24-3 Premium Blend The Key to Success is the Choice of Phosphate Fertility Agri-N Foliar Enhancement for Green-Up and Energy Agrihance&hellip;","og_url":"https:\/\/montysplantfood.com\/pt\/products\/","og_site_name":"Monty&#039;s Plant Food","article_modified_time":"2024-03-22T14:50:57+00:00","og_image":[{"width":1280,"height":720,"url":"https:\/\/montysplantfood.com\/wp-content\/uploads\/2020\/09\/social-share.jpg","type":"image\/jpeg"}],"twitter_card":"summary_large_image","twitter_misc":{"Est. reading time":"2 minutes"},"schema":{"@context":"https:\/\/schema.org","@graph":[{"@type":"WebPage","@id":"https:\/\/montysplantfood.com\/products\/","url":"https:\/\/montysplantfood.com\/products\/","name":"Products - Monty&#039;s Plant Food","isPartOf":{"@id":"https:\/\/montysplantfood.com\/#website"},"datePublished":"2020-08-20T01:46:33+00:00","dateModified":"2024-03-22T14:50:57+00:00","breadcrumb":{"@id":"https:\/\/montysplantfood.com\/products\/#breadcrumb"},"inLanguage":"pt-BR","potentialAction":[{"@type":"ReadAction","target":["https:\/\/montysplantfood.com\/products\/"]}]},{"@type":"BreadcrumbList","@id":"https:\/\/montysplantfood.com\/products\/#breadcrumb","itemListElement":[{"@type":"ListItem","position":1,"name":"Home","item":"https:\/\/montysplantfood.com\/"},{"@type":"ListItem","position":2,"name":"Products"}]},{"@type":"WebSite","@id":"https:\/\/montysplantfood.com\/#website","url":"https:\/\/montysplantfood.com\/","name":"Monty&#039;s Plant Food","description":"","publisher":{"@id":"https:\/\/montysplantfood.com\/#organization"},"potentialAction":[{"@type":"SearchAction","target":{"@type":"EntryPoint","urlTemplate":"https:\/\/montysplantfood.com\/?s={search_term_string}"},"query-input":{"@type":"PropertyValueSpecification","valueRequired":true,"valueName":"search_term_string"}}],"inLanguage":"pt-BR"},{"@type":"Organization","@id":"https:\/\/montysplantfood.com\/#organization","name":"Monty's Plant Food","url":"https:\/\/montysplantfood.com\/","logo":{"@type":"ImageObject","inLanguage":"pt-BR","@id":"https:\/\/montysplantfood.com\/#\/schema\/logo\/image\/","url":"https:\/\/montysplantfood.com\/wp-content\/uploads\/2020\/09\/Website-Logo-TEST.png","contentUrl":"https:\/\/montysplantfood.com\/wp-content\/uploads\/2020\/09\/Website-Logo-TEST.png","width":505,"height":358,"caption":"Monty's Plant Food"},"image":{"@id":"https:\/\/montysplantfood.com\/#\/schema\/logo\/image\/"}}]}},"_links":{"self":[{"href":"https:\/\/montysplantfood.com\/pt\/wp-json\/wp\/v2\/pages\/88","targetHints":{"allow":["GET"]}}],"collection":[{"href":"https:\/\/montysplantfood.com\/pt\/wp-json\/wp\/v2\/pages"}],"about":[{"href":"https:\/\/montysplantfood.com\/pt\/wp-json\/wp\/v2\/types\/page"}],"author":[{"embeddable":true,"href":"https:\/\/montysplantfood.com\/pt\/wp-json\/wp\/v2\/users\/20"}],"replies":[{"embeddable":true,"href":"https:\/\/montysplantfood.com\/pt\/wp-json\/wp\/v2\/comments?post=88"}],"version-history":[{"count":3,"href":"https:\/\/montysplantfood.com\/pt\/wp-json\/wp\/v2\/pages\/88\/revisions"}],"predecessor-version":[{"id":13607,"href":"https:\/\/montysplantfood.com\/pt\/wp-json\/wp\/v2\/pages\/88\/revisions\/13607"}],"wp:attachment":[{"href":"https:\/\/montysplantfood.com\/pt\/wp-json\/wp\/v2\/media?parent=88"}],"curies":[{"name":"wp","href":"https:\/\/api.w.org\/{rel}","templated":true}]}}