{"id":87,"date":"2020-08-19T21:46:33","date_gmt":"2020-08-20T01:46:33","guid":{"rendered":"http:\/\/localhost:10003\/crops\/"},"modified":"2020-12-14T15:01:15","modified_gmt":"2020-12-14T20:01:15","slug":"crops","status":"publish","type":"page","link":"https:\/\/montysplantfood.com\/pt\/crops\/","title":{"rendered":"Culturas"},"content":{"rendered":"<h2>\n\t\tSolu\u00e7\u00f5es para plantas e solos que trabalham t\u00e3o duro quanto voc\u00ea\n\t<\/h2>\n\t<p>N\u00e3o existe um modelo \u00fanico para todos os agricultores. Obtenha qualidade e rendimentos mais altos usando produtos projetados especificamente para suas culturas.<\/p>\n\t\t\t<a href=\"https:\/\/montysplantfood.com\/pt\/crops\/corn\/\" target=\"_self\" rel=\"noopener noreferrer\">\n\t\t\t\t<img decoding=\"async\" src=\"https:\/\/montysplantfood.com\/wp-content\/uploads\/2020\/08\/icon-corn.png\" alt=\"icon-corn\">\n\t\t<h3>Milho<\/h3>\n\t\t<\/a>\n\t\t\t<a href=\"https:\/\/montysplantfood.com\/pt\/crops\/soybeans\/\" target=\"_self\" rel=\"noopener noreferrer\">\n\t\t\t\t<img decoding=\"async\" src=\"https:\/\/montysplantfood.com\/wp-content\/uploads\/2020\/08\/icon-soybeans.png\" alt=\"icon-soybeans\">\n\t\t<h3>Soja<\/h3>\n\t\t<\/a>\n\t\t\t<a href=\"https:\/\/montysplantfood.com\/pt\/crops\/wheat\/\" target=\"_self\" rel=\"noopener noreferrer\">\n\t\t\t\t<img decoding=\"async\" src=\"https:\/\/montysplantfood.com\/wp-content\/uploads\/2020\/08\/icon-wheat.png\" alt=\"icon-wheat\">\n\t\t<h3>Trigo<\/h3>\n\t\t<\/a>\n\t\t\t<a href=\"https:\/\/montysplantfood.com\/pt\/crops\/cotton\/\" target=\"_self\" rel=\"noopener noreferrer\">\n\t\t\t\t<img decoding=\"async\" src=\"https:\/\/montysplantfood.com\/wp-content\/uploads\/2020\/08\/icon-cotton.png\" alt=\"icon-cotton\">\n\t\t<h3>Algod\u00e3o<\/h3>\n\t\t<\/a>\n\t\t\t<a href=\"https:\/\/montysplantfood.com\/pt\/crops\/orchards\/\" target=\"_self\" rel=\"noopener noreferrer\">\n\t\t\t\t<img decoding=\"async\" src=\"https:\/\/montysplantfood.com\/wp-content\/uploads\/2020\/08\/icon-orchards.png\" alt=\"icon-orchards\">\n\t\t<h3>Pomares<\/h3>\n\t\t<\/a>\n\t\t\t<a href=\"https:\/\/montysplantfood.com\/pt\/crops\/peanuts\/\" target=\"_self\" rel=\"noopener noreferrer\">\n\t\t\t\t<img decoding=\"async\" src=\"https:\/\/montysplantfood.com\/wp-content\/uploads\/2020\/08\/icon-peanuts.png\" alt=\"icon-peanuts\">\n\t\t<h3>Amendoim<\/h3>\n\t\t<\/a>\n\t\t\t<a href=\"https:\/\/montysplantfood.com\/pt\/crops\/tobacco\/\" target=\"_self\" rel=\"noopener noreferrer\">\n\t\t\t\t<img decoding=\"async\" src=\"https:\/\/montysplantfood.com\/wp-content\/uploads\/2020\/08\/icon-tobacco.png\" alt=\"icon-tobacco\">\n\t\t<h3>Tabaco<\/h3>\n\t\t<\/a>\n\t\t\t<a href=\"https:\/\/montysplantfood.com\/pt\/crops\/potatoes\/\" target=\"_self\" rel=\"noopener noreferrer\">\n\t\t\t\t<img decoding=\"async\" src=\"https:\/\/montysplantfood.com\/wp-content\/uploads\/2020\/08\/icon-potatoes.png\" alt=\"icon-potatoes\">\n\t\t<h3>Batatas<\/h3>\n\t\t<\/a>\n\t\t\t<a href=\"https:\/\/montysplantfood.com\/pt\/crops\/pastures\/\" target=\"_self\" rel=\"noopener noreferrer\">\n\t\t\t\t<img decoding=\"async\" src=\"https:\/\/montysplantfood.com\/wp-content\/uploads\/2020\/08\/icon-pastures.png\" alt=\"icon-pastures\">\n\t\t<h3>Pastagens<\/h3>\n\t\t<\/a>\n\t\t\t<a href=\"https:\/\/montysplantfood.com\/pt\/crops\/greenhouse\/\" target=\"_self\" rel=\"noopener noreferrer\">\n\t\t\t\t<img decoding=\"async\" src=\"https:\/\/montysplantfood.com\/wp-content\/uploads\/2020\/08\/icon-greenhouse.png\" alt=\"icon-greenhouse\">\n\t\t<h3>Estufa<\/h3>\n\t\t<\/a>","protected":false},"excerpt":{"rendered":"<p>Plant and Soil Solutions That Work As Hard As You Do There is no one-size-fits-all for farmers. Attain quality, higher yields by using products designed specifically with your crops in mind. Corn Soybeans Wheat Cotton Orchards Peanuts Tobacco Potatoes Pastures Greenhouse<\/p>","protected":false},"author":20,"featured_media":0,"parent":0,"menu_order":8,"comment_status":"closed","ping_status":"closed","template":"","meta":{"_acf_changed":false,"footnotes":""},"class_list":["post-87","page","type-page","status-publish","hentry"],"acf":[],"yoast_head":"<!-- This site is optimized with the Yoast SEO plugin v27.4 - https:\/\/yoast.com\/product\/yoast-seo-wordpress\/ -->\n<title>Crops - Monty&#039;s Plant Food<\/title>\n<meta name=\"robots\" content=\"index, follow, max-snippet:-1, max-image-preview:large, max-video-preview:-1\" \/>\n<link rel=\"canonical\" href=\"https:\/\/montysplantfood.com\/pt\/crops\/\" \/>\n<meta property=\"og:locale\" content=\"pt_BR\" \/>\n<meta property=\"og:type\" content=\"article\" \/>\n<meta property=\"og:title\" content=\"Crops - Monty&#039;s Plant Food\" \/>\n<meta property=\"og:description\" content=\"Plant and Soil Solutions That Work As Hard As You Do There is no one-size-fits-all for farmers. Attain quality, higher yields by using products designed specifically with your crops in mind. Corn Soybeans Wheat Cotton Orchards Peanuts Tobacco Potatoes Pastures Greenhouse\" \/>\n<meta property=\"og:url\" content=\"https:\/\/montysplantfood.com\/pt\/crops\/\" \/>\n<meta property=\"og:site_name\" content=\"Monty&#039;s Plant Food\" \/>\n<meta property=\"article:modified_time\" content=\"2020-12-14T20:01:15+00:00\" \/>\n<meta property=\"og:image\" content=\"https:\/\/montysplantfood.com\/wp-content\/uploads\/2020\/08\/icon-corn.png\" \/>\n<meta name=\"twitter:card\" content=\"summary_large_image\" \/>\n<script type=\"application\/ld+json\" class=\"yoast-schema-graph\">{\"@context\":\"https:\\\/\\\/schema.org\",\"@graph\":[{\"@type\":\"WebPage\",\"@id\":\"https:\\\/\\\/montysplantfood.com\\\/crops\\\/\",\"url\":\"https:\\\/\\\/montysplantfood.com\\\/crops\\\/\",\"name\":\"Crops - Monty&#039;s Plant Food\",\"isPartOf\":{\"@id\":\"https:\\\/\\\/montysplantfood.com\\\/#website\"},\"primaryImageOfPage\":{\"@id\":\"https:\\\/\\\/montysplantfood.com\\\/crops\\\/#primaryimage\"},\"image\":{\"@id\":\"https:\\\/\\\/montysplantfood.com\\\/crops\\\/#primaryimage\"},\"thumbnailUrl\":\"https:\\\/\\\/montysplantfood.com\\\/wp-content\\\/uploads\\\/2020\\\/08\\\/icon-corn.png\",\"datePublished\":\"2020-08-20T01:46:33+00:00\",\"dateModified\":\"2020-12-14T20:01:15+00:00\",\"breadcrumb\":{\"@id\":\"https:\\\/\\\/montysplantfood.com\\\/crops\\\/#breadcrumb\"},\"inLanguage\":\"pt-BR\",\"potentialAction\":[{\"@type\":\"ReadAction\",\"target\":[\"https:\\\/\\\/montysplantfood.com\\\/crops\\\/\"]}]},{\"@type\":\"ImageObject\",\"inLanguage\":\"pt-BR\",\"@id\":\"https:\\\/\\\/montysplantfood.com\\\/crops\\\/#primaryimage\",\"url\":\"https:\\\/\\\/montysplantfood.com\\\/wp-content\\\/uploads\\\/2020\\\/08\\\/icon-corn.png\",\"contentUrl\":\"https:\\\/\\\/montysplantfood.com\\\/wp-content\\\/uploads\\\/2020\\\/08\\\/icon-corn.png\"},{\"@type\":\"BreadcrumbList\",\"@id\":\"https:\\\/\\\/montysplantfood.com\\\/crops\\\/#breadcrumb\",\"itemListElement\":[{\"@type\":\"ListItem\",\"position\":1,\"name\":\"Home\",\"item\":\"https:\\\/\\\/montysplantfood.com\\\/\"},{\"@type\":\"ListItem\",\"position\":2,\"name\":\"Crops\"}]},{\"@type\":\"WebSite\",\"@id\":\"https:\\\/\\\/montysplantfood.com\\\/#website\",\"url\":\"https:\\\/\\\/montysplantfood.com\\\/\",\"name\":\"Monty&#039;s Plant Food\",\"description\":\"\",\"publisher\":{\"@id\":\"https:\\\/\\\/montysplantfood.com\\\/#organization\"},\"potentialAction\":[{\"@type\":\"SearchAction\",\"target\":{\"@type\":\"EntryPoint\",\"urlTemplate\":\"https:\\\/\\\/montysplantfood.com\\\/?s={search_term_string}\"},\"query-input\":{\"@type\":\"PropertyValueSpecification\",\"valueRequired\":true,\"valueName\":\"search_term_string\"}}],\"inLanguage\":\"pt-BR\"},{\"@type\":\"Organization\",\"@id\":\"https:\\\/\\\/montysplantfood.com\\\/#organization\",\"name\":\"Monty's Plant Food\",\"url\":\"https:\\\/\\\/montysplantfood.com\\\/\",\"logo\":{\"@type\":\"ImageObject\",\"inLanguage\":\"pt-BR\",\"@id\":\"https:\\\/\\\/montysplantfood.com\\\/#\\\/schema\\\/logo\\\/image\\\/\",\"url\":\"https:\\\/\\\/montysplantfood.com\\\/wp-content\\\/uploads\\\/2020\\\/09\\\/Website-Logo-TEST.png\",\"contentUrl\":\"https:\\\/\\\/montysplantfood.com\\\/wp-content\\\/uploads\\\/2020\\\/09\\\/Website-Logo-TEST.png\",\"width\":505,\"height\":358,\"caption\":\"Monty's Plant Food\"},\"image\":{\"@id\":\"https:\\\/\\\/montysplantfood.com\\\/#\\\/schema\\\/logo\\\/image\\\/\"}}]}<\/script>\n<!-- \/ Yoast SEO plugin. -->","yoast_head_json":{"title":"Crops - Monty&#039;s Plant Food","robots":{"index":"index","follow":"follow","max-snippet":"max-snippet:-1","max-image-preview":"max-image-preview:large","max-video-preview":"max-video-preview:-1"},"canonical":"https:\/\/montysplantfood.com\/pt\/crops\/","og_locale":"pt_BR","og_type":"article","og_title":"Crops - Monty&#039;s Plant Food","og_description":"Plant and Soil Solutions That Work As Hard As You Do There is no one-size-fits-all for farmers. Attain quality, higher yields by using products designed specifically with your crops in mind. Corn Soybeans Wheat Cotton Orchards Peanuts Tobacco Potatoes Pastures Greenhouse","og_url":"https:\/\/montysplantfood.com\/pt\/crops\/","og_site_name":"Monty&#039;s Plant Food","article_modified_time":"2020-12-14T20:01:15+00:00","og_image":[{"url":"https:\/\/montysplantfood.com\/wp-content\/uploads\/2020\/08\/icon-corn.png","type":"","width":"","height":""}],"twitter_card":"summary_large_image","schema":{"@context":"https:\/\/schema.org","@graph":[{"@type":"WebPage","@id":"https:\/\/montysplantfood.com\/crops\/","url":"https:\/\/montysplantfood.com\/crops\/","name":"Crops - Monty&#039;s Plant Food","isPartOf":{"@id":"https:\/\/montysplantfood.com\/#website"},"primaryImageOfPage":{"@id":"https:\/\/montysplantfood.com\/crops\/#primaryimage"},"image":{"@id":"https:\/\/montysplantfood.com\/crops\/#primaryimage"},"thumbnailUrl":"https:\/\/montysplantfood.com\/wp-content\/uploads\/2020\/08\/icon-corn.png","datePublished":"2020-08-20T01:46:33+00:00","dateModified":"2020-12-14T20:01:15+00:00","breadcrumb":{"@id":"https:\/\/montysplantfood.com\/crops\/#breadcrumb"},"inLanguage":"pt-BR","potentialAction":[{"@type":"ReadAction","target":["https:\/\/montysplantfood.com\/crops\/"]}]},{"@type":"ImageObject","inLanguage":"pt-BR","@id":"https:\/\/montysplantfood.com\/crops\/#primaryimage","url":"https:\/\/montysplantfood.com\/wp-content\/uploads\/2020\/08\/icon-corn.png","contentUrl":"https:\/\/montysplantfood.com\/wp-content\/uploads\/2020\/08\/icon-corn.png"},{"@type":"BreadcrumbList","@id":"https:\/\/montysplantfood.com\/crops\/#breadcrumb","itemListElement":[{"@type":"ListItem","position":1,"name":"Home","item":"https:\/\/montysplantfood.com\/"},{"@type":"ListItem","position":2,"name":"Crops"}]},{"@type":"WebSite","@id":"https:\/\/montysplantfood.com\/#website","url":"https:\/\/montysplantfood.com\/","name":"Monty&#039;s Plant Food","description":"","publisher":{"@id":"https:\/\/montysplantfood.com\/#organization"},"potentialAction":[{"@type":"SearchAction","target":{"@type":"EntryPoint","urlTemplate":"https:\/\/montysplantfood.com\/?s={search_term_string}"},"query-input":{"@type":"PropertyValueSpecification","valueRequired":true,"valueName":"search_term_string"}}],"inLanguage":"pt-BR"},{"@type":"Organization","@id":"https:\/\/montysplantfood.com\/#organization","name":"Monty's Plant Food","url":"https:\/\/montysplantfood.com\/","logo":{"@type":"ImageObject","inLanguage":"pt-BR","@id":"https:\/\/montysplantfood.com\/#\/schema\/logo\/image\/","url":"https:\/\/montysplantfood.com\/wp-content\/uploads\/2020\/09\/Website-Logo-TEST.png","contentUrl":"https:\/\/montysplantfood.com\/wp-content\/uploads\/2020\/09\/Website-Logo-TEST.png","width":505,"height":358,"caption":"Monty's Plant Food"},"image":{"@id":"https:\/\/montysplantfood.com\/#\/schema\/logo\/image\/"}}]}},"_links":{"self":[{"href":"https:\/\/montysplantfood.com\/pt\/wp-json\/wp\/v2\/pages\/87","targetHints":{"allow":["GET"]}}],"collection":[{"href":"https:\/\/montysplantfood.com\/pt\/wp-json\/wp\/v2\/pages"}],"about":[{"href":"https:\/\/montysplantfood.com\/pt\/wp-json\/wp\/v2\/types\/page"}],"author":[{"embeddable":true,"href":"https:\/\/montysplantfood.com\/pt\/wp-json\/wp\/v2\/users\/20"}],"replies":[{"embeddable":true,"href":"https:\/\/montysplantfood.com\/pt\/wp-json\/wp\/v2\/comments?post=87"}],"version-history":[{"count":2,"href":"https:\/\/montysplantfood.com\/pt\/wp-json\/wp\/v2\/pages\/87\/revisions"}],"predecessor-version":[{"id":10530,"href":"https:\/\/montysplantfood.com\/pt\/wp-json\/wp\/v2\/pages\/87\/revisions\/10530"}],"wp:attachment":[{"href":"https:\/\/montysplantfood.com\/pt\/wp-json\/wp\/v2\/media?parent=87"}],"curies":[{"name":"wp","href":"https:\/\/api.w.org\/{rel}","templated":true}]}}