{"id":13356,"date":"2023-12-19T11:13:15","date_gmt":"2023-12-19T16:13:15","guid":{"rendered":"https:\/\/montysplantfood.com\/?page_id=13356"},"modified":"2024-11-22T14:01:16","modified_gmt":"2024-11-22T19:01:16","slug":"humic-faq","status":"publish","type":"page","link":"https:\/\/montysplantfood.com\/pt\/the-humic-advantage\/humic-faq\/","title":{"rendered":"Perguntas frequentes sobre a Humic"},"content":{"rendered":"<h1>\n\t\tPerguntas frequentes sobre a Humic\n\t<\/h1>\n<h2>\n\t\tNo\u00e7\u00f5es b\u00e1sicas de subst\u00e2ncias h\u00famicas\n\t<\/h2>\n\t\t\t\t\t\t<h4>O que s\u00e3o subst\u00e2ncias h\u00famicas?<\/h4>\n\t\t\t<p>As subst\u00e2ncias h\u00famicas (Humics) s\u00e3o derivadas de materiais humificados antigos (por exemplo, lignito) e s\u00e3o divididas em duas categorias principais, \u00e1cidos h\u00famicos e \u00e1cidos f\u00falvicos. Elas s\u00e3o os principais constituintes org\u00e2nicos do solo (h\u00famus), da turfa e do carv\u00e3o. Tamb\u00e9m s\u00e3o encontrados em riachos de terras altas, lagos e \u00e1gua do oceano. As subst\u00e2ncias h\u00famicas s\u00e3o produzidas pela decomposi\u00e7\u00e3o de mat\u00e9ria org\u00e2nica ao longo de mil\u00eanios.<\/p>\n\t\t\t\t\t\t<h4>Como os compostos h\u00famicos e f\u00falvicos podem ajudar a aumentar minha produtividade? <\/h4>\n\t\t\t<p>Humics stimulate microbial activity in soil, help break up compacted soil, assist in transferring micronutrients from the soil to the plant, enhance water retention, increase seed germination, and improve the breakdown of plant residue.\u00a0 Humic acids can protect plant cells from toxins, pathogens, and other environmental impacts. Fulvic acids facilitate nutrient uptake through the plant tissue while also working as a chelator of nutrients, increasing the nutrients&#8217; bioavailability.<\/p>\n\t\t\t\t\t\t<h4>Vou obter um ROI?<\/h4>\n\t\t\t<p>\u00c9 amplamente reconhecido que, ao melhorar o solo e estimular a planta, haver\u00e1 maior rendimento. Testes em universidades e fazendas mostraram melhorias significativas na sa\u00fade geral do solo e das plantas e, portanto, voc\u00ea dever\u00e1 ver um retorno sobre o seu investimento.<\/p>\n\t\t\t\t\t\t<h4>Por que produtos h\u00famicos diferentes t\u00eam porcentagens diferentes?<\/h4>\n\t\t\t<p>Some manufacturers use different methods for determining humic or fulvic content. Monty&#8217;s is working with the Humic Products Trade Association (HPTA) to bring standardized testing to both state regulators and the agricultural industry. Monty&#8217;s uses only the HPTA Method (ISO 19822) for determining our products&#8217; humic and fulvic acids levels. Other manufacturers may use less reliable methods. Monty&#8217;s is a proud member of the HPTA which works to promote commercial trade of humic products through scientific cooperation while addressing regulatory issues.\u00a0<\/p>\n\t\t\t\t\t\t<h4>\u00c9 poss\u00edvel usar uma quantidade excessiva?<\/h4>\n\t\t\t<p>Application of Monty&#8217;s Humic products at rates up to 50 times those recommended, are not toxic or harmful to the environment &#8211; including soil, plant, and native soil microorganisms. Monty&#8217;s recommended application rates allow for maximum, cost-effective results.<\/p>\n\t\t\t\t\t\t<h4>Como voc\u00ea pode aplicar dois quartos em um acre e obter resultados? <\/h4>\n\t\t\t<p>Our proprietary Humics are purified and activated, have the correct humic-to-fulvic ratio, and are applied at the optimum concentrations. Therefore, we have a lower rate of application and can achieve greater results by stimulating the plant and the soil&#8217;s natural biology in the most effective way.<\/p>\n\t\t\t\t\t\t<h4>Como seu custo\/acre se compara ao de outros produtos h\u00famicos?<\/h4>\n\t\t\t<p>Nosso custo por acre \u00e9 geralmente menor porque nossos produtos h\u00famicos s\u00e3o purificados e ativados, t\u00eam a propor\u00e7\u00e3o correta de h\u00famicos para f\u00falvicos e s\u00e3o aplicados na concentra\u00e7\u00e3o ideal de h\u00famicos. Embora nosso custo\/gal\u00e3o possa ser maior, nosso custo\/acre \u00e9 geralmente menor devido \u00e0s nossas taxas de aplica\u00e7\u00e3o mais baixas.\u00a0<\/p>\n\t\t\t\t\t\t<h4>Can Monty&#8217;s products be blended with dry fertilizer and spread in the field?<\/h4>\n\t\t\t<p>Sim. Nossos estudos de campo e testes universit\u00e1rios envolvendo o Dri-Carbon e o Humihance n\u00e3o mostraram nenhum problema de compatibilidade at\u00e9 o momento.<\/p>\n\t\t\t\t\t\t<h4>How do you show\/know it&#8217;s active?<\/h4>\n\t\t\t<p>A atividade \u00e9 medida no solo e nas plantas. Os testes de solo mostrar\u00e3o os resultados: redu\u00e7\u00e3o da compacta\u00e7\u00e3o do solo, melhoria da sa\u00fade geral do solo, maior absor\u00e7\u00e3o de micronutrientes e melhor decomposi\u00e7\u00e3o dos res\u00edduos vegetais. Os testes de tecidos mostrar\u00e3o um melhor equil\u00edbrio dos nutrientes de que a planta precisa. Os resultados podem incluir maior massa de ra\u00edzes, plantas mais saud\u00e1veis e, por fim, maior rendimento. Por exemplo, um estudo recente da Universidade Estadual da Carolina do Norte constatou um aumento m\u00e9dio de 12% na produ\u00e7\u00e3o em rela\u00e7\u00e3o ao solo n\u00e3o tratado.*<\/p>\n\t\t\t\t\t\t<h4>What are the advantages of using Monty&#8217;s products throughout the year?<\/h4>\n\t\t\t<p>Monty&#8217;s humic products are continuously working when used throughout the year. Monty&#8217;s recommended programs can improve your plants and soil, and maximize your yields year after year, providing the most cost-effective solution available. Monty&#8217;s activated humic and fulvic acids work throughout the year remediating your soil, revitalizing your soil, stabilizing nutrients, and stimulating plants.\u00a0<\/p>\n\t\t\t\t\t\t<h4>Por que est\u00e1 me dizendo para adicionar carbono, quando tenho bastante carbono no solo?<\/h4>\n\t\t\t<p>Carbon has many forms, but stable, organic carbon is our priority. Monty&#8217;s Liquid Carbon and Dri-Carbon are the product name for our active humic products. Monty&#8217;s Liquid Carbon and Dri-Carbon contain highly purified and activated humic substances with carbon in their molecular structure. This type of carbon is stable and organic.\u00a0<\/p>\n\t\t\t\t\t\t<h4>Does Monty&#8217;s activated humic technology work in all soil types?<\/h4>\n\t\t\t<p>Yes. Whether you have clay soils and compaction or sandy soils, Monty&#8217;s humic-based products provide benefits to your soil.<\/p>\n\t\t\t\t\t\t<h4>Are there compatibility issues when mixing Monty&#8217;s products with other products?<\/h4>\n\t\t\t<p>Nossos estudos de campo e testes universit\u00e1rios mostraram poucos problemas de compatibilidade. Sempre siga todas as instru\u00e7\u00f5es do r\u00f3tulo e teste o frasco primeiro ao misturar com outros produtos qu\u00edmicos.\u00a0<\/p>\n\t\t\t\t\t\t<h4>Como a Humics aumenta\/baixa o pH do meu solo?<\/h4>\n\t\t\t<p>Os solos podem ser \u00e1cidos ou alcalinos devido ao excesso de c\u00e1tions ou \u00e2nions no solo. Como os produtos h\u00famicos t\u00eam locais com carga positiva e negativa, eles s\u00e3o capazes de trazer mais equil\u00edbrio \u00e0s condi\u00e7\u00f5es \u00e1cidas (positivas\/c\u00e1tions) ou alcalinas (negativas\/\u00e2nions) do solo.\u00a0<\/p>\n\t<a href=\"https:\/\/montysplantfood.com\/wp-content\/uploads\/2024\/01\/1219-Humic-Fulvic-FAQ-Flyer-2023.pdf\" target=\"_blank\" role=\"button\" rel=\"noopener\" aria-label=\"Perguntas frequentes sobre a Humic - Dom\u00e9stica\">\n\t\t\t\t\t\tHumic FAQ &#8211; Domestic\n\t\t\t\t\t<\/a>\n\t<a href=\"https:\/\/montysplantfood.com\/wp-content\/uploads\/2021\/04\/1173-Humic-FAQ-Flyer-2020-1.pdf\" target=\"_blank\" role=\"button\" rel=\"noopener\" aria-label=\"Perguntas frequentes sobre Humic - Nig\u00e9ria\">\n\t\t\t\t\t\tHumic FAQ &#8211; Nigeria\n\t\t\t\t\t<\/a>\n\t<a href=\"https:\/\/montysplantfood.com\/wp-content\/uploads\/2024\/01\/1213-Humic-FAQ-Flyer-International-Spanish-2024.pdf\" target=\"_blank\" role=\"button\" rel=\"noopener\" aria-label=\"Perguntas frequentes sobre a Humic - Guatemala\">\n\t\t\t\t\t\tHumic FAQ &#8211; Guatemala\n\t\t\t\t\t<\/a>\n\t<a href=\"https:\/\/montysinternational.com\/wp-content\/uploads\/2024\/01\/1213-Humic-FAQ-Flyer-Brazil-Portuguese-2024.pdf\" target=\"_blank\" role=\"button\" rel=\"noopener\" aria-label=\"FAQ da Humic - Brasil\">\n\t\t\t\t\t\tHumic FAQ &#8211; Brazil\n\t\t\t\t\t<\/a>","protected":false},"excerpt":{"rendered":"<p>Humic FAQs The Basics of Humics What are Humic Substances? Humic substances (Humics) are derived from ancient humified materials (e.g., lignite) and are broken into two main categories, Humic Acids and Fulvic Acids. They are major organic constituents of soil (humus), peat, and coal. They are also found in upland streams, lakes, and ocean water.&hellip;<\/p>","protected":false},"author":21,"featured_media":0,"parent":9926,"menu_order":0,"comment_status":"closed","ping_status":"closed","template":"","meta":{"_acf_changed":false,"footnotes":""},"class_list":["post-13356","page","type-page","status-publish","hentry"],"acf":[],"yoast_head":"<!-- This site is optimized with the Yoast SEO plugin v27.5 - https:\/\/yoast.com\/product\/yoast-seo-wordpress\/ -->\n<title>Humic FAQs - Monty&#039;s Plant Food<\/title>\n<meta name=\"description\" content=\"Monty\u2019s proprietary active humic technology is designed to improve the overall vitality of your soil.\" \/>\n<meta name=\"robots\" content=\"index, follow, max-snippet:-1, max-image-preview:large, max-video-preview:-1\" \/>\n<link rel=\"canonical\" href=\"https:\/\/montysplantfood.com\/pt\/the-humic-advantage\/humic-faq\/\" \/>\n<meta property=\"og:locale\" content=\"pt_BR\" \/>\n<meta property=\"og:type\" content=\"article\" \/>\n<meta property=\"og:title\" content=\"Humic FAQs - Monty&#039;s Plant Food\" \/>\n<meta property=\"og:description\" content=\"Monty\u2019s proprietary active humic technology is designed to improve the overall vitality of your soil.\" \/>\n<meta property=\"og:url\" content=\"https:\/\/montysplantfood.com\/pt\/the-humic-advantage\/humic-faq\/\" \/>\n<meta property=\"og:site_name\" content=\"Monty&#039;s Plant Food\" \/>\n<meta property=\"article:modified_time\" content=\"2024-11-22T19:01:16+00:00\" \/>\n<meta property=\"og:image\" content=\"https:\/\/montysplantfood.com\/wp-content\/uploads\/2020\/09\/social-share.jpg\" \/>\n\t<meta property=\"og:image:width\" content=\"1280\" \/>\n\t<meta property=\"og:image:height\" content=\"720\" \/>\n\t<meta property=\"og:image:type\" content=\"image\/jpeg\" \/>\n<meta name=\"twitter:card\" content=\"summary_large_image\" \/>\n<meta name=\"twitter:label1\" content=\"Est. reading time\" \/>\n\t<meta name=\"twitter:data1\" content=\"4 minutes\" \/>\n<script type=\"application\/ld+json\" class=\"yoast-schema-graph\">{\"@context\":\"https:\\\/\\\/schema.org\",\"@graph\":[{\"@type\":\"WebPage\",\"@id\":\"https:\\\/\\\/montysplantfood.com\\\/the-humic-advantage\\\/humic-faq\\\/\",\"url\":\"https:\\\/\\\/montysplantfood.com\\\/the-humic-advantage\\\/humic-faq\\\/\",\"name\":\"Humic FAQs - Monty&#039;s Plant Food\",\"isPartOf\":{\"@id\":\"https:\\\/\\\/montysplantfood.com\\\/#website\"},\"datePublished\":\"2023-12-19T16:13:15+00:00\",\"dateModified\":\"2024-11-22T19:01:16+00:00\",\"description\":\"Monty\u2019s proprietary active humic technology is designed to improve the overall vitality of your soil.\",\"breadcrumb\":{\"@id\":\"https:\\\/\\\/montysplantfood.com\\\/the-humic-advantage\\\/humic-faq\\\/#breadcrumb\"},\"inLanguage\":\"pt-BR\",\"potentialAction\":[{\"@type\":\"ReadAction\",\"target\":[\"https:\\\/\\\/montysplantfood.com\\\/the-humic-advantage\\\/humic-faq\\\/\"]}]},{\"@type\":\"BreadcrumbList\",\"@id\":\"https:\\\/\\\/montysplantfood.com\\\/the-humic-advantage\\\/humic-faq\\\/#breadcrumb\",\"itemListElement\":[{\"@type\":\"ListItem\",\"position\":1,\"name\":\"Home\",\"item\":\"https:\\\/\\\/montysplantfood.com\\\/\"},{\"@type\":\"ListItem\",\"position\":2,\"name\":\"The Humic Advantage OLD\",\"item\":\"https:\\\/\\\/montysplantfood.com\\\/the-humic-advantage\\\/\"},{\"@type\":\"ListItem\",\"position\":3,\"name\":\"Humic FAQs\"}]},{\"@type\":\"WebSite\",\"@id\":\"https:\\\/\\\/montysplantfood.com\\\/#website\",\"url\":\"https:\\\/\\\/montysplantfood.com\\\/\",\"name\":\"Monty&#039;s Plant Food\",\"description\":\"\",\"publisher\":{\"@id\":\"https:\\\/\\\/montysplantfood.com\\\/#organization\"},\"potentialAction\":[{\"@type\":\"SearchAction\",\"target\":{\"@type\":\"EntryPoint\",\"urlTemplate\":\"https:\\\/\\\/montysplantfood.com\\\/?s={search_term_string}\"},\"query-input\":{\"@type\":\"PropertyValueSpecification\",\"valueRequired\":true,\"valueName\":\"search_term_string\"}}],\"inLanguage\":\"pt-BR\"},{\"@type\":\"Organization\",\"@id\":\"https:\\\/\\\/montysplantfood.com\\\/#organization\",\"name\":\"Monty's Plant Food\",\"url\":\"https:\\\/\\\/montysplantfood.com\\\/\",\"logo\":{\"@type\":\"ImageObject\",\"inLanguage\":\"pt-BR\",\"@id\":\"https:\\\/\\\/montysplantfood.com\\\/#\\\/schema\\\/logo\\\/image\\\/\",\"url\":\"https:\\\/\\\/montysplantfood.com\\\/wp-content\\\/uploads\\\/2020\\\/09\\\/Website-Logo-TEST.png\",\"contentUrl\":\"https:\\\/\\\/montysplantfood.com\\\/wp-content\\\/uploads\\\/2020\\\/09\\\/Website-Logo-TEST.png\",\"width\":505,\"height\":358,\"caption\":\"Monty's Plant Food\"},\"image\":{\"@id\":\"https:\\\/\\\/montysplantfood.com\\\/#\\\/schema\\\/logo\\\/image\\\/\"}}]}<\/script>\n<!-- \/ Yoast SEO plugin. -->","yoast_head_json":{"title":"Humic FAQs - Monty&#039;s Plant Food","description":"A tecnologia h\u00famica ativa exclusiva da Monty foi projetada para melhorar a vitalidade geral do seu solo.","robots":{"index":"index","follow":"follow","max-snippet":"max-snippet:-1","max-image-preview":"max-image-preview:large","max-video-preview":"max-video-preview:-1"},"canonical":"https:\/\/montysplantfood.com\/pt\/the-humic-advantage\/humic-faq\/","og_locale":"pt_BR","og_type":"article","og_title":"Humic FAQs - Monty&#039;s Plant Food","og_description":"Monty\u2019s proprietary active humic technology is designed to improve the overall vitality of your soil.","og_url":"https:\/\/montysplantfood.com\/pt\/the-humic-advantage\/humic-faq\/","og_site_name":"Monty&#039;s Plant Food","article_modified_time":"2024-11-22T19:01:16+00:00","og_image":[{"width":1280,"height":720,"url":"https:\/\/montysplantfood.com\/wp-content\/uploads\/2020\/09\/social-share.jpg","type":"image\/jpeg"}],"twitter_card":"summary_large_image","twitter_misc":{"Est. reading time":"4 minutes"},"schema":{"@context":"https:\/\/schema.org","@graph":[{"@type":"WebPage","@id":"https:\/\/montysplantfood.com\/the-humic-advantage\/humic-faq\/","url":"https:\/\/montysplantfood.com\/the-humic-advantage\/humic-faq\/","name":"Humic FAQs - Monty&#039;s Plant Food","isPartOf":{"@id":"https:\/\/montysplantfood.com\/#website"},"datePublished":"2023-12-19T16:13:15+00:00","dateModified":"2024-11-22T19:01:16+00:00","description":"A tecnologia h\u00famica ativa exclusiva da Monty foi projetada para melhorar a vitalidade geral do seu solo.","breadcrumb":{"@id":"https:\/\/montysplantfood.com\/the-humic-advantage\/humic-faq\/#breadcrumb"},"inLanguage":"pt-BR","potentialAction":[{"@type":"ReadAction","target":["https:\/\/montysplantfood.com\/the-humic-advantage\/humic-faq\/"]}]},{"@type":"BreadcrumbList","@id":"https:\/\/montysplantfood.com\/the-humic-advantage\/humic-faq\/#breadcrumb","itemListElement":[{"@type":"ListItem","position":1,"name":"Home","item":"https:\/\/montysplantfood.com\/"},{"@type":"ListItem","position":2,"name":"The Humic Advantage OLD","item":"https:\/\/montysplantfood.com\/the-humic-advantage\/"},{"@type":"ListItem","position":3,"name":"Humic FAQs"}]},{"@type":"WebSite","@id":"https:\/\/montysplantfood.com\/#website","url":"https:\/\/montysplantfood.com\/","name":"Monty&#039;s Plant Food","description":"","publisher":{"@id":"https:\/\/montysplantfood.com\/#organization"},"potentialAction":[{"@type":"SearchAction","target":{"@type":"EntryPoint","urlTemplate":"https:\/\/montysplantfood.com\/?s={search_term_string}"},"query-input":{"@type":"PropertyValueSpecification","valueRequired":true,"valueName":"search_term_string"}}],"inLanguage":"pt-BR"},{"@type":"Organization","@id":"https:\/\/montysplantfood.com\/#organization","name":"Monty's Plant Food","url":"https:\/\/montysplantfood.com\/","logo":{"@type":"ImageObject","inLanguage":"pt-BR","@id":"https:\/\/montysplantfood.com\/#\/schema\/logo\/image\/","url":"https:\/\/montysplantfood.com\/wp-content\/uploads\/2020\/09\/Website-Logo-TEST.png","contentUrl":"https:\/\/montysplantfood.com\/wp-content\/uploads\/2020\/09\/Website-Logo-TEST.png","width":505,"height":358,"caption":"Monty's Plant Food"},"image":{"@id":"https:\/\/montysplantfood.com\/#\/schema\/logo\/image\/"}}]}},"_links":{"self":[{"href":"https:\/\/montysplantfood.com\/pt\/wp-json\/wp\/v2\/pages\/13356","targetHints":{"allow":["GET"]}}],"collection":[{"href":"https:\/\/montysplantfood.com\/pt\/wp-json\/wp\/v2\/pages"}],"about":[{"href":"https:\/\/montysplantfood.com\/pt\/wp-json\/wp\/v2\/types\/page"}],"author":[{"embeddable":true,"href":"https:\/\/montysplantfood.com\/pt\/wp-json\/wp\/v2\/users\/21"}],"replies":[{"embeddable":true,"href":"https:\/\/montysplantfood.com\/pt\/wp-json\/wp\/v2\/comments?post=13356"}],"version-history":[{"count":9,"href":"https:\/\/montysplantfood.com\/pt\/wp-json\/wp\/v2\/pages\/13356\/revisions"}],"predecessor-version":[{"id":13949,"href":"https:\/\/montysplantfood.com\/pt\/wp-json\/wp\/v2\/pages\/13356\/revisions\/13949"}],"up":[{"embeddable":true,"href":"https:\/\/montysplantfood.com\/pt\/wp-json\/wp\/v2\/pages\/9926"}],"wp:attachment":[{"href":"https:\/\/montysplantfood.com\/pt\/wp-json\/wp\/v2\/media?parent=13356"}],"curies":[{"name":"wp","href":"https:\/\/api.w.org\/{rel}","templated":true}]}}