{"id":13349,"date":"2023-12-19T11:11:48","date_gmt":"2023-12-19T16:11:48","guid":{"rendered":"https:\/\/montysplantfood.com\/?page_id=13349"},"modified":"2024-11-22T14:29:48","modified_gmt":"2024-11-22T19:29:48","slug":"all-season-solutions","status":"publish","type":"page","link":"https:\/\/montysplantfood.com\/pt\/humics\/all-season-solutions\/","title":{"rendered":"Monty&#8217;s All-Season Solutions"},"content":{"rendered":"<h1>\n\t\tMONTY&#8217;S ALL-SEASONS SOLUTIONS\n\t<\/h1>\n\t<p>Solo mais saud\u00e1vel. Plantas mais saud\u00e1veis. Maior produtividade.<\/p>\n<h2>\n\t\tSuccessful farming requires year-round focus. Monty&#8217;s harnesses the power of activated humics and fulvics to develop innovative solutions that target the specific needs of your soil and plants at each stage of the growing season.\n\t<\/h2>\n\t<h3>Monty&#8217;s engineered humics have the optimum concentration for peak biological, chemical, and geological activity. This results in lower dosing rates, higher efficiency, and a wide variety of benefits to the soil and plant.\u00a0<\/h3>\n\t\t\t\t<img decoding=\"async\" src=\"https:\/\/montysplantfood.com\/wp-content\/uploads\/2023\/12\/All-Seasons-Chart-small2.png\" alt=\"All Seasons Chart -small2\" itemprop=\"image\" height=\"423\" width=\"900\" title=\"Gr\u00e1fico de todas as esta\u00e7\u00f5es -small2\" onerror=\"this.style.display='none'\"  \/>\n\t<h2>Monty&#8217;s has solutions to your growing challenges all season!<\/h2>\n\t<p>Monty&#8217;s humics and fulvic products provide a wide array of benefits to your plant and soil throughout the year. Each product&#8217;s primary benefits are highlighted below with an overall focus on maximizing your ROI.<\/p>\n\t\t\t\t<img decoding=\"async\" src=\"https:\/\/montysplantfood.com\/wp-content\/uploads\/2023\/12\/All-Seasons-Chart-Products-1024x371.png\" alt=\"All Seasons Chart - Products\" itemprop=\"image\" height=\"371\" width=\"1024\" title=\"Tabela de todas as esta\u00e7\u00f5es - Produtos\" onerror=\"this.style.display='none'\"  \/>\n\t<h2>Revitalize your soil and energize your crops with proven solutions from Monty&#8217;s.<\/h2>\n\t<h3>\u00a0 \u00a01. REVITALIZAR<\/h3>\n\t<h3>\u00a0 \u00a0Est\u00e1gio: Pr\u00e9-plantio<\/h3>\n\t<p><b>PROBLEMA:<\/b> Compacta\u00e7\u00e3o do solo, ac\u00famulo de res\u00edduos, altos n\u00edveis de sal, nutrientes amarrados e desequilibrados e transfer\u00eancia de herbicidas.<\/p>\n\t<p><b>SOLU\u00c7\u00c3O:<\/b> Healthy soil is your plants&#8217; best resource. It&#8217;s also your foundation for maximizing yield. Our range of humic and fulvic products boost your soil&#8217;s potential by reducing salts, breaking down residue buildup, and correcting nutrient imbalances. As soil biology improves, compaction problems ease and moisture management improves, too: giving you a stronger, more resilient base for all your plants. Whatever you&#8217;re growing, Monty&#8217;s means healthier soils, healthier plants, and higher ROI.<\/p>\n<p><strong>Recomenda\u00e7\u00e3o de produto: <a href=\"https:\/\/montysplantfood.com\/pt\/products\/montys-liquid-carbon\/\">MLC<\/a>, <a href=\"https:\/\/montysplantfood.com\/pt\/products\/catalyzer\/\">Catalisador<\/a>e <a href=\"https:\/\/montysplantfood.com\/pt\/products\/dri-carbon\/\">MDC<\/a><\/strong><\/p>\n\t<h3>\u00a0 \u00a02. ESTABILIZAR<\/h3>\n\t<h3>\u00a0 \u00a0Est\u00e1gio: No plantio<\/h3>\n\t<p><b>PROBLEMA:<\/b> Todo o nitrog\u00eanio (seco ou l\u00edquido), bem como o f\u00f3sforo e a potassa, t\u00eam altos \u00edndices de sal. Esses altos \u00edndices contribuem para problemas com a germina\u00e7\u00e3o e o desenvolvimento das ra\u00edzes, al\u00e9m do impacto negativo sobre o solo e a biologia. Perda de nutrientes, especialmente nitrog\u00eanio, atrav\u00e9s do perfil do solo, tornando-os indispon\u00edveis para a cultura.<\/p>\n\t<p><b>SOLU\u00c7\u00c3O:<\/b> Alimente suas plantas e o solo, controlando a libera\u00e7\u00e3o de nutrientes e reduzindo a perda por lixivia\u00e7\u00e3o. O revestimento de fertilizante Humihance se mistura com todos os fertilizantes granulares e oferece todos os benef\u00edcios naturais dos h\u00famicos, melhorando a absor\u00e7\u00e3o de nutrientes e reduzindo os sais dos fertilizantes. Os principais produtores contam com o Humihance para maximizar seu programa de fertilizantes para um melhor in\u00edcio e uma melhor esta\u00e7\u00e3o, ano ap\u00f3s ano.<\/p>\n<p><strong>Recomenda\u00e7\u00e3o de produto: <a href=\"https:\/\/montysplantfood.com\/pt\/products\/humihance\/\">Humidade<\/a> e <a href=\"https:\/\/montysplantfood.com\/pt\/products\/surge-xd\/\">Surto XD<\/a><\/strong><\/p>\n\t<h3>\u00a0 \u00a03. OTIMIZAR<\/h3>\n\t<h3>\u00a0 \u00a0Est\u00e1gio: Foliar<\/h3>\n\t<p><b>PROBLEMA:<\/b> Alguns fertilizantes foliares l\u00edquidos s\u00e3o menos eficazes no fornecimento de nutrientes para a planta.<\/p>\n\t<p><b>SOLU\u00c7\u00c3O:<\/b> Take advantage of your foliar applications to give your plants a nutrient boost. Whether you&#8217;re applying nutrients, insecticide, herbicide, or fungicide, add the power of our humics and fulvics to your tank for a supercharged spray that goes right to plant tissue for extra growth support. Maximized nutrients mean healthier crops and higher ROI.<\/p>\n<p><strong>Recomenda\u00e7\u00e3o de produto: <a href=\"https:\/\/montysplantfood.com\/pt\/products\/drivas\/\">Drivas<\/a>, <a href=\"https:\/\/montysplantfood.com\/pt\/products\/surge-xd\/\">Surto XD<\/a><\/strong><\/p>\n\t<h3>\u00a0 \u00a04. REM\u00c9DIO<\/h3>\n\t<h3>\u00a0 \u00a0Est\u00e1gio: P\u00f3s-colheita<\/h3>\n\t<p><b>PROBLEMA:<\/b> Ac\u00famulo de res\u00edduos, especialmente de h\u00edbridos empilhados; compacta\u00e7\u00e3o do solo; mofo, fungos e doen\u00e7as; altos n\u00edveis de sal; nutrientes empatados e desequilibrados; e transfer\u00eancia de herbicidas.<\/p>\n\t<p><b>SOLU\u00c7\u00c3O:<\/b> Solve next season&#8217;s problems before they start. Our biologicals and activated humics speed up residue breakdown which helps eliminate mold, fungi, and any disease in your residue. They also help clear up herbicide carryover, while conditioning soil and helping make nutrients more readily available for planting next season. For added remediation benefits, include Monty&#8217;s Liquid Carbon.<\/p>\n<p><strong>Recomenda\u00e7\u00e3o de produto: <a href=\"https:\/\/montysplantfood.com\/pt\/products\/humi-till\/\">Humi-Till<\/a> e <a href=\"https:\/\/montysplantfood.com\/pt\/products\/montys-liquid-carbon\/\">MLC<\/a><\/strong><\/p>\n<h2>\n\t\tVeja por que os agricultores de todo o mundo confiam seus campos a n\u00f3s\n\t<\/h2>\n                        <p>We farm about 650 acres of corn, soybeans, wheat, and pasture. We use Monty&#8217;s Liquid Carbon on our corn to reduce compaction and breakdown residue. It has given us higher yields and better soil health. Monty&#8217;s products mix well, are cleaner, and are better products. Monty&#8217;s has been a great return on our investment.<\/p>\n                                                        Coley Rogers \n                        <p>I would not have the success I&#8217;ve had without Monty&#8217;s Liquid Carbon.<\/p>\n                                                        Kevin Kalb \n                        <p>Using Monty&#8217;s on my tobacco has gained us about 200-300 pounds per acre; last season, my son used it and raised 3,400 pounds, and the plot right next to it only raised 2,900 without Monty&#8217;s.<\/p>\n                                                        Andy Newton \n                        <p>I have 8,000 acres of corn, wheat, soybeans, and barley, as well as 600 head of beef cattle. I have been using Monty&#8217;s for the past 5 years. I use Monty&#8217;s Liquid Carbon in the row. I am very pleased with increased production and how my crops look. I have seen increased bushels, more drought tolerance, and better root development. Monty&#8217;s Liquid Carbon has been a good investment. It really helps on lower-producing soils and lower organic matter soils. It helps loosen soil. I have noticed the roots branch out more, are more vigorous, and penetrate the soil deeper. I have seen a 10-15 bushel increase in corn yields. I would recommend Monty&#8217;s to everyone!<\/p>\n                                                        Zach Rose \n                        <p>I&#8217;ve been using Monty&#8217;s products on my crops for more than eight years. Our soil tests show a proven response. Our CEC numbers have increased 50% since we started using MLC and Agri-Sweet FG!\u00a0 Using the Monty&#8217;s program, our yields are consistently over 300 bushels for corn and 80 bushels for soybeans!<\/p>\n                                                        Ed Mershon \n        <!-- Add Pagination -->\n<h2>\n\t\tPergunte a um agr\u00f4nomo\n\t<\/h2>\n\t<p>Precisa de respostas para um problema de cultivo ou uma pergunta sobre agricultura? Nossos agr\u00f4nomos est\u00e3o aqui para ajudar. <\/p>\n\t<a href=\"\/pt\/ask-agronomist\/\" target=\"_self\" role=\"button\" aria-label=\"Pergunte a um agr\u00f4nomo\" rel=\"noopener\">\n\t\t\t\t\t\tPergunte a um agr\u00f4nomo\n\t\t\t\t\t<\/a>","protected":false},"excerpt":{"rendered":"<p>MONTY&#8217;S ALL-SEASONS SOLUTIONS Healthier Soil. Healthier Plants. Higher Yields. Successful farming requires year-round focus. Monty&#8217;s harnesses the power of activated humics and fulvics to develop innovative solutions that target the specific needs of your soil and plants at each stage of the growing season. Monty&#8217;s engineered humics have the optimum concentration for peak biological, chemical,&hellip;<\/p>","protected":false},"author":21,"featured_media":0,"parent":13283,"menu_order":0,"comment_status":"closed","ping_status":"closed","template":"","meta":{"_acf_changed":false,"footnotes":""},"class_list":["post-13349","page","type-page","status-publish","hentry"],"acf":[],"yoast_head":"<!-- This site is optimized with the Yoast SEO plugin v27.4 - https:\/\/yoast.com\/product\/yoast-seo-wordpress\/ -->\n<title>Monty&#039;s Plant Food | Healthier Soil. Healthier Plants. Higher Yields.<\/title>\n<meta name=\"description\" content=\"Natural soil enhancement and fertility programs designed to improve the quality and quantity of your crop yields and promote healthier plants and soil.Monty\u2019s proprietary active humic technology is designed to improve the overall vitality of your soil.\" \/>\n<meta name=\"robots\" content=\"index, follow, max-snippet:-1, max-image-preview:large, max-video-preview:-1\" \/>\n<link rel=\"canonical\" href=\"https:\/\/montysplantfood.com\/pt\/humics\/all-season-solutions\/\" \/>\n<meta property=\"og:locale\" content=\"pt_BR\" \/>\n<meta property=\"og:type\" content=\"article\" \/>\n<meta property=\"og:title\" content=\"Monty&#039;s Plant Food | Healthier Soil. Healthier Plants. Higher Yields.\" \/>\n<meta property=\"og:description\" content=\"Natural soil enhancement and fertility programs designed to improve the quality and quantity of your crop yields and promote healthier plants and soil.Monty\u2019s proprietary active humic technology is designed to improve the overall vitality of your soil.\" \/>\n<meta property=\"og:url\" content=\"https:\/\/montysplantfood.com\/pt\/humics\/all-season-solutions\/\" \/>\n<meta property=\"og:site_name\" content=\"Monty&#039;s Plant Food\" \/>\n<meta property=\"article:modified_time\" content=\"2024-11-22T19:29:48+00:00\" \/>\n<meta property=\"og:image\" content=\"https:\/\/montysplantfood.com\/wp-content\/uploads\/2023\/12\/All-Seasons-Chart-small2.png\" \/>\n<meta name=\"twitter:card\" content=\"summary_large_image\" \/>\n<meta name=\"twitter:label1\" content=\"Est. reading time\" \/>\n\t<meta name=\"twitter:data1\" content=\"5 minutes\" \/>\n<script type=\"application\/ld+json\" class=\"yoast-schema-graph\">{\"@context\":\"https:\\\/\\\/schema.org\",\"@graph\":[{\"@type\":\"WebPage\",\"@id\":\"https:\\\/\\\/montysplantfood.com\\\/humics\\\/all-season-solutions\\\/\",\"url\":\"https:\\\/\\\/montysplantfood.com\\\/humics\\\/all-season-solutions\\\/\",\"name\":\"Monty's Plant Food | Healthier Soil. Healthier Plants. Higher Yields.\",\"isPartOf\":{\"@id\":\"https:\\\/\\\/montysplantfood.com\\\/#website\"},\"primaryImageOfPage\":{\"@id\":\"https:\\\/\\\/montysplantfood.com\\\/humics\\\/all-season-solutions\\\/#primaryimage\"},\"image\":{\"@id\":\"https:\\\/\\\/montysplantfood.com\\\/humics\\\/all-season-solutions\\\/#primaryimage\"},\"thumbnailUrl\":\"https:\\\/\\\/montysplantfood.com\\\/wp-content\\\/uploads\\\/2023\\\/12\\\/All-Seasons-Chart-small2.png\",\"datePublished\":\"2023-12-19T16:11:48+00:00\",\"dateModified\":\"2024-11-22T19:29:48+00:00\",\"description\":\"Natural soil enhancement and fertility programs designed to improve the quality and quantity of your crop yields and promote healthier plants and soil.Monty\u2019s proprietary active humic technology is designed to improve the overall vitality of your soil.\",\"breadcrumb\":{\"@id\":\"https:\\\/\\\/montysplantfood.com\\\/humics\\\/all-season-solutions\\\/#breadcrumb\"},\"inLanguage\":\"pt-BR\",\"potentialAction\":[{\"@type\":\"ReadAction\",\"target\":[\"https:\\\/\\\/montysplantfood.com\\\/humics\\\/all-season-solutions\\\/\"]}]},{\"@type\":\"ImageObject\",\"inLanguage\":\"pt-BR\",\"@id\":\"https:\\\/\\\/montysplantfood.com\\\/humics\\\/all-season-solutions\\\/#primaryimage\",\"url\":\"https:\\\/\\\/montysplantfood.com\\\/wp-content\\\/uploads\\\/2023\\\/12\\\/All-Seasons-Chart-small2.png\",\"contentUrl\":\"https:\\\/\\\/montysplantfood.com\\\/wp-content\\\/uploads\\\/2023\\\/12\\\/All-Seasons-Chart-small2.png\"},{\"@type\":\"BreadcrumbList\",\"@id\":\"https:\\\/\\\/montysplantfood.com\\\/humics\\\/all-season-solutions\\\/#breadcrumb\",\"itemListElement\":[{\"@type\":\"ListItem\",\"position\":1,\"name\":\"Home\",\"item\":\"https:\\\/\\\/montysplantfood.com\\\/\"},{\"@type\":\"ListItem\",\"position\":2,\"name\":\"Monty&#8217;s Humics &#038; Fulvics\",\"item\":\"https:\\\/\\\/montysplantfood.com\\\/humics\\\/\"},{\"@type\":\"ListItem\",\"position\":3,\"name\":\"Monty&#8217;s All-Season Solutions\"}]},{\"@type\":\"WebSite\",\"@id\":\"https:\\\/\\\/montysplantfood.com\\\/#website\",\"url\":\"https:\\\/\\\/montysplantfood.com\\\/\",\"name\":\"Monty&#039;s Plant Food\",\"description\":\"\",\"publisher\":{\"@id\":\"https:\\\/\\\/montysplantfood.com\\\/#organization\"},\"potentialAction\":[{\"@type\":\"SearchAction\",\"target\":{\"@type\":\"EntryPoint\",\"urlTemplate\":\"https:\\\/\\\/montysplantfood.com\\\/?s={search_term_string}\"},\"query-input\":{\"@type\":\"PropertyValueSpecification\",\"valueRequired\":true,\"valueName\":\"search_term_string\"}}],\"inLanguage\":\"pt-BR\"},{\"@type\":\"Organization\",\"@id\":\"https:\\\/\\\/montysplantfood.com\\\/#organization\",\"name\":\"Monty's Plant Food\",\"url\":\"https:\\\/\\\/montysplantfood.com\\\/\",\"logo\":{\"@type\":\"ImageObject\",\"inLanguage\":\"pt-BR\",\"@id\":\"https:\\\/\\\/montysplantfood.com\\\/#\\\/schema\\\/logo\\\/image\\\/\",\"url\":\"https:\\\/\\\/montysplantfood.com\\\/wp-content\\\/uploads\\\/2020\\\/09\\\/Website-Logo-TEST.png\",\"contentUrl\":\"https:\\\/\\\/montysplantfood.com\\\/wp-content\\\/uploads\\\/2020\\\/09\\\/Website-Logo-TEST.png\",\"width\":505,\"height\":358,\"caption\":\"Monty's Plant Food\"},\"image\":{\"@id\":\"https:\\\/\\\/montysplantfood.com\\\/#\\\/schema\\\/logo\\\/image\\\/\"}}]}<\/script>\n<!-- \/ Yoast SEO plugin. -->","yoast_head_json":{"title":"Monty's Plant Food | Healthier Soil. Healthier Plants. Higher Yields.","description":"Natural soil enhancement and fertility programs designed to improve the quality and quantity of your crop yields and promote healthier plants and soil.Monty\u2019s proprietary active humic technology is designed to improve the overall vitality of your soil.","robots":{"index":"index","follow":"follow","max-snippet":"max-snippet:-1","max-image-preview":"max-image-preview:large","max-video-preview":"max-video-preview:-1"},"canonical":"https:\/\/montysplantfood.com\/pt\/humics\/all-season-solutions\/","og_locale":"pt_BR","og_type":"article","og_title":"Monty's Plant Food | Healthier Soil. Healthier Plants. Higher Yields.","og_description":"Natural soil enhancement and fertility programs designed to improve the quality and quantity of your crop yields and promote healthier plants and soil.Monty\u2019s proprietary active humic technology is designed to improve the overall vitality of your soil.","og_url":"https:\/\/montysplantfood.com\/pt\/humics\/all-season-solutions\/","og_site_name":"Monty&#039;s Plant Food","article_modified_time":"2024-11-22T19:29:48+00:00","og_image":[{"url":"https:\/\/montysplantfood.com\/wp-content\/uploads\/2023\/12\/All-Seasons-Chart-small2.png","type":"","width":"","height":""}],"twitter_card":"summary_large_image","twitter_misc":{"Est. reading time":"5 minutes"},"schema":{"@context":"https:\/\/schema.org","@graph":[{"@type":"WebPage","@id":"https:\/\/montysplantfood.com\/humics\/all-season-solutions\/","url":"https:\/\/montysplantfood.com\/humics\/all-season-solutions\/","name":"Monty's Plant Food | Healthier Soil. Healthier Plants. Higher Yields.","isPartOf":{"@id":"https:\/\/montysplantfood.com\/#website"},"primaryImageOfPage":{"@id":"https:\/\/montysplantfood.com\/humics\/all-season-solutions\/#primaryimage"},"image":{"@id":"https:\/\/montysplantfood.com\/humics\/all-season-solutions\/#primaryimage"},"thumbnailUrl":"https:\/\/montysplantfood.com\/wp-content\/uploads\/2023\/12\/All-Seasons-Chart-small2.png","datePublished":"2023-12-19T16:11:48+00:00","dateModified":"2024-11-22T19:29:48+00:00","description":"Natural soil enhancement and fertility programs designed to improve the quality and quantity of your crop yields and promote healthier plants and soil.Monty\u2019s proprietary active humic technology is designed to improve the overall vitality of your soil.","breadcrumb":{"@id":"https:\/\/montysplantfood.com\/humics\/all-season-solutions\/#breadcrumb"},"inLanguage":"pt-BR","potentialAction":[{"@type":"ReadAction","target":["https:\/\/montysplantfood.com\/humics\/all-season-solutions\/"]}]},{"@type":"ImageObject","inLanguage":"pt-BR","@id":"https:\/\/montysplantfood.com\/humics\/all-season-solutions\/#primaryimage","url":"https:\/\/montysplantfood.com\/wp-content\/uploads\/2023\/12\/All-Seasons-Chart-small2.png","contentUrl":"https:\/\/montysplantfood.com\/wp-content\/uploads\/2023\/12\/All-Seasons-Chart-small2.png"},{"@type":"BreadcrumbList","@id":"https:\/\/montysplantfood.com\/humics\/all-season-solutions\/#breadcrumb","itemListElement":[{"@type":"ListItem","position":1,"name":"Home","item":"https:\/\/montysplantfood.com\/"},{"@type":"ListItem","position":2,"name":"Monty&#8217;s Humics &#038; Fulvics","item":"https:\/\/montysplantfood.com\/humics\/"},{"@type":"ListItem","position":3,"name":"Monty&#8217;s All-Season Solutions"}]},{"@type":"WebSite","@id":"https:\/\/montysplantfood.com\/#website","url":"https:\/\/montysplantfood.com\/","name":"Monty&#039;s Plant Food","description":"","publisher":{"@id":"https:\/\/montysplantfood.com\/#organization"},"potentialAction":[{"@type":"SearchAction","target":{"@type":"EntryPoint","urlTemplate":"https:\/\/montysplantfood.com\/?s={search_term_string}"},"query-input":{"@type":"PropertyValueSpecification","valueRequired":true,"valueName":"search_term_string"}}],"inLanguage":"pt-BR"},{"@type":"Organization","@id":"https:\/\/montysplantfood.com\/#organization","name":"Monty's Plant Food","url":"https:\/\/montysplantfood.com\/","logo":{"@type":"ImageObject","inLanguage":"pt-BR","@id":"https:\/\/montysplantfood.com\/#\/schema\/logo\/image\/","url":"https:\/\/montysplantfood.com\/wp-content\/uploads\/2020\/09\/Website-Logo-TEST.png","contentUrl":"https:\/\/montysplantfood.com\/wp-content\/uploads\/2020\/09\/Website-Logo-TEST.png","width":505,"height":358,"caption":"Monty's Plant Food"},"image":{"@id":"https:\/\/montysplantfood.com\/#\/schema\/logo\/image\/"}}]}},"_links":{"self":[{"href":"https:\/\/montysplantfood.com\/pt\/wp-json\/wp\/v2\/pages\/13349","targetHints":{"allow":["GET"]}}],"collection":[{"href":"https:\/\/montysplantfood.com\/pt\/wp-json\/wp\/v2\/pages"}],"about":[{"href":"https:\/\/montysplantfood.com\/pt\/wp-json\/wp\/v2\/types\/page"}],"author":[{"embeddable":true,"href":"https:\/\/montysplantfood.com\/pt\/wp-json\/wp\/v2\/users\/21"}],"replies":[{"embeddable":true,"href":"https:\/\/montysplantfood.com\/pt\/wp-json\/wp\/v2\/comments?post=13349"}],"version-history":[{"count":10,"href":"https:\/\/montysplantfood.com\/pt\/wp-json\/wp\/v2\/pages\/13349\/revisions"}],"predecessor-version":[{"id":13485,"href":"https:\/\/montysplantfood.com\/pt\/wp-json\/wp\/v2\/pages\/13349\/revisions\/13485"}],"up":[{"embeddable":true,"href":"https:\/\/montysplantfood.com\/pt\/wp-json\/wp\/v2\/pages\/13283"}],"wp:attachment":[{"href":"https:\/\/montysplantfood.com\/pt\/wp-json\/wp\/v2\/media?parent=13349"}],"curies":[{"name":"wp","href":"https:\/\/api.w.org\/{rel}","templated":true}]}}