{"id":12350,"date":"2022-06-10T09:21:52","date_gmt":"2022-06-10T13:21:52","guid":{"rendered":"http:\/\/localhost:10003\/?page_id=12350"},"modified":"2022-06-10T09:29:47","modified_gmt":"2022-06-10T13:29:47","slug":"tech-bulletins","status":"publish","type":"page","link":"https:\/\/montysplantfood.com\/pt\/tech-bulletins\/","title":{"rendered":"Boletins t\u00e9cnicos"},"content":{"rendered":"<h1>\n\t\tBoletins t\u00e9cnicos\n\t<\/h1>\n<h2>\n\t\tMonty&#8217;s Tech Bulletins\n\t<\/h2>\n<ul>\n<li><a href=\"https:\/\/montysplantfood.com\/wp-content\/uploads\/2020\/10\/1103-Fall-Disease-Bulletin.pdf\">Boletim t\u00e9cnico sobre doen\u00e7as e res\u00edduos de outono<\/a><\/li>\n<li><a href=\"https:\/\/montysplantfood.com\/wp-content\/uploads\/2020\/10\/Bulletin-Cool-Spring-Nutrient.pdf\">Boletim t\u00e9cnico Cool Spring Nutrients<\/a><\/li>\n<li><a href=\"https:\/\/montysplantfood.com\/wp-content\/uploads\/2020\/10\/Bulletin-Sulfur-Deficiency.pdf\">Boletim T\u00e9cnico sobre Defici\u00eancia de Enxofre<\/a><\/li>\n<li><a href=\"https:\/\/montysplantfood.com\/wp-content\/uploads\/2020\/10\/Bulletin-Low-Nutrients.pdf\">Boletim t\u00e9cnico de baixo teor de nutrientes<\/a><\/li>\n<li><a href=\"https:\/\/montysplantfood.com\/wp-content\/uploads\/2020\/10\/Bulletin-AgrihanceV-and-Microhance.pdf\">1-2 Punch: Boletim T\u00e9cnico Agrihance-V e Microhance<\/a><\/li>\n<li><a href=\"https:\/\/montysplantfood.com\/wp-content\/uploads\/2020\/10\/MTB-White-Mold.pdf\">Boletim t\u00e9cnico sobre mofo branco<\/a><\/li>\n<li><a href=\"https:\/\/montysplantfood.com\/wp-content\/uploads\/2020\/10\/MTB-Winterization.pdf\">Boletim t\u00e9cnico de inverno<\/a><\/li>\n<li><a href=\"https:\/\/montysplantfood.com\/wp-content\/uploads\/2020\/10\/MTB-Wet-Conditions.pdf\">Boletim t\u00e9cnico sobre condi\u00e7\u00f5es \u00famidas<\/a><\/li>\n<li><a href=\"https:\/\/montysplantfood.com\/wp-content\/uploads\/2020\/10\/MTB-Weather.pdf\">Boletim t\u00e9cnico meteorol\u00f3gico<\/a><\/li>\n<li><a href=\"https:\/\/montysplantfood.com\/wp-content\/uploads\/2020\/10\/MTB-Tobacco.pdf\">Boletim t\u00e9cnico sobre tabaco<\/a><\/li>\n<li><a href=\"https:\/\/montysplantfood.com\/wp-content\/uploads\/2020\/10\/Tobacco-Bulletin-Low-Sulfate-Potash.pdf\">Tabaco: Boletim T\u00e9cnico de Pot\u00e1ssio com Baixo Teor de Sulfato<\/a><\/li>\n<li><a href=\"https:\/\/montysplantfood.com\/wp-content\/uploads\/2020\/10\/Makes-A-Difference-Tobacco.pdf\">Tabaco: a diferen\u00e7a Boletim t\u00e9cnico<\/a><\/li>\n<li><a href=\"https:\/\/montysplantfood.com\/wp-content\/uploads\/2020\/10\/MTB-Soybean.pdf\">Boletim T\u00e9cnico da Soja<\/a><\/li>\n<li><a href=\"https:\/\/montysplantfood.com\/wp-content\/uploads\/2020\/10\/MTB-Late-Season-Soybeans1.pdf\">Soja: Boletim t\u00e9cnico da \u00faltima temporada<\/a><\/li>\n<li><a href=\"https:\/\/montysplantfood.com\/wp-content\/uploads\/2020\/10\/MTB-Pond-Management.pdf\">Boletim t\u00e9cnico de gerenciamento de lagos<\/a><\/li>\n<li><a href=\"https:\/\/montysplantfood.com\/wp-content\/uploads\/2020\/10\/MTB-Pine-Beetles-for-aborists.pdf\">Boletim t\u00e9cnico sobre o besouro do pinheiro<\/a><\/li>\n<li><a href=\"https:\/\/montysplantfood.com\/wp-content\/uploads\/2020\/10\/1103-Manure-and-Litter-Bulletin-002.pdf\">Boletim t\u00e9cnico sobre adubo<\/a><\/li>\n<li><a href=\"https:\/\/montysplantfood.com\/wp-content\/uploads\/2020\/10\/MTB-Hay-and-Pasture.pdf\">Boletim t\u00e9cnico sobre feno e pastagem<\/a><\/li>\n<li><a href=\"https:\/\/montysplantfood.com\/wp-content\/uploads\/2020\/10\/MTB-Foliar-Feeding.pdf\">Boletim t\u00e9cnico sobre alimenta\u00e7\u00e3o foliar<\/a><\/li>\n<li><a href=\"https:\/\/montysplantfood.com\/wp-content\/uploads\/2020\/10\/MTB-Flooding.pdf\">Boletim t\u00e9cnico sobre inunda\u00e7\u00f5es<\/a><\/li>\n<li><a href=\"https:\/\/montysplantfood.com\/wp-content\/uploads\/2020\/10\/MTB-Excessive-Rainfall.pdf\">Boletim T\u00e9cnico sobre Chuvas Excessivas<\/a><\/li>\n<li><a href=\"https:\/\/montysplantfood.com\/wp-content\/uploads\/2020\/10\/MTB-Delayed-Planting.pdf\">Boletim t\u00e9cnico sobre o plantio tardio<\/a><\/li>\n<li><a href=\"https:\/\/montysplantfood.com\/wp-content\/uploads\/2020\/10\/MTB-Compaction.pdf\">Boletim t\u00e9cnico de compacta\u00e7\u00e3o<\/a><\/li>\n<li><a href=\"https:\/\/montysplantfood.com\/wp-content\/uploads\/2020\/10\/MTB-Delmarva1.pdf\">Boletim T\u00e9cnico Delmarva<\/a><\/li>\n<li><a href=\"https:\/\/montysplantfood.com\/wp-content\/uploads\/2020\/10\/MTB-Armyworms.pdf\">Boletim t\u00e9cnico sobre Armyworms<\/a><\/li>\n<\/ul>","protected":false},"excerpt":{"rendered":"<p>Tech Bulletins Monty&#8217;s Tech Bulletins Fall Disease &amp; Residue Tech Bulletin Cool Spring Nutrients Tech Bulletin Sulfur Deficiency Tech Bulletin Low Nutrients Tech Bulletin 1-2 Punch: Agrihance-V &amp; Microhance Tech Bulletin White Mold Tech Bulletin Winterization Tech Bulletin Wet Conditions Tech Bulletin Weather Tech Bulletin Tobacco Tech Bulletin Tobacco: Low Sulfate Potash Tech Bulletin Tobacco:&hellip;<\/p>","protected":false},"author":17,"featured_media":0,"parent":0,"menu_order":11,"comment_status":"closed","ping_status":"closed","template":"","meta":{"_acf_changed":false,"footnotes":""},"class_list":["post-12350","page","type-page","status-publish","hentry"],"acf":[],"yoast_head":"<!-- This site is optimized with the Yoast SEO plugin v27.4 - https:\/\/yoast.com\/product\/yoast-seo-wordpress\/ -->\n<title>Tech Bulletins - Monty&#039;s Plant Food<\/title>\n<meta name=\"robots\" content=\"index, follow, max-snippet:-1, max-image-preview:large, max-video-preview:-1\" \/>\n<link rel=\"canonical\" href=\"https:\/\/montysplantfood.com\/pt\/tech-bulletins\/\" \/>\n<meta property=\"og:locale\" content=\"pt_BR\" \/>\n<meta property=\"og:type\" content=\"article\" \/>\n<meta property=\"og:title\" content=\"Tech Bulletins - Monty&#039;s Plant Food\" \/>\n<meta property=\"og:description\" content=\"Tech Bulletins Monty&#8217;s Tech Bulletins Fall Disease &amp; Residue Tech Bulletin Cool Spring Nutrients Tech Bulletin Sulfur Deficiency Tech Bulletin Low Nutrients Tech Bulletin 1-2 Punch: Agrihance-V &amp; Microhance Tech Bulletin White Mold Tech Bulletin Winterization Tech Bulletin Wet Conditions Tech Bulletin Weather Tech Bulletin Tobacco Tech Bulletin Tobacco: Low Sulfate Potash Tech Bulletin Tobacco:&hellip;\" \/>\n<meta property=\"og:url\" content=\"https:\/\/montysplantfood.com\/pt\/tech-bulletins\/\" \/>\n<meta property=\"og:site_name\" content=\"Monty&#039;s Plant Food\" \/>\n<meta property=\"article:modified_time\" content=\"2022-06-10T13:29:47+00:00\" \/>\n<meta property=\"og:image\" content=\"https:\/\/montysplantfood.com\/wp-content\/uploads\/2020\/09\/social-share.jpg\" \/>\n\t<meta property=\"og:image:width\" content=\"1280\" \/>\n\t<meta property=\"og:image:height\" content=\"720\" \/>\n\t<meta property=\"og:image:type\" content=\"image\/jpeg\" \/>\n<meta name=\"twitter:card\" content=\"summary_large_image\" \/>\n<meta name=\"twitter:label1\" content=\"Est. reading time\" \/>\n\t<meta name=\"twitter:data1\" content=\"1 minute\" \/>\n<script type=\"application\/ld+json\" class=\"yoast-schema-graph\">{\"@context\":\"https:\\\/\\\/schema.org\",\"@graph\":[{\"@type\":\"WebPage\",\"@id\":\"https:\\\/\\\/montysplantfood.com\\\/tech-bulletins\\\/\",\"url\":\"https:\\\/\\\/montysplantfood.com\\\/tech-bulletins\\\/\",\"name\":\"Tech Bulletins - Monty&#039;s Plant Food\",\"isPartOf\":{\"@id\":\"https:\\\/\\\/montysplantfood.com\\\/#website\"},\"datePublished\":\"2022-06-10T13:21:52+00:00\",\"dateModified\":\"2022-06-10T13:29:47+00:00\",\"breadcrumb\":{\"@id\":\"https:\\\/\\\/montysplantfood.com\\\/tech-bulletins\\\/#breadcrumb\"},\"inLanguage\":\"pt-BR\",\"potentialAction\":[{\"@type\":\"ReadAction\",\"target\":[\"https:\\\/\\\/montysplantfood.com\\\/tech-bulletins\\\/\"]}]},{\"@type\":\"BreadcrumbList\",\"@id\":\"https:\\\/\\\/montysplantfood.com\\\/tech-bulletins\\\/#breadcrumb\",\"itemListElement\":[{\"@type\":\"ListItem\",\"position\":1,\"name\":\"Home\",\"item\":\"https:\\\/\\\/montysplantfood.com\\\/\"},{\"@type\":\"ListItem\",\"position\":2,\"name\":\"Tech Bulletins\"}]},{\"@type\":\"WebSite\",\"@id\":\"https:\\\/\\\/montysplantfood.com\\\/#website\",\"url\":\"https:\\\/\\\/montysplantfood.com\\\/\",\"name\":\"Monty&#039;s Plant Food\",\"description\":\"\",\"publisher\":{\"@id\":\"https:\\\/\\\/montysplantfood.com\\\/#organization\"},\"potentialAction\":[{\"@type\":\"SearchAction\",\"target\":{\"@type\":\"EntryPoint\",\"urlTemplate\":\"https:\\\/\\\/montysplantfood.com\\\/?s={search_term_string}\"},\"query-input\":{\"@type\":\"PropertyValueSpecification\",\"valueRequired\":true,\"valueName\":\"search_term_string\"}}],\"inLanguage\":\"pt-BR\"},{\"@type\":\"Organization\",\"@id\":\"https:\\\/\\\/montysplantfood.com\\\/#organization\",\"name\":\"Monty's Plant Food\",\"url\":\"https:\\\/\\\/montysplantfood.com\\\/\",\"logo\":{\"@type\":\"ImageObject\",\"inLanguage\":\"pt-BR\",\"@id\":\"https:\\\/\\\/montysplantfood.com\\\/#\\\/schema\\\/logo\\\/image\\\/\",\"url\":\"https:\\\/\\\/montysplantfood.com\\\/wp-content\\\/uploads\\\/2020\\\/09\\\/Website-Logo-TEST.png\",\"contentUrl\":\"https:\\\/\\\/montysplantfood.com\\\/wp-content\\\/uploads\\\/2020\\\/09\\\/Website-Logo-TEST.png\",\"width\":505,\"height\":358,\"caption\":\"Monty's Plant Food\"},\"image\":{\"@id\":\"https:\\\/\\\/montysplantfood.com\\\/#\\\/schema\\\/logo\\\/image\\\/\"}}]}<\/script>\n<!-- \/ Yoast SEO plugin. -->","yoast_head_json":{"title":"Tech Bulletins - Monty&#039;s Plant Food","robots":{"index":"index","follow":"follow","max-snippet":"max-snippet:-1","max-image-preview":"max-image-preview:large","max-video-preview":"max-video-preview:-1"},"canonical":"https:\/\/montysplantfood.com\/pt\/tech-bulletins\/","og_locale":"pt_BR","og_type":"article","og_title":"Tech Bulletins - Monty&#039;s Plant Food","og_description":"Tech Bulletins Monty&#8217;s Tech Bulletins Fall Disease &amp; Residue Tech Bulletin Cool Spring Nutrients Tech Bulletin Sulfur Deficiency Tech Bulletin Low Nutrients Tech Bulletin 1-2 Punch: Agrihance-V &amp; Microhance Tech Bulletin White Mold Tech Bulletin Winterization Tech Bulletin Wet Conditions Tech Bulletin Weather Tech Bulletin Tobacco Tech Bulletin Tobacco: Low Sulfate Potash Tech Bulletin Tobacco:&hellip;","og_url":"https:\/\/montysplantfood.com\/pt\/tech-bulletins\/","og_site_name":"Monty&#039;s Plant Food","article_modified_time":"2022-06-10T13:29:47+00:00","og_image":[{"width":1280,"height":720,"url":"https:\/\/montysplantfood.com\/wp-content\/uploads\/2020\/09\/social-share.jpg","type":"image\/jpeg"}],"twitter_card":"summary_large_image","twitter_misc":{"Est. reading time":"1 minute"},"schema":{"@context":"https:\/\/schema.org","@graph":[{"@type":"WebPage","@id":"https:\/\/montysplantfood.com\/tech-bulletins\/","url":"https:\/\/montysplantfood.com\/tech-bulletins\/","name":"Tech Bulletins - Monty&#039;s Plant Food","isPartOf":{"@id":"https:\/\/montysplantfood.com\/#website"},"datePublished":"2022-06-10T13:21:52+00:00","dateModified":"2022-06-10T13:29:47+00:00","breadcrumb":{"@id":"https:\/\/montysplantfood.com\/tech-bulletins\/#breadcrumb"},"inLanguage":"pt-BR","potentialAction":[{"@type":"ReadAction","target":["https:\/\/montysplantfood.com\/tech-bulletins\/"]}]},{"@type":"BreadcrumbList","@id":"https:\/\/montysplantfood.com\/tech-bulletins\/#breadcrumb","itemListElement":[{"@type":"ListItem","position":1,"name":"Home","item":"https:\/\/montysplantfood.com\/"},{"@type":"ListItem","position":2,"name":"Tech Bulletins"}]},{"@type":"WebSite","@id":"https:\/\/montysplantfood.com\/#website","url":"https:\/\/montysplantfood.com\/","name":"Monty&#039;s Plant Food","description":"","publisher":{"@id":"https:\/\/montysplantfood.com\/#organization"},"potentialAction":[{"@type":"SearchAction","target":{"@type":"EntryPoint","urlTemplate":"https:\/\/montysplantfood.com\/?s={search_term_string}"},"query-input":{"@type":"PropertyValueSpecification","valueRequired":true,"valueName":"search_term_string"}}],"inLanguage":"pt-BR"},{"@type":"Organization","@id":"https:\/\/montysplantfood.com\/#organization","name":"Monty's Plant Food","url":"https:\/\/montysplantfood.com\/","logo":{"@type":"ImageObject","inLanguage":"pt-BR","@id":"https:\/\/montysplantfood.com\/#\/schema\/logo\/image\/","url":"https:\/\/montysplantfood.com\/wp-content\/uploads\/2020\/09\/Website-Logo-TEST.png","contentUrl":"https:\/\/montysplantfood.com\/wp-content\/uploads\/2020\/09\/Website-Logo-TEST.png","width":505,"height":358,"caption":"Monty's Plant Food"},"image":{"@id":"https:\/\/montysplantfood.com\/#\/schema\/logo\/image\/"}}]}},"_links":{"self":[{"href":"https:\/\/montysplantfood.com\/pt\/wp-json\/wp\/v2\/pages\/12350","targetHints":{"allow":["GET"]}}],"collection":[{"href":"https:\/\/montysplantfood.com\/pt\/wp-json\/wp\/v2\/pages"}],"about":[{"href":"https:\/\/montysplantfood.com\/pt\/wp-json\/wp\/v2\/types\/page"}],"author":[{"embeddable":true,"href":"https:\/\/montysplantfood.com\/pt\/wp-json\/wp\/v2\/users\/17"}],"replies":[{"embeddable":true,"href":"https:\/\/montysplantfood.com\/pt\/wp-json\/wp\/v2\/comments?post=12350"}],"version-history":[{"count":3,"href":"https:\/\/montysplantfood.com\/pt\/wp-json\/wp\/v2\/pages\/12350\/revisions"}],"predecessor-version":[{"id":12378,"href":"https:\/\/montysplantfood.com\/pt\/wp-json\/wp\/v2\/pages\/12350\/revisions\/12378"}],"wp:attachment":[{"href":"https:\/\/montysplantfood.com\/pt\/wp-json\/wp\/v2\/media?parent=12350"}],"curies":[{"name":"wp","href":"https:\/\/api.w.org\/{rel}","templated":true}]}}