{"id":11560,"date":"2021-03-16T18:16:27","date_gmt":"2021-03-16T22:16:27","guid":{"rendered":"http:\/\/localhost:10003\/?page_id=11560"},"modified":"2025-07-09T11:12:09","modified_gmt":"2025-07-09T15:12:09","slug":"montys-plantvantage","status":"publish","type":"page","link":"https:\/\/montysplantfood.com\/pt\/montys-plantvantage\/","title":{"rendered":"PlantVantage de Monty"},"content":{"rendered":"<h1>\n\t\t\tPlantVantage de Monty\t<\/h1>\n\t<p>Premium plant food for better plants, gardens, and landscaping.<\/p>\n\t<a href=\"https:\/\/montysplantfood.com\/pt\/montys-plantvantage\/ask-plantvantage-pro\/\" target=\"_blank\" role=\"button\" rel=\"noopener\" aria-label=\"PERGUNTE a um especialista do Plantvantage\">\n\t\t\t\t\t\tPERGUNTE a um especialista do Plantvantage\n\t\t\t\t\t<\/a>\n<h2>\n\t\t\tProdutos exclusivos para plantas e solo para resultados exclusivos\t<\/h2>\n<h3>\n\t\t\tJARDINAGEM SEM PREOCUPA\u00c7\u00d5ES\t<\/h3>\n\t<p>Monty&#8217;s PlantVantage products are a combination of stable, quality ingredients, and have been formulated to promote faster root development, stronger plant growth and increased flower, fruit and vegetable production. They are also low in salt, pH balanced, safe for kids and pets, non-toxic and non-corrosive.<\/p>\n\t\t\t<img decoding=\"async\" src=\"https:\/\/montysplantfood.com\/wp-content\/uploads\/2021\/03\/greenhouse-tomatoes.jpg\" title=\"tomates em estufa\" alt=\"\" \/>\t\t\t\t\t\t\t\n\t\t\t\t\tPlay Video\n<h2>\n\t\t\tProdutos PlantVantage\t<\/h2>\n\t\t\t\t\t\t\t\t\t<img decoding=\"async\" src=\"https:\/\/montysplantfood.com\/wp-content\/uploads\/2021\/03\/gardening-plot.jpg\" alt=\"gardening plot\" itemprop=\"image\" height=\"667\" width=\"1000\" srcset=\"https:\/\/montysplantfood.com\/wp-content\/uploads\/2021\/03\/gardening-plot.jpg 1000w, https:\/\/montysplantfood.com\/wp-content\/uploads\/2021\/03\/gardening-plot-300x200.jpg 300w\" sizes=\"(max-width: 1000px) 100vw, 1000px\" title=\"lote de jardinagem\" onerror=\"this.style.display='none'\"  \/>\n\t<p>PlantVantage \u00e9 uma linha exclusiva de produtos de varejo para casa e jardim, incluindo um condicionador de solo h\u00famico ativado e alimentos foliares para plantas de baixa taxa, para atender \u00e0s suas necessidades de cultivo.<\/p>\n\t<a href=\"https:\/\/montysplantfood.com\/pt\/montys-plantvantage\/products\/\" target=\"_self\" role=\"button\" aria-label=\"Explorar produtos\">\n\t\t\t\t\t\tExplorar produtos\n\t\t\t\t\t<\/a>\n<h2>\n\t\t\tIdeal para uso em todas as \u00e1reas:\t<\/h2>\n\t<ul>\n<li>Jardins de flores e vegetais<\/li>\n<li>Canteiros de paisagismo com diferentes tipos de solo<\/li>\n<li>Novas planta\u00e7\u00f5es de flores, \u00e1rvores e arbustos<\/li>\n<\/ul>\n\t<a href=\"https:\/\/www.amazon.com\/stores\/page\/557D5105-C8BD-4DD1-B5D7-EF03DA711BBD?ingress=0&#038;lp_context_asin=B0DKPB852S&#038;visitId=62c89fc3-7b37-473d-80cd-fda1542dd3d4&#038;store_ref=bl_ast_dp_brandLogo_sto&#038;ref_=ast_bln\" target=\"_blank\" role=\"button\" rel=\"noopener\" aria-label=\"Compre agora\">\n\t\t\t\t\t\tCompre agora\n\t\t\t\t\t<\/a>\n<h2>\n\t\t\tVeja por que tantas pessoas confiam seus jardins a n\u00f3s\t<\/h2>\n                        <p>A diferen\u00e7a que fez em minha paisagem, bem como em minha horta, foi incr\u00edvel! Em 60 anos de jardinagem, nunca usei um produto que funcionasse t\u00e3o bem.<\/p>\n                                                        Gloria Angeletti \n                                                            Lawrenceburg, KY \n                        <p>Experimentei-o em metade do meu jardim durante as primeiras 4 a 6 semanas da esta\u00e7\u00e3o e os resultados foram inacredit\u00e1veis.<\/p>\n                                                        Carolyn Mills \n                                                            Middletown, KY \n                        <p>We used Monty&#8217;s Premium Soil Conditioner this spring in an attempt to boost organic matter in soil thus optimizing seed establishment, moisture retention &amp; stress recovery. We plan on including Monty&#8217;s in the future as the results were evident!<\/p>\n                                                        Chris Waldridge \n                                                            Farison Sports Turf, Louisville, KY \n                        <p>The way my garden looks all I can say is thank God for Monty&#8217;s!<\/p>\n                                                        Bill McCluskey \n                                                            South Silver Creek, GA \n                        <p>We have used and sold Monty&#8217;s products since 1999, after about 3 years I no longer needed to carry the national brands.<\/p>\n                                                        Mike Brown \n                                                             Paul&#8217;s Fruit Market, Louisville, KY \n        <!-- Add Pagination -->\n<h2>\n\t\t\tVer para crer!\t<\/h2>\n\t<p>Check out Monty&#8217;s products performing in the field.<\/p>\n\t<meta itemscope itemprop=\"mainEntityOfPage\" itemtype=\"https:\/\/schema.org\/WebPage\" itemid=\"http:\/\/11805\" content=\"Success You Can See!\" \/><meta itemprop=\"datePublished\" content=\"2021-04-05\" \/><meta itemprop=\"dateModified\" content=\"2021-04-07\" \/><meta itemprop=\"name\" content=\"Monty&#039;s Plant Food\"\/><meta itemprop=\"url\" content=\"https:\/\/montysplantfood.com\/author\/don-montys\/\" \/><meta itemprop=\"name\" content=\"donmontys\" \/><meta itemprop=\"url\" content=\"https:\/\/montysplantfood.com\/wp-content\/uploads\/2021\/04\/Plant-1.jpg\" \/><meta itemprop=\"width\" content=\"428\" \/><meta itemprop=\"height\" content=\"367\" \/><meta itemprop=\"interactionType\" content=\"https:\/\/schema.org\/CommentAction\" \/><meta itemprop=\"userInteractionCount\" content=\"0\" \/>\t\n\t\t\t<a href=\"https:\/\/montysplantfood.com\/pt\/results\/success-you-can-see\/\" title=\"Sucesso que voc\u00ea pode ver!\"><\/a>\n\t\t\t\t<img decoding=\"async\" src=\"https:\/\/montysplantfood.com\/wp-content\/uploads\/bb-plugin\/cache\/Plant-1-landscape-51363ceb25a84ee934132a1bfa0e6ee7-.jpg\" alt=\"Plant-1\" itemprop=\"image\" data-no-lazy=\"1\" height=\"367\" width=\"428\" title=\"Planta-1\" onerror=\"this.style.display='none'\" loading='lazy' \/>\n\t\t\t\t\t\t\t<h3 itemprop=\"headline\">\n\t\t\t\t\t\t\t\t\t\t\tSucesso que voc\u00ea pode ver!\t\t\t\t\t\t\t\t\t<\/h3>\n    <p>Look at this 8.41lbs. sweet potato.\u00a0 The grower used Monty&#8217;s Plantvantage (Premium Root &#038; Bloom and Premium Growth).\u00a0<\/p>\n\t<meta itemscope itemprop=\"mainEntityOfPage\" itemtype=\"https:\/\/schema.org\/WebPage\" itemid=\"http:\/\/11801\" content=\"A Customer in Jennings County\" \/><meta itemprop=\"datePublished\" content=\"2021-04-05\" \/><meta itemprop=\"dateModified\" content=\"2021-04-07\" \/><meta itemprop=\"name\" content=\"Monty&#039;s Plant Food\"\/><meta itemprop=\"url\" content=\"https:\/\/montysplantfood.com\/author\/don-montys\/\" \/><meta itemprop=\"name\" content=\"donmontys\" \/><meta itemprop=\"url\" content=\"https:\/\/montysplantfood.com\/wp-content\/uploads\/2021\/04\/40404111_2112288829035308_3513572363851530240_n.jpg\" \/><meta itemprop=\"width\" content=\"960\" \/><meta itemprop=\"height\" content=\"720\" \/><meta itemprop=\"interactionType\" content=\"https:\/\/schema.org\/CommentAction\" \/><meta itemprop=\"userInteractionCount\" content=\"0\" \/>\t\n\t\t\t<a href=\"https:\/\/montysplantfood.com\/pt\/results\/a-customer-in-jennings-county\/\" title=\"Um cliente no condado de Jennings\"><\/a>\n\t\t\t\t<img decoding=\"async\" src=\"https:\/\/montysplantfood.com\/wp-content\/uploads\/bb-plugin\/cache\/40404111_2112288829035308_3513572363851530240_n-landscape-d257d935ab0d8878f46641634783d400-.jpg\" alt=\"40404111_2112288829035308_3513572363851530240_n\" itemprop=\"image\" data-no-lazy=\"1\" height=\"720\" width=\"960\" title=\"40404111_2112288829035308_3513572363851530240_n\" onerror=\"this.style.display='none'\" loading='lazy' \/>\n\t\t\t\t\t\t\t<h3 itemprop=\"headline\">\n\t\t\t\t\t\t\t\t\t\t\tUm cliente no condado de Jennings\t\t\t\t\t\t\t\t\t<\/h3>\n    <p>N\u00e3o tive sorte no cultivo de melancias nos \u00faltimos anos e estava prestes a desistir de tentar! Dei uma \u00faltima chance e usei o Root &amp; Bloom da Monty e os resultados foram INCR\u00cdVEIS!\u00a0<\/p>\n\t<meta itemscope itemprop=\"mainEntityOfPage\" itemtype=\"https:\/\/schema.org\/WebPage\" itemid=\"http:\/\/11800\" content=\"Ideal for Professionals\" \/><meta itemprop=\"datePublished\" content=\"2021-04-05\" \/><meta itemprop=\"dateModified\" content=\"2021-04-07\" \/><meta itemprop=\"name\" content=\"Monty&#039;s Plant Food\"\/><meta itemprop=\"url\" content=\"https:\/\/montysplantfood.com\/author\/don-montys\/\" \/><meta itemprop=\"name\" content=\"donmontys\" \/><meta itemprop=\"url\" content=\"https:\/\/montysplantfood.com\/wp-content\/uploads\/2021\/04\/20150626_101417-Low.jpg\" \/><meta itemprop=\"width\" content=\"1500\" \/><meta itemprop=\"height\" content=\"1000\" \/><meta itemprop=\"interactionType\" content=\"https:\/\/schema.org\/CommentAction\" \/><meta itemprop=\"userInteractionCount\" content=\"0\" \/>\t\n\t\t\t<a href=\"https:\/\/montysplantfood.com\/pt\/results\/garden-professional\/\" title=\"Ideal para profissionais\"><\/a>\n\t\t\t\t<img decoding=\"async\" src=\"https:\/\/montysplantfood.com\/wp-content\/uploads\/bb-plugin\/cache\/20150626_101417-Low-1024x683-landscape-c7bfa85e786f17136b50d43fb66f3211-.jpg\" alt=\"20150626_101417-Low\" itemprop=\"image\" data-no-lazy=\"1\" height=\"683\" width=\"1024\" title=\"20150626_101417-Baixo\" onerror=\"this.style.display='none'\" loading='lazy' \/>\n\t\t\t\t\t\t\t<h3 itemprop=\"headline\">\n\t\t\t\t\t\t\t\t\t\t\tIdeal para profissionais\t\t\t\t\t\t\t\t\t<\/h3>\n    <p>Os produtos PlantVantage s\u00e3o ideais para estufas, viveiros e programas de instala\u00e7\u00e3o e manuten\u00e7\u00e3o de paisagens.<\/p>\n\t<meta itemscope itemprop=\"mainEntityOfPage\" itemtype=\"https:\/\/schema.org\/WebPage\" itemid=\"http:\/\/11798\" content=\"Mike Stephens\" \/><meta itemprop=\"datePublished\" content=\"2021-04-05\" \/><meta itemprop=\"dateModified\" content=\"2021-04-05\" \/><meta itemprop=\"name\" content=\"Monty&#039;s Plant Food\"\/><meta itemprop=\"url\" content=\"https:\/\/montysplantfood.com\/author\/don-montys\/\" \/><meta itemprop=\"name\" content=\"donmontys\" \/><meta itemprop=\"url\" content=\"https:\/\/montysplantfood.com\/wp-content\/uploads\/2021\/04\/59891654_2271704219760434_2439851877249056768_n.jpg\" \/><meta itemprop=\"width\" content=\"526\" \/><meta itemprop=\"height\" content=\"526\" \/><meta itemprop=\"interactionType\" content=\"https:\/\/schema.org\/CommentAction\" \/><meta itemprop=\"userInteractionCount\" content=\"0\" \/>\t\n\t\t\t<a href=\"https:\/\/montysplantfood.com\/pt\/results\/mike-stephens\/\" title=\"Mike Stephens\"><\/a>\n\t\t\t\t<img decoding=\"async\" src=\"https:\/\/montysplantfood.com\/wp-content\/uploads\/bb-plugin\/cache\/59891654_2271704219760434_2439851877249056768_n-landscape-fc30bf80efdd8d8e1a0e7457575c7675-.jpg\" alt=\"59891654_2271704219760434_2439851877249056768_n\" itemprop=\"image\" data-no-lazy=\"1\" height=\"526\" width=\"526\" title=\"59891654_2271704219760434_2439851877249056768_n\" onerror=\"this.style.display='none'\" loading='lazy' \/>\n\t\t\t\t\t\t\t<h3 itemprop=\"headline\">\n\t\t\t\t\t\t\t\t\t\t\tMike Stephens\t\t\t\t\t\t\t\t\t<\/h3>\n    <p>Comecei a usar o Monty's Premium Growth e minha Mandevilla nunca esteve t\u00e3o bonita!\u00a0<\/p>\n\t<meta itemscope itemprop=\"mainEntityOfPage\" itemtype=\"https:\/\/schema.org\/WebPage\" itemid=\"http:\/\/11797\" content=\"For Home &#038; Professional Gardeners\" \/><meta itemprop=\"datePublished\" content=\"2021-04-05\" \/><meta itemprop=\"dateModified\" content=\"2021-04-07\" \/><meta itemprop=\"name\" content=\"Monty&#039;s Plant Food\"\/><meta itemprop=\"url\" content=\"https:\/\/montysplantfood.com\/author\/don-montys\/\" \/><meta itemprop=\"name\" content=\"donmontys\" \/><meta itemprop=\"url\" content=\"https:\/\/montysplantfood.com\/wp-content\/uploads\/2021\/04\/Fern-on-porch.jpg\" \/><meta itemprop=\"width\" content=\"1500\" \/><meta itemprop=\"height\" content=\"1000\" \/><meta itemprop=\"interactionType\" content=\"https:\/\/schema.org\/CommentAction\" \/><meta itemprop=\"userInteractionCount\" content=\"0\" \/>\t\n\t\t\t<a href=\"https:\/\/montysplantfood.com\/pt\/results\/home-garden\/\" title=\"Para jardineiros dom\u00e9sticos e profissionais\"><\/a>\n\t\t\t\t<img decoding=\"async\" src=\"https:\/\/montysplantfood.com\/wp-content\/uploads\/bb-plugin\/cache\/Fern-on-porch-1024x683-landscape-bc130d7200b63281fbe421c128ef5fd3-.jpg\" alt=\"Fern-on-porch\" itemprop=\"image\" data-no-lazy=\"1\" height=\"683\" width=\"1024\" title=\"Samambaia na varanda\" onerror=\"this.style.display='none'\" loading='lazy' \/>\n\t\t\t\t\t\t\t<h3 itemprop=\"headline\">\n\t\t\t\t\t\t\t\t\t\t\tPara jardineiros dom\u00e9sticos e profissionais\t\t\t\t\t\t\t\t\t<\/h3>\n    <p>Monty&#8217;s products have offered growers amazing results!<\/p>\n\t<meta itemscope itemprop=\"mainEntityOfPage\" itemtype=\"https:\/\/schema.org\/WebPage\" itemid=\"http:\/\/11791\" content=\"Achieve the Garden of Your Dreams\" \/><meta itemprop=\"datePublished\" content=\"2021-04-05\" \/><meta itemprop=\"dateModified\" content=\"2021-04-07\" \/><meta itemprop=\"name\" content=\"Monty&#039;s Plant Food\"\/><meta itemprop=\"url\" content=\"https:\/\/montysplantfood.com\/author\/don-montys\/\" \/><meta itemprop=\"name\" content=\"donmontys\" \/><meta itemprop=\"url\" content=\"https:\/\/montysplantfood.com\/wp-content\/uploads\/2021\/04\/Monty-tending-roses-1.jpg\" \/><meta itemprop=\"width\" content=\"1500\" \/><meta itemprop=\"height\" content=\"1000\" \/><meta itemprop=\"interactionType\" content=\"https:\/\/schema.org\/CommentAction\" \/><meta itemprop=\"userInteractionCount\" content=\"0\" \/>\t\n\t\t\t<a href=\"https:\/\/montysplantfood.com\/pt\/results\/dream-garden\/\" title=\"Conquiste o jardim de seus sonhos\"><\/a>\n\t\t\t\t<img decoding=\"async\" src=\"https:\/\/montysplantfood.com\/wp-content\/uploads\/bb-plugin\/cache\/Monty-tending-roses-1-1024x683-landscape-959c2b46555781226519e772878982ce-.jpg\" alt=\"Monty-tending-roses-1\" itemprop=\"image\" data-no-lazy=\"1\" height=\"683\" width=\"1024\" title=\"Monty cuidando das rosas-1\" onerror=\"this.style.display='none'\" loading='lazy' \/>\n\t\t\t\t\t\t\t<h3 itemprop=\"headline\">\n\t\t\t\t\t\t\t\t\t\t\tConquiste o jardim de seus sonhos\t\t\t\t\t\t\t\t\t<\/h3>\n    <p>For years Monty&#8217;s has been the secret of spectacular gardens and flower beds. That&#8217;s because our key ingredients work together to bolster root growth, promote germination, and assist with rapid uptake of nutrients by the plant.<\/p>\n\t\t<!-- .pp-content-posts -->\n<h2>\n\t\t\tExperimente hoje mesmo nossa tecnologia h\u00famica ativada\t<\/h2>\n\t<p>Monty&#8217;s PlantVantage products are a combination of stable, quality ingredients, and have been formulated to promote faster root development, stronger plant growth and increased flower, fruit and vegetable production. Our\u00a0proprietary activated humic technology is designed to improve the overall vitality of your soil&#8230; for success you can see!<\/p>\n\t<a href=\"https:\/\/www.amazon.com\/stores\/page\/557D5105-C8BD-4DD1-B5D7-EF03DA711BBD?ingress=0&#038;lp_context_asin=B0DKPB852S&#038;visitId=62c89fc3-7b37-473d-80cd-fda1542dd3d4&#038;store_ref=bl_ast_dp_brandLogo_sto&#038;ref_=ast_bln\" target=\"_blank\" role=\"button\" rel=\"noopener\" aria-label=\"Compre agora\">\n\t\t\t\t\t\tCompre agora\n\t\t\t\t\t<\/a>","protected":false},"excerpt":{"rendered":"<p>Monty&#8217;s PlantVantage Premium plant food for better plants, gardens, and landscaping. ASK a plantvantage expert Unique plant and soil products for unique results WORRY FREE GARDENING Monty&#8217;s PlantVantage products are a combination of stable, quality ingredients, and have been formulated to promote faster root development, stronger plant growth and increased flower, fruit and vegetable production.&hellip;<\/p>","protected":false},"author":20,"featured_media":0,"parent":0,"menu_order":0,"comment_status":"closed","ping_status":"closed","template":"","meta":{"_acf_changed":false,"footnotes":""},"class_list":["post-11560","page","type-page","status-publish","hentry"],"acf":[],"yoast_head":"<!-- This site is optimized with the Yoast SEO plugin v27.4 - https:\/\/yoast.com\/product\/yoast-seo-wordpress\/ -->\n<title>Monty&#039;s PlantVantage - Monty&#039;s Plant Food<\/title>\n<meta name=\"robots\" content=\"index, follow, max-snippet:-1, max-image-preview:large, max-video-preview:-1\" \/>\n<link rel=\"canonical\" href=\"https:\/\/montysplantfood.com\/pt\/montys-plantvantage\/\" \/>\n<meta property=\"og:locale\" content=\"pt_BR\" \/>\n<meta property=\"og:type\" content=\"article\" \/>\n<meta property=\"og:title\" content=\"Monty&#039;s PlantVantage - Monty&#039;s Plant Food\" \/>\n<meta property=\"og:description\" content=\"Monty&#8217;s PlantVantage Premium plant food for better plants, gardens, and landscaping. ASK a plantvantage expert Unique plant and soil products for unique results WORRY FREE GARDENING Monty&#8217;s PlantVantage products are a combination of stable, quality ingredients, and have been formulated to promote faster root development, stronger plant growth and increased flower, fruit and vegetable production.&hellip;\" \/>\n<meta property=\"og:url\" content=\"https:\/\/montysplantfood.com\/pt\/montys-plantvantage\/\" \/>\n<meta property=\"og:site_name\" content=\"Monty&#039;s Plant Food\" \/>\n<meta property=\"article:modified_time\" content=\"2025-07-09T15:12:09+00:00\" \/>\n<meta property=\"og:image\" content=\"https:\/\/montysplantfood.com\/wp-content\/uploads\/2021\/03\/greenhouse-tomatoes.jpg\" \/>\n<meta name=\"twitter:card\" content=\"summary_large_image\" \/>\n<meta name=\"twitter:label1\" content=\"Est. reading time\" \/>\n\t<meta name=\"twitter:data1\" content=\"4 minutes\" \/>\n<script type=\"application\/ld+json\" class=\"yoast-schema-graph\">{\"@context\":\"https:\\\/\\\/schema.org\",\"@graph\":[{\"@type\":\"WebPage\",\"@id\":\"https:\\\/\\\/montysplantfood.com\\\/montys-plantvantage\\\/\",\"url\":\"https:\\\/\\\/montysplantfood.com\\\/montys-plantvantage\\\/\",\"name\":\"Monty's PlantVantage - Monty&#039;s Plant Food\",\"isPartOf\":{\"@id\":\"https:\\\/\\\/montysplantfood.com\\\/#website\"},\"primaryImageOfPage\":{\"@id\":\"https:\\\/\\\/montysplantfood.com\\\/montys-plantvantage\\\/#primaryimage\"},\"image\":{\"@id\":\"https:\\\/\\\/montysplantfood.com\\\/montys-plantvantage\\\/#primaryimage\"},\"thumbnailUrl\":\"https:\\\/\\\/montysplantfood.com\\\/wp-content\\\/uploads\\\/2021\\\/03\\\/greenhouse-tomatoes.jpg\",\"datePublished\":\"2021-03-16T22:16:27+00:00\",\"dateModified\":\"2025-07-09T15:12:09+00:00\",\"breadcrumb\":{\"@id\":\"https:\\\/\\\/montysplantfood.com\\\/montys-plantvantage\\\/#breadcrumb\"},\"inLanguage\":\"pt-BR\",\"potentialAction\":[{\"@type\":\"ReadAction\",\"target\":[\"https:\\\/\\\/montysplantfood.com\\\/montys-plantvantage\\\/\"]}]},{\"@type\":\"ImageObject\",\"inLanguage\":\"pt-BR\",\"@id\":\"https:\\\/\\\/montysplantfood.com\\\/montys-plantvantage\\\/#primaryimage\",\"url\":\"https:\\\/\\\/montysplantfood.com\\\/wp-content\\\/uploads\\\/2021\\\/03\\\/greenhouse-tomatoes.jpg\",\"contentUrl\":\"https:\\\/\\\/montysplantfood.com\\\/wp-content\\\/uploads\\\/2021\\\/03\\\/greenhouse-tomatoes.jpg\"},{\"@type\":\"BreadcrumbList\",\"@id\":\"https:\\\/\\\/montysplantfood.com\\\/montys-plantvantage\\\/#breadcrumb\",\"itemListElement\":[{\"@type\":\"ListItem\",\"position\":1,\"name\":\"Home\",\"item\":\"https:\\\/\\\/montysplantfood.com\\\/\"},{\"@type\":\"ListItem\",\"position\":2,\"name\":\"Monty&#8217;s PlantVantage\"}]},{\"@type\":\"WebSite\",\"@id\":\"https:\\\/\\\/montysplantfood.com\\\/#website\",\"url\":\"https:\\\/\\\/montysplantfood.com\\\/\",\"name\":\"Monty&#039;s Plant Food\",\"description\":\"\",\"publisher\":{\"@id\":\"https:\\\/\\\/montysplantfood.com\\\/#organization\"},\"potentialAction\":[{\"@type\":\"SearchAction\",\"target\":{\"@type\":\"EntryPoint\",\"urlTemplate\":\"https:\\\/\\\/montysplantfood.com\\\/?s={search_term_string}\"},\"query-input\":{\"@type\":\"PropertyValueSpecification\",\"valueRequired\":true,\"valueName\":\"search_term_string\"}}],\"inLanguage\":\"pt-BR\"},{\"@type\":\"Organization\",\"@id\":\"https:\\\/\\\/montysplantfood.com\\\/#organization\",\"name\":\"Monty's Plant Food\",\"url\":\"https:\\\/\\\/montysplantfood.com\\\/\",\"logo\":{\"@type\":\"ImageObject\",\"inLanguage\":\"pt-BR\",\"@id\":\"https:\\\/\\\/montysplantfood.com\\\/#\\\/schema\\\/logo\\\/image\\\/\",\"url\":\"https:\\\/\\\/montysplantfood.com\\\/wp-content\\\/uploads\\\/2020\\\/09\\\/Website-Logo-TEST.png\",\"contentUrl\":\"https:\\\/\\\/montysplantfood.com\\\/wp-content\\\/uploads\\\/2020\\\/09\\\/Website-Logo-TEST.png\",\"width\":505,\"height\":358,\"caption\":\"Monty's Plant Food\"},\"image\":{\"@id\":\"https:\\\/\\\/montysplantfood.com\\\/#\\\/schema\\\/logo\\\/image\\\/\"}}]}<\/script>\n<!-- \/ Yoast SEO plugin. -->","yoast_head_json":{"title":"Monty's PlantVantage - Monty&#039;s Plant Food","robots":{"index":"index","follow":"follow","max-snippet":"max-snippet:-1","max-image-preview":"max-image-preview:large","max-video-preview":"max-video-preview:-1"},"canonical":"https:\/\/montysplantfood.com\/pt\/montys-plantvantage\/","og_locale":"pt_BR","og_type":"article","og_title":"Monty's PlantVantage - Monty&#039;s Plant Food","og_description":"Monty&#8217;s PlantVantage Premium plant food for better plants, gardens, and landscaping. ASK a plantvantage expert Unique plant and soil products for unique results WORRY FREE GARDENING Monty&#8217;s PlantVantage products are a combination of stable, quality ingredients, and have been formulated to promote faster root development, stronger plant growth and increased flower, fruit and vegetable production.&hellip;","og_url":"https:\/\/montysplantfood.com\/pt\/montys-plantvantage\/","og_site_name":"Monty&#039;s Plant Food","article_modified_time":"2025-07-09T15:12:09+00:00","og_image":[{"url":"https:\/\/montysplantfood.com\/wp-content\/uploads\/2021\/03\/greenhouse-tomatoes.jpg","type":"","width":"","height":""}],"twitter_card":"summary_large_image","twitter_misc":{"Est. reading time":"4 minutes"},"schema":{"@context":"https:\/\/schema.org","@graph":[{"@type":"WebPage","@id":"https:\/\/montysplantfood.com\/montys-plantvantage\/","url":"https:\/\/montysplantfood.com\/montys-plantvantage\/","name":"Monty's PlantVantage - Monty&#039;s Plant Food","isPartOf":{"@id":"https:\/\/montysplantfood.com\/#website"},"primaryImageOfPage":{"@id":"https:\/\/montysplantfood.com\/montys-plantvantage\/#primaryimage"},"image":{"@id":"https:\/\/montysplantfood.com\/montys-plantvantage\/#primaryimage"},"thumbnailUrl":"https:\/\/montysplantfood.com\/wp-content\/uploads\/2021\/03\/greenhouse-tomatoes.jpg","datePublished":"2021-03-16T22:16:27+00:00","dateModified":"2025-07-09T15:12:09+00:00","breadcrumb":{"@id":"https:\/\/montysplantfood.com\/montys-plantvantage\/#breadcrumb"},"inLanguage":"pt-BR","potentialAction":[{"@type":"ReadAction","target":["https:\/\/montysplantfood.com\/montys-plantvantage\/"]}]},{"@type":"ImageObject","inLanguage":"pt-BR","@id":"https:\/\/montysplantfood.com\/montys-plantvantage\/#primaryimage","url":"https:\/\/montysplantfood.com\/wp-content\/uploads\/2021\/03\/greenhouse-tomatoes.jpg","contentUrl":"https:\/\/montysplantfood.com\/wp-content\/uploads\/2021\/03\/greenhouse-tomatoes.jpg"},{"@type":"BreadcrumbList","@id":"https:\/\/montysplantfood.com\/montys-plantvantage\/#breadcrumb","itemListElement":[{"@type":"ListItem","position":1,"name":"Home","item":"https:\/\/montysplantfood.com\/"},{"@type":"ListItem","position":2,"name":"Monty&#8217;s PlantVantage"}]},{"@type":"WebSite","@id":"https:\/\/montysplantfood.com\/#website","url":"https:\/\/montysplantfood.com\/","name":"Monty&#039;s Plant Food","description":"","publisher":{"@id":"https:\/\/montysplantfood.com\/#organization"},"potentialAction":[{"@type":"SearchAction","target":{"@type":"EntryPoint","urlTemplate":"https:\/\/montysplantfood.com\/?s={search_term_string}"},"query-input":{"@type":"PropertyValueSpecification","valueRequired":true,"valueName":"search_term_string"}}],"inLanguage":"pt-BR"},{"@type":"Organization","@id":"https:\/\/montysplantfood.com\/#organization","name":"Monty's Plant Food","url":"https:\/\/montysplantfood.com\/","logo":{"@type":"ImageObject","inLanguage":"pt-BR","@id":"https:\/\/montysplantfood.com\/#\/schema\/logo\/image\/","url":"https:\/\/montysplantfood.com\/wp-content\/uploads\/2020\/09\/Website-Logo-TEST.png","contentUrl":"https:\/\/montysplantfood.com\/wp-content\/uploads\/2020\/09\/Website-Logo-TEST.png","width":505,"height":358,"caption":"Monty's Plant Food"},"image":{"@id":"https:\/\/montysplantfood.com\/#\/schema\/logo\/image\/"}}]}},"_links":{"self":[{"href":"https:\/\/montysplantfood.com\/pt\/wp-json\/wp\/v2\/pages\/11560","targetHints":{"allow":["GET"]}}],"collection":[{"href":"https:\/\/montysplantfood.com\/pt\/wp-json\/wp\/v2\/pages"}],"about":[{"href":"https:\/\/montysplantfood.com\/pt\/wp-json\/wp\/v2\/types\/page"}],"author":[{"embeddable":true,"href":"https:\/\/montysplantfood.com\/pt\/wp-json\/wp\/v2\/users\/20"}],"replies":[{"embeddable":true,"href":"https:\/\/montysplantfood.com\/pt\/wp-json\/wp\/v2\/comments?post=11560"}],"version-history":[{"count":14,"href":"https:\/\/montysplantfood.com\/pt\/wp-json\/wp\/v2\/pages\/11560\/revisions"}],"predecessor-version":[{"id":14476,"href":"https:\/\/montysplantfood.com\/pt\/wp-json\/wp\/v2\/pages\/11560\/revisions\/14476"}],"wp:attachment":[{"href":"https:\/\/montysplantfood.com\/pt\/wp-json\/wp\/v2\/media?parent=11560"}],"curies":[{"name":"wp","href":"https:\/\/api.w.org\/{rel}","templated":true}]}}