{"id":11559,"date":"2021-03-16T18:16:27","date_gmt":"2021-03-16T22:16:27","guid":{"rendered":"http:\/\/localhost:10003\/?page_id=11559"},"modified":"2024-09-17T08:28:18","modified_gmt":"2024-09-17T12:28:18","slug":"products-old","status":"publish","type":"page","link":"https:\/\/montysplantfood.com\/pt\/montys-plantvantage\/products-old\/","title":{"rendered":"Products &#8211; OLD"},"content":{"rendered":"<h1>\n\t\tProdutos\n\t<\/h1>\n\t<a href=\"https:\/\/montysplantfood.com\/pt\/montys-plantvantage\/ask-plantvantage-pro\/\" target=\"_blank\" role=\"button\" rel=\"noopener\" aria-label=\"PERGUNTE a um especialista do Plantvantage\">\n\t\t\t\tPERGUNTE a um especialista do Plantvantage\n\t\t\t<\/a>\n\t\t\t\t\t\t\t\t\t\t<img decoding=\"async\" src=\"https:\/\/montysplantfood.com\/wp-content\/uploads\/2021\/03\/plantvantage-premium-soil-conditioner.jpg\" alt=\"plantvantage premium soil conditioner\" itemprop=\"image\">\n<h2>\n\t\tCondicionador de solo premium\n\t<\/h2>\n\t<p>Treat your lawn and garden to Monty&#8217;s Premium Soil Conditioner and help return your soil to a vital, more balanced state. Soil Conditioner is recommended to help replenish soil that is depleted from chemicals, compaction, drought, and even flooding.<\/p>\n\t<ul>\n\t\t\t<li>\n\t\t\t\tAumenta a reten\u00e7\u00e3o de umidade no solo\n\t\t\t<\/li>\n\t\t\t<li>\n\t\t\t\tAumenta a absor\u00e7\u00e3o de nutrientes pelas plantas\n\t\t\t<\/li>\n\t\t\t<li>\n\t\t\t\tComo a compostagem, s\u00f3 que mais r\u00e1pida\n\t\t\t<\/li>\n\t\t\t<li>\n\t\t\t\tPode ser usado em todos os tipos de solo\n\t\t\t<\/li>\n\t\t\t<li>\n\t\t\t\tF\u00e1cil aplica\u00e7\u00e3o\n\t\t\t<\/li>\n\t\t\t<li>\n\t\t\t\tUma maneira sustent\u00e1vel de enriquecer seu solo!\n\t\t\t<\/li>\n\t\t\t<li>\n\t\t\t\tStimulates microbial activity to keep the soil &#8220;alive&#8221;and dynamic for healthier plant life\n\t\t\t<\/li>\n\t\t\t<li>\n\t\t\t\tPode ser aplicado ao solo no in\u00edcio da primavera ou no outono, ou conforme necess\u00e1rio durante a esta\u00e7\u00e3o. \n\t\t\t<\/li>\n\t\t<\/ul>\n\t<a href=\"https:\/\/www.amazon.com\/Montys-PlantVantage-Premium-Soil-Conditioner\/dp\/B07B9ZX9ZJ\/ref=sr_1_4?dchild=1&amp;m=A3D8X5POWMSJG7&amp;marketplaceID=ATVPDKIKX0DER&amp;qid=1617655883&amp;s=merchant-items&amp;sr=1-4\" target=\"_blank\" role=\"button\" rel=\"noopener\" aria-label=\"Onde comprar\">\n\t\t\t\tOnde comprar\n\t\t\t<\/a>\n<h3>\n\t\tInforma\u00e7\u00f5es sobre o produto\n\t<\/h3>\n\t\t<ul>\n\t\t\t\t\t<li>\n\t\t\t\t\t<a href=\"https:\/\/montysplantfood.com\/wp-content\/uploads\/2021\/03\/1177-PlantVantage-Small-Brochure-1.20.20.pdf\" target=\"_blank\" rel=\"noopener\">\n\t\t\t\t\t\t\t\t\t\t\t<img decoding=\"async\" src=\"https:\/\/montysplantfood.com\/wp-content\/uploads\/2021\/03\/grommet-icons_document-download.png\" alt=\"grommet-icons_document-download\">\n\t\t\t\tFolheto do produto PlantVantage\n\t<\/a>\n\t\t\t<\/li>\n\t\t\t\t\t<li>\n\t\t\t\t\t<a href=\"https:\/\/montysplantfood.com\/wp-content\/uploads\/2021\/03\/PlantVantage-Application-Instructions-2020.pdf\" target=\"_blank\" rel=\"noopener\">\n\t\t\t\t\t\t\t\t\t\t\t<img decoding=\"async\" src=\"https:\/\/montysplantfood.com\/wp-content\/uploads\/2021\/03\/grommet-icons_document-download.png\" alt=\"grommet-icons_document-download\">\n\t\t\t\tInstru\u00e7\u00f5es de aplica\u00e7\u00e3o do PlantVantage\n\t<\/a>\n\t\t\t<\/li>\n\t\t\t\t\t<li>\n\t\t\t\t\t<a href=\"https:\/\/montysplantfood.com\/wp-content\/uploads\/2021\/04\/PlantV-SDS-Premium-Soil-Conditioner.pdf\" target=\"_blank\" rel=\"noopener\">\n\t\t\t\t\t\t\t\t\t\t\t<img decoding=\"async\" src=\"https:\/\/montysplantfood.com\/wp-content\/uploads\/2021\/03\/grommet-icons_document-download.png\" alt=\"grommet-icons_document-download\">\n\t\t\t\tCondicionador de Solo Premium SDS\n\t<\/a>\n\t\t\t<\/li>\n\t\t\t\t\t<li>\n\t\t\t\t\t<a href=\"https:\/\/montysplantfood.com\/wp-content\/uploads\/2021\/04\/PlantVantage-Premium-Soil-Conditioner-oz-32-8468-8469.pdf\" target=\"_blank\" rel=\"noopener\">\n\t\t\t\t\t\t\t\t\t\t\t<img decoding=\"async\" src=\"https:\/\/montysplantfood.com\/wp-content\/uploads\/2021\/03\/grommet-icons_document-download.png\" alt=\"grommet-icons_document-download\">\n\t\t\t\tR\u00f3tulo do condicionador de solo premium\n\t<\/a>\n\t\t\t<\/li>\n\t\t\t\t<\/ul>\n\t\t\t\t\t\t\t\t\t\t<img decoding=\"async\" src=\"https:\/\/montysplantfood.com\/wp-content\/uploads\/2021\/03\/plantvantage-indoor-outdoor.jpg\" alt=\"plantvantage indoor outdoor\" itemprop=\"image\">\n<h2>\n\t\tPremium Indoor\/Outdoor\n\t<\/h2>\n\t<p>O Premium Indoor\/Outdoor \u00e9 a maneira ideal de fazer com que suas plantas tenham um \u00f3timo come\u00e7o com uma combina\u00e7\u00e3o perfeita de nutrientes.<\/p>\n\t<ul>\n\t\t\t<li>\n\t\t\t\tPara uso em todas as plantas de interior com ou sem flores e em \u00e1rvores, arbustos, flores e vegetais ao ar livre\n\t\t\t<\/li>\n\t\t\t<li>\n\t\t\t\tPode ser usado para iniciar sementes de flores ou vegetais, cortar plantas ou transplantar\n\t\t\t<\/li>\n\t\t\t<li>\n\t\t\t\t4-15-12 Formula\u00e7\u00e3o NPK com zinco e ferro\n\t\t\t<\/li>\n\t\t\t<li>\n\t\t\t\tEasy application &#8211; root feed or foliar spray\n\t\t\t<\/li>\n\t\t\t<li>\n\t\t\t\tPromove o vigor inicial da raiz e ajuda a desenvolver a resist\u00eancia inicial\n\t\t\t<\/li>\n\t\t\t<li>\n\t\t\t\tAplique no in\u00edcio da esta\u00e7\u00e3o em ambientes externos e durante todo o ano em plantas de interior. \n\t\t\t<\/li>\n\t\t<\/ul>\n\t<a href=\"https:\/\/www.amazon.com\/MONTYS-Premium-Indoor-Outdoor\/dp\/B07BB125V8\/ref=sr_1_1?dchild=1&amp;m=A3D8X5POWMSJG7&amp;marketplaceID=ATVPDKIKX0DER&amp;qid=1617655834&amp;s=merchant-items&amp;sr=1-1\" target=\"_blank\" role=\"button\" rel=\"noopener\" aria-label=\"Onde comprar\">\n\t\t\t\tOnde comprar\n\t\t\t<\/a>\n<h3>\n\t\tInforma\u00e7\u00f5es sobre o produto\n\t<\/h3>\n\t\t<ul>\n\t\t\t\t\t<li>\n\t\t\t\t\t<a href=\"https:\/\/montysplantfood.com\/wp-content\/uploads\/2021\/03\/1177-PlantVantage-Small-Brochure-1.20.20.pdf\" target=\"_blank\" rel=\"noopener\">\n\t\t\t\t\t\t\t\t\t\t\t<img decoding=\"async\" src=\"https:\/\/montysplantfood.com\/wp-content\/uploads\/2021\/03\/grommet-icons_document-download.png\" alt=\"grommet-icons_document-download\">\n\t\t\t\tFolheto do produto PlantVantage\n\t<\/a>\n\t\t\t<\/li>\n\t\t\t\t\t<li>\n\t\t\t\t\t<a href=\"https:\/\/montysplantfood.com\/wp-content\/uploads\/2021\/03\/PlantVantage-Application-Instructions-2020.pdf\" target=\"_blank\" rel=\"noopener\">\n\t\t\t\t\t\t\t\t\t\t\t<img decoding=\"async\" src=\"https:\/\/montysplantfood.com\/wp-content\/uploads\/2021\/03\/grommet-icons_document-download.png\" alt=\"grommet-icons_document-download\">\n\t\t\t\tInstru\u00e7\u00f5es de aplica\u00e7\u00e3o do PlantVantage\n\t<\/a>\n\t\t\t<\/li>\n\t\t\t\t\t<li>\n\t\t\t\t\t<a href=\"https:\/\/montysplantfood.com\/wp-content\/uploads\/2021\/04\/PlantV-SDS-Premium-Indoor-Outdoor.pdf\" target=\"_blank\" rel=\"noopener\">\n\t\t\t\t\t\t\t\t\t\t\t<img decoding=\"async\" src=\"https:\/\/montysplantfood.com\/wp-content\/uploads\/2021\/03\/grommet-icons_document-download.png\" alt=\"grommet-icons_document-download\">\n\t\t\t\tSDS Premium para ambientes internos e externos\n\t<\/a>\n\t\t\t<\/li>\n\t\t\t\t\t<li>\n\t\t\t\t\t<a href=\"https:\/\/montysplantfood.com\/wp-content\/uploads\/2021\/04\/PlantVantage-Premium-Indoor-Outdoor-oz-08-8450.pdf\" target=\"_blank\" rel=\"noopener\">\n\t\t\t\t\t\t\t\t\t\t\t<img decoding=\"async\" src=\"https:\/\/montysplantfood.com\/wp-content\/uploads\/2021\/03\/grommet-icons_document-download.png\" alt=\"grommet-icons_document-download\">\n\t\t\t\tEtiqueta Premium para ambientes internos e externos\n\t<\/a>\n\t\t\t<\/li>\n\t\t\t\t<\/ul>\n\t\t\t\t\t\t\t\t\t\t<img decoding=\"async\" src=\"https:\/\/montysplantfood.com\/wp-content\/uploads\/2021\/03\/plantvantage-premium-growth.jpg\" alt=\"plantvantage premium growth\" itemprop=\"image\">\n<h2>\n\t\tCrescimento do pr\u00eamio\n\t<\/h2>\n\t<p>O Premium Growth \u00e9 um alimento para plantas premiado, projetado para produzir plantas excepcionais com folhas maiores e caules mais fortes.<\/p>\n\t<ul>\n\t\t\t<li>\n\t\t\t\tUse em todas as plantas, incluindo \u00e1rvores, arbustos, flores e vegetais\n\t\t\t<\/li>\n\t\t\t<li>\n\t\t\t\tPromove o crescimento da raiz e da parte superior, al\u00e9m de uma folhagem maior\n\t\t\t<\/li>\n\t\t\t<li>\n\t\t\t\tFornece um impulso nutricional \n\t\t\t<\/li>\n\t\t\t<li>\n\t\t\t\tEasy application &#8211; root feed or foliar spray\n\t\t\t<\/li>\n\t\t\t<li>\n\t\t\t\tFormula\u00e7\u00e3o 8-16-8 NPK com zinco e ferro\n\t\t\t<\/li>\n\t\t\t<li>\n\t\t\t\tUse assim que a planta emergir do solo e em todos os est\u00e1gios de crescimento. Ajuda a reavivar as plantas mais atrasadas.\n\t\t\t<\/li>\n\t\t<\/ul>\n\t<a href=\"https:\/\/www.amazon.com\/Montys-PlantVantage-Premium-Growth\/dp\/B07BB26NKZ\/ref=sr_1_5?dchild=1&amp;m=A3D8X5POWMSJG7&amp;marketplaceID=ATVPDKIKX0DER&amp;qid=1617655606&amp;s=merchant-items&amp;sr=1-5\" target=\"_blank\" role=\"button\" rel=\"noopener\" aria-label=\"Onde comprar\">\n\t\t\t\tOnde comprar\n\t\t\t<\/a>\n<h3>\n\t\tInforma\u00e7\u00f5es sobre o produto\n\t<\/h3>\n\t\t<ul>\n\t\t\t\t\t<li>\n\t\t\t\t\t<a href=\"https:\/\/montysplantfood.com\/wp-content\/uploads\/2021\/03\/1177-PlantVantage-Small-Brochure-1.20.20.pdf\" target=\"_blank\" rel=\"noopener\">\n\t\t\t\t\t\t\t\t\t\t\t<img decoding=\"async\" src=\"https:\/\/montysplantfood.com\/wp-content\/uploads\/2021\/03\/grommet-icons_document-download.png\" alt=\"grommet-icons_document-download\">\n\t\t\t\tFolheto do produto PlantVantage\n\t<\/a>\n\t\t\t<\/li>\n\t\t\t\t\t<li>\n\t\t\t\t\t<a href=\"https:\/\/montysplantfood.com\/wp-content\/uploads\/2021\/03\/PlantVantage-Application-Instructions-2020.pdf\" target=\"_blank\" rel=\"noopener\">\n\t\t\t\t\t\t\t\t\t\t\t<img decoding=\"async\" src=\"https:\/\/montysplantfood.com\/wp-content\/uploads\/2021\/03\/grommet-icons_document-download.png\" alt=\"grommet-icons_document-download\">\n\t\t\t\tInstru\u00e7\u00f5es de aplica\u00e7\u00e3o do PlantVantage\n\t<\/a>\n\t\t\t<\/li>\n\t\t\t\t\t<li>\n\t\t\t\t\t<a href=\"https:\/\/montysplantfood.com\/wp-content\/uploads\/2021\/04\/PlantV-SDS-Premium-Growth.pdf\" target=\"_blank\" rel=\"noopener\">\n\t\t\t\t\t\t\t\t\t\t\t<img decoding=\"async\" src=\"https:\/\/montysplantfood.com\/wp-content\/uploads\/2021\/03\/grommet-icons_document-download.png\" alt=\"grommet-icons_document-download\">\n\t\t\t\tSDS de crescimento premium\n\t<\/a>\n\t\t\t<\/li>\n\t\t\t\t\t<li>\n\t\t\t\t\t<a href=\"https:\/\/montysplantfood.com\/wp-content\/uploads\/2021\/04\/PlantVantage-Premium-Growth-oz-32-8460-8461.pdf\" target=\"_blank\" rel=\"noopener\">\n\t\t\t\t\t\t\t\t\t\t\t<img decoding=\"async\" src=\"https:\/\/montysplantfood.com\/wp-content\/uploads\/2021\/03\/grommet-icons_document-download.png\" alt=\"grommet-icons_document-download\">\n\t\t\t\tSelo de crescimento premium\n\t<\/a>\n\t\t\t<\/li>\n\t\t\t\t<\/ul>\n\t\t\t\t\t\t\t\t\t\t<img decoding=\"async\" src=\"https:\/\/montysplantfood.com\/wp-content\/uploads\/2021\/03\/plantvantage-premium-root-and-bloom.jpg\" alt=\"plantvantage premium root and bloom\" itemprop=\"image\">\n<h2>\n\t\tPremium Root &amp; Bloom\n\t<\/h2>\n\t<p>O Premium Root &amp; Bloom foi projetado para produzir frutos e flores abundantes e vibrantes! A melhor maneira de terminar forte e saud\u00e1vel.<\/p>\n\t<ul>\n\t\t\t<li>\n\t\t\t\tUse em todas as plantas, incluindo \u00e1rvores, arbustos, flores e vegetais\n\t\t\t<\/li>\n\t\t\t<li>\n\t\t\t\tPromove ra\u00edzes fortes para melhor absor\u00e7\u00e3o de nutrientes\n\t\t\t<\/li>\n\t\t\t<li>\n\t\t\t\tMelhora a robustez das plantas e aumenta a resist\u00eancia a doen\u00e7as\n\t\t\t<\/li>\n\t\t\t<li>\n\t\t\t\tAumenta o n\u00famero e a vitalidade das flores e a produ\u00e7\u00e3o de vegetais\n\t\t\t<\/li>\n\t\t\t<li>\n\t\t\t\tExcelente para plantas de inverno\n\t\t\t<\/li>\n\t\t\t<li>\n\t\t\t\tEasy application &#8211; root feed or foliar spray\n\t\t\t<\/li>\n\t\t\t<li>\n\t\t\t\tAplicar assim que as plantas come\u00e7arem a frutificar ou florescer\n\t\t\t<\/li>\n\t\t<\/ul>\n\t<a href=\"https:\/\/www.amazon.com\/Montys-PlantVantage-Premium-Root-Bloom\/dp\/B07BB12WC9\/ref=sr_1_2?dchild=1&amp;m=A3D8X5POWMSJG7&amp;marketplaceID=ATVPDKIKX0DER&amp;qid=1617655694&amp;s=merchant-items&amp;sr=1-2\" target=\"_blank\" role=\"button\" rel=\"noopener\" aria-label=\"Onde comprar\">\n\t\t\t\tOnde comprar\n\t\t\t<\/a>\n<h3>\n\t\tInforma\u00e7\u00f5es sobre o produto\n\t<\/h3>\n\t\t<ul>\n\t\t\t\t\t<li>\n\t\t\t\t\t<a href=\"https:\/\/montysplantfood.com\/wp-content\/uploads\/2021\/03\/1177-PlantVantage-Small-Brochure-1.20.20.pdf\" target=\"_blank\" rel=\"noopener\">\n\t\t\t\t\t\t\t\t\t\t\t<img decoding=\"async\" src=\"https:\/\/montysplantfood.com\/wp-content\/uploads\/2021\/03\/grommet-icons_document-download.png\" alt=\"grommet-icons_document-download\">\n\t\t\t\tFolheto do produto PlantVantage\n\t<\/a>\n\t\t\t<\/li>\n\t\t\t\t\t<li>\n\t\t\t\t\t<a href=\"https:\/\/montysplantfood.com\/wp-content\/uploads\/2021\/03\/PlantVantage-Application-Instructions-2020.pdf\" target=\"_blank\" rel=\"noopener\">\n\t\t\t\t\t\t\t\t\t\t\t<img decoding=\"async\" src=\"https:\/\/montysplantfood.com\/wp-content\/uploads\/2021\/03\/grommet-icons_document-download.png\" alt=\"grommet-icons_document-download\">\n\t\t\t\tInstru\u00e7\u00f5es de aplica\u00e7\u00e3o do PlantVantage\n\t<\/a>\n\t\t\t<\/li>\n\t\t\t\t\t<li>\n\t\t\t\t\t<a href=\"https:\/\/montysplantfood.com\/wp-content\/uploads\/2021\/04\/PlantV-SDS-Premium-Root-Bloom.pdf\" target=\"_blank\" rel=\"noopener\">\n\t\t\t\t\t\t\t\t\t\t\t<img decoding=\"async\" src=\"https:\/\/montysplantfood.com\/wp-content\/uploads\/2021\/03\/grommet-icons_document-download.png\" alt=\"grommet-icons_document-download\">\n\t\t\t\tPremium Root &amp; Bloom SDS\n\t<\/a>\n\t\t\t<\/li>\n\t\t\t\t\t<li>\n\t\t\t\t\t<a href=\"https:\/\/montysplantfood.com\/wp-content\/uploads\/2021\/04\/PlantVantage-Premium-Root-Bloom-oz-32-8462-8463.pdf\" target=\"_blank\" rel=\"noopener\">\n\t\t\t\t\t\t\t\t\t\t\t<img decoding=\"async\" src=\"https:\/\/montysplantfood.com\/wp-content\/uploads\/2021\/03\/grommet-icons_document-download.png\" alt=\"grommet-icons_document-download\">\n\t\t\t\tPremium Root &amp; Bloom Label\n\t<\/a>\n\t\t\t<\/li>\n\t\t\t\t<\/ul>\n<h2>\n\t\tExperimente hoje mesmo nossa tecnologia h\u00famica ativada\n\t<\/h2>\n\t<p>Monty&#8217;s PlantVantage products are a combination of stable, quality ingredients, and have been formulated to promote faster root development, stronger plant growth and increased flower, fruit and vegetable production. Our&nbsp;proprietary activated humic technology is designed to improve the overall vitality of your soil\u2026 for success you can see!<\/p>\n\t<a href=\"https:\/\/www.amazon.com\/s?me=A3D8X5POWMSJG7&amp;marketplaceID=ATVPDKIKX0DER\" target=\"_blank\" role=\"button\" rel=\"noopener\" aria-label=\"Compre agora\">\n\t\t\t\tCompre agora\n\t\t\t<\/a>\n\n\n\n<p><\/p>","protected":false},"excerpt":{"rendered":"<p>Products ASK a plantvantage expert Premium Soil Conditioner Treat your lawn and garden to Monty&#8217;s Premium Soil Conditioner and help return your soil to a vital, more balanced state. Soil Conditioner is recommended to help replenish soil that is depleted from chemicals, compaction, drought, and even flooding. Increases moisture retention in your soil Increases nutrient&hellip;<\/p>","protected":false},"author":20,"featured_media":0,"parent":11560,"menu_order":0,"comment_status":"closed","ping_status":"closed","template":"","meta":{"_acf_changed":false,"footnotes":""},"class_list":["post-11559","page","type-page","status-publish","hentry"],"acf":[],"yoast_head":"<!-- This site is optimized with the Yoast SEO plugin v27.6 - https:\/\/yoast.com\/product\/yoast-seo-wordpress\/ -->\n<title>Products - OLD - Monty&#039;s Plant Food<\/title>\n<meta name=\"robots\" content=\"index, follow, max-snippet:-1, max-image-preview:large, max-video-preview:-1\" \/>\n<link rel=\"canonical\" href=\"https:\/\/montysplantfood.com\/pt\/montys-plantvantage\/products-old\/\" \/>\n<meta property=\"og:locale\" content=\"pt_BR\" \/>\n<meta property=\"og:type\" content=\"article\" \/>\n<meta property=\"og:title\" content=\"Products - OLD - Monty&#039;s Plant Food\" \/>\n<meta property=\"og:description\" content=\"Products ASK a plantvantage expert Premium Soil Conditioner Treat your lawn and garden to Monty&#8217;s Premium Soil Conditioner and help return your soil to a vital, more balanced state. Soil Conditioner is recommended to help replenish soil that is depleted from chemicals, compaction, drought, and even flooding. Increases moisture retention in your soil Increases nutrient&hellip;\" \/>\n<meta property=\"og:url\" content=\"https:\/\/montysplantfood.com\/pt\/montys-plantvantage\/products-old\/\" \/>\n<meta property=\"og:site_name\" content=\"Monty&#039;s Plant Food\" \/>\n<meta property=\"article:modified_time\" content=\"2024-09-17T12:28:18+00:00\" \/>\n<meta property=\"og:image\" content=\"https:\/\/montysplantfood.com\/wp-content\/uploads\/2021\/03\/plantvantage-premium-soil-conditioner.jpg\" \/>\n<meta name=\"twitter:card\" content=\"summary_large_image\" \/>\n<meta name=\"twitter:label1\" content=\"Est. reading time\" \/>\n\t<meta name=\"twitter:data1\" content=\"7 minutes\" \/>\n<script type=\"application\/ld+json\" class=\"yoast-schema-graph\">{\"@context\":\"https:\\\/\\\/schema.org\",\"@graph\":[{\"@type\":\"WebPage\",\"@id\":\"https:\\\/\\\/montysplantfood.com\\\/montys-plantvantage\\\/products-old\\\/\",\"url\":\"https:\\\/\\\/montysplantfood.com\\\/montys-plantvantage\\\/products-old\\\/\",\"name\":\"Products - OLD - Monty&#039;s Plant Food\",\"isPartOf\":{\"@id\":\"https:\\\/\\\/montysplantfood.com\\\/#website\"},\"primaryImageOfPage\":{\"@id\":\"https:\\\/\\\/montysplantfood.com\\\/montys-plantvantage\\\/products-old\\\/#primaryimage\"},\"image\":{\"@id\":\"https:\\\/\\\/montysplantfood.com\\\/montys-plantvantage\\\/products-old\\\/#primaryimage\"},\"thumbnailUrl\":\"https:\\\/\\\/montysplantfood.com\\\/wp-content\\\/uploads\\\/2021\\\/03\\\/plantvantage-premium-soil-conditioner.jpg\",\"datePublished\":\"2021-03-16T22:16:27+00:00\",\"dateModified\":\"2024-09-17T12:28:18+00:00\",\"breadcrumb\":{\"@id\":\"https:\\\/\\\/montysplantfood.com\\\/montys-plantvantage\\\/products-old\\\/#breadcrumb\"},\"inLanguage\":\"pt-BR\",\"potentialAction\":[{\"@type\":\"ReadAction\",\"target\":[\"https:\\\/\\\/montysplantfood.com\\\/montys-plantvantage\\\/products-old\\\/\"]}]},{\"@type\":\"ImageObject\",\"inLanguage\":\"pt-BR\",\"@id\":\"https:\\\/\\\/montysplantfood.com\\\/montys-plantvantage\\\/products-old\\\/#primaryimage\",\"url\":\"https:\\\/\\\/montysplantfood.com\\\/wp-content\\\/uploads\\\/2021\\\/03\\\/plantvantage-premium-soil-conditioner.jpg\",\"contentUrl\":\"https:\\\/\\\/montysplantfood.com\\\/wp-content\\\/uploads\\\/2021\\\/03\\\/plantvantage-premium-soil-conditioner.jpg\"},{\"@type\":\"BreadcrumbList\",\"@id\":\"https:\\\/\\\/montysplantfood.com\\\/montys-plantvantage\\\/products-old\\\/#breadcrumb\",\"itemListElement\":[{\"@type\":\"ListItem\",\"position\":1,\"name\":\"Home\",\"item\":\"https:\\\/\\\/montysplantfood.com\\\/\"},{\"@type\":\"ListItem\",\"position\":2,\"name\":\"Monty&#8217;s PlantVantage\",\"item\":\"https:\\\/\\\/montysplantfood.com\\\/montys-plantvantage\\\/\"},{\"@type\":\"ListItem\",\"position\":3,\"name\":\"Products &#8211; OLD\"}]},{\"@type\":\"WebSite\",\"@id\":\"https:\\\/\\\/montysplantfood.com\\\/#website\",\"url\":\"https:\\\/\\\/montysplantfood.com\\\/\",\"name\":\"Monty&#039;s Plant Food\",\"description\":\"\",\"publisher\":{\"@id\":\"https:\\\/\\\/montysplantfood.com\\\/#organization\"},\"potentialAction\":[{\"@type\":\"SearchAction\",\"target\":{\"@type\":\"EntryPoint\",\"urlTemplate\":\"https:\\\/\\\/montysplantfood.com\\\/?s={search_term_string}\"},\"query-input\":{\"@type\":\"PropertyValueSpecification\",\"valueRequired\":true,\"valueName\":\"search_term_string\"}}],\"inLanguage\":\"pt-BR\"},{\"@type\":\"Organization\",\"@id\":\"https:\\\/\\\/montysplantfood.com\\\/#organization\",\"name\":\"Monty's Plant Food\",\"url\":\"https:\\\/\\\/montysplantfood.com\\\/\",\"logo\":{\"@type\":\"ImageObject\",\"inLanguage\":\"pt-BR\",\"@id\":\"https:\\\/\\\/montysplantfood.com\\\/#\\\/schema\\\/logo\\\/image\\\/\",\"url\":\"https:\\\/\\\/montysplantfood.com\\\/wp-content\\\/uploads\\\/2020\\\/09\\\/Website-Logo-TEST.png\",\"contentUrl\":\"https:\\\/\\\/montysplantfood.com\\\/wp-content\\\/uploads\\\/2020\\\/09\\\/Website-Logo-TEST.png\",\"width\":505,\"height\":358,\"caption\":\"Monty's Plant Food\"},\"image\":{\"@id\":\"https:\\\/\\\/montysplantfood.com\\\/#\\\/schema\\\/logo\\\/image\\\/\"}}]}<\/script>\n<!-- \/ Yoast SEO plugin. -->","yoast_head_json":{"title":"Products - OLD - Monty&#039;s Plant Food","robots":{"index":"index","follow":"follow","max-snippet":"max-snippet:-1","max-image-preview":"max-image-preview:large","max-video-preview":"max-video-preview:-1"},"canonical":"https:\/\/montysplantfood.com\/pt\/montys-plantvantage\/products-old\/","og_locale":"pt_BR","og_type":"article","og_title":"Products - OLD - Monty&#039;s Plant Food","og_description":"Products ASK a plantvantage expert Premium Soil Conditioner Treat your lawn and garden to Monty&#8217;s Premium Soil Conditioner and help return your soil to a vital, more balanced state. Soil Conditioner is recommended to help replenish soil that is depleted from chemicals, compaction, drought, and even flooding. Increases moisture retention in your soil Increases nutrient&hellip;","og_url":"https:\/\/montysplantfood.com\/pt\/montys-plantvantage\/products-old\/","og_site_name":"Monty&#039;s Plant Food","article_modified_time":"2024-09-17T12:28:18+00:00","og_image":[{"url":"https:\/\/montysplantfood.com\/wp-content\/uploads\/2021\/03\/plantvantage-premium-soil-conditioner.jpg","type":"","width":"","height":""}],"twitter_card":"summary_large_image","twitter_misc":{"Est. reading time":"7 minutes"},"schema":{"@context":"https:\/\/schema.org","@graph":[{"@type":"WebPage","@id":"https:\/\/montysplantfood.com\/montys-plantvantage\/products-old\/","url":"https:\/\/montysplantfood.com\/montys-plantvantage\/products-old\/","name":"Products - OLD - Monty&#039;s Plant Food","isPartOf":{"@id":"https:\/\/montysplantfood.com\/#website"},"primaryImageOfPage":{"@id":"https:\/\/montysplantfood.com\/montys-plantvantage\/products-old\/#primaryimage"},"image":{"@id":"https:\/\/montysplantfood.com\/montys-plantvantage\/products-old\/#primaryimage"},"thumbnailUrl":"https:\/\/montysplantfood.com\/wp-content\/uploads\/2021\/03\/plantvantage-premium-soil-conditioner.jpg","datePublished":"2021-03-16T22:16:27+00:00","dateModified":"2024-09-17T12:28:18+00:00","breadcrumb":{"@id":"https:\/\/montysplantfood.com\/montys-plantvantage\/products-old\/#breadcrumb"},"inLanguage":"pt-BR","potentialAction":[{"@type":"ReadAction","target":["https:\/\/montysplantfood.com\/montys-plantvantage\/products-old\/"]}]},{"@type":"ImageObject","inLanguage":"pt-BR","@id":"https:\/\/montysplantfood.com\/montys-plantvantage\/products-old\/#primaryimage","url":"https:\/\/montysplantfood.com\/wp-content\/uploads\/2021\/03\/plantvantage-premium-soil-conditioner.jpg","contentUrl":"https:\/\/montysplantfood.com\/wp-content\/uploads\/2021\/03\/plantvantage-premium-soil-conditioner.jpg"},{"@type":"BreadcrumbList","@id":"https:\/\/montysplantfood.com\/montys-plantvantage\/products-old\/#breadcrumb","itemListElement":[{"@type":"ListItem","position":1,"name":"Home","item":"https:\/\/montysplantfood.com\/"},{"@type":"ListItem","position":2,"name":"Monty&#8217;s PlantVantage","item":"https:\/\/montysplantfood.com\/montys-plantvantage\/"},{"@type":"ListItem","position":3,"name":"Products &#8211; OLD"}]},{"@type":"WebSite","@id":"https:\/\/montysplantfood.com\/#website","url":"https:\/\/montysplantfood.com\/","name":"Monty&#039;s Plant Food","description":"","publisher":{"@id":"https:\/\/montysplantfood.com\/#organization"},"potentialAction":[{"@type":"SearchAction","target":{"@type":"EntryPoint","urlTemplate":"https:\/\/montysplantfood.com\/?s={search_term_string}"},"query-input":{"@type":"PropertyValueSpecification","valueRequired":true,"valueName":"search_term_string"}}],"inLanguage":"pt-BR"},{"@type":"Organization","@id":"https:\/\/montysplantfood.com\/#organization","name":"Monty's Plant Food","url":"https:\/\/montysplantfood.com\/","logo":{"@type":"ImageObject","inLanguage":"pt-BR","@id":"https:\/\/montysplantfood.com\/#\/schema\/logo\/image\/","url":"https:\/\/montysplantfood.com\/wp-content\/uploads\/2020\/09\/Website-Logo-TEST.png","contentUrl":"https:\/\/montysplantfood.com\/wp-content\/uploads\/2020\/09\/Website-Logo-TEST.png","width":505,"height":358,"caption":"Monty's Plant Food"},"image":{"@id":"https:\/\/montysplantfood.com\/#\/schema\/logo\/image\/"}}]}},"_links":{"self":[{"href":"https:\/\/montysplantfood.com\/pt\/wp-json\/wp\/v2\/pages\/11559","targetHints":{"allow":["GET"]}}],"collection":[{"href":"https:\/\/montysplantfood.com\/pt\/wp-json\/wp\/v2\/pages"}],"about":[{"href":"https:\/\/montysplantfood.com\/pt\/wp-json\/wp\/v2\/types\/page"}],"author":[{"embeddable":true,"href":"https:\/\/montysplantfood.com\/pt\/wp-json\/wp\/v2\/users\/20"}],"replies":[{"embeddable":true,"href":"https:\/\/montysplantfood.com\/pt\/wp-json\/wp\/v2\/comments?post=11559"}],"version-history":[{"count":12,"href":"https:\/\/montysplantfood.com\/pt\/wp-json\/wp\/v2\/pages\/11559\/revisions"}],"predecessor-version":[{"id":13832,"href":"https:\/\/montysplantfood.com\/pt\/wp-json\/wp\/v2\/pages\/11559\/revisions\/13832"}],"up":[{"embeddable":true,"href":"https:\/\/montysplantfood.com\/pt\/wp-json\/wp\/v2\/pages\/11560"}],"wp:attachment":[{"href":"https:\/\/montysplantfood.com\/pt\/wp-json\/wp\/v2\/media?parent=11559"}],"curies":[{"name":"wp","href":"https:\/\/api.w.org\/{rel}","templated":true}]}}