{"id":10000,"date":"2020-09-03T14:18:40","date_gmt":"2020-09-03T18:18:40","guid":{"rendered":"http:\/\/localhost:10003\/?page_id=10000"},"modified":"2023-06-16T13:39:59","modified_gmt":"2023-06-16T17:39:59","slug":"soil-tissue-analysis","status":"publish","type":"page","link":"https:\/\/montysplantfood.com\/pt\/soil-tissue-analysis\/","title":{"rendered":"Soil &#038; Tissue Analysis"},"content":{"rendered":"<h1>\n\t\tTestes de solo e tecidos\n\t<\/h1>\n\t<h3><strong>Soil and tissue testing throughout the growing season is vital to the success of a high yield program. These are Monty&#8217;s general recommendations. To maximize your testing program, please contact your Monty&#8217;s representative.<\/strong><\/h3>\n<p>&nbsp;<\/p>\n<h3><a href=\"https:\/\/montysplantfood.com\/wp-content\/uploads\/2023\/04\/Tissue_Testing_2.png\"><img decoding=\"async\" src=\"https:\/\/montysplantfood.com\/wp-content\/uploads\/2023\/04\/Tissue_Testing_2.png\" alt=\"\" width=\"448\" height=\"318\" \/><\/a><\/h3>\n<h3><strong>Recomenda\u00e7\u00f5es para amostragem do solo<\/strong><\/h3>\n<p>As amostras de solo podem ser coletadas por grade ou zonas de solo. Sua amostra deve consistir em um composto de 15 subamostras coletadas aleatoriamente a uma profundidade de 4 a 6 polegadas em toda a \u00e1rea da amostra. A amostra precisa ser bem misturada para ser representativa das condi\u00e7\u00f5es do solo.<\/p>\n<p><strong>Solos que podem ser testados com menos frequ\u00eancia:<\/strong> Se o solo tiver alta CEC, ele reter\u00e1 melhor os nutrientes cati\u00f4nicos e o pH permanecer\u00e1 constante por per\u00edodos mais longos. Sugerimos a realiza\u00e7\u00e3o de testes durante toda a esta\u00e7\u00e3o de crescimento e no final da colheita para planejamento.<\/p>\n<p><strong>Solo que deve ser testado com frequ\u00eancia:<\/strong> Em solos com baixa CEC (menor que 7), alguns c\u00e1tions, como pot\u00e1ssio (K+), magn\u00e9sio (Mg++) e am\u00f4nio (NH4+), t\u00eam a capacidade de se infiltrar na zona da raiz, portanto, \u00e9 essencial fazer testes com mais frequ\u00eancia para detectar defici\u00eancias de nutrientes. Quando os n\u00edveis de fertilidade s\u00e3o baixos, as amostras de solo devem ser coletadas com mais frequ\u00eancia para garantir a melhor utiliza\u00e7\u00e3o dos nutrientes adicionados.<\/p>\n<p><strong>O segredo \u00e9 a consist\u00eancia e a obten\u00e7\u00e3o das informa\u00e7\u00f5es a tempo de us\u00e1-las. <\/strong>Incentivamos a amostragem na colheita para que voc\u00ea possa planejar adequadamente a pr\u00f3xima esta\u00e7\u00e3o de cultivo. Embora fatores como o clima e a rota\u00e7\u00e3o de culturas possam afetar os resultados dos testes de solo, essas diferen\u00e7as geralmente s\u00e3o pequenas e informa\u00e7\u00f5es confi\u00e1veis ainda podem ser obtidas independentemente de quando a amostragem \u00e9 feita.<\/p>\n<p><strong>Para pr\u00e1ticas gerais:<\/strong> Amostragem adicional no outono ou na primavera pode ser feita para fins de planejamento e aplica\u00e7\u00e3o de fertilizantes. A amostragem pr\u00e9-temporada e p\u00f3s-colheita a cada esta\u00e7\u00e3o fornece dados ben\u00e9ficos para maximizar o potencial de rendimento.<\/p>\n<p>&nbsp;<\/p>\n<h3><strong><a href=\"https:\/\/montysplantfood.com\/wp-content\/uploads\/2023\/04\/Tissue_Testing_1.png\"><img decoding=\"async\" src=\"https:\/\/montysplantfood.com\/wp-content\/uploads\/2023\/04\/Tissue_Testing_1.png\" alt=\"\" width=\"386\" height=\"305\" \/><\/a>Recomenda\u00e7\u00f5es para amostragem de tecidos<\/strong><\/h3>\n<p><strong>Tempo:<\/strong> Para obter os maiores rendimentos poss\u00edveis, incentivamos a coleta semanal de amostras de tecido durante toda a temporada. Muitos produtores de alta produtividade dependem de testes semanais de tecidos para ajudar a resolver suas defici\u00eancias mais rapidamente.<\/p>\n<p><strong>Tecido vegetal para amostragem:<\/strong> A coleta da terceira ou quarta folha abaixo do crescimento mais recente deve fornecer informa\u00e7\u00f5es para que voc\u00ea tome as melhores decis\u00f5es. Para obter mais amostras espec\u00edficas para a cultura, entre em contato com o laborat\u00f3rio de amostragem de tecidos.<\/p>\n<p><strong>Armazenamento e envio: <\/strong>Armazene a amostra adequadamente e remova o solo ou outros detritos que possam interferir na an\u00e1lise do tecido e nos resultados. As \u00e1reas problem\u00e1ticas ou de interesse devem ser amostradas separadamente. Todas as amostras devem ser armazenadas em um saco de papel em um local fresco e devidamente etiquetadas. Todas as amostras devem ser enviadas ao laborat\u00f3rio imediatamente para evitar qualquer deteriora\u00e7\u00e3o ou dano \u00e0 sua amostra que possa fazer com que os resultados do tecido sejam imprecisos.<\/p>\n<p>D\u00ea a si mesmo tempo suficiente para analisar os resultados dos testes e planejar o programa antes de fazer as aplica\u00e7\u00f5es de fertilizantes. <strong>Talk to your Monty&#8217;s representative about the best soil and issue testing program for you.<\/strong><\/p>\n\t<p>&nbsp;<\/p>\n<h3><strong>Informa\u00e7\u00f5es sobre testes de solo e tecidos<\/strong><\/h3>\n<ul>\n<li><a href=\"https:\/\/montysplantfood.com\/wp-content\/uploads\/2022\/07\/AgXact-Tissue-Result-Sample.pdf\">Amostra de an\u00e1lise de tecido vegetal<\/a><\/li>\n<li><a href=\"https:\/\/montysplantfood.com\/wp-content\/uploads\/2022\/07\/AgXact-Soil-Result-Sample.pdf\">Amostra de an\u00e1lise do solo<\/a><\/li>\n<li><a href=\"https:\/\/montysplantfood.com\/wp-content\/uploads\/2020\/09\/How-To-Take-a-Plant-Tissue-Sample.pdf\" target=\"_blank\" rel=\"noopener\">Como coletar uma amostra de tecido vegetal<\/a><\/li>\n<li><a href=\"https:\/\/montysplantfood.com\/wp-content\/uploads\/2020\/09\/Soil-Sample-Information.pdf\" target=\"_blank\" rel=\"noopener\">Informa\u00e7\u00f5es sobre amostras de solo<\/a><\/li>\n<li><a href=\"https:\/\/montysplantfood.com\/wp-content\/uploads\/2020\/09\/Plant-Tissue-Sample.pdf\" target=\"_blank\" rel=\"noopener\">Informa\u00e7\u00f5es sobre amostras de tecidos vegetais<\/a><\/li>\n<li><a href=\"https:\/\/montysplantfood.com\/wp-content\/uploads\/2020\/09\/Understanding-Soil-Analysis.pdf\" target=\"_blank\" rel=\"noopener\">Entendendo as informa\u00e7\u00f5es sobre an\u00e1lise de solo<\/a><\/li>\n<li><a href=\"https:\/\/montysplantfood.com\/wp-content\/uploads\/2023\/04\/Montys-Product-and-Application-Guide_Micronutrients.pdf\">Informa\u00e7\u00f5es sobre nutrientes<\/a><\/li>\n<\/ul>\n\t<p>&nbsp;<\/p>\n<p><a href=\"https:\/\/montysplantfood.com\/wp-content\/uploads\/2023\/04\/Screenshot-2023-04-12-at-10.32.21-AM.png\"><img decoding=\"async\" src=\"https:\/\/montysplantfood.com\/wp-content\/uploads\/2023\/04\/Screenshot-2023-04-12-at-10.32.21-AM.png\" alt=\"\" width=\"587\" height=\"278\" \/><\/a><\/p>","protected":false},"excerpt":{"rendered":"<p>Soil &#038; Tissue Testing Soil and tissue testing throughout the growing season is vital to the success of a high yield program. These are Monty&#8217;s general recommendations. To maximize your testing program, please contact your Monty&#8217;s representative. &nbsp; Soil Sampling Recommendations Soil samples can be taken by grid or soil zones. Your sample should consist&hellip;<\/p>","protected":false},"author":20,"featured_media":0,"parent":0,"menu_order":0,"comment_status":"closed","ping_status":"closed","template":"","meta":{"_acf_changed":false,"footnotes":""},"class_list":["post-10000","page","type-page","status-publish","hentry"],"acf":[],"yoast_head":"<!-- This site is optimized with the Yoast SEO plugin v27.4 - https:\/\/yoast.com\/product\/yoast-seo-wordpress\/ -->\n<title>Soil &amp; Tissue Analysis - Monty&#039;s Plant Food<\/title>\n<meta name=\"robots\" content=\"index, follow, max-snippet:-1, max-image-preview:large, max-video-preview:-1\" \/>\n<link rel=\"canonical\" href=\"https:\/\/montysplantfood.com\/pt\/soil-tissue-analysis\/\" \/>\n<meta property=\"og:locale\" content=\"pt_BR\" \/>\n<meta property=\"og:type\" content=\"article\" \/>\n<meta property=\"og:title\" content=\"Soil &amp; Tissue Analysis - Monty&#039;s Plant Food\" \/>\n<meta property=\"og:description\" content=\"Soil &#038; Tissue Testing Soil and tissue testing throughout the growing season is vital to the success of a high yield program. These are Monty&#8217;s general recommendations. To maximize your testing program, please contact your Monty&#8217;s representative. &nbsp; Soil Sampling Recommendations Soil samples can be taken by grid or soil zones. Your sample should consist&hellip;\" \/>\n<meta property=\"og:url\" content=\"https:\/\/montysplantfood.com\/pt\/soil-tissue-analysis\/\" \/>\n<meta property=\"og:site_name\" content=\"Monty&#039;s Plant Food\" \/>\n<meta property=\"article:modified_time\" content=\"2023-06-16T17:39:59+00:00\" \/>\n<meta property=\"og:image\" content=\"https:\/\/montysplantfood.com\/wp-content\/uploads\/2023\/04\/Tissue_Testing_2.png\" \/>\n<meta name=\"twitter:card\" content=\"summary_large_image\" \/>\n<meta name=\"twitter:label1\" content=\"Est. reading time\" \/>\n\t<meta name=\"twitter:data1\" content=\"3 minutes\" \/>\n<script type=\"application\/ld+json\" class=\"yoast-schema-graph\">{\"@context\":\"https:\\\/\\\/schema.org\",\"@graph\":[{\"@type\":\"WebPage\",\"@id\":\"https:\\\/\\\/montysplantfood.com\\\/soil-tissue-analysis\\\/\",\"url\":\"https:\\\/\\\/montysplantfood.com\\\/soil-tissue-analysis\\\/\",\"name\":\"Soil & Tissue Analysis - Monty&#039;s Plant Food\",\"isPartOf\":{\"@id\":\"https:\\\/\\\/montysplantfood.com\\\/#website\"},\"primaryImageOfPage\":{\"@id\":\"https:\\\/\\\/montysplantfood.com\\\/soil-tissue-analysis\\\/#primaryimage\"},\"image\":{\"@id\":\"https:\\\/\\\/montysplantfood.com\\\/soil-tissue-analysis\\\/#primaryimage\"},\"thumbnailUrl\":\"https:\\\/\\\/montysplantfood.com\\\/wp-content\\\/uploads\\\/2023\\\/04\\\/Tissue_Testing_2.png\",\"datePublished\":\"2020-09-03T18:18:40+00:00\",\"dateModified\":\"2023-06-16T17:39:59+00:00\",\"breadcrumb\":{\"@id\":\"https:\\\/\\\/montysplantfood.com\\\/soil-tissue-analysis\\\/#breadcrumb\"},\"inLanguage\":\"pt-BR\",\"potentialAction\":[{\"@type\":\"ReadAction\",\"target\":[\"https:\\\/\\\/montysplantfood.com\\\/soil-tissue-analysis\\\/\"]}]},{\"@type\":\"ImageObject\",\"inLanguage\":\"pt-BR\",\"@id\":\"https:\\\/\\\/montysplantfood.com\\\/soil-tissue-analysis\\\/#primaryimage\",\"url\":\"https:\\\/\\\/montysplantfood.com\\\/wp-content\\\/uploads\\\/2023\\\/04\\\/Tissue_Testing_2.png\",\"contentUrl\":\"https:\\\/\\\/montysplantfood.com\\\/wp-content\\\/uploads\\\/2023\\\/04\\\/Tissue_Testing_2.png\"},{\"@type\":\"BreadcrumbList\",\"@id\":\"https:\\\/\\\/montysplantfood.com\\\/soil-tissue-analysis\\\/#breadcrumb\",\"itemListElement\":[{\"@type\":\"ListItem\",\"position\":1,\"name\":\"Home\",\"item\":\"https:\\\/\\\/montysplantfood.com\\\/\"},{\"@type\":\"ListItem\",\"position\":2,\"name\":\"Soil &#038; Tissue Analysis\"}]},{\"@type\":\"WebSite\",\"@id\":\"https:\\\/\\\/montysplantfood.com\\\/#website\",\"url\":\"https:\\\/\\\/montysplantfood.com\\\/\",\"name\":\"Monty&#039;s Plant Food\",\"description\":\"\",\"publisher\":{\"@id\":\"https:\\\/\\\/montysplantfood.com\\\/#organization\"},\"potentialAction\":[{\"@type\":\"SearchAction\",\"target\":{\"@type\":\"EntryPoint\",\"urlTemplate\":\"https:\\\/\\\/montysplantfood.com\\\/?s={search_term_string}\"},\"query-input\":{\"@type\":\"PropertyValueSpecification\",\"valueRequired\":true,\"valueName\":\"search_term_string\"}}],\"inLanguage\":\"pt-BR\"},{\"@type\":\"Organization\",\"@id\":\"https:\\\/\\\/montysplantfood.com\\\/#organization\",\"name\":\"Monty's Plant Food\",\"url\":\"https:\\\/\\\/montysplantfood.com\\\/\",\"logo\":{\"@type\":\"ImageObject\",\"inLanguage\":\"pt-BR\",\"@id\":\"https:\\\/\\\/montysplantfood.com\\\/#\\\/schema\\\/logo\\\/image\\\/\",\"url\":\"https:\\\/\\\/montysplantfood.com\\\/wp-content\\\/uploads\\\/2020\\\/09\\\/Website-Logo-TEST.png\",\"contentUrl\":\"https:\\\/\\\/montysplantfood.com\\\/wp-content\\\/uploads\\\/2020\\\/09\\\/Website-Logo-TEST.png\",\"width\":505,\"height\":358,\"caption\":\"Monty's Plant Food\"},\"image\":{\"@id\":\"https:\\\/\\\/montysplantfood.com\\\/#\\\/schema\\\/logo\\\/image\\\/\"}}]}<\/script>\n<!-- \/ Yoast SEO plugin. -->","yoast_head_json":{"title":"Soil & Tissue Analysis - Monty&#039;s Plant Food","robots":{"index":"index","follow":"follow","max-snippet":"max-snippet:-1","max-image-preview":"max-image-preview:large","max-video-preview":"max-video-preview:-1"},"canonical":"https:\/\/montysplantfood.com\/pt\/soil-tissue-analysis\/","og_locale":"pt_BR","og_type":"article","og_title":"Soil & Tissue Analysis - Monty&#039;s Plant Food","og_description":"Soil &#038; Tissue Testing Soil and tissue testing throughout the growing season is vital to the success of a high yield program. These are Monty&#8217;s general recommendations. To maximize your testing program, please contact your Monty&#8217;s representative. &nbsp; Soil Sampling Recommendations Soil samples can be taken by grid or soil zones. Your sample should consist&hellip;","og_url":"https:\/\/montysplantfood.com\/pt\/soil-tissue-analysis\/","og_site_name":"Monty&#039;s Plant Food","article_modified_time":"2023-06-16T17:39:59+00:00","og_image":[{"url":"https:\/\/montysplantfood.com\/wp-content\/uploads\/2023\/04\/Tissue_Testing_2.png","type":"","width":"","height":""}],"twitter_card":"summary_large_image","twitter_misc":{"Est. reading time":"3 minutes"},"schema":{"@context":"https:\/\/schema.org","@graph":[{"@type":"WebPage","@id":"https:\/\/montysplantfood.com\/soil-tissue-analysis\/","url":"https:\/\/montysplantfood.com\/soil-tissue-analysis\/","name":"Soil & Tissue Analysis - Monty&#039;s Plant Food","isPartOf":{"@id":"https:\/\/montysplantfood.com\/#website"},"primaryImageOfPage":{"@id":"https:\/\/montysplantfood.com\/soil-tissue-analysis\/#primaryimage"},"image":{"@id":"https:\/\/montysplantfood.com\/soil-tissue-analysis\/#primaryimage"},"thumbnailUrl":"https:\/\/montysplantfood.com\/wp-content\/uploads\/2023\/04\/Tissue_Testing_2.png","datePublished":"2020-09-03T18:18:40+00:00","dateModified":"2023-06-16T17:39:59+00:00","breadcrumb":{"@id":"https:\/\/montysplantfood.com\/soil-tissue-analysis\/#breadcrumb"},"inLanguage":"pt-BR","potentialAction":[{"@type":"ReadAction","target":["https:\/\/montysplantfood.com\/soil-tissue-analysis\/"]}]},{"@type":"ImageObject","inLanguage":"pt-BR","@id":"https:\/\/montysplantfood.com\/soil-tissue-analysis\/#primaryimage","url":"https:\/\/montysplantfood.com\/wp-content\/uploads\/2023\/04\/Tissue_Testing_2.png","contentUrl":"https:\/\/montysplantfood.com\/wp-content\/uploads\/2023\/04\/Tissue_Testing_2.png"},{"@type":"BreadcrumbList","@id":"https:\/\/montysplantfood.com\/soil-tissue-analysis\/#breadcrumb","itemListElement":[{"@type":"ListItem","position":1,"name":"Home","item":"https:\/\/montysplantfood.com\/"},{"@type":"ListItem","position":2,"name":"Soil &#038; Tissue Analysis"}]},{"@type":"WebSite","@id":"https:\/\/montysplantfood.com\/#website","url":"https:\/\/montysplantfood.com\/","name":"Monty&#039;s Plant Food","description":"","publisher":{"@id":"https:\/\/montysplantfood.com\/#organization"},"potentialAction":[{"@type":"SearchAction","target":{"@type":"EntryPoint","urlTemplate":"https:\/\/montysplantfood.com\/?s={search_term_string}"},"query-input":{"@type":"PropertyValueSpecification","valueRequired":true,"valueName":"search_term_string"}}],"inLanguage":"pt-BR"},{"@type":"Organization","@id":"https:\/\/montysplantfood.com\/#organization","name":"Monty's Plant Food","url":"https:\/\/montysplantfood.com\/","logo":{"@type":"ImageObject","inLanguage":"pt-BR","@id":"https:\/\/montysplantfood.com\/#\/schema\/logo\/image\/","url":"https:\/\/montysplantfood.com\/wp-content\/uploads\/2020\/09\/Website-Logo-TEST.png","contentUrl":"https:\/\/montysplantfood.com\/wp-content\/uploads\/2020\/09\/Website-Logo-TEST.png","width":505,"height":358,"caption":"Monty's Plant Food"},"image":{"@id":"https:\/\/montysplantfood.com\/#\/schema\/logo\/image\/"}}]}},"_links":{"self":[{"href":"https:\/\/montysplantfood.com\/pt\/wp-json\/wp\/v2\/pages\/10000","targetHints":{"allow":["GET"]}}],"collection":[{"href":"https:\/\/montysplantfood.com\/pt\/wp-json\/wp\/v2\/pages"}],"about":[{"href":"https:\/\/montysplantfood.com\/pt\/wp-json\/wp\/v2\/types\/page"}],"author":[{"embeddable":true,"href":"https:\/\/montysplantfood.com\/pt\/wp-json\/wp\/v2\/users\/20"}],"replies":[{"embeddable":true,"href":"https:\/\/montysplantfood.com\/pt\/wp-json\/wp\/v2\/comments?post=10000"}],"version-history":[{"count":10,"href":"https:\/\/montysplantfood.com\/pt\/wp-json\/wp\/v2\/pages\/10000\/revisions"}],"predecessor-version":[{"id":13015,"href":"https:\/\/montysplantfood.com\/pt\/wp-json\/wp\/v2\/pages\/10000\/revisions\/13015"}],"wp:attachment":[{"href":"https:\/\/montysplantfood.com\/pt\/wp-json\/wp\/v2\/media?parent=10000"}],"curies":[{"name":"wp","href":"https:\/\/api.w.org\/{rel}","templated":true}]}}