{"id":9946,"date":"2020-09-02T14:22:19","date_gmt":"2020-09-02T18:22:19","guid":{"rendered":"http:\/\/localhost:10003\/?page_id=9946"},"modified":"2024-11-22T14:17:41","modified_gmt":"2024-11-22T19:17:41","slug":"the-future-of-soil-health","status":"publish","type":"page","link":"https:\/\/montysplantfood.com\/fr\/humics\/the-future-of-soil-health\/","title":{"rendered":"L'avenir de la sant\u00e9 des sols"},"content":{"rendered":"<h1>\n\t\tL'avenir de la sant\u00e9 des sols\n\t<\/h1>\n<h2>\n\t\tLa pointe de la sant\u00e9 des sols\n\t<\/h2>\n\t<p><img decoding=\"async\" src=\"https:\/\/montysplantfood.com\/wp-content\/uploads\/2020\/09\/newsoillogo6_26-copy2.png\" alt=\"\" width=\"208\" height=\"175\" \/>Monty's reste \u00e0 la pointe de la sant\u00e9 des sols, en recherchant de nouveaux moyens d'am\u00e9liorer la relation symbiotique entre la plante et le sol qui l'entoure. L'importance et la prise de conscience de la sant\u00e9 des sols s'\u00e9tant accrues dans le monde entier, Monty's et ses employ\u00e9s ont jou\u00e9 un r\u00f4le actif au niveau mondial. Gr\u00e2ce \u00e0 Soil Renaissance, une initiative de la Farm Foundation, du PFN et de la Samuel Roberts Noble Foundation, Monty's s'efforce d'attirer l'attention sur le r\u00f4le essentiel de la sant\u00e9 des sols dans le d\u00e9fi que repr\u00e9sente l'alimentation de la population mondiale, qui devrait atteindre 9 milliards de personnes d'ici \u00e0 2050.<\/p>\n<p>Monty's et les autres entit\u00e9s impliqu\u00e9es dans la Renaissance des sols sont convaincues que des sols sains contribuent \u00e0 la s\u00e9questration du carbone, \u00e0 l'assainissement de l'air et de l'eau et \u00e0 des cultures productives. L'objectif de Soil Renaissance et de son conseil d'administration est donc de sensibiliser et d'\u00e9duquer les individus \u00e0 l'importance de la sant\u00e9 des sols et \u00e0 la mani\u00e8re dont des sols plus sains peuvent aider le monde \u00e0 nourrir une population croissante.<\/p>\n<p>Actuellement, deux membres de l'\u00e9quipe de Monty's ont \u00e9t\u00e9 invit\u00e9s par Soil Renaissance \u00e0 participer \u00e0 l'\u00e9laboration de normes de sant\u00e9 des sols et \u00e0 informer et \u00e9duquer le public sur la sant\u00e9 des sols. Dennis Stephens, pr\u00e9sident de Monty's Plant Food, si\u00e8ge au conseil des leaders d'opinion de Soil Renaissance depuis octobre 2014 et Joe Dedman, vice-pr\u00e9sident de l'agronomie, a \u00e9t\u00e9 nomm\u00e9 au groupe de travail sur la recherche de Soil Renaissance en f\u00e9vrier 2015.<\/p>\n<p>\"En tant qu'agriculteurs, il est de notre responsabilit\u00e9 de rechercher en permanence des moyens d'enrichir le sol qui nous nourrit\", a d\u00e9clar\u00e9 Dennis Stephens. \"Le sol est notre plus grande ressource naturelle ; Joe et moi sommes honor\u00e9s de servir avec d'autres personnes qui cherchent \u00e0 \u00e9duquer les producteurs sur les pratiques qui non seulement b\u00e9n\u00e9ficieront \u00e0 l'agriculteur, mais aussi pr\u00e9serveront ce tr\u00e9sor n\u00e9cessaire pour nourrir les g\u00e9n\u00e9rations futures\".<\/p>\n<p>\"Le sol est notre prochaine fronti\u00e8re\", a d\u00e9clar\u00e9 Joe Dedman. L'objectif de notre \u00e9quipe de recherche est d'amener les agriculteurs \u00e0 se concentrer sur l'am\u00e9lioration de la sant\u00e9 de leurs sols. Et de r\u00e9fl\u00e9chir \u00e0 long terme \u00e0 leur contribution \u00e0 l'alimentation non seulement de leur communaut\u00e9, mais aussi du monde entier.\"<\/p>\n<p>Monty's Plant Food est honor\u00e9 de participer \u00e0 la Renaissance des sols et \u00e0 sa mission permanente d'\u00e9ducation de la population mondiale sur l'importance de pr\u00e9server le bien le plus pr\u00e9cieux de notre plan\u00e8te.<\/p>","protected":false},"excerpt":{"rendered":"<p>The Future of Soil Health The Cutting Edge of Soil Health Monty\u2019s continues to be on the cutting edge of soil health, researching new ways to improve the symbiotic relationship between the plant and the soil surrounding it. As the importance and awareness of healthy soils has grown around the world, Monty\u2019s and its employees&hellip;<\/p>","protected":false},"author":20,"featured_media":0,"parent":13283,"menu_order":0,"comment_status":"closed","ping_status":"closed","template":"","meta":{"_acf_changed":false,"footnotes":""},"class_list":["post-9946","page","type-page","status-publish","hentry"],"acf":[],"yoast_head":"<!-- This site is optimized with the Yoast SEO plugin v27.4 - https:\/\/yoast.com\/product\/yoast-seo-wordpress\/ -->\n<title>The Future of Soil Health - Monty&#039;s Plant Food<\/title>\n<meta name=\"robots\" content=\"index, follow, max-snippet:-1, max-image-preview:large, max-video-preview:-1\" \/>\n<link rel=\"canonical\" href=\"https:\/\/montysplantfood.com\/fr\/humics\/the-future-of-soil-health\/\" \/>\n<meta property=\"og:locale\" content=\"fr_FR\" \/>\n<meta property=\"og:type\" content=\"article\" \/>\n<meta property=\"og:title\" content=\"The Future of Soil Health - Monty&#039;s Plant Food\" \/>\n<meta property=\"og:description\" content=\"The Future of Soil Health The Cutting Edge of Soil Health Monty\u2019s continues to be on the cutting edge of soil health, researching new ways to improve the symbiotic relationship between the plant and the soil surrounding it. As the importance and awareness of healthy soils has grown around the world, Monty\u2019s and its employees&hellip;\" \/>\n<meta property=\"og:url\" content=\"https:\/\/montysplantfood.com\/fr\/humics\/the-future-of-soil-health\/\" \/>\n<meta property=\"og:site_name\" content=\"Monty&#039;s Plant Food\" \/>\n<meta property=\"article:modified_time\" content=\"2024-11-22T19:17:41+00:00\" \/>\n<meta property=\"og:image\" content=\"https:\/\/montysplantfood.com\/wp-content\/uploads\/2020\/09\/newsoillogo6_26-copy2.png\" \/>\n<meta name=\"twitter:card\" content=\"summary_large_image\" \/>\n<meta name=\"twitter:label1\" content=\"Est. reading time\" \/>\n\t<meta name=\"twitter:data1\" content=\"2 minutes\" \/>\n<script type=\"application\/ld+json\" class=\"yoast-schema-graph\">{\"@context\":\"https:\\\/\\\/schema.org\",\"@graph\":[{\"@type\":\"WebPage\",\"@id\":\"https:\\\/\\\/montysplantfood.com\\\/humics\\\/the-future-of-soil-health\\\/\",\"url\":\"https:\\\/\\\/montysplantfood.com\\\/humics\\\/the-future-of-soil-health\\\/\",\"name\":\"The Future of Soil Health - Monty&#039;s Plant Food\",\"isPartOf\":{\"@id\":\"https:\\\/\\\/montysplantfood.com\\\/#website\"},\"primaryImageOfPage\":{\"@id\":\"https:\\\/\\\/montysplantfood.com\\\/humics\\\/the-future-of-soil-health\\\/#primaryimage\"},\"image\":{\"@id\":\"https:\\\/\\\/montysplantfood.com\\\/humics\\\/the-future-of-soil-health\\\/#primaryimage\"},\"thumbnailUrl\":\"https:\\\/\\\/montysplantfood.com\\\/wp-content\\\/uploads\\\/2020\\\/09\\\/newsoillogo6_26-copy2.png\",\"datePublished\":\"2020-09-02T18:22:19+00:00\",\"dateModified\":\"2024-11-22T19:17:41+00:00\",\"breadcrumb\":{\"@id\":\"https:\\\/\\\/montysplantfood.com\\\/humics\\\/the-future-of-soil-health\\\/#breadcrumb\"},\"inLanguage\":\"fr-FR\",\"potentialAction\":[{\"@type\":\"ReadAction\",\"target\":[\"https:\\\/\\\/montysplantfood.com\\\/humics\\\/the-future-of-soil-health\\\/\"]}]},{\"@type\":\"ImageObject\",\"inLanguage\":\"fr-FR\",\"@id\":\"https:\\\/\\\/montysplantfood.com\\\/humics\\\/the-future-of-soil-health\\\/#primaryimage\",\"url\":\"https:\\\/\\\/montysplantfood.com\\\/wp-content\\\/uploads\\\/2020\\\/09\\\/newsoillogo6_26-copy2.png\",\"contentUrl\":\"https:\\\/\\\/montysplantfood.com\\\/wp-content\\\/uploads\\\/2020\\\/09\\\/newsoillogo6_26-copy2.png\"},{\"@type\":\"BreadcrumbList\",\"@id\":\"https:\\\/\\\/montysplantfood.com\\\/humics\\\/the-future-of-soil-health\\\/#breadcrumb\",\"itemListElement\":[{\"@type\":\"ListItem\",\"position\":1,\"name\":\"Home\",\"item\":\"https:\\\/\\\/montysplantfood.com\\\/\"},{\"@type\":\"ListItem\",\"position\":2,\"name\":\"Monty&#8217;s Humics &#038; Fulvics\",\"item\":\"https:\\\/\\\/montysplantfood.com\\\/humics\\\/\"},{\"@type\":\"ListItem\",\"position\":3,\"name\":\"The Future of Soil Health\"}]},{\"@type\":\"WebSite\",\"@id\":\"https:\\\/\\\/montysplantfood.com\\\/#website\",\"url\":\"https:\\\/\\\/montysplantfood.com\\\/\",\"name\":\"Monty&#039;s Plant Food\",\"description\":\"\",\"publisher\":{\"@id\":\"https:\\\/\\\/montysplantfood.com\\\/#organization\"},\"potentialAction\":[{\"@type\":\"SearchAction\",\"target\":{\"@type\":\"EntryPoint\",\"urlTemplate\":\"https:\\\/\\\/montysplantfood.com\\\/?s={search_term_string}\"},\"query-input\":{\"@type\":\"PropertyValueSpecification\",\"valueRequired\":true,\"valueName\":\"search_term_string\"}}],\"inLanguage\":\"fr-FR\"},{\"@type\":\"Organization\",\"@id\":\"https:\\\/\\\/montysplantfood.com\\\/#organization\",\"name\":\"Monty's Plant Food\",\"url\":\"https:\\\/\\\/montysplantfood.com\\\/\",\"logo\":{\"@type\":\"ImageObject\",\"inLanguage\":\"fr-FR\",\"@id\":\"https:\\\/\\\/montysplantfood.com\\\/#\\\/schema\\\/logo\\\/image\\\/\",\"url\":\"https:\\\/\\\/montysplantfood.com\\\/wp-content\\\/uploads\\\/2020\\\/09\\\/Website-Logo-TEST.png\",\"contentUrl\":\"https:\\\/\\\/montysplantfood.com\\\/wp-content\\\/uploads\\\/2020\\\/09\\\/Website-Logo-TEST.png\",\"width\":505,\"height\":358,\"caption\":\"Monty's Plant Food\"},\"image\":{\"@id\":\"https:\\\/\\\/montysplantfood.com\\\/#\\\/schema\\\/logo\\\/image\\\/\"}}]}<\/script>\n<!-- \/ Yoast SEO plugin. -->","yoast_head_json":{"title":"The Future of Soil Health - Monty&#039;s Plant Food","robots":{"index":"index","follow":"follow","max-snippet":"max-snippet:-1","max-image-preview":"max-image-preview:large","max-video-preview":"max-video-preview:-1"},"canonical":"https:\/\/montysplantfood.com\/fr\/humics\/the-future-of-soil-health\/","og_locale":"fr_FR","og_type":"article","og_title":"The Future of Soil Health - Monty&#039;s Plant Food","og_description":"The Future of Soil Health The Cutting Edge of Soil Health Monty\u2019s continues to be on the cutting edge of soil health, researching new ways to improve the symbiotic relationship between the plant and the soil surrounding it. As the importance and awareness of healthy soils has grown around the world, Monty\u2019s and its employees&hellip;","og_url":"https:\/\/montysplantfood.com\/fr\/humics\/the-future-of-soil-health\/","og_site_name":"Monty&#039;s Plant Food","article_modified_time":"2024-11-22T19:17:41+00:00","og_image":[{"url":"https:\/\/montysplantfood.com\/wp-content\/uploads\/2020\/09\/newsoillogo6_26-copy2.png","type":"","width":"","height":""}],"twitter_card":"summary_large_image","twitter_misc":{"Est. reading time":"2 minutes"},"schema":{"@context":"https:\/\/schema.org","@graph":[{"@type":"WebPage","@id":"https:\/\/montysplantfood.com\/humics\/the-future-of-soil-health\/","url":"https:\/\/montysplantfood.com\/humics\/the-future-of-soil-health\/","name":"The Future of Soil Health - Monty&#039;s Plant Food","isPartOf":{"@id":"https:\/\/montysplantfood.com\/#website"},"primaryImageOfPage":{"@id":"https:\/\/montysplantfood.com\/humics\/the-future-of-soil-health\/#primaryimage"},"image":{"@id":"https:\/\/montysplantfood.com\/humics\/the-future-of-soil-health\/#primaryimage"},"thumbnailUrl":"https:\/\/montysplantfood.com\/wp-content\/uploads\/2020\/09\/newsoillogo6_26-copy2.png","datePublished":"2020-09-02T18:22:19+00:00","dateModified":"2024-11-22T19:17:41+00:00","breadcrumb":{"@id":"https:\/\/montysplantfood.com\/humics\/the-future-of-soil-health\/#breadcrumb"},"inLanguage":"fr-FR","potentialAction":[{"@type":"ReadAction","target":["https:\/\/montysplantfood.com\/humics\/the-future-of-soil-health\/"]}]},{"@type":"ImageObject","inLanguage":"fr-FR","@id":"https:\/\/montysplantfood.com\/humics\/the-future-of-soil-health\/#primaryimage","url":"https:\/\/montysplantfood.com\/wp-content\/uploads\/2020\/09\/newsoillogo6_26-copy2.png","contentUrl":"https:\/\/montysplantfood.com\/wp-content\/uploads\/2020\/09\/newsoillogo6_26-copy2.png"},{"@type":"BreadcrumbList","@id":"https:\/\/montysplantfood.com\/humics\/the-future-of-soil-health\/#breadcrumb","itemListElement":[{"@type":"ListItem","position":1,"name":"Home","item":"https:\/\/montysplantfood.com\/"},{"@type":"ListItem","position":2,"name":"Monty&#8217;s Humics &#038; Fulvics","item":"https:\/\/montysplantfood.com\/humics\/"},{"@type":"ListItem","position":3,"name":"The Future of Soil Health"}]},{"@type":"WebSite","@id":"https:\/\/montysplantfood.com\/#website","url":"https:\/\/montysplantfood.com\/","name":"Monty&#039;s Plant Food","description":"","publisher":{"@id":"https:\/\/montysplantfood.com\/#organization"},"potentialAction":[{"@type":"SearchAction","target":{"@type":"EntryPoint","urlTemplate":"https:\/\/montysplantfood.com\/?s={search_term_string}"},"query-input":{"@type":"PropertyValueSpecification","valueRequired":true,"valueName":"search_term_string"}}],"inLanguage":"fr-FR"},{"@type":"Organization","@id":"https:\/\/montysplantfood.com\/#organization","name":"Monty's Plant Food","url":"https:\/\/montysplantfood.com\/","logo":{"@type":"ImageObject","inLanguage":"fr-FR","@id":"https:\/\/montysplantfood.com\/#\/schema\/logo\/image\/","url":"https:\/\/montysplantfood.com\/wp-content\/uploads\/2020\/09\/Website-Logo-TEST.png","contentUrl":"https:\/\/montysplantfood.com\/wp-content\/uploads\/2020\/09\/Website-Logo-TEST.png","width":505,"height":358,"caption":"Monty's Plant Food"},"image":{"@id":"https:\/\/montysplantfood.com\/#\/schema\/logo\/image\/"}}]}},"_links":{"self":[{"href":"https:\/\/montysplantfood.com\/fr\/wp-json\/wp\/v2\/pages\/9946","targetHints":{"allow":["GET"]}}],"collection":[{"href":"https:\/\/montysplantfood.com\/fr\/wp-json\/wp\/v2\/pages"}],"about":[{"href":"https:\/\/montysplantfood.com\/fr\/wp-json\/wp\/v2\/types\/page"}],"author":[{"embeddable":true,"href":"https:\/\/montysplantfood.com\/fr\/wp-json\/wp\/v2\/users\/20"}],"replies":[{"embeddable":true,"href":"https:\/\/montysplantfood.com\/fr\/wp-json\/wp\/v2\/comments?post=9946"}],"version-history":[{"count":3,"href":"https:\/\/montysplantfood.com\/fr\/wp-json\/wp\/v2\/pages\/9946\/revisions"}],"predecessor-version":[{"id":10996,"href":"https:\/\/montysplantfood.com\/fr\/wp-json\/wp\/v2\/pages\/9946\/revisions\/10996"}],"up":[{"embeddable":true,"href":"https:\/\/montysplantfood.com\/fr\/wp-json\/wp\/v2\/pages\/13283"}],"wp:attachment":[{"href":"https:\/\/montysplantfood.com\/fr\/wp-json\/wp\/v2\/media?parent=9946"}],"curies":[{"name":"wp","href":"https:\/\/api.w.org\/{rel}","templated":true}]}}