{"id":90,"date":"2020-08-19T21:46:33","date_gmt":"2020-08-20T01:46:33","guid":{"rendered":"http:\/\/localhost:10003\/results\/"},"modified":"2025-02-25T08:04:37","modified_gmt":"2025-02-25T13:04:37","slug":"trialdata","status":"publish","type":"page","link":"https:\/\/montysplantfood.com\/fr\/trialdata\/","title":{"rendered":"Donn\u00e9es de l'essai"},"content":{"rendered":"<h1>\n\t\tEssais sur le terrain et donn\u00e9es d'essai\n\t<\/h1>\n<h2>\n\t\tEssais sur le terrain et donn\u00e9es d'essai\n\t<\/h2>\n\t<p>Monty&#8217;s is constantly testing its products in both the lab and the field. Over the course of the last two decades we have amassed an impressive amount of data. Whether you are looking for research on a specific crop or product, we most likely have the data you want available. By utilizing our in-house research team, third party trials, and demonstrations in the field, you can rest assured we have tested our products in just about any condition you can imagine. If you don&#8217;t see a trial relevant to you, click <a href=\"https:\/\/montysplantfood.com\/fr\/ask-agronomist\/\">ici<\/a> et discutez avec votre repr\u00e9sentant.<\/p>\n<h3>\n\t\tLuzerne\n\t<\/h3>\n\t<ul>\n<li><a href=\"https:\/\/montysplantfood.com\/wp-content\/uploads\/2024\/07\/1229-Trial_ARCHIVES-Alfalfa-A-06.pdf\">Alfalfa Trial Data: ARCHIVES A-06<\/a><\/li>\n<li><a href=\"https:\/\/montysplantfood.com\/wp-content\/uploads\/2024\/03\/Alfalfa-Trial_2017_Grand-Forks-ND.pdf\">Alfalfa Trial Data: Monty&#8217;s Program, Grand Forks, ND<\/a><\/li>\n<li><a href=\"https:\/\/montysplantfood.com\/wp-content\/uploads\/2020\/09\/2011-Alfalfa-Trials-Fields-1-2.pdf\" target=\"_blank\" rel=\"noopener\">Donn\u00e9es d'essais sur la luzerne : Dri-Carbon, Essais sur le terrain<\/a><\/li>\n<\/ul>\n<h3>\n\t\tMa\u00efs\n\t<\/h3>\n\t<ul>\n<li><a href=\"https:\/\/montysplantfood.com\/wp-content\/uploads\/2025\/02\/1236-Trial_ProtoColl-7-16-7-Corn-P-05-24.pdf\">Corn Trial Data: ProtoColl 7-16-7, P-05-24<\/a><\/li>\n<li><a href=\"https:\/\/montysplantfood.com\/wp-content\/uploads\/2025\/02\/1236-Trial_ProtoColl-Corn-A-01B-23.pdf\">Corn Trial Data: ProtoColl 7-16-7, A-01B-23<\/a><\/li>\n<li><a href=\"https:\/\/montysplantfood.com\/wp-content\/uploads\/2025\/02\/1236-Trial_ProtoColl-Corn-06-22.pdf\">Corn Trial Data: ProtoColl 8-18-2, 06-22<\/a><\/li>\n<li><a href=\"https:\/\/montysplantfood.com\/wp-content\/uploads\/2025\/02\/1236-Trial_ProtoColl-Corn-R-18-01B-23.pdf\">Corn Trial Data: ProtoColl 8-18-2, R-18-01B-23<\/a><\/li>\n<li><a href=\"https:\/\/montysplantfood.com\/wp-content\/uploads\/2024\/07\/1229-Trial_Corn-w-Montys-Program-B-22Ba-23.pdf\">Corn Trial Data: Monty&#8217;s Program B-22Ba-23<\/a><\/li>\n<li><a href=\"https:\/\/montysplantfood.com\/wp-content\/uploads\/2024\/07\/1229-Trial_Corn-w-Montys-Program-B-22Bb-23.pdf\">Corn Trial Data: Monty&#8217;s Program B-22Bb-23<\/a><\/li>\n<li><a href=\"https:\/\/montysplantfood.com\/wp-content\/uploads\/2024\/07\/1229-Trial_Corn-w-Montys-Program-B-22Bc-23.pdf\">Corn Trial Data: Monty&#8217;s Program B-22Bc-23<\/a><\/li>\n<li><a href=\"https:\/\/montysplantfood.com\/wp-content\/uploads\/2024\/07\/1229-Trial_Corn-w-Montys-Program-B-22Bd-23.pdf\">Corn Trial Data: Monty&#8217;s Program B-22Bd-23<\/a><\/li>\n<li><a href=\"https:\/\/montysplantfood.com\/wp-content\/uploads\/2024\/07\/1229-Trial_Corn-w-Montys-Program-08-23.pdf\">Corn Trial Data: Monty&#8217;s Program 08-23<\/a><\/li>\n<li><a href=\"https:\/\/montysplantfood.com\/wp-content\/uploads\/2024\/03\/Corn-Trial-Data-2021-Quantico-MD-MLC.pdf\">Donn\u00e9es sur les essais de ma\u00efs : MLC, Quantico MD<\/a><\/li>\n<li><a href=\"https:\/\/montysplantfood.com\/wp-content\/uploads\/2024\/03\/Corn-Trial-Data-2021-Roper-NC-MLC.pdf\">Donn\u00e9es sur les essais de ma\u00efs : MLC, Roper NC<\/a><\/li>\n<li><a href=\"https:\/\/montysplantfood.com\/wp-content\/uploads\/2024\/03\/Corn-Trial-Data-2021-Sanborn-IA-SurgeXD-PremiumBlend.pdf\">Donn\u00e9es sur les essais de ma\u00efs : M\u00e9lange Premium et Surge XD, Sanborn IA\u00a0<\/a><\/li>\n<li><a href=\"https:\/\/montysplantfood.com\/wp-content\/uploads\/2024\/03\/Corn-Trial-Data-2021-Shelbyville-KY-MLC-AgriSweet-Midnight.pdf\">Corn Trial Data: Monty&#8217;s Program, Shelbyville KY<\/a><\/li>\n<li><a href=\"https:\/\/montysplantfood.com\/wp-content\/uploads\/2024\/03\/Corn-Trial-Data-Ewing-IL-Demo-Plot-MLC.pdf\">Donn\u00e9es sur les essais de ma\u00efs : MLC, Ewing IL<\/a><\/li>\n<li><a href=\"https:\/\/montysplantfood.com\/wp-content\/uploads\/2024\/03\/Corn-Trial-Data-2020-Bowling-Green-VA.pdf\">Corn Trial Data: Monty&#8217;s Program, Bowling Green VA<\/a><\/li>\n<li><a href=\"https:\/\/montysplantfood.com\/wp-content\/uploads\/2024\/03\/Corn-Trial-Data-2020-NE-MD-TN-Humihance.pdf\">Donn\u00e9es sur les essais de ma\u00efs : Humihance, NE MD TN<\/a><\/li>\n<li><a href=\"https:\/\/montysplantfood.com\/wp-content\/uploads\/2020\/09\/2012-Corn-Trial-U-of-GA.pdf\" target=\"_blank\" rel=\"noopener\">Corn Trial Data: Monty&#8217;s Program, UGA<\/a><\/li>\n<li><a href=\"https:\/\/montysplantfood.com\/wp-content\/uploads\/2020\/09\/2011-Corn-Trial-Dr.-Ron-Heiniger.pdf\" target=\"_blank\" rel=\"noopener\">Donn\u00e9es sur les essais de ma\u00efs : MLC, NCSt et Dr. Ron Heiniger<\/a><\/li>\n<li><a href=\"https:\/\/montysplantfood.com\/wp-content\/uploads\/2020\/09\/Monty-research-farm-trial-4-testimonial.pdf\" target=\"_blank\" rel=\"noopener\">Corn Trial Data: Monty&#8217;s Research Farm, Trial 4<\/a><\/li>\n<li><a href=\"https:\/\/montysplantfood.com\/wp-content\/uploads\/2020\/09\/Monty-research-farm-trial-3-testimonial.pdf\">Corn Trial Data: Monty&#8217;s Research Farm, Trial 3<\/a><\/li>\n<li><a href=\"https:\/\/montysplantfood.com\/wp-content\/uploads\/2020\/09\/Monty-research-farm-trial-4-testimonial.pdf\" target=\"_blank\" rel=\"noopener\">Corn Trial Data: Monty&#8217;s Research Farm, Trial 2<\/a><\/li>\n<li><a href=\"https:\/\/montysplantfood.com\/wp-content\/uploads\/2020\/09\/Monty-research-farm-trial-4-testimonial.pdf\" target=\"_blank\" rel=\"noopener\">Corn Trial Data: Monty&#8217;s Research Farm, Trial 1<\/a><\/li>\n<li><a href=\"https:\/\/montysplantfood.com\/wp-content\/uploads\/2020\/09\/2010-Corn-Trial-Nebraska.pdf\" target=\"_blank\" rel=\"noopener\">Corn Trial Data: Monty&#8217;s Program 2, Aurora NE<\/a><\/li>\n<li><a href=\"https:\/\/montysplantfood.com\/wp-content\/uploads\/2020\/09\/Monty-research-farm-trial-1-testimonial.pdf\" target=\"_blank\" rel=\"noopener\">Corn Trial Data: Monty&#8217;s Program 1, Aurora NE<\/a><\/li>\n<\/ul>\n<h3>\n\t\tCoton\n\t<\/h3>\n\t<ul>\n<li><a href=\"https:\/\/montysplantfood.com\/wp-content\/uploads\/2020\/09\/USDA-Cotton-Yield-Stoneville-MS-2009.pdf\" target=\"_blank\" rel=\"noopener\">Cotton Trial Data: USDA, Monty&#8217;s Program 1, Stoneville, MS<\/a><\/li>\n<li><a href=\"https:\/\/montysplantfood.com\/wp-content\/uploads\/2020\/09\/USDA-Cotton-Yield-Stoneville-MS-2010.pdf\" target=\"_blank\" rel=\"noopener\">Cotton Trial Data: USDA, Monty&#8217;s Program 2, Stoneville, MS<\/a><\/li>\n<\/ul>\n<h3>\n\t\tPotato\n\t<\/h3>\n\t<ul>\n<li><a href=\"https:\/\/montysplantfood.com\/wp-content\/uploads\/2024\/07\/1229-Trial_Potato_Montys-Program-04-22.pdf\">Potato Trial Data: Monty&#8217;s Program 04-22<\/a><\/li>\n<\/ul>\n<h3>\n\t\tSoja\n\t<\/h3>\n\t<ul>\n<li><a href=\"https:\/\/montysplantfood.com\/wp-content\/uploads\/2024\/07\/1229-Trial_-ARCHIVES-Soybean-A-18.pdf\">Soybean Trial Data: ARCHIVES A-18<\/a><\/li>\n<li><a href=\"https:\/\/montysplantfood.com\/wp-content\/uploads\/2024\/07\/1229-Trial_Soybean_Midnight-24-22.pdf\">Soybean Trial Data: Midnight 24-22<\/a><\/li>\n<li><a href=\"https:\/\/montysplantfood.com\/wp-content\/uploads\/2024\/07\/1229-Trial_Soybean-w-Montys-Midnight-25-22.pdf\">Soybean Trial Data: Midnight 25-22<\/a><\/li>\n<li><a href=\"https:\/\/montysplantfood.com\/wp-content\/uploads\/2024\/03\/Soybean-Trial-Data-2021-Demo-Plot-Midnight.pdf\">Donn\u00e9es sur les essais de soja : Midnight et Surge XD, Columbus IN<\/a><\/li>\n<li><a href=\"https:\/\/montysplantfood.com\/wp-content\/uploads\/2024\/03\/Soybean-Trial-Data-2021-Fargo-ND-HayNow-Midnight.pdf\">Donn\u00e9es sur les essais de soja : Midnight and Hay Now, Fargo ND<\/a><\/li>\n<li><a href=\"https:\/\/montysplantfood.com\/wp-content\/uploads\/2024\/03\/Soybean-Trial-Data-2021-Fargo-ND-IDC.pdf\">Donn\u00e9es sur les essais de soja : IDC, Midnight and Hay Now, Fargo ND<\/a><\/li>\n<li><a href=\"https:\/\/montysplantfood.com\/wp-content\/uploads\/2024\/03\/Soybean-Trial-Data-2021-Madison-VA.pdf\">Soybean Trial Data: Monty&#8217;s Program, Madison VA<\/a><\/li>\n<li><a href=\"https:\/\/montysplantfood.com\/wp-content\/uploads\/2024\/03\/Soybean-Trial-Data-2021-Quantico-MD-MLC.pdf\">Donn\u00e9es sur les essais de soja : MLC, Quantico MD<\/a><\/li>\n<li><a href=\"https:\/\/montysplantfood.com\/wp-content\/uploads\/2024\/03\/Soybean-Trial-Data-2020-Bowling-Green-VA-Foliar.pdf\">Soybean Trial Data: Monty&#8217;s Foliar Program, Bowling Green, VA<\/a><\/li>\n<li><a href=\"https:\/\/montysplantfood.com\/wp-content\/uploads\/2024\/03\/Soybean-Trial-Data-2020-Maryland-Foliar.pdf\">Soybean Trial Data: Monty&#8217;s Foliar Program, Maryland<\/a><\/li>\n<li><a href=\"https:\/\/montysplantfood.com\/wp-content\/uploads\/2024\/03\/Soybean-Trial-Data-2020-Mount-Jackson-VA-Foliar.pdf\">Soybean Trial Data: Monty&#8217;s Foliar Program, Mount Jackson VA<\/a><\/li>\n<li><a href=\"https:\/\/montysplantfood.com\/wp-content\/uploads\/2024\/03\/Soybean-Trial-Data-2020-TN-MD-Surge-XD-.pdf\">Donn\u00e9es sur les essais de soja : Surge XD, TN &amp; MD<\/a><\/li>\n<li><a href=\"https:\/\/montysplantfood.com\/wp-content\/uploads\/2024\/03\/Soybean-Trial-Data-2020-Maryland-Humihance.pdf\">Donn\u00e9es sur les essais de soja : Humihance, Maryland<\/a><\/li>\n<li><a href=\"https:\/\/montysplantfood.com\/wp-content\/uploads\/2020\/09\/2010-USDA-Soybean-Yield-Stoneville-MS.pdf\" target=\"_blank\" rel=\"noopener\">Soybean Trial Data: USDA, Monty&#8217;s Program, Stoneville, MS<\/a><\/li>\n<li><a href=\"https:\/\/montysplantfood.com\/wp-content\/uploads\/2020\/09\/Soybeans-Foliar-Trial-Aurora-NE-2012.pdf\" target=\"_blank\" rel=\"noopener\">Soybean Trial Data: Monty&#8217;s Foliar Program, Aurora, NE<\/a><\/li>\n<\/ul>\n<h3>\n\t\tBetterave \u00e0 sucre\n\t<\/h3>\n\t<ul>\n<li><a href=\"https:\/\/montysplantfood.com\/wp-content\/uploads\/2020\/09\/2012-Sugar-Beet-Trial.pdf\" target=\"_blank\" rel=\"noopener\">Donn\u00e9es de l'essai sur la betterave sucri\u00e8re : MLC, Williston ND<\/a><\/li>\n<\/ul>\n<h3>\n\t\tPatate douce\n\t<\/h3>\n\t<ul>\n<li><a href=\"https:\/\/montysplantfood.com\/wp-content\/uploads\/2020\/09\/Sweet-Potato-USDA-Trial-2010.pdf\" target=\"_blank\" rel=\"noopener\">Sweet Potato Trial Data : USDA, MLC, Stoneville, MS<\/a><\/li>\n<li><a href=\"https:\/\/montysplantfood.com\/wp-content\/uploads\/2020\/09\/Sweet-Potato-USDA-Trial-2009.pdf\" target=\"_blank\" rel=\"noopener\">Sweet Potato Trial Data : USDA, MLC, Stoneville, MS<\/a><\/li>\n<\/ul>\n<h3>\n\t\tTabac\n\t<\/h3>\n\t<ul>\n<li><a href=\"https:\/\/montysplantfood.com\/wp-content\/uploads\/2020\/09\/2010-Tobacco-Trial-Albany-KY.pdf\" target=\"_blank\" rel=\"noopener\">Tobacco Trial Data: Monty&#8217;s Program, Albany, KY (UofT)<\/a><\/li>\n<li><a href=\"https:\/\/montysplantfood.com\/wp-content\/uploads\/2020\/09\/Tobacco_Trial-20122.pdf\" target=\"_blank\" rel=\"noopener\">Tobacco Trial Data: Monty&#8217;s Program, Warsaw, KY<\/a><\/li>\n<\/ul>\n<h3>\n\t\tBl\u00e9\n\t<\/h3>\n\t<ul>\n<li><a href=\"https:\/\/montysplantfood.com\/wp-content\/uploads\/2024\/07\/1229-Trial_Winter-Wheat-11-22.pdf\">Wheat Trial Data: Winter Wheat 11-22<\/a><\/li>\n<li><a href=\"https:\/\/montysplantfood.com\/wp-content\/uploads\/2020\/09\/2011-Wheat-Trial-Ron-Mulford-UMD.pdf\" target=\"_blank\" rel=\"noopener\">Donn\u00e9es sur les essais de bl\u00e9 : MLC, Ron Mulford UMd<\/a><\/li>\n<li><a href=\"https:\/\/montysplantfood.com\/wp-content\/uploads\/2020\/09\/Wheat-Carbon-Testimonial.pdf\" target=\"_blank\" rel=\"noopener\">Donn\u00e9es sur les essais de bl\u00e9 : MLC et Reserach Farm c\u00f4te \u00e0 c\u00f4te<\/a><\/li>\n<li><a href=\"https:\/\/montysplantfood.com\/wp-content\/uploads\/2020\/09\/2011-2012-Wheat-Trials-Dr.-Ron-Heiniger-NCSU.pdf\" target=\"_blank\" rel=\"noopener\">Donn\u00e9es sur les essais de bl\u00e9 : MLC, NCStU et Dr. Ron Heiniger<\/a><\/li>\n<li><a href=\"https:\/\/montysplantfood.com\/wp-content\/uploads\/2020\/09\/Maryland-Wheat-Testimonial-E.pdf\" target=\"_blank\" rel=\"noopener\">Donn\u00e9es sur les essais de bl\u00e9 : MLC, essai E, Ron Mulford UMd<\/a><\/li>\n<li><a href=\"https:\/\/montysplantfood.com\/wp-content\/uploads\/2020\/09\/Maryland-Wheat-Testimonial-D.pdf\" target=\"_blank\" rel=\"noopener\">Donn\u00e9es sur les essais de bl\u00e9 : MLC, essai D, Ron Mulford UMd<\/a><\/li>\n<li><a href=\"https:\/\/montysplantfood.com\/wp-content\/uploads\/2020\/09\/Maryland-Wheat-Testimonial-C.pdf\" target=\"_blank\" rel=\"noopener\">Donn\u00e9es sur les essais de bl\u00e9 : MLC, essai C, Ron Mulford UMd<\/a><\/li>\n<li><a href=\"https:\/\/montysplantfood.com\/wp-content\/uploads\/2020\/09\/Maryland-Wheat-Testimonial-B.pdf\" target=\"_blank\" rel=\"noopener\">Donn\u00e9es sur les essais de bl\u00e9 : MLC, essai B, Ron Mulford UMd<\/a><\/li>\n<li><a href=\"https:\/\/montysplantfood.com\/wp-content\/uploads\/2020\/09\/Maryland-Wheat-Testimonial-A.pdf\" target=\"_blank\" rel=\"noopener\">Donn\u00e9es sur les essais de bl\u00e9 : MLC, essai A, Ron Mulford UMd<\/a><\/li>\n<li><a href=\"https:\/\/montysplantfood.com\/wp-content\/uploads\/2020\/09\/Colorado-Wheat-Irrigation.pdf\" target=\"_blank\" rel=\"noopener\">Donn\u00e9es sur les essais de bl\u00e9 : MLC, Yuma, CO<\/a><\/li>\n<\/ul>\n\t<p><a href=\"https:\/\/montysplantfood.com\/wp-content\/uploads\/2020\/10\/Research_1.jpg\"><img decoding=\"async\" src=\"https:\/\/montysplantfood.com\/wp-content\/uploads\/2020\/10\/Research_1.jpg\" alt=\"\" width=\"450\" height=\"300\" \/><\/a><\/p>\n<p><a href=\"https:\/\/montysplantfood.com\/wp-content\/uploads\/2020\/10\/Research_2.jpg\"><img decoding=\"async\" src=\"https:\/\/montysplantfood.com\/wp-content\/uploads\/2020\/10\/Research_2.jpg\" alt=\"\" width=\"450\" height=\"300\" \/><\/a><\/p>\n<p><a href=\"https:\/\/montysplantfood.com\/wp-content\/uploads\/2020\/10\/Research_3.png\"><img decoding=\"async\" src=\"https:\/\/montysplantfood.com\/wp-content\/uploads\/2020\/10\/Research_3.png\" alt=\"\" width=\"450\" height=\"300\" \/><\/a><\/p>\n<p><a href=\"https:\/\/montysplantfood.com\/wp-content\/uploads\/2020\/10\/Research_4.jpg\"><img decoding=\"async\" src=\"https:\/\/montysplantfood.com\/wp-content\/uploads\/2020\/10\/Research_4.jpg\" alt=\"\" width=\"450\" height=\"300\" \/><\/a><\/p>\n<p><a href=\"https:\/\/montysplantfood.com\/wp-content\/uploads\/2020\/10\/Research_5.jpg\"><img decoding=\"async\" src=\"https:\/\/montysplantfood.com\/wp-content\/uploads\/2020\/10\/Research_5.jpg\" alt=\"\" width=\"450\" height=\"300\" \/><\/a><\/p>","protected":false},"excerpt":{"rendered":"<p>Field Trials and Test Data Field Trials and Test Data Monty&#8217;s is constantly testing its products in both the lab and the field. Over the course of the last two decades we have amassed an impressive amount of data. Whether you are looking for research on a specific crop or product, we most likely have&hellip;<\/p>","protected":false},"author":20,"featured_media":0,"parent":0,"menu_order":11,"comment_status":"closed","ping_status":"closed","template":"","meta":{"_acf_changed":false,"footnotes":""},"class_list":["post-90","page","type-page","status-publish","hentry"],"acf":[],"yoast_head":"<!-- This site is optimized with the Yoast SEO plugin v27.4 - https:\/\/yoast.com\/product\/yoast-seo-wordpress\/ -->\n<title>Trial Data - Monty&#039;s Plant Food<\/title>\n<meta name=\"robots\" content=\"index, follow, max-snippet:-1, max-image-preview:large, max-video-preview:-1\" \/>\n<link rel=\"canonical\" href=\"https:\/\/montysplantfood.com\/fr\/trialdata\/\" \/>\n<meta property=\"og:locale\" content=\"fr_FR\" \/>\n<meta property=\"og:type\" content=\"article\" \/>\n<meta property=\"og:title\" content=\"Trial Data - Monty&#039;s Plant Food\" \/>\n<meta property=\"og:description\" content=\"Field Trials and Test Data Field Trials and Test Data Monty&#8217;s is constantly testing its products in both the lab and the field. Over the course of the last two decades we have amassed an impressive amount of data. Whether you are looking for research on a specific crop or product, we most likely have&hellip;\" \/>\n<meta property=\"og:url\" content=\"https:\/\/montysplantfood.com\/fr\/trialdata\/\" \/>\n<meta property=\"og:site_name\" content=\"Monty&#039;s Plant Food\" \/>\n<meta property=\"article:modified_time\" content=\"2025-02-25T13:04:37+00:00\" \/>\n<meta property=\"og:image\" content=\"https:\/\/montysplantfood.com\/wp-content\/uploads\/2020\/10\/Research_1.jpg\" \/>\n<meta name=\"twitter:card\" content=\"summary_large_image\" \/>\n<meta name=\"twitter:label1\" content=\"Est. reading time\" \/>\n\t<meta name=\"twitter:data1\" content=\"4 minutes\" \/>\n<script type=\"application\/ld+json\" class=\"yoast-schema-graph\">{\"@context\":\"https:\\\/\\\/schema.org\",\"@graph\":[{\"@type\":\"WebPage\",\"@id\":\"https:\\\/\\\/montysplantfood.com\\\/trialdata\\\/\",\"url\":\"https:\\\/\\\/montysplantfood.com\\\/trialdata\\\/\",\"name\":\"Trial Data - Monty&#039;s Plant Food\",\"isPartOf\":{\"@id\":\"https:\\\/\\\/montysplantfood.com\\\/#website\"},\"primaryImageOfPage\":{\"@id\":\"https:\\\/\\\/montysplantfood.com\\\/trialdata\\\/#primaryimage\"},\"image\":{\"@id\":\"https:\\\/\\\/montysplantfood.com\\\/trialdata\\\/#primaryimage\"},\"thumbnailUrl\":\"https:\\\/\\\/montysplantfood.com\\\/wp-content\\\/uploads\\\/2020\\\/10\\\/Research_1.jpg\",\"datePublished\":\"2020-08-20T01:46:33+00:00\",\"dateModified\":\"2025-02-25T13:04:37+00:00\",\"breadcrumb\":{\"@id\":\"https:\\\/\\\/montysplantfood.com\\\/trialdata\\\/#breadcrumb\"},\"inLanguage\":\"fr-FR\",\"potentialAction\":[{\"@type\":\"ReadAction\",\"target\":[\"https:\\\/\\\/montysplantfood.com\\\/trialdata\\\/\"]}]},{\"@type\":\"ImageObject\",\"inLanguage\":\"fr-FR\",\"@id\":\"https:\\\/\\\/montysplantfood.com\\\/trialdata\\\/#primaryimage\",\"url\":\"https:\\\/\\\/montysplantfood.com\\\/wp-content\\\/uploads\\\/2020\\\/10\\\/Research_1.jpg\",\"contentUrl\":\"https:\\\/\\\/montysplantfood.com\\\/wp-content\\\/uploads\\\/2020\\\/10\\\/Research_1.jpg\"},{\"@type\":\"BreadcrumbList\",\"@id\":\"https:\\\/\\\/montysplantfood.com\\\/trialdata\\\/#breadcrumb\",\"itemListElement\":[{\"@type\":\"ListItem\",\"position\":1,\"name\":\"Home\",\"item\":\"https:\\\/\\\/montysplantfood.com\\\/\"},{\"@type\":\"ListItem\",\"position\":2,\"name\":\"Trial Data\"}]},{\"@type\":\"WebSite\",\"@id\":\"https:\\\/\\\/montysplantfood.com\\\/#website\",\"url\":\"https:\\\/\\\/montysplantfood.com\\\/\",\"name\":\"Monty&#039;s Plant Food\",\"description\":\"\",\"publisher\":{\"@id\":\"https:\\\/\\\/montysplantfood.com\\\/#organization\"},\"potentialAction\":[{\"@type\":\"SearchAction\",\"target\":{\"@type\":\"EntryPoint\",\"urlTemplate\":\"https:\\\/\\\/montysplantfood.com\\\/?s={search_term_string}\"},\"query-input\":{\"@type\":\"PropertyValueSpecification\",\"valueRequired\":true,\"valueName\":\"search_term_string\"}}],\"inLanguage\":\"fr-FR\"},{\"@type\":\"Organization\",\"@id\":\"https:\\\/\\\/montysplantfood.com\\\/#organization\",\"name\":\"Monty's Plant Food\",\"url\":\"https:\\\/\\\/montysplantfood.com\\\/\",\"logo\":{\"@type\":\"ImageObject\",\"inLanguage\":\"fr-FR\",\"@id\":\"https:\\\/\\\/montysplantfood.com\\\/#\\\/schema\\\/logo\\\/image\\\/\",\"url\":\"https:\\\/\\\/montysplantfood.com\\\/wp-content\\\/uploads\\\/2020\\\/09\\\/Website-Logo-TEST.png\",\"contentUrl\":\"https:\\\/\\\/montysplantfood.com\\\/wp-content\\\/uploads\\\/2020\\\/09\\\/Website-Logo-TEST.png\",\"width\":505,\"height\":358,\"caption\":\"Monty's Plant Food\"},\"image\":{\"@id\":\"https:\\\/\\\/montysplantfood.com\\\/#\\\/schema\\\/logo\\\/image\\\/\"}}]}<\/script>\n<!-- \/ Yoast SEO plugin. -->","yoast_head_json":{"title":"Trial Data - Monty&#039;s Plant Food","robots":{"index":"index","follow":"follow","max-snippet":"max-snippet:-1","max-image-preview":"max-image-preview:large","max-video-preview":"max-video-preview:-1"},"canonical":"https:\/\/montysplantfood.com\/fr\/trialdata\/","og_locale":"fr_FR","og_type":"article","og_title":"Trial Data - Monty&#039;s Plant Food","og_description":"Field Trials and Test Data Field Trials and Test Data Monty&#8217;s is constantly testing its products in both the lab and the field. Over the course of the last two decades we have amassed an impressive amount of data. Whether you are looking for research on a specific crop or product, we most likely have&hellip;","og_url":"https:\/\/montysplantfood.com\/fr\/trialdata\/","og_site_name":"Monty&#039;s Plant Food","article_modified_time":"2025-02-25T13:04:37+00:00","og_image":[{"url":"https:\/\/montysplantfood.com\/wp-content\/uploads\/2020\/10\/Research_1.jpg","type":"","width":"","height":""}],"twitter_card":"summary_large_image","twitter_misc":{"Est. reading time":"4 minutes"},"schema":{"@context":"https:\/\/schema.org","@graph":[{"@type":"WebPage","@id":"https:\/\/montysplantfood.com\/trialdata\/","url":"https:\/\/montysplantfood.com\/trialdata\/","name":"Trial Data - Monty&#039;s Plant Food","isPartOf":{"@id":"https:\/\/montysplantfood.com\/#website"},"primaryImageOfPage":{"@id":"https:\/\/montysplantfood.com\/trialdata\/#primaryimage"},"image":{"@id":"https:\/\/montysplantfood.com\/trialdata\/#primaryimage"},"thumbnailUrl":"https:\/\/montysplantfood.com\/wp-content\/uploads\/2020\/10\/Research_1.jpg","datePublished":"2020-08-20T01:46:33+00:00","dateModified":"2025-02-25T13:04:37+00:00","breadcrumb":{"@id":"https:\/\/montysplantfood.com\/trialdata\/#breadcrumb"},"inLanguage":"fr-FR","potentialAction":[{"@type":"ReadAction","target":["https:\/\/montysplantfood.com\/trialdata\/"]}]},{"@type":"ImageObject","inLanguage":"fr-FR","@id":"https:\/\/montysplantfood.com\/trialdata\/#primaryimage","url":"https:\/\/montysplantfood.com\/wp-content\/uploads\/2020\/10\/Research_1.jpg","contentUrl":"https:\/\/montysplantfood.com\/wp-content\/uploads\/2020\/10\/Research_1.jpg"},{"@type":"BreadcrumbList","@id":"https:\/\/montysplantfood.com\/trialdata\/#breadcrumb","itemListElement":[{"@type":"ListItem","position":1,"name":"Home","item":"https:\/\/montysplantfood.com\/"},{"@type":"ListItem","position":2,"name":"Trial Data"}]},{"@type":"WebSite","@id":"https:\/\/montysplantfood.com\/#website","url":"https:\/\/montysplantfood.com\/","name":"Monty&#039;s Plant Food","description":"","publisher":{"@id":"https:\/\/montysplantfood.com\/#organization"},"potentialAction":[{"@type":"SearchAction","target":{"@type":"EntryPoint","urlTemplate":"https:\/\/montysplantfood.com\/?s={search_term_string}"},"query-input":{"@type":"PropertyValueSpecification","valueRequired":true,"valueName":"search_term_string"}}],"inLanguage":"fr-FR"},{"@type":"Organization","@id":"https:\/\/montysplantfood.com\/#organization","name":"Monty's Plant Food","url":"https:\/\/montysplantfood.com\/","logo":{"@type":"ImageObject","inLanguage":"fr-FR","@id":"https:\/\/montysplantfood.com\/#\/schema\/logo\/image\/","url":"https:\/\/montysplantfood.com\/wp-content\/uploads\/2020\/09\/Website-Logo-TEST.png","contentUrl":"https:\/\/montysplantfood.com\/wp-content\/uploads\/2020\/09\/Website-Logo-TEST.png","width":505,"height":358,"caption":"Monty's Plant Food"},"image":{"@id":"https:\/\/montysplantfood.com\/#\/schema\/logo\/image\/"}}]}},"_links":{"self":[{"href":"https:\/\/montysplantfood.com\/fr\/wp-json\/wp\/v2\/pages\/90","targetHints":{"allow":["GET"]}}],"collection":[{"href":"https:\/\/montysplantfood.com\/fr\/wp-json\/wp\/v2\/pages"}],"about":[{"href":"https:\/\/montysplantfood.com\/fr\/wp-json\/wp\/v2\/types\/page"}],"author":[{"embeddable":true,"href":"https:\/\/montysplantfood.com\/fr\/wp-json\/wp\/v2\/users\/20"}],"replies":[{"embeddable":true,"href":"https:\/\/montysplantfood.com\/fr\/wp-json\/wp\/v2\/comments?post=90"}],"version-history":[{"count":19,"href":"https:\/\/montysplantfood.com\/fr\/wp-json\/wp\/v2\/pages\/90\/revisions"}],"predecessor-version":[{"id":14113,"href":"https:\/\/montysplantfood.com\/fr\/wp-json\/wp\/v2\/pages\/90\/revisions\/14113"}],"wp:attachment":[{"href":"https:\/\/montysplantfood.com\/fr\/wp-json\/wp\/v2\/media?parent=90"}],"curies":[{"name":"wp","href":"https:\/\/api.w.org\/{rel}","templated":true}]}}