{"id":88,"date":"2020-08-19T21:46:33","date_gmt":"2020-08-20T01:46:33","guid":{"rendered":"http:\/\/localhost:10003\/products\/"},"modified":"2024-03-22T10:50:57","modified_gmt":"2024-03-22T14:50:57","slug":"products","status":"publish","type":"page","link":"https:\/\/montysplantfood.com\/fr\/products\/","title":{"rendered":"Produits"},"content":{"rendered":"<h1>\n\t\tProduits\n\t<\/h1>\n    <section id=\"soil-amendment\">\n        <header>\n            <h2>Amendement du sol<\/h2>\n        <\/header>\n                        <a href=\"https:\/\/montysplantfood.com\/fr\/products\/catalyzer\/\">\n                                <h3>Catalyseur<\/h3>\n                                        Monty&#8217;s Concentrated Humics                                    \n                        <\/a>\n                        <a href=\"https:\/\/montysplantfood.com\/fr\/products\/dri-carbon\/\">\n                                <h3>Dri-Carbon<\/h3>\n                                        Carbone liquide sous forme s\u00e8che                                    \n                        <\/a>\n                        <a href=\"https:\/\/montysplantfood.com\/fr\/products\/humi-till\/\">\n                                <h3>Humi-Till<\/h3>\n                                        Gestion des r\u00e9sidus de culture                                    \n                        <\/a>\n                        <a href=\"https:\/\/montysplantfood.com\/fr\/products\/humi-till-activator\/\">\n                                <h3>Activateur Humi-Till<\/h3>\n                                        Pour la gestion des r\u00e9sidus                                    \n                        <\/a>\n                        <a href=\"https:\/\/montysplantfood.com\/fr\/products\/montys-liquid-carbon\/\">\n                                <h3>Le carbone liquide de Monty<\/h3>\n                                        Technologie Humic exclusive                                    \n                        <\/a>\n                        <a href=\"https:\/\/montysplantfood.com\/fr\/products\/nanobind\/\">\n                                <h3>Nanobind<\/h3>\n                                        Carbone liquide am\u00e9lior\u00e9 par voie microbienne                                    \n                        <\/a>\n            <\/section>\n    <section id=\"starters\">\n        <header>\n            <h2>D\u00e9butants<\/h2>\n        <\/header>\n                        <a href=\"https:\/\/montysplantfood.com\/fr\/products\/12156\/\">\n                                <h3>9-24-3<\/h3>\n                        <\/a>\n                        <a href=\"https:\/\/montysplantfood.com\/fr\/products\/premium-blend\/\">\n                                <h3>M\u00e9lange Premium<\/h3>\n                                        La cl\u00e9 du succ\u00e8s r\u00e9side dans le choix du phosphate                                    \n                        <\/a>\n            <\/section>\n    <section id=\"fertility\">\n        <header>\n            <h2>F\u00e9condit\u00e9<\/h2>\n        <\/header>\n                        <a href=\"https:\/\/montysplantfood.com\/fr\/products\/agri-n\/\">\n                                <h3>Agri-N<\/h3>\n                                        Am\u00e9lioration foliaire pour le verdissement et l'\u00e9nergie                                    \n                        <\/a>\n                        <a href=\"https:\/\/montysplantfood.com\/fr\/products\/agrihance-s-v-r\/\">\n                                <h3>Agrihance (S, V, R)<\/h3>\n                                        Seed Starter &#8211; Vegetative Stage &#8211; Reproductive Stage                                    \n                        <\/a>\n                        <a href=\"https:\/\/montysplantfood.com\/fr\/products\/all-purpose-growth\/\">\n                                <h3>Croissance polyvalente<\/h3>\n                                        Croissance vigoureuse des plantes et gestion du stress des cultures                                    \n                        <\/a>\n                        <a href=\"https:\/\/montysplantfood.com\/fr\/products\/c795-plus\/\">\n                                <h3>C795 Plus<\/h3>\n                                        Produit \u00e0 usage multiple id\u00e9al pour la r\u00e9ussite des semences et des plantes                                    \n                        <\/a>\n                        <a href=\"https:\/\/montysplantfood.com\/fr\/products\/calcium-plus\/\">\n                                <h3>Calcium Plus<\/h3>\n                                        Suppl\u00e9ment nutritionnel                                    \n                        <\/a>\n                        <a href=\"https:\/\/montysplantfood.com\/fr\/products\/hay-now\/\">\n                                <h3>Foin d'or<\/h3>\n                                        Engrais liquide pour foin et p\u00e2turage                                    \n                        <\/a>\n                        <a href=\"https:\/\/montysplantfood.com\/fr\/products\/k28\/\">\n                                <h3>K28<\/h3>\n                                        Suppl\u00e9ment nutritif de potasse liquide                                    \n                        <\/a>\n                        <a href=\"https:\/\/montysplantfood.com\/fr\/products\/magmahume\/\">\n                                <h3>MagmaHume<\/h3>\n                                        Fortifiant pour les plantes et les sols                                    \n                        <\/a>\n                        <a href=\"https:\/\/montysplantfood.com\/fr\/products\/microhance\/\">\n                                <h3>Microhance<\/h3>\n                                        Nutrient Package &#8211; Six Important Nutrients                                    \n                        <\/a>\n                        <a href=\"https:\/\/montysplantfood.com\/fr\/products\/midnight\/\">\n                                <h3>Minuit<\/h3>\n                                        M\u00e9lange unique id\u00e9al pour la croissance des plantes                                    \n                        <\/a>\n                        <a href=\"https:\/\/montysplantfood.com\/fr\/products\/nauxin\/\">\n                                <h3>Nauxin<\/h3>\n                                        Paquet de nutriments essentiels                                    \n                        <\/a>\n                        <a href=\"https:\/\/montysplantfood.com\/fr\/products\/premium-blend\/\">\n                                <h3>M\u00e9lange Premium<\/h3>\n                                        La cl\u00e9 du succ\u00e8s r\u00e9side dans le choix du phosphate                                    \n                        <\/a>\n                        <a href=\"https:\/\/montysplantfood.com\/fr\/products\/root-bloom\/\">\n                                <h3>Root &amp; Bloom<\/h3>\n                                        Root Growth &#038; Seed and Fruit Development                                    \n                        <\/a>\n                        <a href=\"https:\/\/montysplantfood.com\/fr\/products\/seed-starter-foliar\/\">\n                                <h3>D\u00e9marrage des semences\/ foliaire<\/h3>\n                                        Pour une lev\u00e9e rapide et une vigueur en d\u00e9but de saison                                    \n                        <\/a>\n                        <a href=\"https:\/\/montysplantfood.com\/fr\/products\/sulfur-15\/\">\n                                <h3>Soufre 15<\/h3>\n                                        Suppl\u00e9ment nutritionnel                                    \n                        <\/a>\n            <\/section>\n    <section id=\"nutrient-management\">\n        <header>\n            <h2>Gestion des nutriments<\/h2>\n        <\/header>\n                        <a href=\"https:\/\/montysplantfood.com\/fr\/products\/drivas\/\">\n                                <h3>Drivas<\/h3>\n                                        Le pouvoir d'un vrai Fulvique                                    \n                        <\/a>\n                        <a href=\"https:\/\/montysplantfood.com\/fr\/products\/humihance\/\">\n                                <h3>Humihance<\/h3>\n                                        Monty&#8217;s Innovative Fertilizer Coating                                    \n                        <\/a>\n                        <a href=\"https:\/\/montysplantfood.com\/fr\/products\/surge-xd\/\">\n                                <h3>Surge XD<\/h3>\n                                        D\u00e9livrance extr\u00eame de nutriments                                    \n                        <\/a>\n            <\/section>\n    <section id=\"micronutrients\">\n        <header>\n            <h2>Micronutriments<\/h2>\n        <\/header>\n                        <a href=\"https:\/\/montysplantfood.com\/fr\/products\/boron\/\">\n                                <h3>Bore<\/h3>\n                                        N\u00e9cessaire \u00e0 la synth\u00e8se des prot\u00e9ines, \u00e0 la division cellulaire et au d\u00e9veloppement des racines.                                    \n                        <\/a>\n                        <a href=\"https:\/\/montysplantfood.com\/fr\/products\/como\/\">\n                                <h3>CoMo<\/h3>\n                                        Un m\u00e9lange unique de micronutriments destin\u00e9 \u00e0 maximiser la croissance des plantes.                                    \n                        <\/a>\n                        <a href=\"https:\/\/montysplantfood.com\/fr\/products\/copper-cu\/\">\n                                <h3>Cuivre (Cu)<\/h3>\n                                        Activation des enzymes v\u00e9g\u00e9tales n\u00e9cessaires au processus de croissance                                    \n                        <\/a>\n                        <a href=\"https:\/\/montysplantfood.com\/fr\/products\/iron\/\">\n                                <h3>Fer (Fe)<\/h3>\n                                        Pour la pr\u00e9vention et la correction de la chlorose ferrique dans toutes les cultures                                    \n                        <\/a>\n                        <a href=\"https:\/\/montysplantfood.com\/fr\/products\/magnesium-mg\/\">\n                                <h3>Magn\u00e9sium (Mg)<\/h3>\n                                        Activation des enzymes v\u00e9g\u00e9tales n\u00e9cessaires au processus de croissance                                    \n                        <\/a>\n                        <a href=\"https:\/\/montysplantfood.com\/fr\/products\/manganese-mn\/\">\n                                <h3>Mangan\u00e8se (Mn)<\/h3>\n                                        Essentiel pour l'oxydation des cellules et l'absorption des sucres                                    \n                        <\/a>\n                        <a href=\"https:\/\/montysplantfood.com\/fr\/products\/molybdenum-mo\/\">\n                                <h3>Molybd\u00e8ne (Mo)<\/h3>\n                                        Compl\u00e9ment d'un programme de fertilisation r\u00e9gulier pour pr\u00e9venir et corriger les carences                                    \n                        <\/a>\n                        <a href=\"https:\/\/montysplantfood.com\/fr\/products\/zinc-zn\/\">\n                                <h3>Zinc (Zn)<\/h3>\n                                        Augmente la disponibilit\u00e9 du calcium (Ca) et du phosphore (P)                                    \n                        <\/a>\n            <\/section>\n    <section id=\"specialty\">\n        <header>\n            <h2>Sp\u00e9cialit\u00e9<\/h2>\n        <\/header>\n                        <a href=\"https:\/\/montysplantfood.com\/fr\/products\/agri-sweet\/\">\n                                <h3>Agri-Sweet FG<\/h3>\n                                        Sucre raffin\u00e9                                    \n                        <\/a>\n                        <a href=\"https:\/\/montysplantfood.com\/fr\/products\/bio-strain\/\">\n                                <h3>Bio-souche<\/h3>\n                                        Paquet microbien pour les cultures en ligne et les fruits et l\u00e9gumes                                    \n                        <\/a>\n                        <a href=\"https:\/\/montysplantfood.com\/fr\/products\/calesco\/\">\n                                <h3>Calesco<\/h3>\n                                        Conditionneur d'eau sp\u00e9cialis\u00e9                                    \n                        <\/a>\n                        <a href=\"https:\/\/montysplantfood.com\/fr\/products\/multiplicity\/\">\n                                <h3>Multiplicit\u00e9<\/h3>\n                                        Une source s\u00e8che de micro-organismes pour aider les cultures \u00e0 atteindre leur plein potentiel                                    \n                        <\/a>\n                        <a href=\"https:\/\/montysplantfood.com\/fr\/products\/nanoboost\/\">\n                                <h3>Nanoboost<\/h3>\n                                        Herbicide Booster                                    \n                        <\/a>\n                        <a href=\"https:\/\/montysplantfood.com\/fr\/products\/sludge-relief\/\">\n                                <h3>Soulagement des boues<\/h3>\n                                        AIDE \u00c0 LA DIGESTION                                    \n                        <\/a>\n                        <a href=\"https:\/\/montysplantfood.com\/fr\/products\/turf-power-srn\/\">\n                                <h3>Turf Power SRN<\/h3>\n                                        13-2-6 with Micronutrients &#038; Humics                                    \n                        <\/a>\n            <\/section>","protected":false},"excerpt":{"rendered":"<p>Products Soil Amendment Catalyzer Monty&#8217;s Concentrated Humics Dri-Carbon Liquid Carbon in Dry Form Humi-Till Crop Residue Management Humi-Till Activator For Residue Management Monty&#8217;s Liquid Carbon Proprietary Humic Technology Nanobind Microbial Enhanced Liquid Carbon Starters 9-24-3 Premium Blend The Key to Success is the Choice of Phosphate Fertility Agri-N Foliar Enhancement for Green-Up and Energy Agrihance&hellip;<\/p>","protected":false},"author":20,"featured_media":0,"parent":0,"menu_order":9,"comment_status":"closed","ping_status":"closed","template":"","meta":{"_acf_changed":false,"footnotes":""},"class_list":["post-88","page","type-page","status-publish","hentry"],"acf":[],"yoast_head":"<!-- This site is optimized with the Yoast SEO plugin v27.4 - https:\/\/yoast.com\/product\/yoast-seo-wordpress\/ -->\n<title>Products - Monty&#039;s Plant Food<\/title>\n<meta name=\"robots\" content=\"index, follow, max-snippet:-1, max-image-preview:large, max-video-preview:-1\" \/>\n<link rel=\"canonical\" href=\"https:\/\/montysplantfood.com\/fr\/products\/\" \/>\n<meta property=\"og:locale\" content=\"fr_FR\" \/>\n<meta property=\"og:type\" content=\"article\" \/>\n<meta property=\"og:title\" content=\"Products - Monty&#039;s Plant Food\" \/>\n<meta property=\"og:description\" content=\"Products Soil Amendment Catalyzer Monty&#8217;s Concentrated Humics Dri-Carbon Liquid Carbon in Dry Form Humi-Till Crop Residue Management Humi-Till Activator For Residue Management Monty&#8217;s Liquid Carbon Proprietary Humic Technology Nanobind Microbial Enhanced Liquid Carbon Starters 9-24-3 Premium Blend The Key to Success is the Choice of Phosphate Fertility Agri-N Foliar Enhancement for Green-Up and Energy Agrihance&hellip;\" \/>\n<meta property=\"og:url\" content=\"https:\/\/montysplantfood.com\/fr\/products\/\" \/>\n<meta property=\"og:site_name\" content=\"Monty&#039;s Plant Food\" \/>\n<meta property=\"article:modified_time\" content=\"2024-03-22T14:50:57+00:00\" \/>\n<meta property=\"og:image\" content=\"https:\/\/montysplantfood.com\/wp-content\/uploads\/2020\/09\/social-share.jpg\" \/>\n\t<meta property=\"og:image:width\" content=\"1280\" \/>\n\t<meta property=\"og:image:height\" content=\"720\" \/>\n\t<meta property=\"og:image:type\" content=\"image\/jpeg\" \/>\n<meta name=\"twitter:card\" content=\"summary_large_image\" \/>\n<meta name=\"twitter:label1\" content=\"Est. reading time\" \/>\n\t<meta name=\"twitter:data1\" content=\"2 minutes\" \/>\n<script type=\"application\/ld+json\" class=\"yoast-schema-graph\">{\"@context\":\"https:\\\/\\\/schema.org\",\"@graph\":[{\"@type\":\"WebPage\",\"@id\":\"https:\\\/\\\/montysplantfood.com\\\/products\\\/\",\"url\":\"https:\\\/\\\/montysplantfood.com\\\/products\\\/\",\"name\":\"Products - Monty&#039;s Plant Food\",\"isPartOf\":{\"@id\":\"https:\\\/\\\/montysplantfood.com\\\/#website\"},\"datePublished\":\"2020-08-20T01:46:33+00:00\",\"dateModified\":\"2024-03-22T14:50:57+00:00\",\"breadcrumb\":{\"@id\":\"https:\\\/\\\/montysplantfood.com\\\/products\\\/#breadcrumb\"},\"inLanguage\":\"fr-FR\",\"potentialAction\":[{\"@type\":\"ReadAction\",\"target\":[\"https:\\\/\\\/montysplantfood.com\\\/products\\\/\"]}]},{\"@type\":\"BreadcrumbList\",\"@id\":\"https:\\\/\\\/montysplantfood.com\\\/products\\\/#breadcrumb\",\"itemListElement\":[{\"@type\":\"ListItem\",\"position\":1,\"name\":\"Home\",\"item\":\"https:\\\/\\\/montysplantfood.com\\\/\"},{\"@type\":\"ListItem\",\"position\":2,\"name\":\"Products\"}]},{\"@type\":\"WebSite\",\"@id\":\"https:\\\/\\\/montysplantfood.com\\\/#website\",\"url\":\"https:\\\/\\\/montysplantfood.com\\\/\",\"name\":\"Monty&#039;s Plant Food\",\"description\":\"\",\"publisher\":{\"@id\":\"https:\\\/\\\/montysplantfood.com\\\/#organization\"},\"potentialAction\":[{\"@type\":\"SearchAction\",\"target\":{\"@type\":\"EntryPoint\",\"urlTemplate\":\"https:\\\/\\\/montysplantfood.com\\\/?s={search_term_string}\"},\"query-input\":{\"@type\":\"PropertyValueSpecification\",\"valueRequired\":true,\"valueName\":\"search_term_string\"}}],\"inLanguage\":\"fr-FR\"},{\"@type\":\"Organization\",\"@id\":\"https:\\\/\\\/montysplantfood.com\\\/#organization\",\"name\":\"Monty's Plant Food\",\"url\":\"https:\\\/\\\/montysplantfood.com\\\/\",\"logo\":{\"@type\":\"ImageObject\",\"inLanguage\":\"fr-FR\",\"@id\":\"https:\\\/\\\/montysplantfood.com\\\/#\\\/schema\\\/logo\\\/image\\\/\",\"url\":\"https:\\\/\\\/montysplantfood.com\\\/wp-content\\\/uploads\\\/2020\\\/09\\\/Website-Logo-TEST.png\",\"contentUrl\":\"https:\\\/\\\/montysplantfood.com\\\/wp-content\\\/uploads\\\/2020\\\/09\\\/Website-Logo-TEST.png\",\"width\":505,\"height\":358,\"caption\":\"Monty's Plant Food\"},\"image\":{\"@id\":\"https:\\\/\\\/montysplantfood.com\\\/#\\\/schema\\\/logo\\\/image\\\/\"}}]}<\/script>\n<!-- \/ Yoast SEO plugin. -->","yoast_head_json":{"title":"Products - Monty&#039;s Plant Food","robots":{"index":"index","follow":"follow","max-snippet":"max-snippet:-1","max-image-preview":"max-image-preview:large","max-video-preview":"max-video-preview:-1"},"canonical":"https:\/\/montysplantfood.com\/fr\/products\/","og_locale":"fr_FR","og_type":"article","og_title":"Products - Monty&#039;s Plant Food","og_description":"Products Soil Amendment Catalyzer Monty&#8217;s Concentrated Humics Dri-Carbon Liquid Carbon in Dry Form Humi-Till Crop Residue Management Humi-Till Activator For Residue Management Monty&#8217;s Liquid Carbon Proprietary Humic Technology Nanobind Microbial Enhanced Liquid Carbon Starters 9-24-3 Premium Blend The Key to Success is the Choice of Phosphate Fertility Agri-N Foliar Enhancement for Green-Up and Energy Agrihance&hellip;","og_url":"https:\/\/montysplantfood.com\/fr\/products\/","og_site_name":"Monty&#039;s Plant Food","article_modified_time":"2024-03-22T14:50:57+00:00","og_image":[{"width":1280,"height":720,"url":"https:\/\/montysplantfood.com\/wp-content\/uploads\/2020\/09\/social-share.jpg","type":"image\/jpeg"}],"twitter_card":"summary_large_image","twitter_misc":{"Est. reading time":"2 minutes"},"schema":{"@context":"https:\/\/schema.org","@graph":[{"@type":"WebPage","@id":"https:\/\/montysplantfood.com\/products\/","url":"https:\/\/montysplantfood.com\/products\/","name":"Products - Monty&#039;s Plant Food","isPartOf":{"@id":"https:\/\/montysplantfood.com\/#website"},"datePublished":"2020-08-20T01:46:33+00:00","dateModified":"2024-03-22T14:50:57+00:00","breadcrumb":{"@id":"https:\/\/montysplantfood.com\/products\/#breadcrumb"},"inLanguage":"fr-FR","potentialAction":[{"@type":"ReadAction","target":["https:\/\/montysplantfood.com\/products\/"]}]},{"@type":"BreadcrumbList","@id":"https:\/\/montysplantfood.com\/products\/#breadcrumb","itemListElement":[{"@type":"ListItem","position":1,"name":"Home","item":"https:\/\/montysplantfood.com\/"},{"@type":"ListItem","position":2,"name":"Products"}]},{"@type":"WebSite","@id":"https:\/\/montysplantfood.com\/#website","url":"https:\/\/montysplantfood.com\/","name":"Monty&#039;s Plant Food","description":"","publisher":{"@id":"https:\/\/montysplantfood.com\/#organization"},"potentialAction":[{"@type":"SearchAction","target":{"@type":"EntryPoint","urlTemplate":"https:\/\/montysplantfood.com\/?s={search_term_string}"},"query-input":{"@type":"PropertyValueSpecification","valueRequired":true,"valueName":"search_term_string"}}],"inLanguage":"fr-FR"},{"@type":"Organization","@id":"https:\/\/montysplantfood.com\/#organization","name":"Monty's Plant Food","url":"https:\/\/montysplantfood.com\/","logo":{"@type":"ImageObject","inLanguage":"fr-FR","@id":"https:\/\/montysplantfood.com\/#\/schema\/logo\/image\/","url":"https:\/\/montysplantfood.com\/wp-content\/uploads\/2020\/09\/Website-Logo-TEST.png","contentUrl":"https:\/\/montysplantfood.com\/wp-content\/uploads\/2020\/09\/Website-Logo-TEST.png","width":505,"height":358,"caption":"Monty's Plant Food"},"image":{"@id":"https:\/\/montysplantfood.com\/#\/schema\/logo\/image\/"}}]}},"_links":{"self":[{"href":"https:\/\/montysplantfood.com\/fr\/wp-json\/wp\/v2\/pages\/88","targetHints":{"allow":["GET"]}}],"collection":[{"href":"https:\/\/montysplantfood.com\/fr\/wp-json\/wp\/v2\/pages"}],"about":[{"href":"https:\/\/montysplantfood.com\/fr\/wp-json\/wp\/v2\/types\/page"}],"author":[{"embeddable":true,"href":"https:\/\/montysplantfood.com\/fr\/wp-json\/wp\/v2\/users\/20"}],"replies":[{"embeddable":true,"href":"https:\/\/montysplantfood.com\/fr\/wp-json\/wp\/v2\/comments?post=88"}],"version-history":[{"count":3,"href":"https:\/\/montysplantfood.com\/fr\/wp-json\/wp\/v2\/pages\/88\/revisions"}],"predecessor-version":[{"id":13607,"href":"https:\/\/montysplantfood.com\/fr\/wp-json\/wp\/v2\/pages\/88\/revisions\/13607"}],"wp:attachment":[{"href":"https:\/\/montysplantfood.com\/fr\/wp-json\/wp\/v2\/media?parent=88"}],"curies":[{"name":"wp","href":"https:\/\/api.w.org\/{rel}","templated":true}]}}