{"id":85,"date":"2020-08-19T21:45:30","date_gmt":"2020-08-20T01:45:30","guid":{"rendered":"http:\/\/localhost:10003\/where-to-buy\/"},"modified":"2023-08-23T10:02:55","modified_gmt":"2023-08-23T14:02:55","slug":"where-to-buy","status":"publish","type":"page","link":"https:\/\/montysplantfood.com\/fr\/where-to-buy\/","title":{"rendered":"O\u00f9 acheter"},"content":{"rendered":"<h1>\n\t\tO\u00f9 acheter\n\t<\/h1>\n<h2>\n\t\tVous cherchez un revendeur Monty's ?\n\t<\/h2>\n\t<p>Use the dealer locator below to find a Monty&#8217;s dealer in your area. Don&#8217;t see a dealer? Click <a href=\"https:\/\/montysplantfood.com\/fr\/ask-agronomist\/\">ici<\/a> et nous vous mettrons en contact avec l'un de nos repr\u00e9sentants !<\/p>\n\t<style>\r\n\t#wpsl-stores .wpsl-store-thumb {height:45px !important; width:45px !important;}\r\n\t#wpsl-stores, #wpsl-direction-details, #wpsl-gmap {height:600px !important;}\r\n\t#wpsl-gmap .wpsl-info-window {max-width:600px !important;}\r\n\t.wpsl-input label, #wpsl-radius label, #wpsl-category label {width:110px;}\r\n\t#wpsl-search-input  {width:200px;}\r\n<\/style>\r\n<div id=\"wpsl-wrap\">\r\n\t<div class=\"wpsl-search wpsl-clearfix\">\r\n\t\t<div id=\"wpsl-search-wrap\">\r\n\t\t\t<form autocomplete=\"off\" action=\"\">\r\n\t\t\t<div class=\"wpsl-input\">\r\n\t\t\t\t<div><label for=\"wpsl-search-input\">Votre lieu de r\u00e9sidence<\/label><\/div>\r\n\t\t\t\t<input id=\"wpsl-search-input\" type=\"text\" value=\"\" name=\"wpsl-search-input\" placeholder=\"\" aria-required=\"true\" \/>\r\n\t\t\t<\/div>\r\n\t\t\t<div class=\"wpsl-select-wrap\">\r\n\t\t\t\t<div id=\"wpsl-radius\">\r\n\t\t\t\t\t<label for=\"wpsl-radius-dropdown\">Rayon de recherche<\/label>\r\n\t\t\t\t\t<select id=\"wpsl-radius-dropdown\" class=\"wpsl-dropdown\" name=\"wpsl-radius\">\r\n\t\t\t\t\t\t<option value=\"10\">10 mi<\/option><option value=\"25\">25 mi<\/option><option selected=\"selected\" value=\"50\">50 mi<\/option><option value=\"100\">100 mi<\/option><option value=\"200\">200 mi<\/option><option value=\"500\">500 mi<\/option>\r\n\t\t\t\t\t<\/select>\r\n\t\t\t\t<\/div>\r\n\t\t\t\t<div id=\"wpsl-results\">\r\n\t\t\t\t\t<label for=\"wpsl-results-dropdown\">R\u00e9sultats<\/label>\r\n\t\t\t\t\t<select id=\"wpsl-results-dropdown\" class=\"wpsl-dropdown\" name=\"wpsl-results\">\r\n\t\t\t\t\t\t<option selected=\"selected\" value=\"25\">25<\/option><option value=\"50\">50<\/option><option value=\"75\">75<\/option><option value=\"100\">100<\/option>\r\n\t\t\t\t\t<\/select>\r\n\t\t\t\t<\/div>\r\n\t\t\t<\/div>\r\n\t\t\t\t<div class=\"wpsl-search-btn-wrap\"><input id=\"wpsl-search-btn\" type=\"submit\" value=\"Recherche\"><\/div>\r\n\t\t<input type=\"hidden\" name=\"trp-form-language\" value=\"fr\"\/><\/form>\r\n\t\t<\/div>\r\n\t<\/div>\r\n\t<div id=\"wpsl-gmap\" class=\"wpsl-gmap-canvas\"><\/div>\r\n\t<div id=\"wpsl-result-list\">\r\n\t\t<div id=\"wpsl-stores\" class=\"wpsl-not-loaded\">\r\n\t\t\t<ul><\/ul>\r\n\t\t<\/div>\r\n\t\t<div id=\"wpsl-direction-details\">\r\n\t\t\t<ul><\/ul>\r\n\t\t<\/div>\r\n\t<\/div>\r\n<\/div>\r\n\n<h2>\n\t\tObtenez un plan personnalis\u00e9, fait sur mesure pour vous\n\t<\/h2>\n\t<p>\u00c0 l'aide d'\u00e9chantillons de sol et de plantes pr\u00e9lev\u00e9s directement dans vos champs, les experts en agronomie de Monty's \u00e9laborent un plan sur mesure bas\u00e9 sur des param\u00e8tres importants.  Avec un conseiller de confiance dans votre poche, vous pouvez \u00eatre s\u00fbr de prendre la bonne d\u00e9cision pour obtenir des rendements plus \u00e9lev\u00e9s.<\/p>\n\t<a href=\"https:\/\/montysplantfood.com\/fr\/custom-plans\/\" target=\"_self\" role=\"button\" aria-label=\"Cr\u00e9er un plan personnalis\u00e9\" rel=\"noopener noreferrer\">\n\t\t\t\tCr\u00e9er un plan personnalis\u00e9\n\t\t\t<\/a>","protected":false},"excerpt":{"rendered":"<p>Where to Buy Looking for a Monty\u2019s dealer? Use the dealer locator below to find a Monty&#8217;s dealer in your area. Don&#8217;t see a dealer? Click here and we will connect you to one of our representatives! Get A Custom Plan Made Just For You Using soil and plant samples taken directly from your fields,&hellip;<\/p>","protected":false},"author":20,"featured_media":0,"parent":0,"menu_order":6,"comment_status":"closed","ping_status":"closed","template":"","meta":{"_acf_changed":false,"footnotes":""},"class_list":["post-85","page","type-page","status-publish","hentry"],"acf":[],"yoast_head":"<!-- This site is optimized with the Yoast SEO plugin v27.4 - https:\/\/yoast.com\/product\/yoast-seo-wordpress\/ -->\n<title>Where to Buy - Monty&#039;s Plant Food<\/title>\n<meta name=\"robots\" content=\"index, follow, max-snippet:-1, max-image-preview:large, max-video-preview:-1\" \/>\n<link rel=\"canonical\" href=\"https:\/\/montysplantfood.com\/fr\/where-to-buy\/\" \/>\n<meta property=\"og:locale\" content=\"fr_FR\" \/>\n<meta property=\"og:type\" content=\"article\" \/>\n<meta property=\"og:title\" content=\"Where to Buy - Monty&#039;s Plant Food\" \/>\n<meta property=\"og:description\" content=\"Where to Buy Looking for a Monty\u2019s dealer? Use the dealer locator below to find a Monty&#8217;s dealer in your area. Don&#8217;t see a dealer? Click here and we will connect you to one of our representatives! Get A Custom Plan Made Just For You Using soil and plant samples taken directly from your fields,&hellip;\" \/>\n<meta property=\"og:url\" content=\"https:\/\/montysplantfood.com\/fr\/where-to-buy\/\" \/>\n<meta property=\"og:site_name\" content=\"Monty&#039;s Plant Food\" \/>\n<meta property=\"article:modified_time\" content=\"2023-08-23T14:02:55+00:00\" \/>\n<meta property=\"og:image\" content=\"https:\/\/montysplantfood.com\/wp-content\/uploads\/2020\/09\/social-share.jpg\" \/>\n\t<meta property=\"og:image:width\" content=\"1280\" \/>\n\t<meta property=\"og:image:height\" content=\"720\" \/>\n\t<meta property=\"og:image:type\" content=\"image\/jpeg\" \/>\n<meta name=\"twitter:card\" content=\"summary_large_image\" \/>\n<meta name=\"twitter:label1\" content=\"Est. reading time\" \/>\n\t<meta name=\"twitter:data1\" content=\"1 minute\" \/>\n<script type=\"application\/ld+json\" class=\"yoast-schema-graph\">{\"@context\":\"https:\\\/\\\/schema.org\",\"@graph\":[{\"@type\":\"WebPage\",\"@id\":\"https:\\\/\\\/montysplantfood.com\\\/where-to-buy\\\/\",\"url\":\"https:\\\/\\\/montysplantfood.com\\\/where-to-buy\\\/\",\"name\":\"Where to Buy - Monty&#039;s Plant Food\",\"isPartOf\":{\"@id\":\"https:\\\/\\\/montysplantfood.com\\\/#website\"},\"datePublished\":\"2020-08-20T01:45:30+00:00\",\"dateModified\":\"2023-08-23T14:02:55+00:00\",\"breadcrumb\":{\"@id\":\"https:\\\/\\\/montysplantfood.com\\\/where-to-buy\\\/#breadcrumb\"},\"inLanguage\":\"fr-FR\",\"potentialAction\":[{\"@type\":\"ReadAction\",\"target\":[\"https:\\\/\\\/montysplantfood.com\\\/where-to-buy\\\/\"]}]},{\"@type\":\"BreadcrumbList\",\"@id\":\"https:\\\/\\\/montysplantfood.com\\\/where-to-buy\\\/#breadcrumb\",\"itemListElement\":[{\"@type\":\"ListItem\",\"position\":1,\"name\":\"Home\",\"item\":\"https:\\\/\\\/montysplantfood.com\\\/\"},{\"@type\":\"ListItem\",\"position\":2,\"name\":\"Where to Buy\"}]},{\"@type\":\"WebSite\",\"@id\":\"https:\\\/\\\/montysplantfood.com\\\/#website\",\"url\":\"https:\\\/\\\/montysplantfood.com\\\/\",\"name\":\"Monty&#039;s Plant Food\",\"description\":\"\",\"publisher\":{\"@id\":\"https:\\\/\\\/montysplantfood.com\\\/#organization\"},\"potentialAction\":[{\"@type\":\"SearchAction\",\"target\":{\"@type\":\"EntryPoint\",\"urlTemplate\":\"https:\\\/\\\/montysplantfood.com\\\/?s={search_term_string}\"},\"query-input\":{\"@type\":\"PropertyValueSpecification\",\"valueRequired\":true,\"valueName\":\"search_term_string\"}}],\"inLanguage\":\"fr-FR\"},{\"@type\":\"Organization\",\"@id\":\"https:\\\/\\\/montysplantfood.com\\\/#organization\",\"name\":\"Monty's Plant Food\",\"url\":\"https:\\\/\\\/montysplantfood.com\\\/\",\"logo\":{\"@type\":\"ImageObject\",\"inLanguage\":\"fr-FR\",\"@id\":\"https:\\\/\\\/montysplantfood.com\\\/#\\\/schema\\\/logo\\\/image\\\/\",\"url\":\"https:\\\/\\\/montysplantfood.com\\\/wp-content\\\/uploads\\\/2020\\\/09\\\/Website-Logo-TEST.png\",\"contentUrl\":\"https:\\\/\\\/montysplantfood.com\\\/wp-content\\\/uploads\\\/2020\\\/09\\\/Website-Logo-TEST.png\",\"width\":505,\"height\":358,\"caption\":\"Monty's Plant Food\"},\"image\":{\"@id\":\"https:\\\/\\\/montysplantfood.com\\\/#\\\/schema\\\/logo\\\/image\\\/\"}}]}<\/script>\n<!-- \/ Yoast SEO plugin. -->","yoast_head_json":{"title":"Where to Buy - Monty&#039;s Plant Food","robots":{"index":"index","follow":"follow","max-snippet":"max-snippet:-1","max-image-preview":"max-image-preview:large","max-video-preview":"max-video-preview:-1"},"canonical":"https:\/\/montysplantfood.com\/fr\/where-to-buy\/","og_locale":"fr_FR","og_type":"article","og_title":"Where to Buy - Monty&#039;s Plant Food","og_description":"Where to Buy Looking for a Monty\u2019s dealer? Use the dealer locator below to find a Monty&#8217;s dealer in your area. Don&#8217;t see a dealer? Click here and we will connect you to one of our representatives! Get A Custom Plan Made Just For You Using soil and plant samples taken directly from your fields,&hellip;","og_url":"https:\/\/montysplantfood.com\/fr\/where-to-buy\/","og_site_name":"Monty&#039;s Plant Food","article_modified_time":"2023-08-23T14:02:55+00:00","og_image":[{"width":1280,"height":720,"url":"https:\/\/montysplantfood.com\/wp-content\/uploads\/2020\/09\/social-share.jpg","type":"image\/jpeg"}],"twitter_card":"summary_large_image","twitter_misc":{"Est. reading time":"1 minute"},"schema":{"@context":"https:\/\/schema.org","@graph":[{"@type":"WebPage","@id":"https:\/\/montysplantfood.com\/where-to-buy\/","url":"https:\/\/montysplantfood.com\/where-to-buy\/","name":"Where to Buy - Monty&#039;s Plant Food","isPartOf":{"@id":"https:\/\/montysplantfood.com\/#website"},"datePublished":"2020-08-20T01:45:30+00:00","dateModified":"2023-08-23T14:02:55+00:00","breadcrumb":{"@id":"https:\/\/montysplantfood.com\/where-to-buy\/#breadcrumb"},"inLanguage":"fr-FR","potentialAction":[{"@type":"ReadAction","target":["https:\/\/montysplantfood.com\/where-to-buy\/"]}]},{"@type":"BreadcrumbList","@id":"https:\/\/montysplantfood.com\/where-to-buy\/#breadcrumb","itemListElement":[{"@type":"ListItem","position":1,"name":"Home","item":"https:\/\/montysplantfood.com\/"},{"@type":"ListItem","position":2,"name":"Where to Buy"}]},{"@type":"WebSite","@id":"https:\/\/montysplantfood.com\/#website","url":"https:\/\/montysplantfood.com\/","name":"Monty&#039;s Plant Food","description":"","publisher":{"@id":"https:\/\/montysplantfood.com\/#organization"},"potentialAction":[{"@type":"SearchAction","target":{"@type":"EntryPoint","urlTemplate":"https:\/\/montysplantfood.com\/?s={search_term_string}"},"query-input":{"@type":"PropertyValueSpecification","valueRequired":true,"valueName":"search_term_string"}}],"inLanguage":"fr-FR"},{"@type":"Organization","@id":"https:\/\/montysplantfood.com\/#organization","name":"Monty's Plant Food","url":"https:\/\/montysplantfood.com\/","logo":{"@type":"ImageObject","inLanguage":"fr-FR","@id":"https:\/\/montysplantfood.com\/#\/schema\/logo\/image\/","url":"https:\/\/montysplantfood.com\/wp-content\/uploads\/2020\/09\/Website-Logo-TEST.png","contentUrl":"https:\/\/montysplantfood.com\/wp-content\/uploads\/2020\/09\/Website-Logo-TEST.png","width":505,"height":358,"caption":"Monty's Plant Food"},"image":{"@id":"https:\/\/montysplantfood.com\/#\/schema\/logo\/image\/"}}]}},"_links":{"self":[{"href":"https:\/\/montysplantfood.com\/fr\/wp-json\/wp\/v2\/pages\/85","targetHints":{"allow":["GET"]}}],"collection":[{"href":"https:\/\/montysplantfood.com\/fr\/wp-json\/wp\/v2\/pages"}],"about":[{"href":"https:\/\/montysplantfood.com\/fr\/wp-json\/wp\/v2\/types\/page"}],"author":[{"embeddable":true,"href":"https:\/\/montysplantfood.com\/fr\/wp-json\/wp\/v2\/users\/20"}],"replies":[{"embeddable":true,"href":"https:\/\/montysplantfood.com\/fr\/wp-json\/wp\/v2\/comments?post=85"}],"version-history":[{"count":5,"href":"https:\/\/montysplantfood.com\/fr\/wp-json\/wp\/v2\/pages\/85\/revisions"}],"predecessor-version":[{"id":11981,"href":"https:\/\/montysplantfood.com\/fr\/wp-json\/wp\/v2\/pages\/85\/revisions\/11981"}],"wp:attachment":[{"href":"https:\/\/montysplantfood.com\/fr\/wp-json\/wp\/v2\/media?parent=85"}],"curies":[{"name":"wp","href":"https:\/\/api.w.org\/{rel}","templated":true}]}}