{"id":13359,"date":"2023-12-19T11:12:37","date_gmt":"2023-12-19T16:12:37","guid":{"rendered":"https:\/\/montysplantfood.com\/?page_id=13359"},"modified":"2024-11-22T14:16:27","modified_gmt":"2024-11-22T19:16:27","slug":"the-truth-about-montys-humics","status":"publish","type":"page","link":"https:\/\/montysplantfood.com\/fr\/humics\/the-truth-about-montys-humics\/","title":{"rendered":"The Truth About Monty&#8217;s Humics"},"content":{"rendered":"<h1>\n\t\tTHE TRUTH ABOUT MONTY&#8217;S HUMICS\n\t<\/h1>\n\t<p>Un sol plus sain. Des plantes plus saines. Des rendements plus \u00e9lev\u00e9s.<\/p>\n\t<a href=\"https:\/\/montysplantfood.com\/wp-content\/uploads\/2024\/02\/1219-2024-Montys-Humic-Fulvic-Brochure-WEB.pdf\" target=\"_blank\" role=\"button\" rel=\"noopener\" aria-label=\"BROCHURE HUMIQUE \/ FULVIQUE\">\n\t\t\t\t\t\tBROCHURE HUMIQUE \/ FULVIQUE\n\t\t\t\t\t<\/a>\n\t<a href=\"https:\/\/www.youtube.com\/watch?v=bD_UoxJY3ME&#038;t=29s\" target=\"_blank\" role=\"button\" rel=\"noopener\" aria-label=\"VID\u00c9O SUR LA TECHNOLOGIE HUMIQUE DE MONTY\">\n\t\t\t\t\t\tMONTY&#8217;S HUMIC TECHNOLOGY VIDEO\n\t\t\t\t\t<\/a>\n\t<a href=\"https:\/\/montysplantfood.com\/fr\/product-info-data\/\" target=\"_blank\" role=\"button\" rel=\"noopener\" aria-label=\"COLLAT\u00c9RAL HUMIQUE DE MONTY\">\n\t\t\t\t\t\tMONTY&#8217;S HUMIC COLLATERAL\n\t\t\t\t\t<\/a>\n\t<a href=\"https:\/\/montysplantfood.com\/wp-content\/uploads\/2023\/11\/1219-Humic-Fulvic-FAQ-Flyer-2023.pdf\" target=\"_blank\" role=\"button\" rel=\"noopener\" aria-label=\"FAQ HUMIQUE \/ FULVIQUE\">\n\t\t\t\t\t\tFAQ HUMIQUE \/ FULVIQUE\n\t\t\t\t\t<\/a>\n<h2>\n\t\tUne petite dose de V\u00c9RIT\u00c9, c'est tout ce que veulent vos cultures.\n\t<\/h2>\n\t<p>There is quite a bit of mis-information out in the market about humics. Here is the TRUTH about humics and Monty&#8217;s advanced, proprietary technology:<\/p>\n<ul>\n<li>Monty&#8217;s humic technology is proprietary. There is nothing else like it, or proven as effective on the market.<\/li>\n<li>Monty&#8217;s highly concentrated formulas allow for lower application rates at a lower cost per acre.<\/li>\n<li>Monty&#8217;s humics have been used successfully on soils ranging from heavy clay to light sand.<\/li>\n<li>Monty&#8217;s products have a proven track record of improving grower&#8217;s plants, soil, and increasing their yields since 1985.<\/li>\n<li>Monty&#8217;s humics are uniquely designed to address compaction, low levels of organic matter, lack of moisture, and residue breakdown.<\/li>\n<li>Monty&#8217;s is a catalyst designed to make other products &#8211; fertility, herbicides, pesticides, and fungicides &#8211; work more effectively.<\/li>\n<li>Monty&#8217;s humics interact with the biological environment of the soil, helping to create healthier soil.<\/li>\n<li>Monty&#8217;s humics are uniquely designed to meet your farming challenges, without clogging spray tips, settling out, or damaging equipment. You purchase 275 gallons of our product, you apply 275 gallons of our product!<\/li>\n<\/ul>\n<p><strong>AND THAT&#8217;S THE TRUTH. Don&#8217;t be fooled by others who tell you differently. A little dose of truth is all your crops want.<\/strong><\/p>\n\t<h2>OMRI ET HPTA<\/h2>\n\t<h3>\u00a0 \u00a0OMRI CERTIFI\u00c9<\/h3>\n\t\t\t\t<img decoding=\"async\" src=\"https:\/\/montysplantfood.com\/wp-content\/uploads\/2023\/12\/OMRI-Listed-Small-150x150.png\" alt=\"OMRI Listed - Small\" itemprop=\"image\" height=\"150\" width=\"150\" title=\"List\u00e9 OMRI - Petit\" onerror=\"this.style.display='none'\"  \/>\n\t<p>Le sceau OMRI Listed\u00ae garantit que les produits conviennent \u00e0 la production, \u00e0 la manipulation et \u00e0 la transformation certifi\u00e9es biologiques dans les conditions suivantes :<\/p>\n<ul>\n<li>For certified organic farmers, the product must be included in the operator&#8217;s approved organic system (farm) plan.<\/li>\n<li>L'utilisation du produit doit \u00eatre conforme aux \u00e9ventuelles restrictions d\u00e9crites dans la <em>Liste des produits OMRI\u00a9<\/em>, le<em>\u00a0<\/em><em>Liste des produits OMRI Canada\u00a9 <\/em>ou le\u00a0<em>Liste des produits OMRI Mexique\u00a9<\/em>\u00a0under the product&#8217;s category.<\/li>\n<\/ul>\n\t<h3>\u00a0 \u00a0ASSOCIATION COMMERCIALE DES PRODUITS HUMIQUES (HPTA)<\/h3>\n\t\t\t\t<img decoding=\"async\" src=\"https:\/\/montysplantfood.com\/wp-content\/uploads\/2023\/12\/HPTA-Member-Small-150x150.png\" alt=\"HPTA Member - Small\" itemprop=\"image\" height=\"150\" width=\"150\" title=\"Membre HPTA - Petit\" onerror=\"this.style.display='none'\"  \/>\n\t<p>Monty&#8217;s is a proud member of the Humic Products Trade Association (HPTA). HPTA works to promote commercial trade of Humic Products through scientific cooperation while addressing regulatory issues and is responsible for a new standard for measuring humic substance content in products.<\/p>\n\t<h3>\u00a0 \u00a0M\u00c9THODE D'ESSAI CERTIFI\u00c9E PAR L'HPTA<\/h3>\n\t\t\t\t<img decoding=\"async\" src=\"https:\/\/montysplantfood.com\/wp-content\/uploads\/2023\/12\/HPTA-Test-Method-Certified-Small-150x150.png\" alt=\"HPTA Test Method Certified-Small\" itemprop=\"image\" height=\"150\" width=\"150\" title=\"M\u00e9thode d&#039;essai HPTA Certifi\u00e9-Petit\" onerror=\"this.style.display='none'\"  \/>\n\t<p>Le sceau HPTA Test Method Certified\u00ae indique qu'un produit humique a utilis\u00e9 la m\u00e9thode d'essai HPTA \u00e9prouv\u00e9e scientifiquement pour d\u00e9terminer la teneur r\u00e9elle en humus.<\/p>\n<h2>\n\t\tDemandez \u00e0 un agronome\n\t<\/h2>\n\t<p>Vous avez besoin de r\u00e9ponses \u00e0 un probl\u00e8me de culture ou \u00e0 une question agricole ? Nos agronomes sont l\u00e0 pour vous aider. <\/p>\n\t<a href=\"\/fr\/ask-agronomist\/\" target=\"_self\" role=\"button\" aria-label=\"Demandez \u00e0 un agronome\" rel=\"noopener\">\n\t\t\t\t\t\tDemandez \u00e0 un agronome\n\t\t\t\t\t<\/a>","protected":false},"excerpt":{"rendered":"<p>THE TRUTH ABOUT MONTY&#8217;S HUMICS Healthier Soil. Healthier Plants. Higher Yields. HUMIC \/ FULVIC BROCHURE MONTY&#8217;S HUMIC TECHNOLOGY VIDEO MONTY&#8217;S HUMIC COLLATERAL HUMIC \/ FULVIC FAQ A little dose of TRUTH is all your crops want. There is quite a bit of mis-information out in the market about humics. Here is the TRUTH about humics&hellip;<\/p>","protected":false},"author":21,"featured_media":0,"parent":13283,"menu_order":0,"comment_status":"closed","ping_status":"closed","template":"","meta":{"_acf_changed":false,"footnotes":""},"class_list":["post-13359","page","type-page","status-publish","hentry"],"acf":[],"yoast_head":"<!-- This site is optimized with the Yoast SEO plugin v27.4 - https:\/\/yoast.com\/product\/yoast-seo-wordpress\/ -->\n<title>Monty&#039;s Plant Food | Healthier Soil. Healthier Plants. Higher Yields.<\/title>\n<meta name=\"description\" content=\"Natural soil enhancement and fertility programs designed to improve the quality and quantity of your crop yields and promote healthier plants and soil.Monty\u2019s proprietary active humic technology is designed to improve the overall vitality of your soil.\" \/>\n<meta name=\"robots\" content=\"index, follow, max-snippet:-1, max-image-preview:large, max-video-preview:-1\" \/>\n<link rel=\"canonical\" href=\"https:\/\/montysplantfood.com\/fr\/humics\/the-truth-about-montys-humics\/\" \/>\n<meta property=\"og:locale\" content=\"fr_FR\" \/>\n<meta property=\"og:type\" content=\"article\" \/>\n<meta property=\"og:title\" content=\"Monty&#039;s Plant Food | Healthier Soil. Healthier Plants. Higher Yields.\" \/>\n<meta property=\"og:description\" content=\"Natural soil enhancement and fertility programs designed to improve the quality and quantity of your crop yields and promote healthier plants and soil.Monty\u2019s proprietary active humic technology is designed to improve the overall vitality of your soil.\" \/>\n<meta property=\"og:url\" content=\"https:\/\/montysplantfood.com\/fr\/humics\/the-truth-about-montys-humics\/\" \/>\n<meta property=\"og:site_name\" content=\"Monty&#039;s Plant Food\" \/>\n<meta property=\"article:modified_time\" content=\"2024-11-22T19:16:27+00:00\" \/>\n<meta property=\"og:image\" content=\"https:\/\/montysplantfood.com\/wp-content\/uploads\/2023\/12\/OMRI-Listed-Small-150x150.png\" \/>\n<meta name=\"twitter:card\" content=\"summary_large_image\" \/>\n<meta name=\"twitter:label1\" content=\"Est. reading time\" \/>\n\t<meta name=\"twitter:data1\" content=\"3 minutes\" \/>\n<script type=\"application\/ld+json\" class=\"yoast-schema-graph\">{\"@context\":\"https:\\\/\\\/schema.org\",\"@graph\":[{\"@type\":\"WebPage\",\"@id\":\"https:\\\/\\\/montysplantfood.com\\\/humics\\\/the-truth-about-montys-humics\\\/\",\"url\":\"https:\\\/\\\/montysplantfood.com\\\/humics\\\/the-truth-about-montys-humics\\\/\",\"name\":\"Monty's Plant Food | Healthier Soil. Healthier Plants. Higher Yields.\",\"isPartOf\":{\"@id\":\"https:\\\/\\\/montysplantfood.com\\\/#website\"},\"primaryImageOfPage\":{\"@id\":\"https:\\\/\\\/montysplantfood.com\\\/humics\\\/the-truth-about-montys-humics\\\/#primaryimage\"},\"image\":{\"@id\":\"https:\\\/\\\/montysplantfood.com\\\/humics\\\/the-truth-about-montys-humics\\\/#primaryimage\"},\"thumbnailUrl\":\"https:\\\/\\\/montysplantfood.com\\\/wp-content\\\/uploads\\\/2023\\\/12\\\/OMRI-Listed-Small-150x150.png\",\"datePublished\":\"2023-12-19T16:12:37+00:00\",\"dateModified\":\"2024-11-22T19:16:27+00:00\",\"description\":\"Natural soil enhancement and fertility programs designed to improve the quality and quantity of your crop yields and promote healthier plants and soil.Monty\u2019s proprietary active humic technology is designed to improve the overall vitality of your soil.\",\"breadcrumb\":{\"@id\":\"https:\\\/\\\/montysplantfood.com\\\/humics\\\/the-truth-about-montys-humics\\\/#breadcrumb\"},\"inLanguage\":\"fr-FR\",\"potentialAction\":[{\"@type\":\"ReadAction\",\"target\":[\"https:\\\/\\\/montysplantfood.com\\\/humics\\\/the-truth-about-montys-humics\\\/\"]}]},{\"@type\":\"ImageObject\",\"inLanguage\":\"fr-FR\",\"@id\":\"https:\\\/\\\/montysplantfood.com\\\/humics\\\/the-truth-about-montys-humics\\\/#primaryimage\",\"url\":\"https:\\\/\\\/montysplantfood.com\\\/wp-content\\\/uploads\\\/2023\\\/12\\\/OMRI-Listed-Small-150x150.png\",\"contentUrl\":\"https:\\\/\\\/montysplantfood.com\\\/wp-content\\\/uploads\\\/2023\\\/12\\\/OMRI-Listed-Small-150x150.png\"},{\"@type\":\"BreadcrumbList\",\"@id\":\"https:\\\/\\\/montysplantfood.com\\\/humics\\\/the-truth-about-montys-humics\\\/#breadcrumb\",\"itemListElement\":[{\"@type\":\"ListItem\",\"position\":1,\"name\":\"Home\",\"item\":\"https:\\\/\\\/montysplantfood.com\\\/\"},{\"@type\":\"ListItem\",\"position\":2,\"name\":\"Monty&#8217;s Humics &#038; Fulvics\",\"item\":\"https:\\\/\\\/montysplantfood.com\\\/humics\\\/\"},{\"@type\":\"ListItem\",\"position\":3,\"name\":\"The Truth About Monty&#8217;s Humics\"}]},{\"@type\":\"WebSite\",\"@id\":\"https:\\\/\\\/montysplantfood.com\\\/#website\",\"url\":\"https:\\\/\\\/montysplantfood.com\\\/\",\"name\":\"Monty&#039;s Plant Food\",\"description\":\"\",\"publisher\":{\"@id\":\"https:\\\/\\\/montysplantfood.com\\\/#organization\"},\"potentialAction\":[{\"@type\":\"SearchAction\",\"target\":{\"@type\":\"EntryPoint\",\"urlTemplate\":\"https:\\\/\\\/montysplantfood.com\\\/?s={search_term_string}\"},\"query-input\":{\"@type\":\"PropertyValueSpecification\",\"valueRequired\":true,\"valueName\":\"search_term_string\"}}],\"inLanguage\":\"fr-FR\"},{\"@type\":\"Organization\",\"@id\":\"https:\\\/\\\/montysplantfood.com\\\/#organization\",\"name\":\"Monty's Plant Food\",\"url\":\"https:\\\/\\\/montysplantfood.com\\\/\",\"logo\":{\"@type\":\"ImageObject\",\"inLanguage\":\"fr-FR\",\"@id\":\"https:\\\/\\\/montysplantfood.com\\\/#\\\/schema\\\/logo\\\/image\\\/\",\"url\":\"https:\\\/\\\/montysplantfood.com\\\/wp-content\\\/uploads\\\/2020\\\/09\\\/Website-Logo-TEST.png\",\"contentUrl\":\"https:\\\/\\\/montysplantfood.com\\\/wp-content\\\/uploads\\\/2020\\\/09\\\/Website-Logo-TEST.png\",\"width\":505,\"height\":358,\"caption\":\"Monty's Plant Food\"},\"image\":{\"@id\":\"https:\\\/\\\/montysplantfood.com\\\/#\\\/schema\\\/logo\\\/image\\\/\"}}]}<\/script>\n<!-- \/ Yoast SEO plugin. -->","yoast_head_json":{"title":"Monty's Plant Food | Healthier Soil. Healthier Plants. Higher Yields.","description":"Natural soil enhancement and fertility programs designed to improve the quality and quantity of your crop yields and promote healthier plants and soil.Monty\u2019s proprietary active humic technology is designed to improve the overall vitality of your soil.","robots":{"index":"index","follow":"follow","max-snippet":"max-snippet:-1","max-image-preview":"max-image-preview:large","max-video-preview":"max-video-preview:-1"},"canonical":"https:\/\/montysplantfood.com\/fr\/humics\/the-truth-about-montys-humics\/","og_locale":"fr_FR","og_type":"article","og_title":"Monty's Plant Food | Healthier Soil. Healthier Plants. Higher Yields.","og_description":"Natural soil enhancement and fertility programs designed to improve the quality and quantity of your crop yields and promote healthier plants and soil.Monty\u2019s proprietary active humic technology is designed to improve the overall vitality of your soil.","og_url":"https:\/\/montysplantfood.com\/fr\/humics\/the-truth-about-montys-humics\/","og_site_name":"Monty&#039;s Plant Food","article_modified_time":"2024-11-22T19:16:27+00:00","og_image":[{"url":"https:\/\/montysplantfood.com\/wp-content\/uploads\/2023\/12\/OMRI-Listed-Small-150x150.png","type":"","width":"","height":""}],"twitter_card":"summary_large_image","twitter_misc":{"Est. reading time":"3 minutes"},"schema":{"@context":"https:\/\/schema.org","@graph":[{"@type":"WebPage","@id":"https:\/\/montysplantfood.com\/humics\/the-truth-about-montys-humics\/","url":"https:\/\/montysplantfood.com\/humics\/the-truth-about-montys-humics\/","name":"Monty's Plant Food | Healthier Soil. Healthier Plants. Higher Yields.","isPartOf":{"@id":"https:\/\/montysplantfood.com\/#website"},"primaryImageOfPage":{"@id":"https:\/\/montysplantfood.com\/humics\/the-truth-about-montys-humics\/#primaryimage"},"image":{"@id":"https:\/\/montysplantfood.com\/humics\/the-truth-about-montys-humics\/#primaryimage"},"thumbnailUrl":"https:\/\/montysplantfood.com\/wp-content\/uploads\/2023\/12\/OMRI-Listed-Small-150x150.png","datePublished":"2023-12-19T16:12:37+00:00","dateModified":"2024-11-22T19:16:27+00:00","description":"Natural soil enhancement and fertility programs designed to improve the quality and quantity of your crop yields and promote healthier plants and soil.Monty\u2019s proprietary active humic technology is designed to improve the overall vitality of your soil.","breadcrumb":{"@id":"https:\/\/montysplantfood.com\/humics\/the-truth-about-montys-humics\/#breadcrumb"},"inLanguage":"fr-FR","potentialAction":[{"@type":"ReadAction","target":["https:\/\/montysplantfood.com\/humics\/the-truth-about-montys-humics\/"]}]},{"@type":"ImageObject","inLanguage":"fr-FR","@id":"https:\/\/montysplantfood.com\/humics\/the-truth-about-montys-humics\/#primaryimage","url":"https:\/\/montysplantfood.com\/wp-content\/uploads\/2023\/12\/OMRI-Listed-Small-150x150.png","contentUrl":"https:\/\/montysplantfood.com\/wp-content\/uploads\/2023\/12\/OMRI-Listed-Small-150x150.png"},{"@type":"BreadcrumbList","@id":"https:\/\/montysplantfood.com\/humics\/the-truth-about-montys-humics\/#breadcrumb","itemListElement":[{"@type":"ListItem","position":1,"name":"Home","item":"https:\/\/montysplantfood.com\/"},{"@type":"ListItem","position":2,"name":"Monty&#8217;s Humics &#038; Fulvics","item":"https:\/\/montysplantfood.com\/humics\/"},{"@type":"ListItem","position":3,"name":"The Truth About Monty&#8217;s Humics"}]},{"@type":"WebSite","@id":"https:\/\/montysplantfood.com\/#website","url":"https:\/\/montysplantfood.com\/","name":"Monty&#039;s Plant Food","description":"","publisher":{"@id":"https:\/\/montysplantfood.com\/#organization"},"potentialAction":[{"@type":"SearchAction","target":{"@type":"EntryPoint","urlTemplate":"https:\/\/montysplantfood.com\/?s={search_term_string}"},"query-input":{"@type":"PropertyValueSpecification","valueRequired":true,"valueName":"search_term_string"}}],"inLanguage":"fr-FR"},{"@type":"Organization","@id":"https:\/\/montysplantfood.com\/#organization","name":"Monty's Plant Food","url":"https:\/\/montysplantfood.com\/","logo":{"@type":"ImageObject","inLanguage":"fr-FR","@id":"https:\/\/montysplantfood.com\/#\/schema\/logo\/image\/","url":"https:\/\/montysplantfood.com\/wp-content\/uploads\/2020\/09\/Website-Logo-TEST.png","contentUrl":"https:\/\/montysplantfood.com\/wp-content\/uploads\/2020\/09\/Website-Logo-TEST.png","width":505,"height":358,"caption":"Monty's Plant Food"},"image":{"@id":"https:\/\/montysplantfood.com\/#\/schema\/logo\/image\/"}}]}},"_links":{"self":[{"href":"https:\/\/montysplantfood.com\/fr\/wp-json\/wp\/v2\/pages\/13359","targetHints":{"allow":["GET"]}}],"collection":[{"href":"https:\/\/montysplantfood.com\/fr\/wp-json\/wp\/v2\/pages"}],"about":[{"href":"https:\/\/montysplantfood.com\/fr\/wp-json\/wp\/v2\/types\/page"}],"author":[{"embeddable":true,"href":"https:\/\/montysplantfood.com\/fr\/wp-json\/wp\/v2\/users\/21"}],"replies":[{"embeddable":true,"href":"https:\/\/montysplantfood.com\/fr\/wp-json\/wp\/v2\/comments?post=13359"}],"version-history":[{"count":10,"href":"https:\/\/montysplantfood.com\/fr\/wp-json\/wp\/v2\/pages\/13359\/revisions"}],"predecessor-version":[{"id":13498,"href":"https:\/\/montysplantfood.com\/fr\/wp-json\/wp\/v2\/pages\/13359\/revisions\/13498"}],"up":[{"embeddable":true,"href":"https:\/\/montysplantfood.com\/fr\/wp-json\/wp\/v2\/pages\/13283"}],"wp:attachment":[{"href":"https:\/\/montysplantfood.com\/fr\/wp-json\/wp\/v2\/media?parent=13359"}],"curies":[{"name":"wp","href":"https:\/\/api.w.org\/{rel}","templated":true}]}}