{"id":13356,"date":"2023-12-19T11:13:15","date_gmt":"2023-12-19T16:13:15","guid":{"rendered":"https:\/\/montysplantfood.com\/?page_id=13356"},"modified":"2024-11-22T14:01:16","modified_gmt":"2024-11-22T19:01:16","slug":"humic-faq","status":"publish","type":"page","link":"https:\/\/montysplantfood.com\/fr\/the-humic-advantage\/humic-faq\/","title":{"rendered":"FAQ sur les substances humiques"},"content":{"rendered":"<h1>\n\t\tFAQ sur les substances humiques\n\t<\/h1>\n<h2>\n\t\tLes bases des substances humiques\n\t<\/h2>\n\t\t\t\t\t\t<h4>Que sont les substances humiques ?<\/h4>\n\t\t\t<p>Les substances humiques (Humics) sont d\u00e9riv\u00e9es d'anciennes mati\u00e8res humifi\u00e9es (par exemple, le lignite) et sont divis\u00e9es en deux cat\u00e9gories principales, les acides humiques et les acides fulviques. Ce sont les principaux constituants organiques du sol (humus), de la tourbe et du charbon. On les trouve \u00e9galement dans les cours d'eau des hautes terres, les lacs et l'eau des oc\u00e9ans. Les substances humiques sont produites par la d\u00e9composition de la mati\u00e8re organique au cours des mill\u00e9naires.<\/p>\n\t\t\t\t\t\t<h4>Comment les substances humiques et fulviques peuvent-elles contribuer \u00e0 augmenter mon rendement ? <\/h4>\n\t\t\t<p>Humics stimulate microbial activity in soil, help break up compacted soil, assist in transferring micronutrients from the soil to the plant, enhance water retention, increase seed germination, and improve the breakdown of plant residue.\u00a0 Humic acids can protect plant cells from toxins, pathogens, and other environmental impacts. Fulvic acids facilitate nutrient uptake through the plant tissue while also working as a chelator of nutrients, increasing the nutrients&#8217; bioavailability.<\/p>\n\t\t\t\t\t\t<h4>Aurai-je un retour sur investissement ?<\/h4>\n\t\t\t<p>Il est largement reconnu qu'en am\u00e9liorant le sol et en stimulant la plante, les rendements augmentent. Des essais universitaires et agricoles ont montr\u00e9 des am\u00e9liorations significatives de la sant\u00e9 g\u00e9n\u00e9rale du sol et des plantes, et vous devriez donc voir un retour sur votre investissement.<\/p>\n\t\t\t\t\t\t<h4>Pourquoi les produits humiques ont-ils des pourcentages diff\u00e9rents ?<\/h4>\n\t\t\t<p>Some manufacturers use different methods for determining humic or fulvic content. Monty&#8217;s is working with the Humic Products Trade Association (HPTA) to bring standardized testing to both state regulators and the agricultural industry. Monty&#8217;s uses only the HPTA Method (ISO 19822) for determining our products&#8217; humic and fulvic acids levels. Other manufacturers may use less reliable methods. Monty&#8217;s is a proud member of the HPTA which works to promote commercial trade of humic products through scientific cooperation while addressing regulatory issues.\u00a0<\/p>\n\t\t\t\t\t\t<h4>Peut-on en utiliser trop ?<\/h4>\n\t\t\t<p>Application of Monty&#8217;s Humic products at rates up to 50 times those recommended, are not toxic or harmful to the environment &#8211; including soil, plant, and native soil microorganisms. Monty&#8217;s recommended application rates allow for maximum, cost-effective results.<\/p>\n\t\t\t\t\t\t<h4>Comment peut-on appliquer deux quarts de litre sur une surface d'un hectare et obtenir des r\u00e9sultats ? <\/h4>\n\t\t\t<p>Our proprietary Humics are purified and activated, have the correct humic-to-fulvic ratio, and are applied at the optimum concentrations. Therefore, we have a lower rate of application and can achieve greater results by stimulating the plant and the soil&#8217;s natural biology in the most effective way.<\/p>\n\t\t\t\t\t\t<h4>Quel est votre co\u00fbt \u00e0 l'hectare par rapport \u00e0 d'autres produits humiques ?<\/h4>\n\t\t\t<p>Notre co\u00fbt \u00e0 l'hectare est g\u00e9n\u00e9ralement plus bas parce que nos produits humiques sont purifi\u00e9s et activ\u00e9s, qu'ils ont un rapport humique\/fulvique correct et qu'ils sont appliqu\u00e9s \u00e0 la concentration optimale d'humus. Bien que notre co\u00fbt par gallon puisse \u00eatre plus \u00e9lev\u00e9, notre co\u00fbt par acre est g\u00e9n\u00e9ralement inf\u00e9rieur en raison de nos taux d'application plus faibles.\u00a0<\/p>\n\t\t\t\t\t\t<h4>Can Monty&#8217;s products be blended with dry fertilizer and spread in the field?<\/h4>\n\t\t\t<p>Oui. Nos \u00e9tudes sur le terrain et nos essais universitaires impliquant Dri-Carbon et Humihance n'ont r\u00e9v\u00e9l\u00e9 aucun probl\u00e8me de compatibilit\u00e9 \u00e0 ce jour.<\/p>\n\t\t\t\t\t\t<h4>How do you show\/know it&#8217;s active?<\/h4>\n\t\t\t<p>L'activit\u00e9 est mesur\u00e9e dans le sol et les plantes. L'analyse du sol montrera les r\u00e9sultats : r\u00e9duction du compactage du sol, am\u00e9lioration de la sant\u00e9 g\u00e9n\u00e9rale du sol, meilleure absorption des micronutriments et meilleure d\u00e9composition des r\u00e9sidus v\u00e9g\u00e9taux. L'analyse des tissus montrera un meilleur \u00e9quilibre des nutriments dont la plante a besoin. Les r\u00e9sultats peuvent inclure une augmentation de la masse racinaire, des plantes plus saines et, en fin de compte, un rendement plus \u00e9lev\u00e9. \u00c0 titre d'exemple, une \u00e9tude r\u00e9cente de l'Universit\u00e9 d'\u00c9tat de Caroline du Nord a r\u00e9v\u00e9l\u00e9 une augmentation moyenne du rendement de 12% par rapport \u00e0 un sol non trait\u00e9*.<\/p>\n\t\t\t\t\t\t<h4>What are the advantages of using Monty&#8217;s products throughout the year?<\/h4>\n\t\t\t<p>Monty&#8217;s humic products are continuously working when used throughout the year. Monty&#8217;s recommended programs can improve your plants and soil, and maximize your yields year after year, providing the most cost-effective solution available. Monty&#8217;s activated humic and fulvic acids work throughout the year remediating your soil, revitalizing your soil, stabilizing nutrients, and stimulating plants.\u00a0<\/p>\n\t\t\t\t\t\t<h4>Pourquoi me dites-vous d'ajouter du carbone, alors que j'en ai d\u00e9j\u00e0 beaucoup dans mon sol ?<\/h4>\n\t\t\t<p>Carbon has many forms, but stable, organic carbon is our priority. Monty&#8217;s Liquid Carbon and Dri-Carbon are the product name for our active humic products. Monty&#8217;s Liquid Carbon and Dri-Carbon contain highly purified and activated humic substances with carbon in their molecular structure. This type of carbon is stable and organic.\u00a0<\/p>\n\t\t\t\t\t\t<h4>Does Monty&#8217;s activated humic technology work in all soil types?<\/h4>\n\t\t\t<p>Yes. Whether you have clay soils and compaction or sandy soils, Monty&#8217;s humic-based products provide benefits to your soil.<\/p>\n\t\t\t\t\t\t<h4>Are there compatibility issues when mixing Monty&#8217;s products with other products?<\/h4>\n\t\t\t<p>Nos \u00e9tudes sur le terrain et nos essais universitaires ont r\u00e9v\u00e9l\u00e9 peu de probl\u00e8mes de compatibilit\u00e9. Il convient de toujours suivre les instructions figurant sur l'\u00e9tiquette et de proc\u00e9der d'abord \u00e0 un test en bocal avant de m\u00e9langer le produit \u00e0 d'autres produits chimiques.\u00a0<\/p>\n\t\t\t\t\t\t<h4>Comment les Humics augmentent-ils\/abaissent-ils le pH de mon sol ?<\/h4>\n\t\t\t<p>Les sols peuvent \u00eatre acides ou alcalins en raison d'un exc\u00e8s de cations ou d'anions dans le sol. Comme les Humics comportent des \u00e9l\u00e9ments charg\u00e9s positivement et n\u00e9gativement, ils sont en mesure d'\u00e9quilibrer les conditions acides (cations positifs) ou alcalines (anions n\u00e9gatifs) du sol.\u00a0<\/p>\n\t<a href=\"https:\/\/montysplantfood.com\/wp-content\/uploads\/2024\/01\/1219-Humic-Fulvic-FAQ-Flyer-2023.pdf\" target=\"_blank\" role=\"button\" rel=\"noopener\" aria-label=\"Humic FAQ - Domestique\">\n\t\t\t\t\t\tHumic FAQ &#8211; Domestic\n\t\t\t\t\t<\/a>\n\t<a href=\"https:\/\/montysplantfood.com\/wp-content\/uploads\/2021\/04\/1173-Humic-FAQ-Flyer-2020-1.pdf\" target=\"_blank\" role=\"button\" rel=\"noopener\" aria-label=\"Humic FAQ - Nigeria\">\n\t\t\t\t\t\tHumic FAQ &#8211; Nigeria\n\t\t\t\t\t<\/a>\n\t<a href=\"https:\/\/montysplantfood.com\/wp-content\/uploads\/2024\/01\/1213-Humic-FAQ-Flyer-International-Spanish-2024.pdf\" target=\"_blank\" role=\"button\" rel=\"noopener\" aria-label=\"Humic FAQ - Guatemala\">\n\t\t\t\t\t\tHumic FAQ &#8211; Guatemala\n\t\t\t\t\t<\/a>\n\t<a href=\"https:\/\/montysinternational.com\/wp-content\/uploads\/2024\/01\/1213-Humic-FAQ-Flyer-Brazil-Portuguese-2024.pdf\" target=\"_blank\" role=\"button\" rel=\"noopener\" aria-label=\"Humic FAQ - Br\u00e9sil\">\n\t\t\t\t\t\tHumic FAQ &#8211; Brazil\n\t\t\t\t\t<\/a>","protected":false},"excerpt":{"rendered":"<p>Humic FAQs The Basics of Humics What are Humic Substances? Humic substances (Humics) are derived from ancient humified materials (e.g., lignite) and are broken into two main categories, Humic Acids and Fulvic Acids. They are major organic constituents of soil (humus), peat, and coal. They are also found in upland streams, lakes, and ocean water.&hellip;<\/p>","protected":false},"author":21,"featured_media":0,"parent":9926,"menu_order":0,"comment_status":"closed","ping_status":"closed","template":"","meta":{"_acf_changed":false,"footnotes":""},"class_list":["post-13356","page","type-page","status-publish","hentry"],"acf":[],"yoast_head":"<!-- This site is optimized with the Yoast SEO plugin v27.5 - https:\/\/yoast.com\/product\/yoast-seo-wordpress\/ -->\n<title>Humic FAQs - Monty&#039;s Plant Food<\/title>\n<meta name=\"description\" content=\"Monty\u2019s proprietary active humic technology is designed to improve the overall vitality of your soil.\" \/>\n<meta name=\"robots\" content=\"index, follow, max-snippet:-1, max-image-preview:large, max-video-preview:-1\" \/>\n<link rel=\"canonical\" href=\"https:\/\/montysplantfood.com\/fr\/the-humic-advantage\/humic-faq\/\" \/>\n<meta property=\"og:locale\" content=\"fr_FR\" \/>\n<meta property=\"og:type\" content=\"article\" \/>\n<meta property=\"og:title\" content=\"Humic FAQs - Monty&#039;s Plant Food\" \/>\n<meta property=\"og:description\" content=\"Monty\u2019s proprietary active humic technology is designed to improve the overall vitality of your soil.\" \/>\n<meta property=\"og:url\" content=\"https:\/\/montysplantfood.com\/fr\/the-humic-advantage\/humic-faq\/\" \/>\n<meta property=\"og:site_name\" content=\"Monty&#039;s Plant Food\" \/>\n<meta property=\"article:modified_time\" content=\"2024-11-22T19:01:16+00:00\" \/>\n<meta property=\"og:image\" content=\"https:\/\/montysplantfood.com\/wp-content\/uploads\/2020\/09\/social-share.jpg\" \/>\n\t<meta property=\"og:image:width\" content=\"1280\" \/>\n\t<meta property=\"og:image:height\" content=\"720\" \/>\n\t<meta property=\"og:image:type\" content=\"image\/jpeg\" \/>\n<meta name=\"twitter:card\" content=\"summary_large_image\" \/>\n<meta name=\"twitter:label1\" content=\"Est. reading time\" \/>\n\t<meta name=\"twitter:data1\" content=\"4 minutes\" \/>\n<script type=\"application\/ld+json\" class=\"yoast-schema-graph\">{\"@context\":\"https:\\\/\\\/schema.org\",\"@graph\":[{\"@type\":\"WebPage\",\"@id\":\"https:\\\/\\\/montysplantfood.com\\\/the-humic-advantage\\\/humic-faq\\\/\",\"url\":\"https:\\\/\\\/montysplantfood.com\\\/the-humic-advantage\\\/humic-faq\\\/\",\"name\":\"Humic FAQs - Monty&#039;s Plant Food\",\"isPartOf\":{\"@id\":\"https:\\\/\\\/montysplantfood.com\\\/#website\"},\"datePublished\":\"2023-12-19T16:13:15+00:00\",\"dateModified\":\"2024-11-22T19:01:16+00:00\",\"description\":\"Monty\u2019s proprietary active humic technology is designed to improve the overall vitality of your soil.\",\"breadcrumb\":{\"@id\":\"https:\\\/\\\/montysplantfood.com\\\/the-humic-advantage\\\/humic-faq\\\/#breadcrumb\"},\"inLanguage\":\"fr-FR\",\"potentialAction\":[{\"@type\":\"ReadAction\",\"target\":[\"https:\\\/\\\/montysplantfood.com\\\/the-humic-advantage\\\/humic-faq\\\/\"]}]},{\"@type\":\"BreadcrumbList\",\"@id\":\"https:\\\/\\\/montysplantfood.com\\\/the-humic-advantage\\\/humic-faq\\\/#breadcrumb\",\"itemListElement\":[{\"@type\":\"ListItem\",\"position\":1,\"name\":\"Home\",\"item\":\"https:\\\/\\\/montysplantfood.com\\\/\"},{\"@type\":\"ListItem\",\"position\":2,\"name\":\"The Humic Advantage OLD\",\"item\":\"https:\\\/\\\/montysplantfood.com\\\/the-humic-advantage\\\/\"},{\"@type\":\"ListItem\",\"position\":3,\"name\":\"Humic FAQs\"}]},{\"@type\":\"WebSite\",\"@id\":\"https:\\\/\\\/montysplantfood.com\\\/#website\",\"url\":\"https:\\\/\\\/montysplantfood.com\\\/\",\"name\":\"Monty&#039;s Plant Food\",\"description\":\"\",\"publisher\":{\"@id\":\"https:\\\/\\\/montysplantfood.com\\\/#organization\"},\"potentialAction\":[{\"@type\":\"SearchAction\",\"target\":{\"@type\":\"EntryPoint\",\"urlTemplate\":\"https:\\\/\\\/montysplantfood.com\\\/?s={search_term_string}\"},\"query-input\":{\"@type\":\"PropertyValueSpecification\",\"valueRequired\":true,\"valueName\":\"search_term_string\"}}],\"inLanguage\":\"fr-FR\"},{\"@type\":\"Organization\",\"@id\":\"https:\\\/\\\/montysplantfood.com\\\/#organization\",\"name\":\"Monty's Plant Food\",\"url\":\"https:\\\/\\\/montysplantfood.com\\\/\",\"logo\":{\"@type\":\"ImageObject\",\"inLanguage\":\"fr-FR\",\"@id\":\"https:\\\/\\\/montysplantfood.com\\\/#\\\/schema\\\/logo\\\/image\\\/\",\"url\":\"https:\\\/\\\/montysplantfood.com\\\/wp-content\\\/uploads\\\/2020\\\/09\\\/Website-Logo-TEST.png\",\"contentUrl\":\"https:\\\/\\\/montysplantfood.com\\\/wp-content\\\/uploads\\\/2020\\\/09\\\/Website-Logo-TEST.png\",\"width\":505,\"height\":358,\"caption\":\"Monty's Plant Food\"},\"image\":{\"@id\":\"https:\\\/\\\/montysplantfood.com\\\/#\\\/schema\\\/logo\\\/image\\\/\"}}]}<\/script>\n<!-- \/ Yoast SEO plugin. -->","yoast_head_json":{"title":"Humic FAQs - Monty&#039;s Plant Food","description":"Monty\u2019s proprietary active humic technology is designed to improve the overall vitality of your soil.","robots":{"index":"index","follow":"follow","max-snippet":"max-snippet:-1","max-image-preview":"max-image-preview:large","max-video-preview":"max-video-preview:-1"},"canonical":"https:\/\/montysplantfood.com\/fr\/the-humic-advantage\/humic-faq\/","og_locale":"fr_FR","og_type":"article","og_title":"Humic FAQs - Monty&#039;s Plant Food","og_description":"Monty\u2019s proprietary active humic technology is designed to improve the overall vitality of your soil.","og_url":"https:\/\/montysplantfood.com\/fr\/the-humic-advantage\/humic-faq\/","og_site_name":"Monty&#039;s Plant Food","article_modified_time":"2024-11-22T19:01:16+00:00","og_image":[{"width":1280,"height":720,"url":"https:\/\/montysplantfood.com\/wp-content\/uploads\/2020\/09\/social-share.jpg","type":"image\/jpeg"}],"twitter_card":"summary_large_image","twitter_misc":{"Est. reading time":"4 minutes"},"schema":{"@context":"https:\/\/schema.org","@graph":[{"@type":"WebPage","@id":"https:\/\/montysplantfood.com\/the-humic-advantage\/humic-faq\/","url":"https:\/\/montysplantfood.com\/the-humic-advantage\/humic-faq\/","name":"Humic FAQs - Monty&#039;s Plant Food","isPartOf":{"@id":"https:\/\/montysplantfood.com\/#website"},"datePublished":"2023-12-19T16:13:15+00:00","dateModified":"2024-11-22T19:01:16+00:00","description":"Monty\u2019s proprietary active humic technology is designed to improve the overall vitality of your soil.","breadcrumb":{"@id":"https:\/\/montysplantfood.com\/the-humic-advantage\/humic-faq\/#breadcrumb"},"inLanguage":"fr-FR","potentialAction":[{"@type":"ReadAction","target":["https:\/\/montysplantfood.com\/the-humic-advantage\/humic-faq\/"]}]},{"@type":"BreadcrumbList","@id":"https:\/\/montysplantfood.com\/the-humic-advantage\/humic-faq\/#breadcrumb","itemListElement":[{"@type":"ListItem","position":1,"name":"Home","item":"https:\/\/montysplantfood.com\/"},{"@type":"ListItem","position":2,"name":"The Humic Advantage OLD","item":"https:\/\/montysplantfood.com\/the-humic-advantage\/"},{"@type":"ListItem","position":3,"name":"Humic FAQs"}]},{"@type":"WebSite","@id":"https:\/\/montysplantfood.com\/#website","url":"https:\/\/montysplantfood.com\/","name":"Monty&#039;s Plant Food","description":"","publisher":{"@id":"https:\/\/montysplantfood.com\/#organization"},"potentialAction":[{"@type":"SearchAction","target":{"@type":"EntryPoint","urlTemplate":"https:\/\/montysplantfood.com\/?s={search_term_string}"},"query-input":{"@type":"PropertyValueSpecification","valueRequired":true,"valueName":"search_term_string"}}],"inLanguage":"fr-FR"},{"@type":"Organization","@id":"https:\/\/montysplantfood.com\/#organization","name":"Monty's Plant Food","url":"https:\/\/montysplantfood.com\/","logo":{"@type":"ImageObject","inLanguage":"fr-FR","@id":"https:\/\/montysplantfood.com\/#\/schema\/logo\/image\/","url":"https:\/\/montysplantfood.com\/wp-content\/uploads\/2020\/09\/Website-Logo-TEST.png","contentUrl":"https:\/\/montysplantfood.com\/wp-content\/uploads\/2020\/09\/Website-Logo-TEST.png","width":505,"height":358,"caption":"Monty's Plant Food"},"image":{"@id":"https:\/\/montysplantfood.com\/#\/schema\/logo\/image\/"}}]}},"_links":{"self":[{"href":"https:\/\/montysplantfood.com\/fr\/wp-json\/wp\/v2\/pages\/13356","targetHints":{"allow":["GET"]}}],"collection":[{"href":"https:\/\/montysplantfood.com\/fr\/wp-json\/wp\/v2\/pages"}],"about":[{"href":"https:\/\/montysplantfood.com\/fr\/wp-json\/wp\/v2\/types\/page"}],"author":[{"embeddable":true,"href":"https:\/\/montysplantfood.com\/fr\/wp-json\/wp\/v2\/users\/21"}],"replies":[{"embeddable":true,"href":"https:\/\/montysplantfood.com\/fr\/wp-json\/wp\/v2\/comments?post=13356"}],"version-history":[{"count":9,"href":"https:\/\/montysplantfood.com\/fr\/wp-json\/wp\/v2\/pages\/13356\/revisions"}],"predecessor-version":[{"id":13949,"href":"https:\/\/montysplantfood.com\/fr\/wp-json\/wp\/v2\/pages\/13356\/revisions\/13949"}],"up":[{"embeddable":true,"href":"https:\/\/montysplantfood.com\/fr\/wp-json\/wp\/v2\/pages\/9926"}],"wp:attachment":[{"href":"https:\/\/montysplantfood.com\/fr\/wp-json\/wp\/v2\/media?parent=13356"}],"curies":[{"name":"wp","href":"https:\/\/api.w.org\/{rel}","templated":true}]}}