{"id":13349,"date":"2023-12-19T11:11:48","date_gmt":"2023-12-19T16:11:48","guid":{"rendered":"https:\/\/montysplantfood.com\/?page_id=13349"},"modified":"2024-11-22T14:29:48","modified_gmt":"2024-11-22T19:29:48","slug":"all-season-solutions","status":"publish","type":"page","link":"https:\/\/montysplantfood.com\/fr\/humics\/all-season-solutions\/","title":{"rendered":"Monty&#8217;s All-Season Solutions"},"content":{"rendered":"<h1>\n\t\tMONTY&#8217;S ALL-SEASONS SOLUTIONS\n\t<\/h1>\n\t<p>Un sol plus sain. Des plantes plus saines. Des rendements plus \u00e9lev\u00e9s.<\/p>\n<h2>\n\t\tSuccessful farming requires year-round focus. Monty&#8217;s harnesses the power of activated humics and fulvics to develop innovative solutions that target the specific needs of your soil and plants at each stage of the growing season.\n\t<\/h2>\n\t<h3>Monty&#8217;s engineered humics have the optimum concentration for peak biological, chemical, and geological activity. This results in lower dosing rates, higher efficiency, and a wide variety of benefits to the soil and plant.\u00a0<\/h3>\n\t\t\t\t<img decoding=\"async\" src=\"https:\/\/montysplantfood.com\/wp-content\/uploads\/2023\/12\/All-Seasons-Chart-small2.png\" alt=\"All Seasons Chart -small2\" itemprop=\"image\" height=\"423\" width=\"900\" title=\"Tableau toutes saisons -small2\" onerror=\"this.style.display='none'\"  \/>\n\t<h2>Monty&#8217;s has solutions to your growing challenges all season!<\/h2>\n\t<p>Monty&#8217;s humics and fulvic products provide a wide array of benefits to your plant and soil throughout the year. Each product&#8217;s primary benefits are highlighted below with an overall focus on maximizing your ROI.<\/p>\n\t\t\t\t<img decoding=\"async\" src=\"https:\/\/montysplantfood.com\/wp-content\/uploads\/2023\/12\/All-Seasons-Chart-Products-1024x371.png\" alt=\"All Seasons Chart - Products\" itemprop=\"image\" height=\"371\" width=\"1024\" title=\"Tableau toutes saisons - Produits\" onerror=\"this.style.display='none'\"  \/>\n\t<h2>Revitalize your soil and energize your crops with proven solutions from Monty&#8217;s.<\/h2>\n\t<h3>\u00a0 \u00a01. REVITALISER<\/h3>\n\t<h3>\u00a0 \u00a0Stade : Pr\u00e9-plantation<\/h3>\n\t<p><b>PROBL\u00c8ME :<\/b> Le compactage du sol, l'accumulation de r\u00e9sidus, les niveaux \u00e9lev\u00e9s de sel, les nutriments li\u00e9s et d\u00e9s\u00e9quilibr\u00e9s, et l'accumulation d'herbicides.<\/p>\n\t<p><b>SOLUTION :<\/b> Healthy soil is your plants&#8217; best resource. It&#8217;s also your foundation for maximizing yield. Our range of humic and fulvic products boost your soil&#8217;s potential by reducing salts, breaking down residue buildup, and correcting nutrient imbalances. As soil biology improves, compaction problems ease and moisture management improves, too: giving you a stronger, more resilient base for all your plants. Whatever you&#8217;re growing, Monty&#8217;s means healthier soils, healthier plants, and higher ROI.<\/p>\n<p><strong>Recommandation du produit : <a href=\"https:\/\/montysplantfood.com\/fr\/products\/montys-liquid-carbon\/\">MLC<\/a>, <a href=\"https:\/\/montysplantfood.com\/fr\/products\/catalyzer\/\">Catalyseur<\/a>et <a href=\"https:\/\/montysplantfood.com\/fr\/products\/dri-carbon\/\">MDC<\/a><\/strong><\/p>\n\t<h3>\u00a0 \u00a02. STABILISER<\/h3>\n\t<h3>\u00a0 \u00a0Stade : Au moment de la plantation<\/h3>\n\t<p><b>PROBL\u00c8ME :<\/b> Tout l'azote (sec ou liquide), ainsi que le phosphore et la potasse, ont des indices de salinit\u00e9 \u00e9lev\u00e9s. Ces indices \u00e9lev\u00e9s contribuent aux probl\u00e8mes de germination et de d\u00e9veloppement des racines et ont un impact n\u00e9gatif sur le sol et la biologie. Perte d'\u00e9l\u00e9ments nutritifs, en particulier d'azote, dans le profil du sol, ce qui les rend indisponibles pour les cultures.<\/p>\n\t<p><b>SOLUTION :<\/b> Nourrissez vos plantes et votre sol tout en contr\u00f4lant la lib\u00e9ration des nutriments et en r\u00e9duisant les pertes dues au lessivage. L'enrobage d'engrais Humihance se m\u00e9lange \u00e0 tous les engrais granulaires et offre tous les avantages naturels des humus, en am\u00e9liorant l'absorption des nutriments et en att\u00e9nuant les sels d'engrais. Les plus grands producteurs comptent sur Humihance pour maximiser leur programme d'engrais afin d'obtenir un meilleur d\u00e9part et une meilleure saison, ann\u00e9e apr\u00e8s ann\u00e9e.<\/p>\n<p><strong>Recommandation du produit : <a href=\"https:\/\/montysplantfood.com\/fr\/products\/humihance\/\">Humihance<\/a> et <a href=\"https:\/\/montysplantfood.com\/fr\/products\/surge-xd\/\">Surge XD<\/a><\/strong><\/p>\n\t<h3>\u00a0 \u00a03. OPTIMISER<\/h3>\n\t<h3>\u00a0 \u00a0Stade : Foliaire<\/h3>\n\t<p><b>PROBL\u00c8ME :<\/b> Certains engrais foliaires liquides sont moins efficaces pour apporter les nutriments \u00e0 la plante.<\/p>\n\t<p><b>SOLUTION :<\/b> Take advantage of your foliar applications to give your plants a nutrient boost. Whether you&#8217;re applying nutrients, insecticide, herbicide, or fungicide, add the power of our humics and fulvics to your tank for a supercharged spray that goes right to plant tissue for extra growth support. Maximized nutrients mean healthier crops and higher ROI.<\/p>\n<p><strong>Recommandation du produit : <a href=\"https:\/\/montysplantfood.com\/fr\/products\/drivas\/\">Drivas<\/a>, <a href=\"https:\/\/montysplantfood.com\/fr\/products\/surge-xd\/\">Surge XD<\/a><\/strong><\/p>\n\t<h3>\u00a0 \u00a04. REMEDIATE<\/h3>\n\t<h3>\u00a0 \u00a0\u00c9tape : Post Harvest<\/h3>\n\t<p><b>PROBL\u00c8ME :<\/b> Accumulation de r\u00e9sidus, en particulier d'hybrides empil\u00e9s ; compactage du sol ; moisissures, champignons et maladies ; niveaux \u00e9lev\u00e9s de sel ; nutriments li\u00e9s et d\u00e9s\u00e9quilibr\u00e9s ; et r\u00e9sidus d'herbicides.<\/p>\n\t<p><b>SOLUTION :<\/b> Solve next season&#8217;s problems before they start. Our biologicals and activated humics speed up residue breakdown which helps eliminate mold, fungi, and any disease in your residue. They also help clear up herbicide carryover, while conditioning soil and helping make nutrients more readily available for planting next season. For added remediation benefits, include Monty&#8217;s Liquid Carbon.<\/p>\n<p><strong>Recommandation du produit : <a href=\"https:\/\/montysplantfood.com\/fr\/products\/humi-till\/\">Humi-Till<\/a> et <a href=\"https:\/\/montysplantfood.com\/fr\/products\/montys-liquid-carbon\/\">MLC<\/a><\/strong><\/p>\n<h2>\n\t\tD\u00e9couvrez pourquoi les agriculteurs du monde entier nous confient leurs champs\n\t<\/h2>\n                        <p>We farm about 650 acres of corn, soybeans, wheat, and pasture. We use Monty&#8217;s Liquid Carbon on our corn to reduce compaction and breakdown residue. It has given us higher yields and better soil health. Monty&#8217;s products mix well, are cleaner, and are better products. Monty&#8217;s has been a great return on our investment.<\/p>\n                                                        Coley Rogers \n                        <p>I would not have the success I&#8217;ve had without Monty&#8217;s Liquid Carbon.<\/p>\n                                                        Kevin Kalb \n                        <p>Using Monty&#8217;s on my tobacco has gained us about 200-300 pounds per acre; last season, my son used it and raised 3,400 pounds, and the plot right next to it only raised 2,900 without Monty&#8217;s.<\/p>\n                                                        Andy Newton \n                        <p>I have 8,000 acres of corn, wheat, soybeans, and barley, as well as 600 head of beef cattle. I have been using Monty&#8217;s for the past 5 years. I use Monty&#8217;s Liquid Carbon in the row. I am very pleased with increased production and how my crops look. I have seen increased bushels, more drought tolerance, and better root development. Monty&#8217;s Liquid Carbon has been a good investment. It really helps on lower-producing soils and lower organic matter soils. It helps loosen soil. I have noticed the roots branch out more, are more vigorous, and penetrate the soil deeper. I have seen a 10-15 bushel increase in corn yields. I would recommend Monty&#8217;s to everyone!<\/p>\n                                                        Zach Rose \n                        <p>I&#8217;ve been using Monty&#8217;s products on my crops for more than eight years. Our soil tests show a proven response. Our CEC numbers have increased 50% since we started using MLC and Agri-Sweet FG!\u00a0 Using the Monty&#8217;s program, our yields are consistently over 300 bushels for corn and 80 bushels for soybeans!<\/p>\n                                                        Ed Mershon \n        <!-- Add Pagination -->\n<h2>\n\t\tDemandez \u00e0 un agronome\n\t<\/h2>\n\t<p>Vous avez besoin de r\u00e9ponses \u00e0 un probl\u00e8me de culture ou \u00e0 une question agricole ? Nos agronomes sont l\u00e0 pour vous aider. <\/p>\n\t<a href=\"\/fr\/ask-agronomist\/\" target=\"_self\" role=\"button\" aria-label=\"Demandez \u00e0 un agronome\" rel=\"noopener\">\n\t\t\t\t\t\tDemandez \u00e0 un agronome\n\t\t\t\t\t<\/a>","protected":false},"excerpt":{"rendered":"<p>MONTY&#8217;S ALL-SEASONS SOLUTIONS Healthier Soil. Healthier Plants. Higher Yields. Successful farming requires year-round focus. Monty&#8217;s harnesses the power of activated humics and fulvics to develop innovative solutions that target the specific needs of your soil and plants at each stage of the growing season. Monty&#8217;s engineered humics have the optimum concentration for peak biological, chemical,&hellip;<\/p>","protected":false},"author":21,"featured_media":0,"parent":13283,"menu_order":0,"comment_status":"closed","ping_status":"closed","template":"","meta":{"_acf_changed":false,"footnotes":""},"class_list":["post-13349","page","type-page","status-publish","hentry"],"acf":[],"yoast_head":"<!-- This site is optimized with the Yoast SEO plugin v27.4 - https:\/\/yoast.com\/product\/yoast-seo-wordpress\/ -->\n<title>Monty&#039;s Plant Food | Healthier Soil. Healthier Plants. Higher Yields.<\/title>\n<meta name=\"description\" content=\"Natural soil enhancement and fertility programs designed to improve the quality and quantity of your crop yields and promote healthier plants and soil.Monty\u2019s proprietary active humic technology is designed to improve the overall vitality of your soil.\" \/>\n<meta name=\"robots\" content=\"index, follow, max-snippet:-1, max-image-preview:large, max-video-preview:-1\" \/>\n<link rel=\"canonical\" href=\"https:\/\/montysplantfood.com\/fr\/humics\/all-season-solutions\/\" \/>\n<meta property=\"og:locale\" content=\"fr_FR\" \/>\n<meta property=\"og:type\" content=\"article\" \/>\n<meta property=\"og:title\" content=\"Monty&#039;s Plant Food | Healthier Soil. Healthier Plants. Higher Yields.\" \/>\n<meta property=\"og:description\" content=\"Natural soil enhancement and fertility programs designed to improve the quality and quantity of your crop yields and promote healthier plants and soil.Monty\u2019s proprietary active humic technology is designed to improve the overall vitality of your soil.\" \/>\n<meta property=\"og:url\" content=\"https:\/\/montysplantfood.com\/fr\/humics\/all-season-solutions\/\" \/>\n<meta property=\"og:site_name\" content=\"Monty&#039;s Plant Food\" \/>\n<meta property=\"article:modified_time\" content=\"2024-11-22T19:29:48+00:00\" \/>\n<meta property=\"og:image\" content=\"https:\/\/montysplantfood.com\/wp-content\/uploads\/2023\/12\/All-Seasons-Chart-small2.png\" \/>\n<meta name=\"twitter:card\" content=\"summary_large_image\" \/>\n<meta name=\"twitter:label1\" content=\"Est. reading time\" \/>\n\t<meta name=\"twitter:data1\" content=\"5 minutes\" \/>\n<script type=\"application\/ld+json\" class=\"yoast-schema-graph\">{\"@context\":\"https:\\\/\\\/schema.org\",\"@graph\":[{\"@type\":\"WebPage\",\"@id\":\"https:\\\/\\\/montysplantfood.com\\\/humics\\\/all-season-solutions\\\/\",\"url\":\"https:\\\/\\\/montysplantfood.com\\\/humics\\\/all-season-solutions\\\/\",\"name\":\"Monty's Plant Food | Healthier Soil. Healthier Plants. Higher Yields.\",\"isPartOf\":{\"@id\":\"https:\\\/\\\/montysplantfood.com\\\/#website\"},\"primaryImageOfPage\":{\"@id\":\"https:\\\/\\\/montysplantfood.com\\\/humics\\\/all-season-solutions\\\/#primaryimage\"},\"image\":{\"@id\":\"https:\\\/\\\/montysplantfood.com\\\/humics\\\/all-season-solutions\\\/#primaryimage\"},\"thumbnailUrl\":\"https:\\\/\\\/montysplantfood.com\\\/wp-content\\\/uploads\\\/2023\\\/12\\\/All-Seasons-Chart-small2.png\",\"datePublished\":\"2023-12-19T16:11:48+00:00\",\"dateModified\":\"2024-11-22T19:29:48+00:00\",\"description\":\"Natural soil enhancement and fertility programs designed to improve the quality and quantity of your crop yields and promote healthier plants and soil.Monty\u2019s proprietary active humic technology is designed to improve the overall vitality of your soil.\",\"breadcrumb\":{\"@id\":\"https:\\\/\\\/montysplantfood.com\\\/humics\\\/all-season-solutions\\\/#breadcrumb\"},\"inLanguage\":\"fr-FR\",\"potentialAction\":[{\"@type\":\"ReadAction\",\"target\":[\"https:\\\/\\\/montysplantfood.com\\\/humics\\\/all-season-solutions\\\/\"]}]},{\"@type\":\"ImageObject\",\"inLanguage\":\"fr-FR\",\"@id\":\"https:\\\/\\\/montysplantfood.com\\\/humics\\\/all-season-solutions\\\/#primaryimage\",\"url\":\"https:\\\/\\\/montysplantfood.com\\\/wp-content\\\/uploads\\\/2023\\\/12\\\/All-Seasons-Chart-small2.png\",\"contentUrl\":\"https:\\\/\\\/montysplantfood.com\\\/wp-content\\\/uploads\\\/2023\\\/12\\\/All-Seasons-Chart-small2.png\"},{\"@type\":\"BreadcrumbList\",\"@id\":\"https:\\\/\\\/montysplantfood.com\\\/humics\\\/all-season-solutions\\\/#breadcrumb\",\"itemListElement\":[{\"@type\":\"ListItem\",\"position\":1,\"name\":\"Home\",\"item\":\"https:\\\/\\\/montysplantfood.com\\\/\"},{\"@type\":\"ListItem\",\"position\":2,\"name\":\"Monty&#8217;s Humics &#038; Fulvics\",\"item\":\"https:\\\/\\\/montysplantfood.com\\\/humics\\\/\"},{\"@type\":\"ListItem\",\"position\":3,\"name\":\"Monty&#8217;s All-Season Solutions\"}]},{\"@type\":\"WebSite\",\"@id\":\"https:\\\/\\\/montysplantfood.com\\\/#website\",\"url\":\"https:\\\/\\\/montysplantfood.com\\\/\",\"name\":\"Monty&#039;s Plant Food\",\"description\":\"\",\"publisher\":{\"@id\":\"https:\\\/\\\/montysplantfood.com\\\/#organization\"},\"potentialAction\":[{\"@type\":\"SearchAction\",\"target\":{\"@type\":\"EntryPoint\",\"urlTemplate\":\"https:\\\/\\\/montysplantfood.com\\\/?s={search_term_string}\"},\"query-input\":{\"@type\":\"PropertyValueSpecification\",\"valueRequired\":true,\"valueName\":\"search_term_string\"}}],\"inLanguage\":\"fr-FR\"},{\"@type\":\"Organization\",\"@id\":\"https:\\\/\\\/montysplantfood.com\\\/#organization\",\"name\":\"Monty's Plant Food\",\"url\":\"https:\\\/\\\/montysplantfood.com\\\/\",\"logo\":{\"@type\":\"ImageObject\",\"inLanguage\":\"fr-FR\",\"@id\":\"https:\\\/\\\/montysplantfood.com\\\/#\\\/schema\\\/logo\\\/image\\\/\",\"url\":\"https:\\\/\\\/montysplantfood.com\\\/wp-content\\\/uploads\\\/2020\\\/09\\\/Website-Logo-TEST.png\",\"contentUrl\":\"https:\\\/\\\/montysplantfood.com\\\/wp-content\\\/uploads\\\/2020\\\/09\\\/Website-Logo-TEST.png\",\"width\":505,\"height\":358,\"caption\":\"Monty's Plant Food\"},\"image\":{\"@id\":\"https:\\\/\\\/montysplantfood.com\\\/#\\\/schema\\\/logo\\\/image\\\/\"}}]}<\/script>\n<!-- \/ Yoast SEO plugin. -->","yoast_head_json":{"title":"Monty's Plant Food | Healthier Soil. Healthier Plants. Higher Yields.","description":"Natural soil enhancement and fertility programs designed to improve the quality and quantity of your crop yields and promote healthier plants and soil.Monty\u2019s proprietary active humic technology is designed to improve the overall vitality of your soil.","robots":{"index":"index","follow":"follow","max-snippet":"max-snippet:-1","max-image-preview":"max-image-preview:large","max-video-preview":"max-video-preview:-1"},"canonical":"https:\/\/montysplantfood.com\/fr\/humics\/all-season-solutions\/","og_locale":"fr_FR","og_type":"article","og_title":"Monty's Plant Food | Healthier Soil. Healthier Plants. Higher Yields.","og_description":"Natural soil enhancement and fertility programs designed to improve the quality and quantity of your crop yields and promote healthier plants and soil.Monty\u2019s proprietary active humic technology is designed to improve the overall vitality of your soil.","og_url":"https:\/\/montysplantfood.com\/fr\/humics\/all-season-solutions\/","og_site_name":"Monty&#039;s Plant Food","article_modified_time":"2024-11-22T19:29:48+00:00","og_image":[{"url":"https:\/\/montysplantfood.com\/wp-content\/uploads\/2023\/12\/All-Seasons-Chart-small2.png","type":"","width":"","height":""}],"twitter_card":"summary_large_image","twitter_misc":{"Est. reading time":"5 minutes"},"schema":{"@context":"https:\/\/schema.org","@graph":[{"@type":"WebPage","@id":"https:\/\/montysplantfood.com\/humics\/all-season-solutions\/","url":"https:\/\/montysplantfood.com\/humics\/all-season-solutions\/","name":"Monty's Plant Food | Healthier Soil. Healthier Plants. Higher Yields.","isPartOf":{"@id":"https:\/\/montysplantfood.com\/#website"},"primaryImageOfPage":{"@id":"https:\/\/montysplantfood.com\/humics\/all-season-solutions\/#primaryimage"},"image":{"@id":"https:\/\/montysplantfood.com\/humics\/all-season-solutions\/#primaryimage"},"thumbnailUrl":"https:\/\/montysplantfood.com\/wp-content\/uploads\/2023\/12\/All-Seasons-Chart-small2.png","datePublished":"2023-12-19T16:11:48+00:00","dateModified":"2024-11-22T19:29:48+00:00","description":"Natural soil enhancement and fertility programs designed to improve the quality and quantity of your crop yields and promote healthier plants and soil.Monty\u2019s proprietary active humic technology is designed to improve the overall vitality of your soil.","breadcrumb":{"@id":"https:\/\/montysplantfood.com\/humics\/all-season-solutions\/#breadcrumb"},"inLanguage":"fr-FR","potentialAction":[{"@type":"ReadAction","target":["https:\/\/montysplantfood.com\/humics\/all-season-solutions\/"]}]},{"@type":"ImageObject","inLanguage":"fr-FR","@id":"https:\/\/montysplantfood.com\/humics\/all-season-solutions\/#primaryimage","url":"https:\/\/montysplantfood.com\/wp-content\/uploads\/2023\/12\/All-Seasons-Chart-small2.png","contentUrl":"https:\/\/montysplantfood.com\/wp-content\/uploads\/2023\/12\/All-Seasons-Chart-small2.png"},{"@type":"BreadcrumbList","@id":"https:\/\/montysplantfood.com\/humics\/all-season-solutions\/#breadcrumb","itemListElement":[{"@type":"ListItem","position":1,"name":"Home","item":"https:\/\/montysplantfood.com\/"},{"@type":"ListItem","position":2,"name":"Monty&#8217;s Humics &#038; Fulvics","item":"https:\/\/montysplantfood.com\/humics\/"},{"@type":"ListItem","position":3,"name":"Monty&#8217;s All-Season Solutions"}]},{"@type":"WebSite","@id":"https:\/\/montysplantfood.com\/#website","url":"https:\/\/montysplantfood.com\/","name":"Monty&#039;s Plant Food","description":"","publisher":{"@id":"https:\/\/montysplantfood.com\/#organization"},"potentialAction":[{"@type":"SearchAction","target":{"@type":"EntryPoint","urlTemplate":"https:\/\/montysplantfood.com\/?s={search_term_string}"},"query-input":{"@type":"PropertyValueSpecification","valueRequired":true,"valueName":"search_term_string"}}],"inLanguage":"fr-FR"},{"@type":"Organization","@id":"https:\/\/montysplantfood.com\/#organization","name":"Monty's Plant Food","url":"https:\/\/montysplantfood.com\/","logo":{"@type":"ImageObject","inLanguage":"fr-FR","@id":"https:\/\/montysplantfood.com\/#\/schema\/logo\/image\/","url":"https:\/\/montysplantfood.com\/wp-content\/uploads\/2020\/09\/Website-Logo-TEST.png","contentUrl":"https:\/\/montysplantfood.com\/wp-content\/uploads\/2020\/09\/Website-Logo-TEST.png","width":505,"height":358,"caption":"Monty's Plant Food"},"image":{"@id":"https:\/\/montysplantfood.com\/#\/schema\/logo\/image\/"}}]}},"_links":{"self":[{"href":"https:\/\/montysplantfood.com\/fr\/wp-json\/wp\/v2\/pages\/13349","targetHints":{"allow":["GET"]}}],"collection":[{"href":"https:\/\/montysplantfood.com\/fr\/wp-json\/wp\/v2\/pages"}],"about":[{"href":"https:\/\/montysplantfood.com\/fr\/wp-json\/wp\/v2\/types\/page"}],"author":[{"embeddable":true,"href":"https:\/\/montysplantfood.com\/fr\/wp-json\/wp\/v2\/users\/21"}],"replies":[{"embeddable":true,"href":"https:\/\/montysplantfood.com\/fr\/wp-json\/wp\/v2\/comments?post=13349"}],"version-history":[{"count":10,"href":"https:\/\/montysplantfood.com\/fr\/wp-json\/wp\/v2\/pages\/13349\/revisions"}],"predecessor-version":[{"id":13485,"href":"https:\/\/montysplantfood.com\/fr\/wp-json\/wp\/v2\/pages\/13349\/revisions\/13485"}],"up":[{"embeddable":true,"href":"https:\/\/montysplantfood.com\/fr\/wp-json\/wp\/v2\/pages\/13283"}],"wp:attachment":[{"href":"https:\/\/montysplantfood.com\/fr\/wp-json\/wp\/v2\/media?parent=13349"}],"curies":[{"name":"wp","href":"https:\/\/api.w.org\/{rel}","templated":true}]}}