{"id":12911,"date":"2023-05-03T10:38:52","date_gmt":"2023-05-03T14:38:52","guid":{"rendered":"https:\/\/montysplantfood.com\/?page_id=12911"},"modified":"2024-11-19T08:22:38","modified_gmt":"2024-11-19T13:22:38","slug":"highyield","status":"publish","type":"page","link":"https:\/\/montysplantfood.com\/fr\/highyield\/","title":{"rendered":"Rendement \u00e9lev\u00e9"},"content":{"rendered":"<h1>\n\t\tFOR ACHIEVING HIGH YIELDS, THE DIFFERENCE IS MONTY&#8217;S\n\t<\/h1>\n\t<p><strong>Agriculture \u00e0 haut rendement<\/strong> is the fastest-growing trend in agriculture &#8211; literally. Growers who utilize high-yield programs consistently see more than 300 bushels of corn per acre &#8211; with some producing over 400 bushels &#8211; and soybean growers are harvesting more than 100 bushels per acre!\u00a0<\/p>\n<p>The &#8220;building blocks&#8221; to high-yield programs are not new &#8211; attention to plant and soil health, growing conditions, nutrient needs, and that ever-important element, timing. But high-yield growing applies these principles in new, science-based programs that are producing record yields and ROI; and producing them sustainably across the entire U.S.\u00a0<\/p>\n<p>You too can join the ranks of high-yield farmers. Finding the right partner is the key to maximizing your success. Our team of experienced, trusted advisors can help you meet your high-yield goals by utilizing Monty&#8217;s High Yield programs which offer ideal combinations of sustainable products and science-based application programs.\u00a0<\/p>\n<p>High-yield farming is still evolving. It may require a change in thinking, along with some changes in planting equipment and more attention during the growing season. Let Monty&#8217;s trusted advisors and proven solutions help guide you through these changes on your way to becoming a successful high yield grower&#8230; and higher ROI. And as a growing number of farmers across the country will testify, it&#8217;s more than worth the investment.\u00a0<\/p>\n<p><strong>Une Constitution chaleureuse<\/strong><\/p>\n<div id=\"attachment_11244\" style=\"width: 417px\" class=\"wp-caption alignright\"><a href=\"https:\/\/montysplantfood.com\/wp-content\/uploads\/2020\/10\/5d5640001a107.image_.jpg\"><img decoding=\"async\" aria-describedby=\"caption-attachment-11244\" src=\"https:\/\/montysplantfood.com\/wp-content\/uploads\/2020\/10\/5d5640001a107.image_.jpg\" alt=\"\" width=\"407\" height=\"273\" \/><\/a><p id=\"caption-attachment-11244\" class=\"wp-caption-text\">Terry Vissing est plusieurs fois vainqueur de la NCGA pour le ma\u00efs et fondateur du MACC pour le haut rendement.<\/p><\/div>\n<p>Un sol sain est la cl\u00e9 de l'augmentation du volume et de la vitalit\u00e9 des cultures, d'une saison \u00e0 l'autre. Un sol structurellement sain est \u00e9galement le mieux \u00e0 m\u00eame de r\u00e9sister aux effets n\u00e9gatifs des s\u00e9cheresses impr\u00e9visibles, des inondations, des vents violents et de toute autre condition difficile.<\/p>\n<p>As Joe Dedman, Monty&#8217;s VP of Agronomy, explains, &#8220;Poor soil health is the root cause of crop disease, low water retention, malnourished crops, erosion and practically every other problem a farmer encounters. Keep treating just the symptoms to these problems, and the problems will return time and again. Address the underlying issue-soil health as a whole-and nip the problems in the bud. That&#8217;s what we specialize in doing at Monty&#8217;s.&#8221;<\/p>\n<p>Monty&#8217;s Liquid Carbon is a unique, activated humic technology that reduces compaction and improves overall soil health. Time and again, MLC is the answer to farmers&#8217; problems with their soil.<\/p>\n<p><strong>Nutrition<\/strong><\/p>\n<p>Monty&#8217;s soil and plant nutrient solutions aid a plant&#8217;s growth throughout the process. Proprietary humic products contribute an edge to many of Monty&#8217;s unique formulas&#8211;fertilities, nutrients, and specialties&#8211;by serving as a catalyst that lends to higher nutrition in the crops, thus increasing yields. Plus, Monty&#8217;s products help to enhance the performance of fungicide, pesticide and herbicide programs.<\/p>\n<p>Monty&#8217;s program &#8211; including proprietary products such as Monty&#8217;s Liquid Carbon, Agri-Sweet FG, Surge XD, Microhance, and K28 \u00a0&#8211; is designed to provide the basic building blocks of a successful foliar fertilizer program.<\/p>\n<p>&#8220;I trust Monty&#8217;s products on every acre,&#8221; said Brooks Cardinal, National Corn Yield Winner.<\/p>\n<p><strong>Des conseillers de confiance et des outils pour des rendements plus \u00e9lev\u00e9s <\/strong><\/p>\n<p>Monty&#8217;s advisory team and services remove the guesswork from assessing soil issues and right timing of nutrient applications for producing the biggest harvest yield. Monty&#8217;s team understands that farmers, even in the same region, face different challenges to producing healthy, high-yield crops. For this reason, our advisors work closely with individual farmers to decipher their issues and formulate unique solutions.<\/p>\n<div id=\"attachment_12945\" style=\"width: 429px\" class=\"wp-caption alignleft\"><a href=\"https:\/\/montysplantfood.com\/wp-content\/uploads\/2023\/05\/Brooks-in-furrow.jpg\"><img decoding=\"async\" aria-describedby=\"caption-attachment-12945\" src=\"https:\/\/montysplantfood.com\/wp-content\/uploads\/2023\/05\/Brooks-in-furrow.jpg\" alt=\"\" width=\"419\" height=\"236\" \/><\/a><p id=\"caption-attachment-12945\" class=\"wp-caption-text\">Y-Drop est une m\u00e9thode d'application liquide id\u00e9ale et polyvalente qui fournit des nutriments directement \u00e0 la surface du sol.<\/p><\/div>\n<p>Monty&#8217;s team is comprised of trusted advisors strategically placed across the country with years of agricultural experience. Our team is headed up by Joe Dedman (more than 50 years in agriculture, including 25 years as a Certified Crop Advisor).<\/p>\n<p>Monty&#8217;s crop management program is one of the tools our team uses to help farmers solve problems before they occur. Monty&#8217;s program focuses on plant tissue and soil sampling. It offers data so you know exactly what is going on in your field and lends solutions to prevent or address developing problems. Dedman explains, &#8220;Our program offers an unprecedented package of tools to help our customers see deficiencies in their fields and address them immediately!&#8221; Monty&#8217;s can then offer specific solutions to address those deficiencies.<\/p>\n<p><strong>Pr\u00eat \u00e0 commencer ?<\/strong> Talk to the experts! Monty&#8217;s agronomy team is on hand to offer advice, resources, and connections with other high-yield growers to help you down the path to your own high-yield success. Whether it&#8217;s a strip, a test plot, a field, or going &#8220;all-in,&#8221; Monty&#8217;s trusted advisors are ready to help you achieve your high-yield goals. Contact your sales representative <a href=\"https:\/\/montysplantfood.com\/fr\/montys-team\/\">ici<\/a> ou appelez-nous au 800-978-6342 pour plus d'informations.<\/p>\n<p><strong>\u00a0<\/strong><\/p>\n<h2>Cliquez sur <a href=\"https:\/\/montysplantfood.com\/wp-content\/uploads\/2024\/02\/1211-High-Yield-Brochure-2024-WEB.pdf\">ici<\/a> pour obtenir notre brochure sur le haut rendement.<\/h2>\n<p>&nbsp;<\/p>\n\t\t\t\tMaximize Your Soil&#8217;s Potential\n\t\t<h2>Technologie Humic active<\/h2>\n\t<p>La diff\u00e9rence r\u00e9side dans l'activation. Lorsque vous appliquez \u00e0 votre sol la technologie humique propri\u00e9taire la plus active et la plus soluble du march\u00e9, tous les autres produits que vous appliquez fonctionnent mieux.<\/p>\n\t<a href=\"https:\/\/montysplantfood.com\/fr\/montys-humics-fulvics\/\" target=\"_self\" role=\"button\" aria-label=\"En savoir plus\" rel=\"noopener\">\n\t\t\t\t\t\tEn savoir plus\n\t\t\t\t\t<\/a>\n<h2>\n\t\tWhat You Can Count On From Monty&#8217;s\n\t<\/h2>\n\t\t\t\t\t\t\t<img decoding=\"async\" src=\"https:\/\/montysplantfood.com\/wp-content\/uploads\/2020\/08\/icon-benefit-1.png\" alt=\"icon-benefit-1\" \/>\n\t\t<h3>Des solutions bas\u00e9es sur les donn\u00e9es<\/h3>\n\t\t\t\t\t\t\t<img decoding=\"async\" src=\"https:\/\/montysplantfood.com\/wp-content\/uploads\/2020\/08\/icon-benefit-2.png\" alt=\"icon-benefit-2\" \/>\n\t\t<h3>Prompt Response &#038; Delivery<\/h3>\n\t\t\t\t\t\t\t<img decoding=\"async\" src=\"https:\/\/montysplantfood.com\/wp-content\/uploads\/2020\/08\/icon-benefit-3.png\" alt=\"icon-benefit-3\" \/>\n\t\t<h3>Innovative &#038; Proven Products<\/h3>\n\t\t\t\t\t\t\t<img decoding=\"async\" src=\"https:\/\/montysplantfood.com\/wp-content\/uploads\/2020\/08\/icon-benefit-4.png\" alt=\"icon-benefit-4\" \/>\n\t\t<h3>High &#038; Healthy Yields<\/h3>\n\t\t\t\t\t\t\t<img decoding=\"async\" src=\"https:\/\/montysplantfood.com\/wp-content\/uploads\/2020\/08\/icon-benefit-5.png\" alt=\"icon-benefit-5\" \/>\n\t\t<h3>Des experts en agronomie de confiance<\/h3>\n\t\t\t\t\t\t\t<img decoding=\"async\" src=\"https:\/\/montysplantfood.com\/wp-content\/uploads\/2020\/08\/icon-benefit-6.png\" alt=\"icon-benefit-6\" \/>\n\t\t<h3>Mat\u00e9riaux respectueux de l'environnement<\/h3>\n<h2>\n\t\tObtenez votre plan personnalis\u00e9 gratuit\n\t<\/h2>\n\t<p>Monty&#8217;s Agronomy Experts are committed to helping your fields flourish. Let&#8217;s talk about how.<\/p>\n\t<a href=\"https:\/\/montysplantfood.com\/fr\/custom-plan\/\" target=\"_self\" role=\"button\" aria-label=\"Cr\u00e9er un plan personnalis\u00e9\" rel=\"noopener\">\n\t\t\t\t\t\tCr\u00e9er un plan personnalis\u00e9\n\t\t\t\t\t<\/a>","protected":false},"excerpt":{"rendered":"<p>FOR ACHIEVING HIGH YIELDS, THE DIFFERENCE IS MONTY&#8217;S High-yield farming is the fastest-growing trend in agriculture &#8211; literally. Growers who utilize high-yield programs consistently see more than 300 bushels of corn per acre &#8211; with some producing over 400 bushels &#8211; and soybean growers are harvesting more than 100 bushels per acre!\u00a0 The &#8220;building blocks&#8221;&hellip;<\/p>","protected":false},"author":17,"featured_media":0,"parent":0,"menu_order":7,"comment_status":"closed","ping_status":"closed","template":"","meta":{"_acf_changed":false,"footnotes":""},"class_list":["post-12911","page","type-page","status-publish","hentry"],"acf":[],"yoast_head":"<!-- This site is optimized with the Yoast SEO plugin v27.4 - https:\/\/yoast.com\/product\/yoast-seo-wordpress\/ -->\n<title>High Yield - Monty&#039;s Plant Food<\/title>\n<meta name=\"robots\" content=\"index, follow, max-snippet:-1, max-image-preview:large, max-video-preview:-1\" \/>\n<link rel=\"canonical\" href=\"https:\/\/montysplantfood.com\/fr\/highyield\/\" \/>\n<meta property=\"og:locale\" content=\"fr_FR\" \/>\n<meta property=\"og:type\" content=\"article\" \/>\n<meta property=\"og:title\" content=\"High Yield - Monty&#039;s Plant Food\" \/>\n<meta property=\"og:description\" content=\"FOR ACHIEVING HIGH YIELDS, THE DIFFERENCE IS MONTY&#8217;S High-yield farming is the fastest-growing trend in agriculture &#8211; literally. Growers who utilize high-yield programs consistently see more than 300 bushels of corn per acre &#8211; with some producing over 400 bushels &#8211; and soybean growers are harvesting more than 100 bushels per acre!\u00a0 The &#8220;building blocks&#8221;&hellip;\" \/>\n<meta property=\"og:url\" content=\"https:\/\/montysplantfood.com\/fr\/highyield\/\" \/>\n<meta property=\"og:site_name\" content=\"Monty&#039;s Plant Food\" \/>\n<meta property=\"article:modified_time\" content=\"2024-11-19T13:22:38+00:00\" \/>\n<meta property=\"og:image\" content=\"https:\/\/montysplantfood.com\/wp-content\/uploads\/2020\/10\/5d5640001a107.image_.jpg\" \/>\n<meta name=\"twitter:card\" content=\"summary_large_image\" \/>\n<meta name=\"twitter:label1\" content=\"Est. reading time\" \/>\n\t<meta name=\"twitter:data1\" content=\"6 minutes\" \/>\n<script type=\"application\/ld+json\" class=\"yoast-schema-graph\">{\"@context\":\"https:\\\/\\\/schema.org\",\"@graph\":[{\"@type\":\"WebPage\",\"@id\":\"https:\\\/\\\/montysplantfood.com\\\/highyield\\\/\",\"url\":\"https:\\\/\\\/montysplantfood.com\\\/highyield\\\/\",\"name\":\"High Yield - Monty&#039;s Plant Food\",\"isPartOf\":{\"@id\":\"https:\\\/\\\/montysplantfood.com\\\/#website\"},\"primaryImageOfPage\":{\"@id\":\"https:\\\/\\\/montysplantfood.com\\\/highyield\\\/#primaryimage\"},\"image\":{\"@id\":\"https:\\\/\\\/montysplantfood.com\\\/highyield\\\/#primaryimage\"},\"thumbnailUrl\":\"https:\\\/\\\/montysplantfood.com\\\/wp-content\\\/uploads\\\/2020\\\/10\\\/5d5640001a107.image_.jpg\",\"datePublished\":\"2023-05-03T14:38:52+00:00\",\"dateModified\":\"2024-11-19T13:22:38+00:00\",\"breadcrumb\":{\"@id\":\"https:\\\/\\\/montysplantfood.com\\\/highyield\\\/#breadcrumb\"},\"inLanguage\":\"fr-FR\",\"potentialAction\":[{\"@type\":\"ReadAction\",\"target\":[\"https:\\\/\\\/montysplantfood.com\\\/highyield\\\/\"]}]},{\"@type\":\"ImageObject\",\"inLanguage\":\"fr-FR\",\"@id\":\"https:\\\/\\\/montysplantfood.com\\\/highyield\\\/#primaryimage\",\"url\":\"https:\\\/\\\/montysplantfood.com\\\/wp-content\\\/uploads\\\/2020\\\/10\\\/5d5640001a107.image_.jpg\",\"contentUrl\":\"https:\\\/\\\/montysplantfood.com\\\/wp-content\\\/uploads\\\/2020\\\/10\\\/5d5640001a107.image_.jpg\"},{\"@type\":\"BreadcrumbList\",\"@id\":\"https:\\\/\\\/montysplantfood.com\\\/highyield\\\/#breadcrumb\",\"itemListElement\":[{\"@type\":\"ListItem\",\"position\":1,\"name\":\"Home\",\"item\":\"https:\\\/\\\/montysplantfood.com\\\/\"},{\"@type\":\"ListItem\",\"position\":2,\"name\":\"High Yield\"}]},{\"@type\":\"WebSite\",\"@id\":\"https:\\\/\\\/montysplantfood.com\\\/#website\",\"url\":\"https:\\\/\\\/montysplantfood.com\\\/\",\"name\":\"Monty&#039;s Plant Food\",\"description\":\"\",\"publisher\":{\"@id\":\"https:\\\/\\\/montysplantfood.com\\\/#organization\"},\"potentialAction\":[{\"@type\":\"SearchAction\",\"target\":{\"@type\":\"EntryPoint\",\"urlTemplate\":\"https:\\\/\\\/montysplantfood.com\\\/?s={search_term_string}\"},\"query-input\":{\"@type\":\"PropertyValueSpecification\",\"valueRequired\":true,\"valueName\":\"search_term_string\"}}],\"inLanguage\":\"fr-FR\"},{\"@type\":\"Organization\",\"@id\":\"https:\\\/\\\/montysplantfood.com\\\/#organization\",\"name\":\"Monty's Plant Food\",\"url\":\"https:\\\/\\\/montysplantfood.com\\\/\",\"logo\":{\"@type\":\"ImageObject\",\"inLanguage\":\"fr-FR\",\"@id\":\"https:\\\/\\\/montysplantfood.com\\\/#\\\/schema\\\/logo\\\/image\\\/\",\"url\":\"https:\\\/\\\/montysplantfood.com\\\/wp-content\\\/uploads\\\/2020\\\/09\\\/Website-Logo-TEST.png\",\"contentUrl\":\"https:\\\/\\\/montysplantfood.com\\\/wp-content\\\/uploads\\\/2020\\\/09\\\/Website-Logo-TEST.png\",\"width\":505,\"height\":358,\"caption\":\"Monty's Plant Food\"},\"image\":{\"@id\":\"https:\\\/\\\/montysplantfood.com\\\/#\\\/schema\\\/logo\\\/image\\\/\"}}]}<\/script>\n<!-- \/ Yoast SEO plugin. -->","yoast_head_json":{"title":"High Yield - Monty&#039;s Plant Food","robots":{"index":"index","follow":"follow","max-snippet":"max-snippet:-1","max-image-preview":"max-image-preview:large","max-video-preview":"max-video-preview:-1"},"canonical":"https:\/\/montysplantfood.com\/fr\/highyield\/","og_locale":"fr_FR","og_type":"article","og_title":"High Yield - Monty&#039;s Plant Food","og_description":"FOR ACHIEVING HIGH YIELDS, THE DIFFERENCE IS MONTY&#8217;S High-yield farming is the fastest-growing trend in agriculture &#8211; literally. Growers who utilize high-yield programs consistently see more than 300 bushels of corn per acre &#8211; with some producing over 400 bushels &#8211; and soybean growers are harvesting more than 100 bushels per acre!\u00a0 The &#8220;building blocks&#8221;&hellip;","og_url":"https:\/\/montysplantfood.com\/fr\/highyield\/","og_site_name":"Monty&#039;s Plant Food","article_modified_time":"2024-11-19T13:22:38+00:00","og_image":[{"url":"https:\/\/montysplantfood.com\/wp-content\/uploads\/2020\/10\/5d5640001a107.image_.jpg","type":"","width":"","height":""}],"twitter_card":"summary_large_image","twitter_misc":{"Est. reading time":"6 minutes"},"schema":{"@context":"https:\/\/schema.org","@graph":[{"@type":"WebPage","@id":"https:\/\/montysplantfood.com\/highyield\/","url":"https:\/\/montysplantfood.com\/highyield\/","name":"High Yield - Monty&#039;s Plant Food","isPartOf":{"@id":"https:\/\/montysplantfood.com\/#website"},"primaryImageOfPage":{"@id":"https:\/\/montysplantfood.com\/highyield\/#primaryimage"},"image":{"@id":"https:\/\/montysplantfood.com\/highyield\/#primaryimage"},"thumbnailUrl":"https:\/\/montysplantfood.com\/wp-content\/uploads\/2020\/10\/5d5640001a107.image_.jpg","datePublished":"2023-05-03T14:38:52+00:00","dateModified":"2024-11-19T13:22:38+00:00","breadcrumb":{"@id":"https:\/\/montysplantfood.com\/highyield\/#breadcrumb"},"inLanguage":"fr-FR","potentialAction":[{"@type":"ReadAction","target":["https:\/\/montysplantfood.com\/highyield\/"]}]},{"@type":"ImageObject","inLanguage":"fr-FR","@id":"https:\/\/montysplantfood.com\/highyield\/#primaryimage","url":"https:\/\/montysplantfood.com\/wp-content\/uploads\/2020\/10\/5d5640001a107.image_.jpg","contentUrl":"https:\/\/montysplantfood.com\/wp-content\/uploads\/2020\/10\/5d5640001a107.image_.jpg"},{"@type":"BreadcrumbList","@id":"https:\/\/montysplantfood.com\/highyield\/#breadcrumb","itemListElement":[{"@type":"ListItem","position":1,"name":"Home","item":"https:\/\/montysplantfood.com\/"},{"@type":"ListItem","position":2,"name":"High Yield"}]},{"@type":"WebSite","@id":"https:\/\/montysplantfood.com\/#website","url":"https:\/\/montysplantfood.com\/","name":"Monty&#039;s Plant Food","description":"","publisher":{"@id":"https:\/\/montysplantfood.com\/#organization"},"potentialAction":[{"@type":"SearchAction","target":{"@type":"EntryPoint","urlTemplate":"https:\/\/montysplantfood.com\/?s={search_term_string}"},"query-input":{"@type":"PropertyValueSpecification","valueRequired":true,"valueName":"search_term_string"}}],"inLanguage":"fr-FR"},{"@type":"Organization","@id":"https:\/\/montysplantfood.com\/#organization","name":"Monty's Plant Food","url":"https:\/\/montysplantfood.com\/","logo":{"@type":"ImageObject","inLanguage":"fr-FR","@id":"https:\/\/montysplantfood.com\/#\/schema\/logo\/image\/","url":"https:\/\/montysplantfood.com\/wp-content\/uploads\/2020\/09\/Website-Logo-TEST.png","contentUrl":"https:\/\/montysplantfood.com\/wp-content\/uploads\/2020\/09\/Website-Logo-TEST.png","width":505,"height":358,"caption":"Monty's Plant Food"},"image":{"@id":"https:\/\/montysplantfood.com\/#\/schema\/logo\/image\/"}}]}},"_links":{"self":[{"href":"https:\/\/montysplantfood.com\/fr\/wp-json\/wp\/v2\/pages\/12911","targetHints":{"allow":["GET"]}}],"collection":[{"href":"https:\/\/montysplantfood.com\/fr\/wp-json\/wp\/v2\/pages"}],"about":[{"href":"https:\/\/montysplantfood.com\/fr\/wp-json\/wp\/v2\/types\/page"}],"author":[{"embeddable":true,"href":"https:\/\/montysplantfood.com\/fr\/wp-json\/wp\/v2\/users\/17"}],"replies":[{"embeddable":true,"href":"https:\/\/montysplantfood.com\/fr\/wp-json\/wp\/v2\/comments?post=12911"}],"version-history":[{"count":10,"href":"https:\/\/montysplantfood.com\/fr\/wp-json\/wp\/v2\/pages\/12911\/revisions"}],"predecessor-version":[{"id":13523,"href":"https:\/\/montysplantfood.com\/fr\/wp-json\/wp\/v2\/pages\/12911\/revisions\/13523"}],"wp:attachment":[{"href":"https:\/\/montysplantfood.com\/fr\/wp-json\/wp\/v2\/media?parent=12911"}],"curies":[{"name":"wp","href":"https:\/\/api.w.org\/{rel}","templated":true}]}}