{"id":11560,"date":"2021-03-16T18:16:27","date_gmt":"2021-03-16T22:16:27","guid":{"rendered":"http:\/\/localhost:10003\/?page_id=11560"},"modified":"2025-07-09T11:12:09","modified_gmt":"2025-07-09T15:12:09","slug":"montys-plantvantage","status":"publish","type":"page","link":"https:\/\/montysplantfood.com\/fr\/montys-plantvantage\/","title":{"rendered":"Monty's PlantVantage"},"content":{"rendered":"<h1>\n\t\t\tMonty's PlantVantage\t<\/h1>\n\t<p>Premium plant food for better plants, gardens, and landscaping.<\/p>\n\t<a href=\"https:\/\/montysplantfood.com\/fr\/montys-plantvantage\/ask-plantvantage-pro\/\" target=\"_blank\" role=\"button\" rel=\"noopener\" aria-label=\"Demandez \u00e0 un expert de plantvantage\">\n\t\t\t\t\t\tDemandez \u00e0 un expert de plantvantage\n\t\t\t\t\t<\/a>\n<h2>\n\t\t\tDes produits uniques pour les plantes et les sols, pour des r\u00e9sultats uniques\t<\/h2>\n<h3>\n\t\t\tLE JARDINAGE SANS SOUCI\t<\/h3>\n\t<p>Monty&#8217;s PlantVantage products are a combination of stable, quality ingredients, and have been formulated to promote faster root development, stronger plant growth and increased flower, fruit and vegetable production. They are also low in salt, pH balanced, safe for kids and pets, non-toxic and non-corrosive.<\/p>\n\t\t\t<img decoding=\"async\" src=\"https:\/\/montysplantfood.com\/wp-content\/uploads\/2021\/03\/greenhouse-tomatoes.jpg\" title=\"tomates sous serre\" alt=\"\" \/>\t\t\t\t\t\t\t\n\t\t\t\t\tPlay Video\n<h2>\n\t\t\tProduits PlantVantage\t<\/h2>\n\t\t\t\t\t\t\t\t\t<img decoding=\"async\" src=\"https:\/\/montysplantfood.com\/wp-content\/uploads\/2021\/03\/gardening-plot.jpg\" alt=\"gardening plot\" itemprop=\"image\" height=\"667\" width=\"1000\" srcset=\"https:\/\/montysplantfood.com\/wp-content\/uploads\/2021\/03\/gardening-plot.jpg 1000w, https:\/\/montysplantfood.com\/wp-content\/uploads\/2021\/03\/gardening-plot-300x200.jpg 300w\" sizes=\"(max-width: 1000px) 100vw, 1000px\" title=\"parcelle de jardinage\" onerror=\"this.style.display='none'\"  \/>\n\t<p>PlantVantage est une gamme unique de produits de d\u00e9tail pour la maison et le jardin, comprenant un conditionneur de sol \u00e0 base d'humus activ\u00e9 et des aliments foliaires \u00e0 faible dose pour les plantes, afin de r\u00e9pondre \u00e0 vos besoins de croissance.<\/p>\n\t<a href=\"https:\/\/montysplantfood.com\/fr\/montys-plantvantage\/products\/\" target=\"_self\" role=\"button\" aria-label=\"Explorer les produits\">\n\t\t\t\t\t\tExplorer les produits\n\t\t\t\t\t<\/a>\n<h2>\n\t\t\tId\u00e9al pour une utilisation dans tous les :\t<\/h2>\n\t<ul>\n<li>Jardins de fleurs et de l\u00e9gumes<\/li>\n<li>Parterres paysagers avec diff\u00e9rents types de sol<\/li>\n<li>Nouvelles plantations de fleurs, d'arbres et d'arbustes<\/li>\n<\/ul>\n\t<a href=\"https:\/\/www.amazon.com\/stores\/page\/557D5105-C8BD-4DD1-B5D7-EF03DA711BBD?ingress=0&#038;lp_context_asin=B0DKPB852S&#038;visitId=62c89fc3-7b37-473d-80cd-fda1542dd3d4&#038;store_ref=bl_ast_dp_brandLogo_sto&#038;ref_=ast_bln\" target=\"_blank\" role=\"button\" rel=\"noopener\" aria-label=\"Acheter\">\n\t\t\t\t\t\tAcheter\n\t\t\t\t\t<\/a>\n<h2>\n\t\t\tD\u00e9couvrez pourquoi tant de gens nous confient leurs jardins\t<\/h2>\n                        <p>La diff\u00e9rence qu'il a faite dans mon paysage et dans mon potager \u00e9tait incroyable ! En 60 ans de jardinage, je n'ai jamais utilis\u00e9 un produit aussi efficace.<\/p>\n                                                        Gloria Angeletti \n                                                            Lawrenceburg, KY \n                        <p>Je l'ai essay\u00e9 sur la moiti\u00e9 de mon jardin pendant les 4 \u00e0 6 premi\u00e8res semaines de la saison, les r\u00e9sultats \u00e9taient incroyables, je l'ai ensuite appliqu\u00e9 sur l'autre moiti\u00e9.<\/p>\n                                                        Carolyn Mills \n                                                            Middletown, KY \n                        <p>We used Monty&#8217;s Premium Soil Conditioner this spring in an attempt to boost organic matter in soil thus optimizing seed establishment, moisture retention &amp; stress recovery. We plan on including Monty&#8217;s in the future as the results were evident!<\/p>\n                                                        Chris Waldridge \n                                                            Farison Sports Turf, Louisville, KY \n                        <p>The way my garden looks all I can say is thank God for Monty&#8217;s!<\/p>\n                                                        Bill McCluskey \n                                                            South Silver Creek, GA \n                        <p>We have used and sold Monty&#8217;s products since 1999, after about 3 years I no longer needed to carry the national brands.<\/p>\n                                                        Mike Brown \n                                                             Paul&#8217;s Fruit Market, Louisville, KY \n        <!-- Add Pagination -->\n<h2>\n\t\t\tVoir, c'est croire !\t<\/h2>\n\t<p>Check out Monty&#8217;s products performing in the field.<\/p>\n\t<meta itemscope itemprop=\"mainEntityOfPage\" itemtype=\"https:\/\/schema.org\/WebPage\" itemid=\"http:\/\/11805\" content=\"Success You Can See!\" \/><meta itemprop=\"datePublished\" content=\"2021-04-05\" \/><meta itemprop=\"dateModified\" content=\"2021-04-07\" \/><meta itemprop=\"name\" content=\"Monty&#039;s Plant Food\"\/><meta itemprop=\"url\" content=\"https:\/\/montysplantfood.com\/author\/don-montys\/\" \/><meta itemprop=\"name\" content=\"donmontys\" \/><meta itemprop=\"url\" content=\"https:\/\/montysplantfood.com\/wp-content\/uploads\/2021\/04\/Plant-1.jpg\" \/><meta itemprop=\"width\" content=\"428\" \/><meta itemprop=\"height\" content=\"367\" \/><meta itemprop=\"interactionType\" content=\"https:\/\/schema.org\/CommentAction\" \/><meta itemprop=\"userInteractionCount\" content=\"0\" \/>\t\n\t\t\t<a href=\"https:\/\/montysplantfood.com\/fr\/results\/success-you-can-see\/\" title=\"Un succ\u00e8s qui se voit !\"><\/a>\n\t\t\t\t<img decoding=\"async\" src=\"https:\/\/montysplantfood.com\/wp-content\/uploads\/bb-plugin\/cache\/Plant-1-landscape-51363ceb25a84ee934132a1bfa0e6ee7-.jpg\" alt=\"Plant-1\" itemprop=\"image\" data-no-lazy=\"1\" height=\"367\" width=\"428\" title=\"Plante-1\" onerror=\"this.style.display='none'\" loading='lazy' \/>\n\t\t\t\t\t\t\t<h3 itemprop=\"headline\">\n\t\t\t\t\t\t\t\t\t\t\tUn succ\u00e8s qui se voit !\t\t\t\t\t\t\t\t\t<\/h3>\n    <p>Look at this 8.41lbs. sweet potato.\u00a0 The grower used Monty&#8217;s Plantvantage (Premium Root &#038; Bloom and Premium Growth).\u00a0<\/p>\n\t<meta itemscope itemprop=\"mainEntityOfPage\" itemtype=\"https:\/\/schema.org\/WebPage\" itemid=\"http:\/\/11801\" content=\"A Customer in Jennings County\" \/><meta itemprop=\"datePublished\" content=\"2021-04-05\" \/><meta itemprop=\"dateModified\" content=\"2021-04-07\" \/><meta itemprop=\"name\" content=\"Monty&#039;s Plant Food\"\/><meta itemprop=\"url\" content=\"https:\/\/montysplantfood.com\/author\/don-montys\/\" \/><meta itemprop=\"name\" content=\"donmontys\" \/><meta itemprop=\"url\" content=\"https:\/\/montysplantfood.com\/wp-content\/uploads\/2021\/04\/40404111_2112288829035308_3513572363851530240_n.jpg\" \/><meta itemprop=\"width\" content=\"960\" \/><meta itemprop=\"height\" content=\"720\" \/><meta itemprop=\"interactionType\" content=\"https:\/\/schema.org\/CommentAction\" \/><meta itemprop=\"userInteractionCount\" content=\"0\" \/>\t\n\t\t\t<a href=\"https:\/\/montysplantfood.com\/fr\/results\/a-customer-in-jennings-county\/\" title=\"Un client dans le comt\u00e9 de Jennings\"><\/a>\n\t\t\t\t<img decoding=\"async\" src=\"https:\/\/montysplantfood.com\/wp-content\/uploads\/bb-plugin\/cache\/40404111_2112288829035308_3513572363851530240_n-landscape-d257d935ab0d8878f46641634783d400-.jpg\" alt=\"40404111_2112288829035308_3513572363851530240_n\" itemprop=\"image\" data-no-lazy=\"1\" height=\"720\" width=\"960\" title=\"40404111_2112288829035308_3513572363851530240_n\" onerror=\"this.style.display='none'\" loading='lazy' \/>\n\t\t\t\t\t\t\t<h3 itemprop=\"headline\">\n\t\t\t\t\t\t\t\t\t\t\tUn client dans le comt\u00e9 de Jennings\t\t\t\t\t\t\t\t\t<\/h3>\n    <p>Je n'ai pas r\u00e9ussi \u00e0 faire pousser des past\u00e8ques ces derni\u00e8res ann\u00e9es et j'\u00e9tais sur le point d'abandonner l'id\u00e9e ! J'ai donn\u00e9 une derni\u00e8re chance et j'ai utilis\u00e9 Monty's Root &amp; Bloom et les r\u00e9sultats sont INCROYABLES !\u00a0<\/p>\n\t<meta itemscope itemprop=\"mainEntityOfPage\" itemtype=\"https:\/\/schema.org\/WebPage\" itemid=\"http:\/\/11800\" content=\"Ideal for Professionals\" \/><meta itemprop=\"datePublished\" content=\"2021-04-05\" \/><meta itemprop=\"dateModified\" content=\"2021-04-07\" \/><meta itemprop=\"name\" content=\"Monty&#039;s Plant Food\"\/><meta itemprop=\"url\" content=\"https:\/\/montysplantfood.com\/author\/don-montys\/\" \/><meta itemprop=\"name\" content=\"donmontys\" \/><meta itemprop=\"url\" content=\"https:\/\/montysplantfood.com\/wp-content\/uploads\/2021\/04\/20150626_101417-Low.jpg\" \/><meta itemprop=\"width\" content=\"1500\" \/><meta itemprop=\"height\" content=\"1000\" \/><meta itemprop=\"interactionType\" content=\"https:\/\/schema.org\/CommentAction\" \/><meta itemprop=\"userInteractionCount\" content=\"0\" \/>\t\n\t\t\t<a href=\"https:\/\/montysplantfood.com\/fr\/results\/garden-professional\/\" title=\"Id\u00e9al pour les professionnels\"><\/a>\n\t\t\t\t<img decoding=\"async\" src=\"https:\/\/montysplantfood.com\/wp-content\/uploads\/bb-plugin\/cache\/20150626_101417-Low-1024x683-landscape-c7bfa85e786f17136b50d43fb66f3211-.jpg\" alt=\"20150626_101417-Low\" itemprop=\"image\" data-no-lazy=\"1\" height=\"683\" width=\"1024\" title=\"20150626_101417-Basse\" onerror=\"this.style.display='none'\" loading='lazy' \/>\n\t\t\t\t\t\t\t<h3 itemprop=\"headline\">\n\t\t\t\t\t\t\t\t\t\t\tId\u00e9al pour les professionnels\t\t\t\t\t\t\t\t\t<\/h3>\n    <p>Les produits PlantVantage sont id\u00e9aux pour les serres, les p\u00e9pini\u00e8res et les programmes d'installation et d'entretien des paysages.<\/p>\n\t<meta itemscope itemprop=\"mainEntityOfPage\" itemtype=\"https:\/\/schema.org\/WebPage\" itemid=\"http:\/\/11798\" content=\"Mike Stephens\" \/><meta itemprop=\"datePublished\" content=\"2021-04-05\" \/><meta itemprop=\"dateModified\" content=\"2021-04-05\" \/><meta itemprop=\"name\" content=\"Monty&#039;s Plant Food\"\/><meta itemprop=\"url\" content=\"https:\/\/montysplantfood.com\/author\/don-montys\/\" \/><meta itemprop=\"name\" content=\"donmontys\" \/><meta itemprop=\"url\" content=\"https:\/\/montysplantfood.com\/wp-content\/uploads\/2021\/04\/59891654_2271704219760434_2439851877249056768_n.jpg\" \/><meta itemprop=\"width\" content=\"526\" \/><meta itemprop=\"height\" content=\"526\" \/><meta itemprop=\"interactionType\" content=\"https:\/\/schema.org\/CommentAction\" \/><meta itemprop=\"userInteractionCount\" content=\"0\" \/>\t\n\t\t\t<a href=\"https:\/\/montysplantfood.com\/fr\/results\/mike-stephens\/\" title=\"Mike Stephens\"><\/a>\n\t\t\t\t<img decoding=\"async\" src=\"https:\/\/montysplantfood.com\/wp-content\/uploads\/bb-plugin\/cache\/59891654_2271704219760434_2439851877249056768_n-landscape-fc30bf80efdd8d8e1a0e7457575c7675-.jpg\" alt=\"59891654_2271704219760434_2439851877249056768_n\" itemprop=\"image\" data-no-lazy=\"1\" height=\"526\" width=\"526\" title=\"59891654_2271704219760434_2439851877249056768_n\" onerror=\"this.style.display='none'\" loading='lazy' \/>\n\t\t\t\t\t\t\t<h3 itemprop=\"headline\">\n\t\t\t\t\t\t\t\t\t\t\tMike Stephens\t\t\t\t\t\t\t\t\t<\/h3>\n    <p>J'ai commenc\u00e9 \u00e0 utiliser Monty's Premium Growth et mon Mandevilla n'a jamais \u00e9t\u00e9 aussi beau !\u00a0<\/p>\n\t<meta itemscope itemprop=\"mainEntityOfPage\" itemtype=\"https:\/\/schema.org\/WebPage\" itemid=\"http:\/\/11797\" content=\"For Home &#038; Professional Gardeners\" \/><meta itemprop=\"datePublished\" content=\"2021-04-05\" \/><meta itemprop=\"dateModified\" content=\"2021-04-07\" \/><meta itemprop=\"name\" content=\"Monty&#039;s Plant Food\"\/><meta itemprop=\"url\" content=\"https:\/\/montysplantfood.com\/author\/don-montys\/\" \/><meta itemprop=\"name\" content=\"donmontys\" \/><meta itemprop=\"url\" content=\"https:\/\/montysplantfood.com\/wp-content\/uploads\/2021\/04\/Fern-on-porch.jpg\" \/><meta itemprop=\"width\" content=\"1500\" \/><meta itemprop=\"height\" content=\"1000\" \/><meta itemprop=\"interactionType\" content=\"https:\/\/schema.org\/CommentAction\" \/><meta itemprop=\"userInteractionCount\" content=\"0\" \/>\t\n\t\t\t<a href=\"https:\/\/montysplantfood.com\/fr\/results\/home-garden\/\" title=\"Pour les jardiniers amateurs et professionnels\"><\/a>\n\t\t\t\t<img decoding=\"async\" src=\"https:\/\/montysplantfood.com\/wp-content\/uploads\/bb-plugin\/cache\/Fern-on-porch-1024x683-landscape-bc130d7200b63281fbe421c128ef5fd3-.jpg\" alt=\"Fern-on-porch\" itemprop=\"image\" data-no-lazy=\"1\" height=\"683\" width=\"1024\" title=\"Foug\u00e8res sur le porche\" onerror=\"this.style.display='none'\" loading='lazy' \/>\n\t\t\t\t\t\t\t<h3 itemprop=\"headline\">\n\t\t\t\t\t\t\t\t\t\t\tPour les jardiniers amateurs et professionnels\t\t\t\t\t\t\t\t\t<\/h3>\n    <p>Monty&#8217;s products have offered growers amazing results!<\/p>\n\t<meta itemscope itemprop=\"mainEntityOfPage\" itemtype=\"https:\/\/schema.org\/WebPage\" itemid=\"http:\/\/11791\" content=\"Achieve the Garden of Your Dreams\" \/><meta itemprop=\"datePublished\" content=\"2021-04-05\" \/><meta itemprop=\"dateModified\" content=\"2021-04-07\" \/><meta itemprop=\"name\" content=\"Monty&#039;s Plant Food\"\/><meta itemprop=\"url\" content=\"https:\/\/montysplantfood.com\/author\/don-montys\/\" \/><meta itemprop=\"name\" content=\"donmontys\" \/><meta itemprop=\"url\" content=\"https:\/\/montysplantfood.com\/wp-content\/uploads\/2021\/04\/Monty-tending-roses-1.jpg\" \/><meta itemprop=\"width\" content=\"1500\" \/><meta itemprop=\"height\" content=\"1000\" \/><meta itemprop=\"interactionType\" content=\"https:\/\/schema.org\/CommentAction\" \/><meta itemprop=\"userInteractionCount\" content=\"0\" \/>\t\n\t\t\t<a href=\"https:\/\/montysplantfood.com\/fr\/results\/dream-garden\/\" title=\"R\u00e9alisez le jardin de vos r\u00eaves\"><\/a>\n\t\t\t\t<img decoding=\"async\" src=\"https:\/\/montysplantfood.com\/wp-content\/uploads\/bb-plugin\/cache\/Monty-tending-roses-1-1024x683-landscape-959c2b46555781226519e772878982ce-.jpg\" alt=\"Monty-tending-roses-1\" itemprop=\"image\" data-no-lazy=\"1\" height=\"683\" width=\"1024\" title=\"Monty-tending-roses-1\" onerror=\"this.style.display='none'\" loading='lazy' \/>\n\t\t\t\t\t\t\t<h3 itemprop=\"headline\">\n\t\t\t\t\t\t\t\t\t\t\tR\u00e9alisez le jardin de vos r\u00eaves\t\t\t\t\t\t\t\t\t<\/h3>\n    <p>For years Monty&#8217;s has been the secret of spectacular gardens and flower beds. That&#8217;s because our key ingredients work together to bolster root growth, promote germination, and assist with rapid uptake of nutrients by the plant.<\/p>\n\t\t<!-- .pp-content-posts -->\n<h2>\n\t\t\tEssayez d\u00e8s aujourd'hui notre technologie Humic active\t<\/h2>\n\t<p>Monty&#8217;s PlantVantage products are a combination of stable, quality ingredients, and have been formulated to promote faster root development, stronger plant growth and increased flower, fruit and vegetable production. Our\u00a0proprietary activated humic technology is designed to improve the overall vitality of your soil&#8230; for success you can see!<\/p>\n\t<a href=\"https:\/\/www.amazon.com\/stores\/page\/557D5105-C8BD-4DD1-B5D7-EF03DA711BBD?ingress=0&#038;lp_context_asin=B0DKPB852S&#038;visitId=62c89fc3-7b37-473d-80cd-fda1542dd3d4&#038;store_ref=bl_ast_dp_brandLogo_sto&#038;ref_=ast_bln\" target=\"_blank\" role=\"button\" rel=\"noopener\" aria-label=\"Acheter\">\n\t\t\t\t\t\tAcheter\n\t\t\t\t\t<\/a>","protected":false},"excerpt":{"rendered":"<p>Monty&#8217;s PlantVantage Premium plant food for better plants, gardens, and landscaping. ASK a plantvantage expert Unique plant and soil products for unique results WORRY FREE GARDENING Monty&#8217;s PlantVantage products are a combination of stable, quality ingredients, and have been formulated to promote faster root development, stronger plant growth and increased flower, fruit and vegetable production.&hellip;<\/p>","protected":false},"author":20,"featured_media":0,"parent":0,"menu_order":0,"comment_status":"closed","ping_status":"closed","template":"","meta":{"_acf_changed":false,"footnotes":""},"class_list":["post-11560","page","type-page","status-publish","hentry"],"acf":[],"yoast_head":"<!-- This site is optimized with the Yoast SEO plugin v27.4 - https:\/\/yoast.com\/product\/yoast-seo-wordpress\/ -->\n<title>Monty&#039;s PlantVantage - Monty&#039;s Plant Food<\/title>\n<meta name=\"robots\" content=\"index, follow, max-snippet:-1, max-image-preview:large, max-video-preview:-1\" \/>\n<link rel=\"canonical\" href=\"https:\/\/montysplantfood.com\/fr\/montys-plantvantage\/\" \/>\n<meta property=\"og:locale\" content=\"fr_FR\" \/>\n<meta property=\"og:type\" content=\"article\" \/>\n<meta property=\"og:title\" content=\"Monty&#039;s PlantVantage - Monty&#039;s Plant Food\" \/>\n<meta property=\"og:description\" content=\"Monty&#8217;s PlantVantage Premium plant food for better plants, gardens, and landscaping. ASK a plantvantage expert Unique plant and soil products for unique results WORRY FREE GARDENING Monty&#8217;s PlantVantage products are a combination of stable, quality ingredients, and have been formulated to promote faster root development, stronger plant growth and increased flower, fruit and vegetable production.&hellip;\" \/>\n<meta property=\"og:url\" content=\"https:\/\/montysplantfood.com\/fr\/montys-plantvantage\/\" \/>\n<meta property=\"og:site_name\" content=\"Monty&#039;s Plant Food\" \/>\n<meta property=\"article:modified_time\" content=\"2025-07-09T15:12:09+00:00\" \/>\n<meta property=\"og:image\" content=\"https:\/\/montysplantfood.com\/wp-content\/uploads\/2021\/03\/greenhouse-tomatoes.jpg\" \/>\n<meta name=\"twitter:card\" content=\"summary_large_image\" \/>\n<meta name=\"twitter:label1\" content=\"Est. reading time\" \/>\n\t<meta name=\"twitter:data1\" content=\"4 minutes\" \/>\n<script type=\"application\/ld+json\" class=\"yoast-schema-graph\">{\"@context\":\"https:\\\/\\\/schema.org\",\"@graph\":[{\"@type\":\"WebPage\",\"@id\":\"https:\\\/\\\/montysplantfood.com\\\/montys-plantvantage\\\/\",\"url\":\"https:\\\/\\\/montysplantfood.com\\\/montys-plantvantage\\\/\",\"name\":\"Monty's PlantVantage - Monty&#039;s Plant Food\",\"isPartOf\":{\"@id\":\"https:\\\/\\\/montysplantfood.com\\\/#website\"},\"primaryImageOfPage\":{\"@id\":\"https:\\\/\\\/montysplantfood.com\\\/montys-plantvantage\\\/#primaryimage\"},\"image\":{\"@id\":\"https:\\\/\\\/montysplantfood.com\\\/montys-plantvantage\\\/#primaryimage\"},\"thumbnailUrl\":\"https:\\\/\\\/montysplantfood.com\\\/wp-content\\\/uploads\\\/2021\\\/03\\\/greenhouse-tomatoes.jpg\",\"datePublished\":\"2021-03-16T22:16:27+00:00\",\"dateModified\":\"2025-07-09T15:12:09+00:00\",\"breadcrumb\":{\"@id\":\"https:\\\/\\\/montysplantfood.com\\\/montys-plantvantage\\\/#breadcrumb\"},\"inLanguage\":\"fr-FR\",\"potentialAction\":[{\"@type\":\"ReadAction\",\"target\":[\"https:\\\/\\\/montysplantfood.com\\\/montys-plantvantage\\\/\"]}]},{\"@type\":\"ImageObject\",\"inLanguage\":\"fr-FR\",\"@id\":\"https:\\\/\\\/montysplantfood.com\\\/montys-plantvantage\\\/#primaryimage\",\"url\":\"https:\\\/\\\/montysplantfood.com\\\/wp-content\\\/uploads\\\/2021\\\/03\\\/greenhouse-tomatoes.jpg\",\"contentUrl\":\"https:\\\/\\\/montysplantfood.com\\\/wp-content\\\/uploads\\\/2021\\\/03\\\/greenhouse-tomatoes.jpg\"},{\"@type\":\"BreadcrumbList\",\"@id\":\"https:\\\/\\\/montysplantfood.com\\\/montys-plantvantage\\\/#breadcrumb\",\"itemListElement\":[{\"@type\":\"ListItem\",\"position\":1,\"name\":\"Home\",\"item\":\"https:\\\/\\\/montysplantfood.com\\\/\"},{\"@type\":\"ListItem\",\"position\":2,\"name\":\"Monty&#8217;s PlantVantage\"}]},{\"@type\":\"WebSite\",\"@id\":\"https:\\\/\\\/montysplantfood.com\\\/#website\",\"url\":\"https:\\\/\\\/montysplantfood.com\\\/\",\"name\":\"Monty&#039;s Plant Food\",\"description\":\"\",\"publisher\":{\"@id\":\"https:\\\/\\\/montysplantfood.com\\\/#organization\"},\"potentialAction\":[{\"@type\":\"SearchAction\",\"target\":{\"@type\":\"EntryPoint\",\"urlTemplate\":\"https:\\\/\\\/montysplantfood.com\\\/?s={search_term_string}\"},\"query-input\":{\"@type\":\"PropertyValueSpecification\",\"valueRequired\":true,\"valueName\":\"search_term_string\"}}],\"inLanguage\":\"fr-FR\"},{\"@type\":\"Organization\",\"@id\":\"https:\\\/\\\/montysplantfood.com\\\/#organization\",\"name\":\"Monty's Plant Food\",\"url\":\"https:\\\/\\\/montysplantfood.com\\\/\",\"logo\":{\"@type\":\"ImageObject\",\"inLanguage\":\"fr-FR\",\"@id\":\"https:\\\/\\\/montysplantfood.com\\\/#\\\/schema\\\/logo\\\/image\\\/\",\"url\":\"https:\\\/\\\/montysplantfood.com\\\/wp-content\\\/uploads\\\/2020\\\/09\\\/Website-Logo-TEST.png\",\"contentUrl\":\"https:\\\/\\\/montysplantfood.com\\\/wp-content\\\/uploads\\\/2020\\\/09\\\/Website-Logo-TEST.png\",\"width\":505,\"height\":358,\"caption\":\"Monty's Plant Food\"},\"image\":{\"@id\":\"https:\\\/\\\/montysplantfood.com\\\/#\\\/schema\\\/logo\\\/image\\\/\"}}]}<\/script>\n<!-- \/ Yoast SEO plugin. -->","yoast_head_json":{"title":"Monty's PlantVantage - Monty&#039;s Plant Food","robots":{"index":"index","follow":"follow","max-snippet":"max-snippet:-1","max-image-preview":"max-image-preview:large","max-video-preview":"max-video-preview:-1"},"canonical":"https:\/\/montysplantfood.com\/fr\/montys-plantvantage\/","og_locale":"fr_FR","og_type":"article","og_title":"Monty's PlantVantage - Monty&#039;s Plant Food","og_description":"Monty&#8217;s PlantVantage Premium plant food for better plants, gardens, and landscaping. ASK a plantvantage expert Unique plant and soil products for unique results WORRY FREE GARDENING Monty&#8217;s PlantVantage products are a combination of stable, quality ingredients, and have been formulated to promote faster root development, stronger plant growth and increased flower, fruit and vegetable production.&hellip;","og_url":"https:\/\/montysplantfood.com\/fr\/montys-plantvantage\/","og_site_name":"Monty&#039;s Plant Food","article_modified_time":"2025-07-09T15:12:09+00:00","og_image":[{"url":"https:\/\/montysplantfood.com\/wp-content\/uploads\/2021\/03\/greenhouse-tomatoes.jpg","type":"","width":"","height":""}],"twitter_card":"summary_large_image","twitter_misc":{"Est. reading time":"4 minutes"},"schema":{"@context":"https:\/\/schema.org","@graph":[{"@type":"WebPage","@id":"https:\/\/montysplantfood.com\/montys-plantvantage\/","url":"https:\/\/montysplantfood.com\/montys-plantvantage\/","name":"Monty's PlantVantage - Monty&#039;s Plant Food","isPartOf":{"@id":"https:\/\/montysplantfood.com\/#website"},"primaryImageOfPage":{"@id":"https:\/\/montysplantfood.com\/montys-plantvantage\/#primaryimage"},"image":{"@id":"https:\/\/montysplantfood.com\/montys-plantvantage\/#primaryimage"},"thumbnailUrl":"https:\/\/montysplantfood.com\/wp-content\/uploads\/2021\/03\/greenhouse-tomatoes.jpg","datePublished":"2021-03-16T22:16:27+00:00","dateModified":"2025-07-09T15:12:09+00:00","breadcrumb":{"@id":"https:\/\/montysplantfood.com\/montys-plantvantage\/#breadcrumb"},"inLanguage":"fr-FR","potentialAction":[{"@type":"ReadAction","target":["https:\/\/montysplantfood.com\/montys-plantvantage\/"]}]},{"@type":"ImageObject","inLanguage":"fr-FR","@id":"https:\/\/montysplantfood.com\/montys-plantvantage\/#primaryimage","url":"https:\/\/montysplantfood.com\/wp-content\/uploads\/2021\/03\/greenhouse-tomatoes.jpg","contentUrl":"https:\/\/montysplantfood.com\/wp-content\/uploads\/2021\/03\/greenhouse-tomatoes.jpg"},{"@type":"BreadcrumbList","@id":"https:\/\/montysplantfood.com\/montys-plantvantage\/#breadcrumb","itemListElement":[{"@type":"ListItem","position":1,"name":"Home","item":"https:\/\/montysplantfood.com\/"},{"@type":"ListItem","position":2,"name":"Monty&#8217;s PlantVantage"}]},{"@type":"WebSite","@id":"https:\/\/montysplantfood.com\/#website","url":"https:\/\/montysplantfood.com\/","name":"Monty&#039;s Plant Food","description":"","publisher":{"@id":"https:\/\/montysplantfood.com\/#organization"},"potentialAction":[{"@type":"SearchAction","target":{"@type":"EntryPoint","urlTemplate":"https:\/\/montysplantfood.com\/?s={search_term_string}"},"query-input":{"@type":"PropertyValueSpecification","valueRequired":true,"valueName":"search_term_string"}}],"inLanguage":"fr-FR"},{"@type":"Organization","@id":"https:\/\/montysplantfood.com\/#organization","name":"Monty's Plant Food","url":"https:\/\/montysplantfood.com\/","logo":{"@type":"ImageObject","inLanguage":"fr-FR","@id":"https:\/\/montysplantfood.com\/#\/schema\/logo\/image\/","url":"https:\/\/montysplantfood.com\/wp-content\/uploads\/2020\/09\/Website-Logo-TEST.png","contentUrl":"https:\/\/montysplantfood.com\/wp-content\/uploads\/2020\/09\/Website-Logo-TEST.png","width":505,"height":358,"caption":"Monty's Plant Food"},"image":{"@id":"https:\/\/montysplantfood.com\/#\/schema\/logo\/image\/"}}]}},"_links":{"self":[{"href":"https:\/\/montysplantfood.com\/fr\/wp-json\/wp\/v2\/pages\/11560","targetHints":{"allow":["GET"]}}],"collection":[{"href":"https:\/\/montysplantfood.com\/fr\/wp-json\/wp\/v2\/pages"}],"about":[{"href":"https:\/\/montysplantfood.com\/fr\/wp-json\/wp\/v2\/types\/page"}],"author":[{"embeddable":true,"href":"https:\/\/montysplantfood.com\/fr\/wp-json\/wp\/v2\/users\/20"}],"replies":[{"embeddable":true,"href":"https:\/\/montysplantfood.com\/fr\/wp-json\/wp\/v2\/comments?post=11560"}],"version-history":[{"count":14,"href":"https:\/\/montysplantfood.com\/fr\/wp-json\/wp\/v2\/pages\/11560\/revisions"}],"predecessor-version":[{"id":14476,"href":"https:\/\/montysplantfood.com\/fr\/wp-json\/wp\/v2\/pages\/11560\/revisions\/14476"}],"wp:attachment":[{"href":"https:\/\/montysplantfood.com\/fr\/wp-json\/wp\/v2\/media?parent=11560"}],"curies":[{"name":"wp","href":"https:\/\/api.w.org\/{rel}","templated":true}]}}