{"id":10000,"date":"2020-09-03T14:18:40","date_gmt":"2020-09-03T18:18:40","guid":{"rendered":"http:\/\/localhost:10003\/?page_id=10000"},"modified":"2023-06-16T13:39:59","modified_gmt":"2023-06-16T17:39:59","slug":"soil-tissue-analysis","status":"publish","type":"page","link":"https:\/\/montysplantfood.com\/fr\/soil-tissue-analysis\/","title":{"rendered":"Soil &#038; Tissue Analysis"},"content":{"rendered":"<h1>\n\t\tAnalyse des sols et des tissus\n\t<\/h1>\n\t<h3><strong>Soil and tissue testing throughout the growing season is vital to the success of a high yield program. These are Monty&#8217;s general recommendations. To maximize your testing program, please contact your Monty&#8217;s representative.<\/strong><\/h3>\n<p>&nbsp;<\/p>\n<h3><a href=\"https:\/\/montysplantfood.com\/wp-content\/uploads\/2023\/04\/Tissue_Testing_2.png\"><img decoding=\"async\" src=\"https:\/\/montysplantfood.com\/wp-content\/uploads\/2023\/04\/Tissue_Testing_2.png\" alt=\"\" width=\"448\" height=\"318\" \/><\/a><\/h3>\n<h3><strong>Recommandations pour l'\u00e9chantillonnage du sol<\/strong><\/h3>\n<p>Les \u00e9chantillons de sol peuvent \u00eatre pr\u00e9lev\u00e9s par grille ou par zone de sol. L'\u00e9chantillon doit \u00eatre compos\u00e9 de 15 sous-\u00e9chantillons pr\u00e9lev\u00e9s au hasard \u00e0 une profondeur de 4 \u00e0 6 pouces dans l'ensemble de la zone d'\u00e9chantillonnage. L'\u00e9chantillon doit \u00eatre bien m\u00e9lang\u00e9 pour \u00eatre repr\u00e9sentatif des conditions du sol.<\/p>\n<p><strong>Les sols qui peuvent \u00eatre test\u00e9s moins souvent :<\/strong> Si le sol a une CEC \u00e9lev\u00e9e, il retiendra mieux les nutriments cationiques et le pH restera constant sur de plus longues p\u00e9riodes. Nous sugg\u00e9rons de proc\u00e9der \u00e0 des analyses tout au long de la saison de croissance et \u00e0 la fin de la r\u00e9colte pour la planification.<\/p>\n<p><strong>Un sol qui devrait \u00eatre test\u00e9 fr\u00e9quemment :<\/strong> Dans les sols \u00e0 faible CEC (moins de 7), certains cations tels que le potassium (K+), le magn\u00e9sium (Mg++) et l'ammonium (NH4+) ont la capacit\u00e9 d'\u00eatre lessiv\u00e9s \u00e0 travers la zone racinaire, de sorte qu'il est essentiel de proc\u00e9der \u00e0 des analyses plus fr\u00e9quentes pour d\u00e9celer les carences en \u00e9l\u00e9ments nutritifs. Lorsque les niveaux de fertilit\u00e9 sont bas, les \u00e9chantillons de sol doivent \u00eatre pr\u00e9lev\u00e9s plus fr\u00e9quemment pour assurer une meilleure utilisation des nutriments ajout\u00e9s.<\/p>\n<p><strong>La cl\u00e9, c'est la coh\u00e9rence et le fait de r\u00e9cup\u00e9rer l'information \u00e0 temps pour l'utiliser. <\/strong>Nous vous encourageons \u00e0 pr\u00e9lever des \u00e9chantillons au moment de la r\u00e9colte afin que vous puissiez planifier correctement la prochaine saison de culture. Bien que des facteurs tels que les conditions m\u00e9t\u00e9orologiques et la rotation des cultures puissent influer sur les r\u00e9sultats des analyses de sol, ces diff\u00e9rences sont g\u00e9n\u00e9ralement minimes et des informations fiables peuvent \u00eatre obtenues quel que soit le moment o\u00f9 l'\u00e9chantillonnage est effectu\u00e9.<\/p>\n<p><strong>Pour les pratiques g\u00e9n\u00e9rales :<\/strong> Un \u00e9chantillonnage suppl\u00e9mentaire \u00e0 l'automne ou au printemps peut \u00eatre effectu\u00e9 pour la planification et l'application d'engrais. L'\u00e9chantillonnage avant et apr\u00e8s la r\u00e9colte fournit chaque saison des donn\u00e9es utiles pour maximiser le potentiel de rendement.<\/p>\n<p>&nbsp;<\/p>\n<h3><strong><a href=\"https:\/\/montysplantfood.com\/wp-content\/uploads\/2023\/04\/Tissue_Testing_1.png\"><img decoding=\"async\" src=\"https:\/\/montysplantfood.com\/wp-content\/uploads\/2023\/04\/Tissue_Testing_1.png\" alt=\"\" width=\"386\" height=\"305\" \/><\/a>Recommandations pour l'\u00e9chantillonnage des tissus<\/strong><\/h3>\n<p><strong>Calendrier :<\/strong> Pour obtenir les meilleurs rendements possibles, nous vous encourageons \u00e0 pr\u00e9lever des \u00e9chantillons de tissus chaque semaine tout au long de la saison. De nombreux producteurs \u00e0 haut rendement d\u00e9pendent de l'analyse hebdomadaire des tissus pour rem\u00e9dier plus rapidement \u00e0 leurs carences.<\/p>\n<p><strong>Tissu v\u00e9g\u00e9tal \u00e0 \u00e9chantillonner :<\/strong> La prise de la troisi\u00e8me ou quatri\u00e8me feuille en dessous de la croissance la plus r\u00e9cente devrait fournir des informations qui vous permettront de prendre les meilleures d\u00e9cisions. Pour un \u00e9chantillonnage plus sp\u00e9cifique \u00e0 la culture, contactez votre laboratoire d'\u00e9chantillonnage de tissus.<\/p>\n<p><strong>Stockage et exp\u00e9dition : <\/strong>Conservez l'\u00e9chantillon de mani\u00e8re appropri\u00e9e et enlevez la terre ou les autres d\u00e9bris qui pourraient interf\u00e9rer avec l'analyse des tissus et les r\u00e9sultats. Les zones probl\u00e9matiques ou les zones d'int\u00e9r\u00eat doivent \u00eatre \u00e9chantillonn\u00e9es s\u00e9par\u00e9ment. Tous les \u00e9chantillons doivent \u00eatre conserv\u00e9s dans un sac en papier, dans un endroit frais et correctement \u00e9tiquet\u00e9s. Tous les \u00e9chantillons doivent \u00eatre envoy\u00e9s imm\u00e9diatement au laboratoire afin d'\u00e9viter toute d\u00e9composition ou tout dommage qui pourrait fausser les r\u00e9sultats de l'analyse des tissus.<\/p>\n<p>Accordez-vous suffisamment de temps pour examiner les r\u00e9sultats des tests et planifier le programme avant de proc\u00e9der aux applications d'engrais. <strong>Talk to your Monty&#8217;s representative about the best soil and issue testing program for you.<\/strong><\/p>\n\t<p>&nbsp;<\/p>\n<h3><strong>Informations sur l'analyse des sols et des tissus<\/strong><\/h3>\n<ul>\n<li><a href=\"https:\/\/montysplantfood.com\/wp-content\/uploads\/2022\/07\/AgXact-Tissue-Result-Sample.pdf\">\u00c9chantillon d'analyse de tissus v\u00e9g\u00e9taux<\/a><\/li>\n<li><a href=\"https:\/\/montysplantfood.com\/wp-content\/uploads\/2022\/07\/AgXact-Soil-Result-Sample.pdf\">\u00c9chantillon d'analyse de sol<\/a><\/li>\n<li><a href=\"https:\/\/montysplantfood.com\/wp-content\/uploads\/2020\/09\/How-To-Take-a-Plant-Tissue-Sample.pdf\" target=\"_blank\" rel=\"noopener\">Comment pr\u00e9lever un \u00e9chantillon de tissu v\u00e9g\u00e9tal<\/a><\/li>\n<li><a href=\"https:\/\/montysplantfood.com\/wp-content\/uploads\/2020\/09\/Soil-Sample-Information.pdf\" target=\"_blank\" rel=\"noopener\">Informations sur les \u00e9chantillons de sol<\/a><\/li>\n<li><a href=\"https:\/\/montysplantfood.com\/wp-content\/uploads\/2020\/09\/Plant-Tissue-Sample.pdf\" target=\"_blank\" rel=\"noopener\">Informations sur les \u00e9chantillons de tissus v\u00e9g\u00e9taux<\/a><\/li>\n<li><a href=\"https:\/\/montysplantfood.com\/wp-content\/uploads\/2020\/09\/Understanding-Soil-Analysis.pdf\" target=\"_blank\" rel=\"noopener\">Comprendre les informations relatives \u00e0 l'analyse des sols<\/a><\/li>\n<li><a href=\"https:\/\/montysplantfood.com\/wp-content\/uploads\/2023\/04\/Montys-Product-and-Application-Guide_Micronutrients.pdf\">Informations sur les nutriments<\/a><\/li>\n<\/ul>\n\t<p>&nbsp;<\/p>\n<p><a href=\"https:\/\/montysplantfood.com\/wp-content\/uploads\/2023\/04\/Screenshot-2023-04-12-at-10.32.21-AM.png\"><img decoding=\"async\" src=\"https:\/\/montysplantfood.com\/wp-content\/uploads\/2023\/04\/Screenshot-2023-04-12-at-10.32.21-AM.png\" alt=\"\" width=\"587\" height=\"278\" \/><\/a><\/p>","protected":false},"excerpt":{"rendered":"<p>Soil &#038; Tissue Testing Soil and tissue testing throughout the growing season is vital to the success of a high yield program. These are Monty&#8217;s general recommendations. To maximize your testing program, please contact your Monty&#8217;s representative. &nbsp; Soil Sampling Recommendations Soil samples can be taken by grid or soil zones. Your sample should consist&hellip;<\/p>","protected":false},"author":20,"featured_media":0,"parent":0,"menu_order":0,"comment_status":"closed","ping_status":"closed","template":"","meta":{"_acf_changed":false,"footnotes":""},"class_list":["post-10000","page","type-page","status-publish","hentry"],"acf":[],"yoast_head":"<!-- This site is optimized with the Yoast SEO plugin v27.4 - https:\/\/yoast.com\/product\/yoast-seo-wordpress\/ -->\n<title>Soil &amp; Tissue Analysis - Monty&#039;s Plant Food<\/title>\n<meta name=\"robots\" content=\"index, follow, max-snippet:-1, max-image-preview:large, max-video-preview:-1\" \/>\n<link rel=\"canonical\" href=\"https:\/\/montysplantfood.com\/fr\/soil-tissue-analysis\/\" \/>\n<meta property=\"og:locale\" content=\"fr_FR\" \/>\n<meta property=\"og:type\" content=\"article\" \/>\n<meta property=\"og:title\" content=\"Soil &amp; Tissue Analysis - Monty&#039;s Plant Food\" \/>\n<meta property=\"og:description\" content=\"Soil &#038; Tissue Testing Soil and tissue testing throughout the growing season is vital to the success of a high yield program. These are Monty&#8217;s general recommendations. To maximize your testing program, please contact your Monty&#8217;s representative. &nbsp; Soil Sampling Recommendations Soil samples can be taken by grid or soil zones. Your sample should consist&hellip;\" \/>\n<meta property=\"og:url\" content=\"https:\/\/montysplantfood.com\/fr\/soil-tissue-analysis\/\" \/>\n<meta property=\"og:site_name\" content=\"Monty&#039;s Plant Food\" \/>\n<meta property=\"article:modified_time\" content=\"2023-06-16T17:39:59+00:00\" \/>\n<meta property=\"og:image\" content=\"https:\/\/montysplantfood.com\/wp-content\/uploads\/2023\/04\/Tissue_Testing_2.png\" \/>\n<meta name=\"twitter:card\" content=\"summary_large_image\" \/>\n<meta name=\"twitter:label1\" content=\"Est. reading time\" \/>\n\t<meta name=\"twitter:data1\" content=\"3 minutes\" \/>\n<script type=\"application\/ld+json\" class=\"yoast-schema-graph\">{\"@context\":\"https:\\\/\\\/schema.org\",\"@graph\":[{\"@type\":\"WebPage\",\"@id\":\"https:\\\/\\\/montysplantfood.com\\\/soil-tissue-analysis\\\/\",\"url\":\"https:\\\/\\\/montysplantfood.com\\\/soil-tissue-analysis\\\/\",\"name\":\"Soil & Tissue Analysis - Monty&#039;s Plant Food\",\"isPartOf\":{\"@id\":\"https:\\\/\\\/montysplantfood.com\\\/#website\"},\"primaryImageOfPage\":{\"@id\":\"https:\\\/\\\/montysplantfood.com\\\/soil-tissue-analysis\\\/#primaryimage\"},\"image\":{\"@id\":\"https:\\\/\\\/montysplantfood.com\\\/soil-tissue-analysis\\\/#primaryimage\"},\"thumbnailUrl\":\"https:\\\/\\\/montysplantfood.com\\\/wp-content\\\/uploads\\\/2023\\\/04\\\/Tissue_Testing_2.png\",\"datePublished\":\"2020-09-03T18:18:40+00:00\",\"dateModified\":\"2023-06-16T17:39:59+00:00\",\"breadcrumb\":{\"@id\":\"https:\\\/\\\/montysplantfood.com\\\/soil-tissue-analysis\\\/#breadcrumb\"},\"inLanguage\":\"fr-FR\",\"potentialAction\":[{\"@type\":\"ReadAction\",\"target\":[\"https:\\\/\\\/montysplantfood.com\\\/soil-tissue-analysis\\\/\"]}]},{\"@type\":\"ImageObject\",\"inLanguage\":\"fr-FR\",\"@id\":\"https:\\\/\\\/montysplantfood.com\\\/soil-tissue-analysis\\\/#primaryimage\",\"url\":\"https:\\\/\\\/montysplantfood.com\\\/wp-content\\\/uploads\\\/2023\\\/04\\\/Tissue_Testing_2.png\",\"contentUrl\":\"https:\\\/\\\/montysplantfood.com\\\/wp-content\\\/uploads\\\/2023\\\/04\\\/Tissue_Testing_2.png\"},{\"@type\":\"BreadcrumbList\",\"@id\":\"https:\\\/\\\/montysplantfood.com\\\/soil-tissue-analysis\\\/#breadcrumb\",\"itemListElement\":[{\"@type\":\"ListItem\",\"position\":1,\"name\":\"Home\",\"item\":\"https:\\\/\\\/montysplantfood.com\\\/\"},{\"@type\":\"ListItem\",\"position\":2,\"name\":\"Soil &#038; Tissue Analysis\"}]},{\"@type\":\"WebSite\",\"@id\":\"https:\\\/\\\/montysplantfood.com\\\/#website\",\"url\":\"https:\\\/\\\/montysplantfood.com\\\/\",\"name\":\"Monty&#039;s Plant Food\",\"description\":\"\",\"publisher\":{\"@id\":\"https:\\\/\\\/montysplantfood.com\\\/#organization\"},\"potentialAction\":[{\"@type\":\"SearchAction\",\"target\":{\"@type\":\"EntryPoint\",\"urlTemplate\":\"https:\\\/\\\/montysplantfood.com\\\/?s={search_term_string}\"},\"query-input\":{\"@type\":\"PropertyValueSpecification\",\"valueRequired\":true,\"valueName\":\"search_term_string\"}}],\"inLanguage\":\"fr-FR\"},{\"@type\":\"Organization\",\"@id\":\"https:\\\/\\\/montysplantfood.com\\\/#organization\",\"name\":\"Monty's Plant Food\",\"url\":\"https:\\\/\\\/montysplantfood.com\\\/\",\"logo\":{\"@type\":\"ImageObject\",\"inLanguage\":\"fr-FR\",\"@id\":\"https:\\\/\\\/montysplantfood.com\\\/#\\\/schema\\\/logo\\\/image\\\/\",\"url\":\"https:\\\/\\\/montysplantfood.com\\\/wp-content\\\/uploads\\\/2020\\\/09\\\/Website-Logo-TEST.png\",\"contentUrl\":\"https:\\\/\\\/montysplantfood.com\\\/wp-content\\\/uploads\\\/2020\\\/09\\\/Website-Logo-TEST.png\",\"width\":505,\"height\":358,\"caption\":\"Monty's Plant Food\"},\"image\":{\"@id\":\"https:\\\/\\\/montysplantfood.com\\\/#\\\/schema\\\/logo\\\/image\\\/\"}}]}<\/script>\n<!-- \/ Yoast SEO plugin. -->","yoast_head_json":{"title":"Soil & Tissue Analysis - Monty&#039;s Plant Food","robots":{"index":"index","follow":"follow","max-snippet":"max-snippet:-1","max-image-preview":"max-image-preview:large","max-video-preview":"max-video-preview:-1"},"canonical":"https:\/\/montysplantfood.com\/fr\/soil-tissue-analysis\/","og_locale":"fr_FR","og_type":"article","og_title":"Soil & Tissue Analysis - Monty&#039;s Plant Food","og_description":"Soil &#038; Tissue Testing Soil and tissue testing throughout the growing season is vital to the success of a high yield program. These are Monty&#8217;s general recommendations. To maximize your testing program, please contact your Monty&#8217;s representative. &nbsp; Soil Sampling Recommendations Soil samples can be taken by grid or soil zones. Your sample should consist&hellip;","og_url":"https:\/\/montysplantfood.com\/fr\/soil-tissue-analysis\/","og_site_name":"Monty&#039;s Plant Food","article_modified_time":"2023-06-16T17:39:59+00:00","og_image":[{"url":"https:\/\/montysplantfood.com\/wp-content\/uploads\/2023\/04\/Tissue_Testing_2.png","type":"","width":"","height":""}],"twitter_card":"summary_large_image","twitter_misc":{"Est. reading time":"3 minutes"},"schema":{"@context":"https:\/\/schema.org","@graph":[{"@type":"WebPage","@id":"https:\/\/montysplantfood.com\/soil-tissue-analysis\/","url":"https:\/\/montysplantfood.com\/soil-tissue-analysis\/","name":"Soil & Tissue Analysis - Monty&#039;s Plant Food","isPartOf":{"@id":"https:\/\/montysplantfood.com\/#website"},"primaryImageOfPage":{"@id":"https:\/\/montysplantfood.com\/soil-tissue-analysis\/#primaryimage"},"image":{"@id":"https:\/\/montysplantfood.com\/soil-tissue-analysis\/#primaryimage"},"thumbnailUrl":"https:\/\/montysplantfood.com\/wp-content\/uploads\/2023\/04\/Tissue_Testing_2.png","datePublished":"2020-09-03T18:18:40+00:00","dateModified":"2023-06-16T17:39:59+00:00","breadcrumb":{"@id":"https:\/\/montysplantfood.com\/soil-tissue-analysis\/#breadcrumb"},"inLanguage":"fr-FR","potentialAction":[{"@type":"ReadAction","target":["https:\/\/montysplantfood.com\/soil-tissue-analysis\/"]}]},{"@type":"ImageObject","inLanguage":"fr-FR","@id":"https:\/\/montysplantfood.com\/soil-tissue-analysis\/#primaryimage","url":"https:\/\/montysplantfood.com\/wp-content\/uploads\/2023\/04\/Tissue_Testing_2.png","contentUrl":"https:\/\/montysplantfood.com\/wp-content\/uploads\/2023\/04\/Tissue_Testing_2.png"},{"@type":"BreadcrumbList","@id":"https:\/\/montysplantfood.com\/soil-tissue-analysis\/#breadcrumb","itemListElement":[{"@type":"ListItem","position":1,"name":"Home","item":"https:\/\/montysplantfood.com\/"},{"@type":"ListItem","position":2,"name":"Soil &#038; Tissue Analysis"}]},{"@type":"WebSite","@id":"https:\/\/montysplantfood.com\/#website","url":"https:\/\/montysplantfood.com\/","name":"Monty&#039;s Plant Food","description":"","publisher":{"@id":"https:\/\/montysplantfood.com\/#organization"},"potentialAction":[{"@type":"SearchAction","target":{"@type":"EntryPoint","urlTemplate":"https:\/\/montysplantfood.com\/?s={search_term_string}"},"query-input":{"@type":"PropertyValueSpecification","valueRequired":true,"valueName":"search_term_string"}}],"inLanguage":"fr-FR"},{"@type":"Organization","@id":"https:\/\/montysplantfood.com\/#organization","name":"Monty's Plant Food","url":"https:\/\/montysplantfood.com\/","logo":{"@type":"ImageObject","inLanguage":"fr-FR","@id":"https:\/\/montysplantfood.com\/#\/schema\/logo\/image\/","url":"https:\/\/montysplantfood.com\/wp-content\/uploads\/2020\/09\/Website-Logo-TEST.png","contentUrl":"https:\/\/montysplantfood.com\/wp-content\/uploads\/2020\/09\/Website-Logo-TEST.png","width":505,"height":358,"caption":"Monty's Plant Food"},"image":{"@id":"https:\/\/montysplantfood.com\/#\/schema\/logo\/image\/"}}]}},"_links":{"self":[{"href":"https:\/\/montysplantfood.com\/fr\/wp-json\/wp\/v2\/pages\/10000","targetHints":{"allow":["GET"]}}],"collection":[{"href":"https:\/\/montysplantfood.com\/fr\/wp-json\/wp\/v2\/pages"}],"about":[{"href":"https:\/\/montysplantfood.com\/fr\/wp-json\/wp\/v2\/types\/page"}],"author":[{"embeddable":true,"href":"https:\/\/montysplantfood.com\/fr\/wp-json\/wp\/v2\/users\/20"}],"replies":[{"embeddable":true,"href":"https:\/\/montysplantfood.com\/fr\/wp-json\/wp\/v2\/comments?post=10000"}],"version-history":[{"count":10,"href":"https:\/\/montysplantfood.com\/fr\/wp-json\/wp\/v2\/pages\/10000\/revisions"}],"predecessor-version":[{"id":13015,"href":"https:\/\/montysplantfood.com\/fr\/wp-json\/wp\/v2\/pages\/10000\/revisions\/13015"}],"wp:attachment":[{"href":"https:\/\/montysplantfood.com\/fr\/wp-json\/wp\/v2\/media?parent=10000"}],"curies":[{"name":"wp","href":"https:\/\/api.w.org\/{rel}","templated":true}]}}