{"id":88,"date":"2020-08-19T21:46:33","date_gmt":"2020-08-20T01:46:33","guid":{"rendered":"http:\/\/localhost:10003\/products\/"},"modified":"2024-03-22T10:50:57","modified_gmt":"2024-03-22T14:50:57","slug":"products","status":"publish","type":"page","link":"https:\/\/montysplantfood.com\/es\/products\/","title":{"rendered":"Productos"},"content":{"rendered":"<h1>\n\t\tProductos\n\t<\/h1>\n    <section id=\"soil-amendment\">\n        <header>\n            <h2>Enmienda del suelo<\/h2>\n        <\/header>\n                        <a href=\"https:\/\/montysplantfood.com\/es\/products\/catalyzer\/\">\n                                <h3>Catalizador<\/h3>\n                                        Monty&#8217;s Concentrated Humics                                    \n                        <\/a>\n                        <a href=\"https:\/\/montysplantfood.com\/es\/products\/dri-carbon\/\">\n                                <h3>Dri-Carbon<\/h3>\n                                        Carb\u00f3n l\u00edquido en forma seca                                    \n                        <\/a>\n                        <a href=\"https:\/\/montysplantfood.com\/es\/products\/humi-till\/\">\n                                <h3>Humi-Till<\/h3>\n                                        Gesti\u00f3n de residuos de cultivos                                    \n                        <\/a>\n                        <a href=\"https:\/\/montysplantfood.com\/es\/products\/humi-till-activator\/\">\n                                <h3>Activador Humi-Till<\/h3>\n                                        Para la gesti\u00f3n de residuos                                    \n                        <\/a>\n                        <a href=\"https:\/\/montysplantfood.com\/es\/products\/montys-liquid-carbon\/\">\n                                <h3>Carb\u00f3n l\u00edquido de Monty<\/h3>\n                                        Tecnolog\u00eda h\u00famica patentada                                    \n                        <\/a>\n                        <a href=\"https:\/\/montysplantfood.com\/es\/products\/nanobind\/\">\n                                <h3>Nanobind<\/h3>\n                                        Carb\u00f3n l\u00edquido mejorado con microbios                                    \n                        <\/a>\n            <\/section>\n    <section id=\"starters\">\n        <header>\n            <h2>Entrantes<\/h2>\n        <\/header>\n                        <a href=\"https:\/\/montysplantfood.com\/es\/products\/12156\/\">\n                                <h3>9-24-3<\/h3>\n                        <\/a>\n                        <a href=\"https:\/\/montysplantfood.com\/es\/products\/premium-blend\/\">\n                                <h3>Mezcla Premium<\/h3>\n                                        La clave del \u00e9xito es la elecci\u00f3n del fosfato                                    \n                        <\/a>\n            <\/section>\n    <section id=\"fertility\">\n        <header>\n            <h2>Fertilidad<\/h2>\n        <\/header>\n                        <a href=\"https:\/\/montysplantfood.com\/es\/products\/agri-n\/\">\n                                <h3>Agri-N<\/h3>\n                                        Potenciaci\u00f3n foliar del verdor y la energ\u00eda                                    \n                        <\/a>\n                        <a href=\"https:\/\/montysplantfood.com\/es\/products\/agrihance-s-v-r\/\">\n                                <h3>Agrihance (S, V, R)<\/h3>\n                                        Seed Starter &#8211; Vegetative Stage &#8211; Reproductive Stage                                    \n                        <\/a>\n                        <a href=\"https:\/\/montysplantfood.com\/es\/products\/all-purpose-growth\/\">\n                                <h3>Crecimiento polivalente<\/h3>\n                                        Crecimiento vigoroso de las plantas y gesti\u00f3n del estr\u00e9s de los cultivos                                    \n                        <\/a>\n                        <a href=\"https:\/\/montysplantfood.com\/es\/products\/c795-plus\/\">\n                                <h3>C795 Plus<\/h3>\n                                        Producto multiuso ideal para el \u00e9xito de semillas y plantas                                    \n                        <\/a>\n                        <a href=\"https:\/\/montysplantfood.com\/es\/products\/calcium-plus\/\">\n                                <h3>Calcio Plus<\/h3>\n                                        Suplemento nutricional                                    \n                        <\/a>\n                        <a href=\"https:\/\/montysplantfood.com\/es\/products\/hay-now\/\">\n                                <h3>Hay-Now<\/h3>\n                                        Fertilizante l\u00edquido para heno y pastos                                    \n                        <\/a>\n                        <a href=\"https:\/\/montysplantfood.com\/es\/products\/k28\/\">\n                                <h3>K28<\/h3>\n                                        Suplemento nutritivo de potasa l\u00edquida                                    \n                        <\/a>\n                        <a href=\"https:\/\/montysplantfood.com\/es\/products\/magmahume\/\">\n                                <h3>MagmaHume<\/h3>\n                                        Fortificante de plantas y suelos                                    \n                        <\/a>\n                        <a href=\"https:\/\/montysplantfood.com\/es\/products\/microhance\/\">\n                                <h3>Microhance<\/h3>\n                                        Nutrient Package &#8211; Six Important Nutrients                                    \n                        <\/a>\n                        <a href=\"https:\/\/montysplantfood.com\/es\/products\/midnight\/\">\n                                <h3>Medianoche<\/h3>\n                                        Mezcla \u00fanica ideal para el crecimiento de las plantas                                    \n                        <\/a>\n                        <a href=\"https:\/\/montysplantfood.com\/es\/products\/nauxin\/\">\n                                <h3>Nauxin<\/h3>\n                                        Paquete de nutrientes esenciales                                    \n                        <\/a>\n                        <a href=\"https:\/\/montysplantfood.com\/es\/products\/premium-blend\/\">\n                                <h3>Mezcla Premium<\/h3>\n                                        La clave del \u00e9xito es la elecci\u00f3n del fosfato                                    \n                        <\/a>\n                        <a href=\"https:\/\/montysplantfood.com\/es\/products\/root-bloom\/\">\n                                <h3>Ra\u00edces y flores<\/h3>\n                                        Root Growth &#038; Seed and Fruit Development                                    \n                        <\/a>\n                        <a href=\"https:\/\/montysplantfood.com\/es\/products\/seed-starter-foliar\/\">\n                                <h3>Iniciador de semillas\/ Foliar<\/h3>\n                                        Para una r\u00e1pida emergencia y vigor al principio de la temporada                                    \n                        <\/a>\n                        <a href=\"https:\/\/montysplantfood.com\/es\/products\/sulfur-15\/\">\n                                <h3>Azufre 15<\/h3>\n                                        Suplemento nutricional                                    \n                        <\/a>\n            <\/section>\n    <section id=\"nutrient-management\">\n        <header>\n            <h2>Gesti\u00f3n de nutrientes<\/h2>\n        <\/header>\n                        <a href=\"https:\/\/montysplantfood.com\/es\/products\/drivas\/\">\n                                <h3>Drivas<\/h3>\n                                        El poder de un verdadero f\u00falvico                                    \n                        <\/a>\n                        <a href=\"https:\/\/montysplantfood.com\/es\/products\/humihance\/\">\n                                <h3>Humihance<\/h3>\n                                        Monty&#8217;s Innovative Fertilizer Coating                                    \n                        <\/a>\n                        <a href=\"https:\/\/montysplantfood.com\/es\/products\/surge-xd\/\">\n                                <h3>Surge XD<\/h3>\n                                        Suministro extremo de nutrientes                                    \n                        <\/a>\n            <\/section>\n    <section id=\"micronutrients\">\n        <header>\n            <h2>Micronutrientes<\/h2>\n        <\/header>\n                        <a href=\"https:\/\/montysplantfood.com\/es\/products\/boron\/\">\n                                <h3>Boro<\/h3>\n                                        Necesario para la s\u00edntesis de prote\u00ednas, la divisi\u00f3n celular y el desarrollo de las ra\u00edces.                                    \n                        <\/a>\n                        <a href=\"https:\/\/montysplantfood.com\/es\/products\/como\/\">\n                                <h3>CoMo<\/h3>\n                                        Una mezcla \u00fanica de micronutrientes orientada a maximizar el crecimiento de las plantas                                    \n                        <\/a>\n                        <a href=\"https:\/\/montysplantfood.com\/es\/products\/copper-cu\/\">\n                                <h3>Cobre (Cu)<\/h3>\n                                        Activa las enzimas vegetales necesarias en el proceso de crecimiento                                    \n                        <\/a>\n                        <a href=\"https:\/\/montysplantfood.com\/es\/products\/iron\/\">\n                                <h3>Hierro (Fe)<\/h3>\n                                        Para la prevenci\u00f3n y correcci\u00f3n de la clorosis f\u00e9rrica en todos los cultivos                                    \n                        <\/a>\n                        <a href=\"https:\/\/montysplantfood.com\/es\/products\/magnesium-mg\/\">\n                                <h3>Magnesio (Mg)<\/h3>\n                                        Activa las enzimas vegetales necesarias en el proceso de crecimiento                                    \n                        <\/a>\n                        <a href=\"https:\/\/montysplantfood.com\/es\/products\/manganese-mn\/\">\n                                <h3>Manganeso (Mn)<\/h3>\n                                        Esencial para la oxidaci\u00f3n celular y la absorci\u00f3n de az\u00facares                                    \n                        <\/a>\n                        <a href=\"https:\/\/montysplantfood.com\/es\/products\/molybdenum-mo\/\">\n                                <h3>Molibdeno (Mo)<\/h3>\n                                        Complemento de un programa regular de fertilizaci\u00f3n para prevenir y corregir deficiencias                                    \n                        <\/a>\n                        <a href=\"https:\/\/montysplantfood.com\/es\/products\/zinc-zn\/\">\n                                <h3>Zinc (Zn)<\/h3>\n                                        Aumenta la disponibilidad de calcio (Ca) y f\u00f3sforo (P)                                    \n                        <\/a>\n            <\/section>\n    <section id=\"specialty\">\n        <header>\n            <h2>Especialidad<\/h2>\n        <\/header>\n                        <a href=\"https:\/\/montysplantfood.com\/es\/products\/agri-sweet\/\">\n                                <h3>Agri-Dulce FG<\/h3>\n                                        Az\u00facar refinado                                    \n                        <\/a>\n                        <a href=\"https:\/\/montysplantfood.com\/es\/products\/bio-strain\/\">\n                                <h3>Bio-Strain<\/h3>\n                                        Paquete microbiano para cultivos en hileras y productos agr\u00edcolas                                    \n                        <\/a>\n                        <a href=\"https:\/\/montysplantfood.com\/es\/products\/calesco\/\">\n                                <h3>Calesco<\/h3>\n                                        Acondicionador de agua especial                                    \n                        <\/a>\n                        <a href=\"https:\/\/montysplantfood.com\/es\/products\/multiplicity\/\">\n                                <h3>Multiplicidad<\/h3>\n                                        Una fuente seca de microorganismos para ayudar a los cultivos a alcanzar todo su potencial                                    \n                        <\/a>\n                        <a href=\"https:\/\/montysplantfood.com\/es\/products\/nanoboost\/\">\n                                <h3>Nanoboost<\/h3>\n                                        Potenciador de herbicidas                                    \n                        <\/a>\n                        <a href=\"https:\/\/montysplantfood.com\/es\/products\/sludge-relief\/\">\n                                <h3>Alivio de lodos<\/h3>\n                                        AYUDA A LA DIGESTI\u00d3N                                    \n                        <\/a>\n                        <a href=\"https:\/\/montysplantfood.com\/es\/products\/turf-power-srn\/\">\n                                <h3>Turf Power SRN<\/h3>\n                                        13-2-6 with Micronutrients &#038; Humics                                    \n                        <\/a>\n            <\/section>","protected":false},"excerpt":{"rendered":"<p>Products Soil Amendment Catalyzer Monty&#8217;s Concentrated Humics Dri-Carbon Liquid Carbon in Dry Form Humi-Till Crop Residue Management Humi-Till Activator For Residue Management Monty&#8217;s Liquid Carbon Proprietary Humic Technology Nanobind Microbial Enhanced Liquid Carbon Starters 9-24-3 Premium Blend The Key to Success is the Choice of Phosphate Fertility Agri-N Foliar Enhancement for Green-Up and Energy Agrihance&hellip;<\/p>","protected":false},"author":20,"featured_media":0,"parent":0,"menu_order":9,"comment_status":"closed","ping_status":"closed","template":"","meta":{"_acf_changed":false,"footnotes":""},"class_list":["post-88","page","type-page","status-publish","hentry"],"acf":[],"yoast_head":"<!-- This site is optimized with the Yoast SEO plugin v27.4 - https:\/\/yoast.com\/product\/yoast-seo-wordpress\/ -->\n<title>Products - Monty&#039;s Plant Food<\/title>\n<meta name=\"robots\" content=\"index, follow, max-snippet:-1, max-image-preview:large, max-video-preview:-1\" \/>\n<link rel=\"canonical\" href=\"https:\/\/montysplantfood.com\/es\/products\/\" \/>\n<meta property=\"og:locale\" content=\"es_ES\" \/>\n<meta property=\"og:type\" content=\"article\" \/>\n<meta property=\"og:title\" content=\"Products - Monty&#039;s Plant Food\" \/>\n<meta property=\"og:description\" content=\"Products Soil Amendment Catalyzer Monty&#8217;s Concentrated Humics Dri-Carbon Liquid Carbon in Dry Form Humi-Till Crop Residue Management Humi-Till Activator For Residue Management Monty&#8217;s Liquid Carbon Proprietary Humic Technology Nanobind Microbial Enhanced Liquid Carbon Starters 9-24-3 Premium Blend The Key to Success is the Choice of Phosphate Fertility Agri-N Foliar Enhancement for Green-Up and Energy Agrihance&hellip;\" \/>\n<meta property=\"og:url\" content=\"https:\/\/montysplantfood.com\/es\/products\/\" \/>\n<meta property=\"og:site_name\" content=\"Monty&#039;s Plant Food\" \/>\n<meta property=\"article:modified_time\" content=\"2024-03-22T14:50:57+00:00\" \/>\n<meta property=\"og:image\" content=\"https:\/\/montysplantfood.com\/wp-content\/uploads\/2020\/09\/social-share.jpg\" \/>\n\t<meta property=\"og:image:width\" content=\"1280\" \/>\n\t<meta property=\"og:image:height\" content=\"720\" \/>\n\t<meta property=\"og:image:type\" content=\"image\/jpeg\" \/>\n<meta name=\"twitter:card\" content=\"summary_large_image\" \/>\n<meta name=\"twitter:label1\" content=\"Est. reading time\" \/>\n\t<meta name=\"twitter:data1\" content=\"2 minutes\" \/>\n<script type=\"application\/ld+json\" class=\"yoast-schema-graph\">{\"@context\":\"https:\\\/\\\/schema.org\",\"@graph\":[{\"@type\":\"WebPage\",\"@id\":\"https:\\\/\\\/montysplantfood.com\\\/products\\\/\",\"url\":\"https:\\\/\\\/montysplantfood.com\\\/products\\\/\",\"name\":\"Products - Monty&#039;s Plant Food\",\"isPartOf\":{\"@id\":\"https:\\\/\\\/montysplantfood.com\\\/#website\"},\"datePublished\":\"2020-08-20T01:46:33+00:00\",\"dateModified\":\"2024-03-22T14:50:57+00:00\",\"breadcrumb\":{\"@id\":\"https:\\\/\\\/montysplantfood.com\\\/products\\\/#breadcrumb\"},\"inLanguage\":\"es-GT\",\"potentialAction\":[{\"@type\":\"ReadAction\",\"target\":[\"https:\\\/\\\/montysplantfood.com\\\/products\\\/\"]}]},{\"@type\":\"BreadcrumbList\",\"@id\":\"https:\\\/\\\/montysplantfood.com\\\/products\\\/#breadcrumb\",\"itemListElement\":[{\"@type\":\"ListItem\",\"position\":1,\"name\":\"Home\",\"item\":\"https:\\\/\\\/montysplantfood.com\\\/\"},{\"@type\":\"ListItem\",\"position\":2,\"name\":\"Products\"}]},{\"@type\":\"WebSite\",\"@id\":\"https:\\\/\\\/montysplantfood.com\\\/#website\",\"url\":\"https:\\\/\\\/montysplantfood.com\\\/\",\"name\":\"Monty&#039;s Plant Food\",\"description\":\"\",\"publisher\":{\"@id\":\"https:\\\/\\\/montysplantfood.com\\\/#organization\"},\"potentialAction\":[{\"@type\":\"SearchAction\",\"target\":{\"@type\":\"EntryPoint\",\"urlTemplate\":\"https:\\\/\\\/montysplantfood.com\\\/?s={search_term_string}\"},\"query-input\":{\"@type\":\"PropertyValueSpecification\",\"valueRequired\":true,\"valueName\":\"search_term_string\"}}],\"inLanguage\":\"es-GT\"},{\"@type\":\"Organization\",\"@id\":\"https:\\\/\\\/montysplantfood.com\\\/#organization\",\"name\":\"Monty's Plant Food\",\"url\":\"https:\\\/\\\/montysplantfood.com\\\/\",\"logo\":{\"@type\":\"ImageObject\",\"inLanguage\":\"es-GT\",\"@id\":\"https:\\\/\\\/montysplantfood.com\\\/#\\\/schema\\\/logo\\\/image\\\/\",\"url\":\"https:\\\/\\\/montysplantfood.com\\\/wp-content\\\/uploads\\\/2020\\\/09\\\/Website-Logo-TEST.png\",\"contentUrl\":\"https:\\\/\\\/montysplantfood.com\\\/wp-content\\\/uploads\\\/2020\\\/09\\\/Website-Logo-TEST.png\",\"width\":505,\"height\":358,\"caption\":\"Monty's Plant Food\"},\"image\":{\"@id\":\"https:\\\/\\\/montysplantfood.com\\\/#\\\/schema\\\/logo\\\/image\\\/\"}}]}<\/script>\n<!-- \/ Yoast SEO plugin. -->","yoast_head_json":{"title":"Products - Monty&#039;s Plant Food","robots":{"index":"index","follow":"follow","max-snippet":"max-snippet:-1","max-image-preview":"max-image-preview:large","max-video-preview":"max-video-preview:-1"},"canonical":"https:\/\/montysplantfood.com\/es\/products\/","og_locale":"es_ES","og_type":"article","og_title":"Products - Monty&#039;s Plant Food","og_description":"Products Soil Amendment Catalyzer Monty&#8217;s Concentrated Humics Dri-Carbon Liquid Carbon in Dry Form Humi-Till Crop Residue Management Humi-Till Activator For Residue Management Monty&#8217;s Liquid Carbon Proprietary Humic Technology Nanobind Microbial Enhanced Liquid Carbon Starters 9-24-3 Premium Blend The Key to Success is the Choice of Phosphate Fertility Agri-N Foliar Enhancement for Green-Up and Energy Agrihance&hellip;","og_url":"https:\/\/montysplantfood.com\/es\/products\/","og_site_name":"Monty&#039;s Plant Food","article_modified_time":"2024-03-22T14:50:57+00:00","og_image":[{"width":1280,"height":720,"url":"https:\/\/montysplantfood.com\/wp-content\/uploads\/2020\/09\/social-share.jpg","type":"image\/jpeg"}],"twitter_card":"summary_large_image","twitter_misc":{"Est. reading time":"2 minutes"},"schema":{"@context":"https:\/\/schema.org","@graph":[{"@type":"WebPage","@id":"https:\/\/montysplantfood.com\/products\/","url":"https:\/\/montysplantfood.com\/products\/","name":"Products - Monty&#039;s Plant Food","isPartOf":{"@id":"https:\/\/montysplantfood.com\/#website"},"datePublished":"2020-08-20T01:46:33+00:00","dateModified":"2024-03-22T14:50:57+00:00","breadcrumb":{"@id":"https:\/\/montysplantfood.com\/products\/#breadcrumb"},"inLanguage":"es-GT","potentialAction":[{"@type":"ReadAction","target":["https:\/\/montysplantfood.com\/products\/"]}]},{"@type":"BreadcrumbList","@id":"https:\/\/montysplantfood.com\/products\/#breadcrumb","itemListElement":[{"@type":"ListItem","position":1,"name":"Home","item":"https:\/\/montysplantfood.com\/"},{"@type":"ListItem","position":2,"name":"Products"}]},{"@type":"WebSite","@id":"https:\/\/montysplantfood.com\/#website","url":"https:\/\/montysplantfood.com\/","name":"Monty&#039;s Plant Food","description":"","publisher":{"@id":"https:\/\/montysplantfood.com\/#organization"},"potentialAction":[{"@type":"SearchAction","target":{"@type":"EntryPoint","urlTemplate":"https:\/\/montysplantfood.com\/?s={search_term_string}"},"query-input":{"@type":"PropertyValueSpecification","valueRequired":true,"valueName":"search_term_string"}}],"inLanguage":"es-GT"},{"@type":"Organization","@id":"https:\/\/montysplantfood.com\/#organization","name":"Monty's Plant Food","url":"https:\/\/montysplantfood.com\/","logo":{"@type":"ImageObject","inLanguage":"es-GT","@id":"https:\/\/montysplantfood.com\/#\/schema\/logo\/image\/","url":"https:\/\/montysplantfood.com\/wp-content\/uploads\/2020\/09\/Website-Logo-TEST.png","contentUrl":"https:\/\/montysplantfood.com\/wp-content\/uploads\/2020\/09\/Website-Logo-TEST.png","width":505,"height":358,"caption":"Monty's Plant Food"},"image":{"@id":"https:\/\/montysplantfood.com\/#\/schema\/logo\/image\/"}}]}},"_links":{"self":[{"href":"https:\/\/montysplantfood.com\/es\/wp-json\/wp\/v2\/pages\/88","targetHints":{"allow":["GET"]}}],"collection":[{"href":"https:\/\/montysplantfood.com\/es\/wp-json\/wp\/v2\/pages"}],"about":[{"href":"https:\/\/montysplantfood.com\/es\/wp-json\/wp\/v2\/types\/page"}],"author":[{"embeddable":true,"href":"https:\/\/montysplantfood.com\/es\/wp-json\/wp\/v2\/users\/20"}],"replies":[{"embeddable":true,"href":"https:\/\/montysplantfood.com\/es\/wp-json\/wp\/v2\/comments?post=88"}],"version-history":[{"count":3,"href":"https:\/\/montysplantfood.com\/es\/wp-json\/wp\/v2\/pages\/88\/revisions"}],"predecessor-version":[{"id":13607,"href":"https:\/\/montysplantfood.com\/es\/wp-json\/wp\/v2\/pages\/88\/revisions\/13607"}],"wp:attachment":[{"href":"https:\/\/montysplantfood.com\/es\/wp-json\/wp\/v2\/media?parent=88"}],"curies":[{"name":"wp","href":"https:\/\/api.w.org\/{rel}","templated":true}]}}