{"id":86,"date":"2020-08-19T21:46:32","date_gmt":"2020-08-20T01:46:32","guid":{"rendered":"http:\/\/localhost:10003\/why-montys\/"},"modified":"2025-06-26T13:44:18","modified_gmt":"2025-06-26T17:44:18","slug":"about-montys","status":"publish","type":"page","link":"https:\/\/montysplantfood.com\/es\/about-montys\/","title":{"rendered":"About Monty\u2019s"},"content":{"rendered":"<h1>\n\t\tConstruido por agricultores. Para agricultores.\n\t<\/h1>\n\t<p>Experiencia pr\u00e1ctica para que sus campos prosperen<\/p>\n<h2>\n\t\tAsesores de confianza. Soluciones probadas\n\t<\/h2>\n\t<p>Monty&#8217;s primary goal has always been to help farmers be more successful. We offer farmers high-efficiency nutrient solutions &#8211; whether in-furrow starters, industry-leading humic-based soil conditioners, or foliar-applied nutrient packages &#8211; designed to bring better root development, healthier plants, and ultimately higher yields!<\/p>\n<p>Monty&#8217;s is your trusted source for dependable guidance and innovative, science-backed plant and soil products that make it easy to produce increased, high-quality yields while improving long-term soil quality. Monty&#8217;s&#8230; trusted advisors. Proven solutions. Talk to your Monty&#8217;s representative today!<\/p>\n<p><strong>Nuestra misi\u00f3n.<\/strong> Al suministrar productos de nutrici\u00f3n vegetal y del suelo fiables y respetuosos con el medio ambiente, ayudamos a nuestros clientes a desarrollar su m\u00e1ximo potencial.<\/p>\n<p><strong>Principios clave. <\/strong>Apoyar el desarrollo de cada empleado. Hacer un esfuerzo adicional para ayudar a nuestros clientes a alcanzar el \u00e9xito. Elegir materiales de la m\u00e1xima calidad y respetuosos con el medio ambiente. Actuar con integridad incluso cuando nadie nos observa. No dejar nunca de aprender y desarrollar nuevas tecnolog\u00edas innovadoras.<\/p>\n\n<h2>\n\t\tColaboramos con usted para que obtenga los mejores y m\u00e1s sanos resultados\n\t<\/h2>\n\t\t\t\t\t\t\t\t\t<img decoding=\"async\" src=\"https:\/\/montysplantfood.com\/wp-content\/uploads\/2020\/08\/icon-about-1.png\" alt=\"icon-about-1\" itemprop=\"image\" title=\"icono-sobre-1\" onerror=\"this.style.display='none'\">\n<h3>\n\t\tExpertos en agronom\u00eda que trabajan para usted.\n\t<\/h3>\n\t<p>Desde la resoluci\u00f3n de problemas menores hasta la resurrecci\u00f3n de sus peores campos, su Experto Agr\u00f3nomo local trabajar\u00e1 con usted para ofrecerle soluciones a medida que cumplan sus objetivos.<\/p>\n<h3>\n\t\tVea las m\u00e9tricas que importan.\n\t<\/h3>\n\t<p>There is no one-size-fits-all for farmers. And if you don&#8217;t know what&#8217;s going on under the surface, then you&#8217;re farming blind. Make data-driven decisions based on soil and plant samples from your fields.<\/p>\n\t\t\t\t\t\t\t\t\t<img decoding=\"async\" src=\"https:\/\/montysplantfood.com\/wp-content\/uploads\/2020\/08\/icon-about-2.png\" alt=\"icon-about-2\" itemprop=\"image\" srcset=\"https:\/\/montysplantfood.com\/wp-content\/uploads\/2020\/08\/icon-about-2.png 213w, https:\/\/montysplantfood.com\/wp-content\/uploads\/2020\/08\/icon-about-2-150x150.png 150w\" sizes=\"(max-width: 213px) 100vw, 213px\" title=\"icono-sobre-2\" onerror=\"this.style.display='none'\">\n\t\t\t\t\t\t\t\t\t<img decoding=\"async\" src=\"https:\/\/montysplantfood.com\/wp-content\/uploads\/2020\/08\/icon-about-3.png\" alt=\"icon-about-3\" itemprop=\"image\" title=\"icono-sobre-3\" onerror=\"this.style.display='none'\">\n<h3>\n\t\tDerecho a presumir de hect\u00e1reas.\n\t<\/h3>\n\t<p>You (and your neighbors) will see the Monty&#8217;s difference in side-by-side fields used with and without our soil and plant solutions. <\/p>\n<h2>\n\t\tNuestra historia\n\t<\/h2>\n<p><strong>Los primeros d\u00edas<\/strong><\/p>\n<p>Lo que empez\u00f3 como un hobby para Monty Justice se convirti\u00f3 r\u00e1pidamente en una pasi\u00f3n para toda la vida. Tras jubilarse de una carrera de 32 a\u00f1os en la fabricaci\u00f3n de metales, Monty se dedic\u00f3 a cultivar las rosas m\u00e1s sanas y hermosas. Monty no tard\u00f3 en darse cuenta de que no exist\u00eda en el mercado ning\u00fan producto que proporcionara una nutrici\u00f3n excelente a sus rosas sin a\u00f1adir sales ni modificar el pH del suelo.<\/p>\n<p>Not one to sit content, Monty started his own trials and tests adding different nutrients to the soil and over a two-year period, created the Monty&#8217;s Plant Food proprietary formula.<\/p>\n<p>Initially called &#8216;Monty&#8217;s Joy Juice,&#8217; the formula soon became the joy of gardeners across the Kentucky community where he was born and raised. As reports mounted about the success of Monty&#8217;s on garden crops, interest began to grow among area farmers.<\/p>\n<p><strong>Una operaci\u00f3n en crecimiento<\/strong><\/p>\n<p>Dennis Stephens, a generational farmer from Bourbon County, KY and Monty&#8217;s son-in-law began the first trials on his own family&#8217;s tobacco crops, to see if the results they had been seeing in roses and vegetable gardens could be reproduced on a larger scale.&nbsp;After just one season, amazed by the results, Stephens, along with two other business partners, John Petrey and Kevin Voss, convinced Monty&#8217;s that it was time to take the product to an even larger audience. It was then, in 1997, that Monty&#8217;s Plant Food Company was established.<\/p>\n<p>Monty&#8217;s has evolved into the trusted source of plant and soil product provider for farmers and growers throughout the United States and the world. The company has also taken a leadership role in the emerging conversations regarding soil health with key members of Monty&#8217;s team serving on the Soil Renaissance (Noble Foundation) and the Humics Product Trade Association boards and committees. Monty&#8217;s also continues to perform field trials and collect field data from its growers who have become true advocates.<\/p>\n<p>From backyard rose gardens to major crop producing farms, Monty&#8217;s Plant Food Company stands behind its slogan with growers around the world, promising &#8220;Success You Can See.<\/p>\n<p><strong>&nbsp;<\/strong><\/p>\n<p><strong>Monty&#8217;s Family Values<\/strong><\/p>\n<p>Monty Justice was a man full of boundless energy and enthusiasm &#8211; and never afraid to try new things. Before he was a pioneer in agriculture, he had a successful career in the metal business. Monty was also a dedicated husband, caring father and hands-on grandfather to his 3 grandchildren.<\/p>\n<p>When Monty started &#8216;Monty&#8217;s Joy Juice&#8217;, he truly made it a family business with his wife and children mixing and packaging the humic-based product on their back porch. As word spread about his successful mixture, Monty found himself bottling his product in one gallon recycled milk jugs and delivering them to customers across the Mid-South from the trunk of his car.<\/p>\n<p>The family business grew to include his son-in-law, Dennis Stephens. Together, Monty and Dennis continued to develop the Monty&#8217;s Plant Food brand, connecting with business partners to help distribute the product in larger quantities to farmers and ranchers for their harvests.<\/p>\n<p>From the back porch in the 1990&#8217;s to today&#8217;s multi-million company, the effusive and enthusiastic Monty Justice has given a gift to growers and gardeners around the world. As Monty himself said before he passed away in 2012, &#8220;The pleasure is in the giving.&#8221;<\/p>\n<p><a href=\"https:\/\/montysplantfood.com\/wp-content\/uploads\/2020\/10\/Monty_driveway-full-of-roses.jpg\"><img decoding=\"async\" src=\"https:\/\/montysplantfood.com\/wp-content\/uploads\/2020\/10\/Monty_driveway-full-of-roses.jpg\" alt=\"\" width=\"583\" height=\"345\"><\/a><\/p>\n<p>&nbsp;<\/p>\n<p>&nbsp;<\/p>\n\t\t\t\tMaximize Your Soil&#8217;s Potential\n\t\t<h2>Tecnolog\u00eda h\u00famica activa<\/h2>\n\t<p>La diferencia es la activaci\u00f3n. Cuando se aplica a su suelo la tecnolog\u00eda h\u00famica patentada m\u00e1s activa y soluble del mercado, hace que todo lo dem\u00e1s que aplique funcione mejor.<\/p>\n\t<a href=\"https:\/\/montysplantfood.com\/es\/montys-humics-fulvics\/\" target=\"_self\" role=\"button\" aria-label=\"M\u00e1s informaci\u00f3n\" rel=\"noopener\">\n\t\t\t\t\t\tM\u00e1s informaci\u00f3n\n\t\t\t\t\t<\/a>\n<h2>\n\t\tWhat You Can Count On From Monty&#8217;s\n\t<\/h2>\n\t\t\t\t\t\t\t<img decoding=\"async\" src=\"https:\/\/montysplantfood.com\/wp-content\/uploads\/2020\/08\/icon-benefit-1.png\" alt=\"icon-benefit-1\">\n\t\t<h3>Soluciones basadas en datos<\/h3>\n\t\t\t\t\t\t\t<img decoding=\"async\" src=\"https:\/\/montysplantfood.com\/wp-content\/uploads\/2020\/08\/icon-benefit-2.png\" alt=\"icon-benefit-2\">\n\t\t<h3>Prompt Response &amp; Delivery<\/h3>\n\t\t\t\t\t\t\t<img decoding=\"async\" src=\"https:\/\/montysplantfood.com\/wp-content\/uploads\/2020\/08\/icon-benefit-3.png\" alt=\"icon-benefit-3\">\n\t\t<h3>Innovative &amp; Proven Products<\/h3>\n\t\t\t\t\t\t\t<img decoding=\"async\" src=\"https:\/\/montysplantfood.com\/wp-content\/uploads\/2020\/08\/icon-benefit-4.png\" alt=\"icon-benefit-4\">\n\t\t<h3>High &amp; Healthy Yields<\/h3>\n\t\t\t\t\t\t\t<img decoding=\"async\" src=\"https:\/\/montysplantfood.com\/wp-content\/uploads\/2020\/08\/icon-benefit-5.png\" alt=\"icon-benefit-5\">\n\t\t<h3>Expertos en agronom\u00eda de confianza<\/h3>\n\t\t\t\t\t\t\t<img decoding=\"async\" src=\"https:\/\/montysplantfood.com\/wp-content\/uploads\/2020\/08\/icon-benefit-6.png\" alt=\"icon-benefit-6\">\n\t\t<h3>Materiales respetuosos con el medio ambiente<\/h3>\n<h2>\n\t\tObtenga su plan personalizado gratuito\n\t<\/h2>\n\t<p>Monty&#8217;s Agronomy Experts are committed to helping your fields flourish. Let&#8217;s talk about how.<\/p>\n\t<a href=\"https:\/\/montysplantfood.com\/es\/custom-plan\/\" target=\"_self\" role=\"button\" aria-label=\"Crear un plan personalizado\" rel=\"noopener\">\n\t\t\t\t\t\tCrear un plan personalizado\n\t\t\t\t\t<\/a>\n\n\n\n<p><\/p>","protected":false},"excerpt":{"rendered":"<p>Built by Farmers. For Farmers. Hands-On Expertise To Help Your Fields Thrive Trusted Advisors. Proven Solutions Monty&#8217;s primary goal has always been to help farmers be more successful. We offer farmers high-efficiency nutrient solutions &#8211; whether in-furrow starters, industry-leading humic-based soil conditioners, or foliar-applied nutrient packages &#8211; designed to bring better root development, healthier plants,&hellip;<\/p>","protected":false},"author":20,"featured_media":0,"parent":0,"menu_order":7,"comment_status":"closed","ping_status":"closed","template":"","meta":{"_acf_changed":false,"footnotes":""},"class_list":["post-86","page","type-page","status-publish","hentry"],"acf":[],"yoast_head":"<!-- This site is optimized with the Yoast SEO plugin v27.4 - https:\/\/yoast.com\/product\/yoast-seo-wordpress\/ -->\n<title>About Monty\u2019s - Monty&#039;s Plant Food<\/title>\n<meta name=\"robots\" content=\"index, follow, max-snippet:-1, max-image-preview:large, max-video-preview:-1\" \/>\n<link rel=\"canonical\" href=\"https:\/\/montysplantfood.com\/es\/about-montys\/\" \/>\n<meta property=\"og:locale\" content=\"es_ES\" \/>\n<meta property=\"og:type\" content=\"article\" \/>\n<meta property=\"og:title\" content=\"About Monty\u2019s - Monty&#039;s Plant Food\" \/>\n<meta property=\"og:description\" content=\"Built by Farmers. For Farmers. Hands-On Expertise To Help Your Fields Thrive Trusted Advisors. Proven Solutions Monty&#8217;s primary goal has always been to help farmers be more successful. We offer farmers high-efficiency nutrient solutions &#8211; whether in-furrow starters, industry-leading humic-based soil conditioners, or foliar-applied nutrient packages &#8211; designed to bring better root development, healthier plants,&hellip;\" \/>\n<meta property=\"og:url\" content=\"https:\/\/montysplantfood.com\/es\/about-montys\/\" \/>\n<meta property=\"og:site_name\" content=\"Monty&#039;s Plant Food\" \/>\n<meta property=\"article:modified_time\" content=\"2025-06-26T17:44:18+00:00\" \/>\n<meta property=\"og:image\" content=\"https:\/\/montysplantfood.com\/wp-content\/uploads\/2020\/08\/icon-about-1.png\" \/>\n<meta name=\"twitter:card\" content=\"summary_large_image\" \/>\n<meta name=\"twitter:label1\" content=\"Est. reading time\" \/>\n\t<meta name=\"twitter:data1\" content=\"6 minutes\" \/>\n<script type=\"application\/ld+json\" class=\"yoast-schema-graph\">{\"@context\":\"https:\\\/\\\/schema.org\",\"@graph\":[{\"@type\":\"WebPage\",\"@id\":\"https:\\\/\\\/montysplantfood.com\\\/about-montys\\\/\",\"url\":\"https:\\\/\\\/montysplantfood.com\\\/about-montys\\\/\",\"name\":\"About Monty\u2019s - Monty&#039;s Plant Food\",\"isPartOf\":{\"@id\":\"https:\\\/\\\/montysplantfood.com\\\/#website\"},\"primaryImageOfPage\":{\"@id\":\"https:\\\/\\\/montysplantfood.com\\\/about-montys\\\/#primaryimage\"},\"image\":{\"@id\":\"https:\\\/\\\/montysplantfood.com\\\/about-montys\\\/#primaryimage\"},\"thumbnailUrl\":\"https:\\\/\\\/montysplantfood.com\\\/wp-content\\\/uploads\\\/2020\\\/08\\\/icon-about-1.png\",\"datePublished\":\"2020-08-20T01:46:32+00:00\",\"dateModified\":\"2025-06-26T17:44:18+00:00\",\"breadcrumb\":{\"@id\":\"https:\\\/\\\/montysplantfood.com\\\/about-montys\\\/#breadcrumb\"},\"inLanguage\":\"es-GT\",\"potentialAction\":[{\"@type\":\"ReadAction\",\"target\":[\"https:\\\/\\\/montysplantfood.com\\\/about-montys\\\/\"]}]},{\"@type\":\"ImageObject\",\"inLanguage\":\"es-GT\",\"@id\":\"https:\\\/\\\/montysplantfood.com\\\/about-montys\\\/#primaryimage\",\"url\":\"https:\\\/\\\/montysplantfood.com\\\/wp-content\\\/uploads\\\/2020\\\/08\\\/icon-about-1.png\",\"contentUrl\":\"https:\\\/\\\/montysplantfood.com\\\/wp-content\\\/uploads\\\/2020\\\/08\\\/icon-about-1.png\"},{\"@type\":\"BreadcrumbList\",\"@id\":\"https:\\\/\\\/montysplantfood.com\\\/about-montys\\\/#breadcrumb\",\"itemListElement\":[{\"@type\":\"ListItem\",\"position\":1,\"name\":\"Home\",\"item\":\"https:\\\/\\\/montysplantfood.com\\\/\"},{\"@type\":\"ListItem\",\"position\":2,\"name\":\"About Monty\u2019s\"}]},{\"@type\":\"WebSite\",\"@id\":\"https:\\\/\\\/montysplantfood.com\\\/#website\",\"url\":\"https:\\\/\\\/montysplantfood.com\\\/\",\"name\":\"Monty&#039;s Plant Food\",\"description\":\"\",\"publisher\":{\"@id\":\"https:\\\/\\\/montysplantfood.com\\\/#organization\"},\"potentialAction\":[{\"@type\":\"SearchAction\",\"target\":{\"@type\":\"EntryPoint\",\"urlTemplate\":\"https:\\\/\\\/montysplantfood.com\\\/?s={search_term_string}\"},\"query-input\":{\"@type\":\"PropertyValueSpecification\",\"valueRequired\":true,\"valueName\":\"search_term_string\"}}],\"inLanguage\":\"es-GT\"},{\"@type\":\"Organization\",\"@id\":\"https:\\\/\\\/montysplantfood.com\\\/#organization\",\"name\":\"Monty's Plant Food\",\"url\":\"https:\\\/\\\/montysplantfood.com\\\/\",\"logo\":{\"@type\":\"ImageObject\",\"inLanguage\":\"es-GT\",\"@id\":\"https:\\\/\\\/montysplantfood.com\\\/#\\\/schema\\\/logo\\\/image\\\/\",\"url\":\"https:\\\/\\\/montysplantfood.com\\\/wp-content\\\/uploads\\\/2020\\\/09\\\/Website-Logo-TEST.png\",\"contentUrl\":\"https:\\\/\\\/montysplantfood.com\\\/wp-content\\\/uploads\\\/2020\\\/09\\\/Website-Logo-TEST.png\",\"width\":505,\"height\":358,\"caption\":\"Monty's Plant Food\"},\"image\":{\"@id\":\"https:\\\/\\\/montysplantfood.com\\\/#\\\/schema\\\/logo\\\/image\\\/\"}}]}<\/script>\n<!-- \/ Yoast SEO plugin. -->","yoast_head_json":{"title":"About Monty\u2019s - Monty&#039;s Plant Food","robots":{"index":"index","follow":"follow","max-snippet":"max-snippet:-1","max-image-preview":"max-image-preview:large","max-video-preview":"max-video-preview:-1"},"canonical":"https:\/\/montysplantfood.com\/es\/about-montys\/","og_locale":"es_ES","og_type":"article","og_title":"About Monty\u2019s - Monty&#039;s Plant Food","og_description":"Built by Farmers. For Farmers. Hands-On Expertise To Help Your Fields Thrive Trusted Advisors. Proven Solutions Monty&#8217;s primary goal has always been to help farmers be more successful. We offer farmers high-efficiency nutrient solutions &#8211; whether in-furrow starters, industry-leading humic-based soil conditioners, or foliar-applied nutrient packages &#8211; designed to bring better root development, healthier plants,&hellip;","og_url":"https:\/\/montysplantfood.com\/es\/about-montys\/","og_site_name":"Monty&#039;s Plant Food","article_modified_time":"2025-06-26T17:44:18+00:00","og_image":[{"url":"https:\/\/montysplantfood.com\/wp-content\/uploads\/2020\/08\/icon-about-1.png","type":"","width":"","height":""}],"twitter_card":"summary_large_image","twitter_misc":{"Est. reading time":"6 minutes"},"schema":{"@context":"https:\/\/schema.org","@graph":[{"@type":"WebPage","@id":"https:\/\/montysplantfood.com\/about-montys\/","url":"https:\/\/montysplantfood.com\/about-montys\/","name":"About Monty\u2019s - Monty&#039;s Plant Food","isPartOf":{"@id":"https:\/\/montysplantfood.com\/#website"},"primaryImageOfPage":{"@id":"https:\/\/montysplantfood.com\/about-montys\/#primaryimage"},"image":{"@id":"https:\/\/montysplantfood.com\/about-montys\/#primaryimage"},"thumbnailUrl":"https:\/\/montysplantfood.com\/wp-content\/uploads\/2020\/08\/icon-about-1.png","datePublished":"2020-08-20T01:46:32+00:00","dateModified":"2025-06-26T17:44:18+00:00","breadcrumb":{"@id":"https:\/\/montysplantfood.com\/about-montys\/#breadcrumb"},"inLanguage":"es-GT","potentialAction":[{"@type":"ReadAction","target":["https:\/\/montysplantfood.com\/about-montys\/"]}]},{"@type":"ImageObject","inLanguage":"es-GT","@id":"https:\/\/montysplantfood.com\/about-montys\/#primaryimage","url":"https:\/\/montysplantfood.com\/wp-content\/uploads\/2020\/08\/icon-about-1.png","contentUrl":"https:\/\/montysplantfood.com\/wp-content\/uploads\/2020\/08\/icon-about-1.png"},{"@type":"BreadcrumbList","@id":"https:\/\/montysplantfood.com\/about-montys\/#breadcrumb","itemListElement":[{"@type":"ListItem","position":1,"name":"Home","item":"https:\/\/montysplantfood.com\/"},{"@type":"ListItem","position":2,"name":"About Monty\u2019s"}]},{"@type":"WebSite","@id":"https:\/\/montysplantfood.com\/#website","url":"https:\/\/montysplantfood.com\/","name":"Monty&#039;s Plant Food","description":"","publisher":{"@id":"https:\/\/montysplantfood.com\/#organization"},"potentialAction":[{"@type":"SearchAction","target":{"@type":"EntryPoint","urlTemplate":"https:\/\/montysplantfood.com\/?s={search_term_string}"},"query-input":{"@type":"PropertyValueSpecification","valueRequired":true,"valueName":"search_term_string"}}],"inLanguage":"es-GT"},{"@type":"Organization","@id":"https:\/\/montysplantfood.com\/#organization","name":"Monty's Plant Food","url":"https:\/\/montysplantfood.com\/","logo":{"@type":"ImageObject","inLanguage":"es-GT","@id":"https:\/\/montysplantfood.com\/#\/schema\/logo\/image\/","url":"https:\/\/montysplantfood.com\/wp-content\/uploads\/2020\/09\/Website-Logo-TEST.png","contentUrl":"https:\/\/montysplantfood.com\/wp-content\/uploads\/2020\/09\/Website-Logo-TEST.png","width":505,"height":358,"caption":"Monty's Plant Food"},"image":{"@id":"https:\/\/montysplantfood.com\/#\/schema\/logo\/image\/"}}]}},"_links":{"self":[{"href":"https:\/\/montysplantfood.com\/es\/wp-json\/wp\/v2\/pages\/86","targetHints":{"allow":["GET"]}}],"collection":[{"href":"https:\/\/montysplantfood.com\/es\/wp-json\/wp\/v2\/pages"}],"about":[{"href":"https:\/\/montysplantfood.com\/es\/wp-json\/wp\/v2\/types\/page"}],"author":[{"embeddable":true,"href":"https:\/\/montysplantfood.com\/es\/wp-json\/wp\/v2\/users\/20"}],"replies":[{"embeddable":true,"href":"https:\/\/montysplantfood.com\/es\/wp-json\/wp\/v2\/comments?post=86"}],"version-history":[{"count":12,"href":"https:\/\/montysplantfood.com\/es\/wp-json\/wp\/v2\/pages\/86\/revisions"}],"predecessor-version":[{"id":14449,"href":"https:\/\/montysplantfood.com\/es\/wp-json\/wp\/v2\/pages\/86\/revisions\/14449"}],"wp:attachment":[{"href":"https:\/\/montysplantfood.com\/es\/wp-json\/wp\/v2\/media?parent=86"}],"curies":[{"name":"wp","href":"https:\/\/api.w.org\/{rel}","templated":true}]}}