{"id":13694,"date":"2024-05-09T11:35:30","date_gmt":"2024-05-09T15:35:30","guid":{"rendered":"https:\/\/montysplantfood.com\/?page_id=13694"},"modified":"2025-12-11T09:01:50","modified_gmt":"2025-12-11T14:01:50","slug":"product-technical-information","status":"publish","type":"page","link":"https:\/\/montysplantfood.com\/es\/product-technical-information\/","title":{"rendered":"Product Technical Information"},"content":{"rendered":"<h1>\n\t\t\tProduct Tech Data\t<\/h1>\n\t<h2>Safety Data Sheets (SDS)<\/h2>\n\t<ul>\n<li><a href=\"https:\/\/montysplantfood.com\/wp-content\/uploads\/2022\/10\/MPF-SDS-Agri-N.pdf\">Agri-N<\/a><\/li>\n<li><a href=\"https:\/\/montysplantfood.com\/wp-content\/uploads\/2022\/10\/MPF-SDS-Agri-Sweet-FG.pdf\">Agri-Dulce FG<\/a><\/li>\n<li><a href=\"https:\/\/montysplantfood.com\/wp-content\/uploads\/2022\/07\/MPF-SDS-All-Purpose-Growth.pdf\">Crecimiento polivalente<\/a><\/li>\n<li><a href=\"https:\/\/montysplantfood.com\/wp-content\/uploads\/2020\/10\/MPF-SDS-Bio-Strain.pdf\">Bio-Strain<\/a><\/li>\n<li><a href=\"https:\/\/montysplantfood.com\/wp-content\/uploads\/2020\/10\/MPF-SDS-Boron-10.pdf\">Boro<\/a><\/li>\n<li><a href=\"https:\/\/montysplantfood.com\/wp-content\/uploads\/2022\/07\/MPF-SDS-C795.pdf\">C795 Plus<\/a><\/li>\n<li><a href=\"https:\/\/montysplantfood.com\/wp-content\/uploads\/2022\/07\/MPF-SDS-Calcium-Plus.pdf\">Calcio Plus<\/a><\/li>\n<li><a href=\"https:\/\/montysplantfood.com\/wp-content\/uploads\/2023\/02\/MPF-SDS-Calesco.pdf\">Calesco<\/a><\/li>\n<li><a href=\"https:\/\/montysplantfood.com\/wp-content\/uploads\/2023\/04\/MPF-SDS-Catalyzer.pdf\">Catalizador<\/a><\/li>\n<li><a href=\"https:\/\/montysplantfood.com\/wp-content\/uploads\/2020\/10\/MPF-SDS-CoMoB.pdf\">CoMoB<\/a><\/li>\n<li><a href=\"https:\/\/montysplantfood.com\/wp-content\/uploads\/2022\/04\/MPF-SDS-DriCarbon.pdf\">Monty&#8217;s Dri-Carbon<\/a><\/li>\n<li><a href=\"https:\/\/montysplantfood.com\/wp-content\/uploads\/2022\/04\/MPF-SDS-DriHumic.pdf\">Dri-Humic<\/a><\/li>\n<li><a href=\"https:\/\/montysplantfood.com\/wp-content\/uploads\/2020\/10\/MPF-SDS-Dri-Sulfur-42.pdf\">Dri-Sulfur 42<\/a><\/li>\n<\/ul>\n\t<ul>\n<li><a href=\"https:\/\/montysplantfood.com\/wp-content\/uploads\/2023\/05\/MPF-SDS-Drivas.pdf\">Drivas<\/a><\/li>\n<li><a href=\"https:\/\/montysplantfood.com\/wp-content\/uploads\/2022\/04\/MPF-SDS-Hay-Now.pdf\">Hay-Now<\/a><\/li>\n<li><a href=\"https:\/\/montysplantfood.com\/wp-content\/uploads\/2020\/10\/MPF-SDS-Humihance.pdf\">Humihance<\/a><\/li>\n<li><a href=\"https:\/\/montysplantfood.com\/wp-content\/uploads\/2020\/10\/MPF-SDS-Humi-Till.pdf\">Humi-Till<\/a><\/li>\n<li><a href=\"https:\/\/montysplantfood.com\/wp-content\/uploads\/2020\/10\/MPF-SDS-Humi-Till-Activator.pdf\">Activador Humi-Till<\/a><\/li>\n<li><a href=\"https:\/\/montysplantfood.com\/wp-content\/uploads\/2022\/07\/MPF-SDS-K28.pdf\">K28 Potasa l\u00edquida<\/a><\/li>\n<li><a href=\"https:\/\/montysplantfood.com\/wp-content\/uploads\/2020\/10\/MPF-SDS-LiqHumic.pdf\">Liquid Humic<\/a><\/li>\n<li><a href=\"https:\/\/montysplantfood.com\/wp-content\/uploads\/2020\/10\/MPF-SDS-MagmaHume.pdf\">MagmaHume<\/a><\/li>\n<li><a href=\"https:\/\/montysplantfood.com\/wp-content\/uploads\/2022\/07\/MPF-SDS-Magnesium-2.5.pdf\">Magnesio<\/a><\/li>\n<li><a href=\"https:\/\/montysplantfood.com\/wp-content\/uploads\/2022\/07\/MPF-SDS-Manganese.pdf\">Manganeso<\/a><\/li>\n<li><a href=\"https:\/\/montysplantfood.com\/wp-content\/uploads\/2022\/07\/MPF-SDS-Microhance.pdf\">Microhance<\/a><\/li>\n<li><a href=\"https:\/\/montysplantfood.com\/wp-content\/uploads\/2022\/07\/MPF-SDS-Midnight-10-8-4.pdf\">Medianoche<\/a><\/li>\n<li><a href=\"https:\/\/montysplantfood.com\/wp-content\/uploads\/2020\/10\/MPF-SDS-Manganese-Iron.pdf\">MnFe<\/a><\/li>\n<\/ul>\n<p>&nbsp;<\/p>\n\t<ul>\n<li><a href=\"https:\/\/montysplantfood.com\/wp-content\/uploads\/2020\/10\/MPF-SDS-LiqCarbon-1.pdf\">Carb\u00f3n l\u00edquido de Monty<\/a><\/li>\n<li><a href=\"https:\/\/montysplantfood.com\/wp-content\/uploads\/2020\/10\/MPF-SDS-Multiplicity.pdf\">Multiplicidad<\/a><\/li>\n<li><a href=\"https:\/\/montysplantfood.com\/wp-content\/uploads\/2020\/10\/MPF-SDS-NanoBind.pdf\">Nanobind<\/a><\/li>\n<li><a href=\"https:\/\/montysplantfood.com\/wp-content\/uploads\/2020\/10\/MPF-SDS-NanoBoost.pdf\">Nanoboost<\/a><\/li>\n<li><a href=\"https:\/\/montysplantfood.com\/wp-content\/uploads\/2022\/12\/MPF-SDS-Nauxin.pdf\">Nauxin<\/a><\/li>\n<li><a href=\"https:\/\/montysplantfood.com\/wp-content\/uploads\/2022\/07\/MPF-SDS-Premium-Blend.pdf\">Mezcla Premium<\/a><\/li>\n<li><a href=\"https:\/\/montysplantfood.com\/wp-content\/uploads\/2025\/12\/MPF-SDS-ProtoColl-7.pdf\">ProtoColl 7<\/a><\/li>\n<li><a href=\"https:\/\/montysplantfood.com\/wp-content\/uploads\/2025\/12\/MPF-SDS-ProtoColl-8.pdf\">ProtoColl 8<\/a><\/li>\n<li><a href=\"https:\/\/montysplantfood.com\/wp-content\/uploads\/2022\/07\/MPF-SDS-Root-Bloom.pdf\">Ra\u00edces y flores<\/a><\/li>\n<li><a href=\"https:\/\/montysplantfood.com\/wp-content\/uploads\/2022\/07\/MPF-SDS-Seed-Starter-Foliar.pdf\">Iniciador de semillas\/ Foliar<\/a><\/li>\n<li><a href=\"https:\/\/montysplantfood.com\/wp-content\/uploads\/2020\/10\/MPF-SDS-Sulfur-15.pdf\">Azufre 15<\/a><\/li>\n<li><a href=\"https:\/\/montysplantfood.com\/wp-content\/uploads\/2020\/10\/MPF-SDS-Sulfur-LC.pdf\">Azufre LC<\/a><\/li>\n<li><a href=\"https:\/\/montysplantfood.com\/wp-content\/uploads\/2020\/10\/MPF-SDS-Surge-XD.pdf\">Surge XD<\/a><\/li>\n<li><a href=\"https:\/\/montysplantfood.com\/wp-content\/uploads\/2022\/07\/MPF-SDS-Zinc-9.pdf\">Zinc<\/a><\/li>\n<\/ul>\n\t<h2>\u00a0Product Tech Sheets (PTS)<\/h2>\n\t<ul>\n<li><a href=\"https:\/\/montysplantfood.com\/wp-content\/uploads\/2025\/06\/1233-Product-Tech-Sheet_AgriN-6-25.pdf\">Agri-N<\/a><\/li>\n<li><a href=\"https:\/\/montysplantfood.com\/wp-content\/uploads\/2025\/06\/1233-Product-Tech-Sheet_AgriSweet-FG-6-25.pdf\">Agri-Dulce FG<\/a><\/li>\n<li><a href=\"https:\/\/montysplantfood.com\/wp-content\/uploads\/2025\/06\/1233-Product-Tech-Sheet_All-Purpose-Growth-6-25.pdf\">Crecimiento polivalente<\/a><\/li>\n<li><a href=\"https:\/\/montysplantfood.com\/wp-content\/uploads\/2025\/06\/1233-Product-Tech-Sheet_Boron-6-25.pdf\">Boro<\/a><\/li>\n<li><a href=\"https:\/\/montysplantfood.com\/wp-content\/uploads\/2025\/06\/1233-Product-Tech-Sheet_C795-Plus-6-25.pdf\">C795 Plus<\/a><\/li>\n<li><a href=\"https:\/\/montysplantfood.com\/wp-content\/uploads\/2025\/06\/1233-Product-Tech-Sheet_Calcium-Plus-6-25.pdf\">Calcio Plus<\/a><\/li>\n<li><a href=\"https:\/\/montysplantfood.com\/wp-content\/uploads\/2025\/06\/1233-Product-Tech-Sheet_Calesco-6-25.pdf\">Calesco<\/a><\/li>\n<li><a href=\"https:\/\/montysplantfood.com\/wp-content\/uploads\/2025\/06\/1233-Product-Tech-Sheet_Catalyzer-6-25.pdf\">Catalizador<\/a><\/li>\n<li><a href=\"https:\/\/montysplantfood.com\/wp-content\/uploads\/2025\/06\/1233-Product-Tech-Sheet_CoMo-6-25.pdf\">CoMo<\/a><\/li>\n<li><a href=\"https:\/\/montysplantfood.com\/wp-content\/uploads\/2025\/06\/1233-Product-Tech-Sheet_CoMoB-6-25.pdf\">CoMoB<\/a><\/li>\n<li><a href=\"https:\/\/montysplantfood.com\/wp-content\/uploads\/2025\/06\/1233-Product-Tech-Sheet_Copper-6-25.pdf\">Cobre<\/a><\/li>\n<li><a href=\"https:\/\/montysplantfood.com\/wp-content\/uploads\/2025\/06\/1233-Product-Tech-Sheet_Montys-DriCarbon-6-25.pdf\">Monty&#8217;s Dri-Carbon<\/a><\/li>\n<li><a href=\"https:\/\/montysplantfood.com\/wp-content\/uploads\/2025\/06\/1233-Product-Tech-Sheet_Drivas-6-25.pdf\">Drivas<\/a><\/li>\n<\/ul>\n\t<ul>\n<li><a href=\"https:\/\/montysplantfood.com\/wp-content\/uploads\/2025\/06\/1233-Product-Tech-Sheet_HayNow-6-25.pdf\">Hay-Now<\/a><\/li>\n<li><a href=\"https:\/\/montysplantfood.com\/wp-content\/uploads\/2025\/06\/1233-Product-Tech-Sheet_HumicPT-6-25.pdf\">Humic PT<\/a><\/li>\n<li><a href=\"https:\/\/montysplantfood.com\/wp-content\/uploads\/2025\/06\/1233-Product-Tech-Sheet_Humihance-6-25.pdf\">Humihance<\/a><\/li>\n<li><a href=\"https:\/\/montysplantfood.com\/wp-content\/uploads\/2025\/06\/1233-Product-Tech-Sheet_HumiTill-6-25.pdf\">Humi-Till<\/a><\/li>\n<li><a href=\"https:\/\/montysplantfood.com\/wp-content\/uploads\/2025\/06\/1233-Product-Tech-Sheet_HumiTill-Activator-6-25.pdf\">Activador Humi-Till<\/a><\/li>\n<li><a href=\"https:\/\/montysplantfood.com\/wp-content\/uploads\/2025\/06\/1233-Product-Tech-Sheet_Iron-6-25.pdf\">Hierro<\/a><\/li>\n<li><a href=\"https:\/\/montysplantfood.com\/wp-content\/uploads\/2025\/06\/1233-Product-Tech-Sheet_K28-6-25.pdf\">K28 Potasa l\u00edquida<\/a><\/li>\n<li><a href=\"https:\/\/montysplantfood.com\/wp-content\/uploads\/2025\/06\/1233-Product-Tech-Sheet_MagmaHume-6-25.pdf\">MagmaHume<\/a><\/li>\n<li><a href=\"https:\/\/montysplantfood.com\/wp-content\/uploads\/2025\/06\/1233-Product-Tech-Sheet_Magnesium-6-25.pdf\">Magnesio<\/a><\/li>\n<li><a href=\"https:\/\/montysplantfood.com\/wp-content\/uploads\/2025\/06\/1233-Product-Tech-Sheet_Manganese-6-25.pdf\">Manganeso<\/a><\/li>\n<li><a href=\"https:\/\/montysplantfood.com\/wp-content\/uploads\/2025\/06\/1233-Product-Tech-Sheet_Manganese-w-Iron-6-25.pdf\">Manganese w\/ Iron<\/a><\/li>\n<li><a href=\"https:\/\/montysplantfood.com\/wp-content\/uploads\/2025\/06\/1233-Product-Tech-Sheet_Microhance-6-25.pdf\">Microhance<\/a><\/li>\n<li><a href=\"https:\/\/montysplantfood.com\/wp-content\/uploads\/2025\/06\/1233-Product-Tech-Sheet_Midnight-6-25.pdf\">Medianoche<\/a><\/li>\n<\/ul>\n<p>&nbsp;<\/p>\n\t<ul>\n<li><a href=\"https:\/\/montysplantfood.com\/wp-content\/uploads\/2025\/06\/1233-Product-Tech-Sheet_Molybdenum-6-25.pdf\">Molibdeno<\/a><\/li>\n<li><a href=\"https:\/\/montysplantfood.com\/wp-content\/uploads\/2025\/06\/1233-Product-Tech-Sheet_Montys-Liquid-Carbon-6-25.pdf\">Carb\u00f3n l\u00edquido de Monty<\/a><\/li>\n<li><a href=\"https:\/\/montysplantfood.com\/wp-content\/uploads\/2025\/06\/1233-Product-Tech-Sheet_Multiplicity-6-25.pdf\">Multiplicidad<\/a><\/li>\n<li><a href=\"https:\/\/montysplantfood.com\/wp-content\/uploads\/2025\/06\/1233-Product-Tech-Sheet_Nanobind-6-25.pdf\">Nanobind<\/a><\/li>\n<li><a href=\"https:\/\/montysplantfood.com\/wp-content\/uploads\/2025\/06\/1233-Product-Tech-Sheet_Nanoboost-6-25.pdf\">Nanoboost<\/a><\/li>\n<li><a href=\"https:\/\/montysplantfood.com\/wp-content\/uploads\/2025\/06\/1233-Product-Tech-Sheet_Nauxin-6-25.pdf\">Nauxin<\/a><\/li>\n<li><a href=\"https:\/\/montysplantfood.com\/wp-content\/uploads\/2025\/06\/1233-Product-Tech-Sheet_Premium-Blend-6-25.pdf\">Mezcla Premium<\/a><\/li>\n<li><a href=\"https:\/\/montysplantfood.com\/wp-content\/uploads\/2025\/12\/1233-Product-Tech-Sheet_ProtoColl-7-12-25.pdf\">ProtoColl 7<\/a><\/li>\n<li><a href=\"https:\/\/montysplantfood.com\/wp-content\/uploads\/2025\/12\/1233-Product-Tech-Sheet_ProtoColl-8-12-25.pdf\">ProtoColl 8<\/a><\/li>\n<li><a href=\"https:\/\/montysplantfood.com\/wp-content\/uploads\/2025\/06\/1233-Product-Tech-Sheet_Root-Bloom-6-25.pdf\">Ra\u00edces y flores<\/a><\/li>\n<li><a href=\"https:\/\/montysplantfood.com\/wp-content\/uploads\/2025\/06\/1233-Product-Tech-Sheet_Seed-Starter-Foliar-6-25.pdf\">Iniciador de semillas\/ Foliar<\/a><\/li>\n<li><a href=\"https:\/\/montysplantfood.com\/wp-content\/uploads\/2025\/06\/1233-Product-Tech-Sheet_Sludge-Relief-6-25.pdf\">Alivio de lodos<\/a><\/li>\n<li><a href=\"https:\/\/montysplantfood.com\/wp-content\/uploads\/2025\/06\/1233-Product-Tech-Sheet_Sulfur-15-6-25.pdf\">Azufre 15<\/a><\/li>\n<li><a href=\"https:\/\/montysplantfood.com\/wp-content\/uploads\/2025\/06\/1233-Product-Tech-Sheet_SurgeXD-6-25.pdf\">Surge XD<\/a><\/li>\n<li><a href=\"https:\/\/montysplantfood.com\/wp-content\/uploads\/2025\/06\/1233-Product-Tech-Sheet_TurfPower-SRN-6-25.pdf\">Turf Power SRN<\/a><\/li>\n<li><a href=\"https:\/\/montysplantfood.com\/wp-content\/uploads\/2025\/06\/1233-Product-Tech-Sheet_Zinc-6-25.pdf\">Zinc<\/a><\/li>\n<\/ul>\n\t<h2>OMRI Certifications<\/h2>\n\t<ul>\n<li><a href=\"https:\/\/montysplantfood.com\/wp-content\/uploads\/2025\/06\/Montys-LLC_mpg-21737-Montys-Liquid-Carbon-2025-cert.pdf\">Carb\u00f3n l\u00edquido de Monty<\/a><\/li>\n<li><a href=\"https:\/\/montysplantfood.com\/wp-content\/uploads\/2025\/06\/Montys-LLC_mpg-21738-Montys-Liquid-Humic-2025-cert.pdf\">Monty&#8217;s Liquid Humic<\/a><\/li>\n<li><a href=\"https:\/\/montysplantfood.com\/wp-content\/uploads\/2025\/06\/Montys-LLC_mpg-21743-Dri-Carbon-2025-cert.pdf\">Monty&#8217;s Dri-Carbon<\/a><\/li>\n<\/ul>\n\t<ul>\n<li><a href=\"https:\/\/montysplantfood.com\/wp-content\/uploads\/2025\/06\/Montys-LLC_mpg-21745-Dri-Humic-2025-cert.pdf\">Monty&#8217;s Dry-Humic<\/a><\/li>\n<li><a href=\"https:\/\/montysplantfood.com\/wp-content\/uploads\/2025\/06\/Montys-LLC_mpg-21741-DRIVAS-2025-cert.pdf\">Drivas<\/a><\/li>\n<li><a href=\"https:\/\/montysplantfood.com\/wp-content\/uploads\/2025\/06\/Montys-LLC_mpg-21744-Catalyzer-2025-cert.pdf\">Catalizador<\/a><\/li>\n<\/ul>\n\t<ul>\n<li><a href=\"https:\/\/montysplantfood.com\/wp-content\/uploads\/2025\/06\/Montys-LLC_mpg-21740-Montys-Surge-XD-2025-cert.pdf\">Surge XD<\/a><\/li>\n<li><a href=\"https:\/\/montysplantfood.com\/wp-content\/uploads\/2025\/06\/Montys-LLC_mpg-21747-Magmahume-2025-cert.pdf\">MagmaHume<\/a><\/li>\n<li><a href=\"https:\/\/montysplantfood.com\/wp-content\/uploads\/2025\/06\/Montys-LLC_mpg-21742-Humi-till-Activator-2025-cert.pdf\">Activador Humi-Till<\/a><\/li>\n<\/ul>\n<p>&nbsp;<\/p>\n<h2>\n\t\t\tPregunte a un agr\u00f3nomo\t<\/h2>\n\t<p>\u00bfNecesita respuestas a un problema de cultivo o a una pregunta sobre agricultura? Nuestros agr\u00f3nomos est\u00e1n aqu\u00ed para ayudarle. <\/p>\n\t<a href=\"\/es\/ask-agronomist\/\" target=\"_self\" role=\"button\" aria-label=\"Pregunte a un agr\u00f3nomo\">\n\t\t\t\t\t\tPregunte a un agr\u00f3nomo\n\t\t\t\t\t<\/a>","protected":false},"excerpt":{"rendered":"<p>Product Tech Data Safety Data Sheets (SDS) Agri-N Agri-Sweet FG All-Purpose Growth Bio-Strain Boron C795 Plus Calcium Plus Calesco Catalyzer CoMoB Monty&#8217;s Dri-Carbon Dri-Humic Dri-Sulfur 42 Drivas Hay-Now Humihance Humi-Till Humi-Till Activator K28 Liquid Potash Liquid Humic MagmaHume Magnesium Manganese Microhance Midnight MnFe &nbsp; Monty&#8217;s Liquid Carbon Multiplicity Nanobind Nanoboost Nauxin Premium Blend ProtoColl 7&hellip;<\/p>","protected":false},"author":21,"featured_media":0,"parent":0,"menu_order":0,"comment_status":"closed","ping_status":"closed","template":"","meta":{"_acf_changed":false,"footnotes":""},"class_list":["post-13694","page","type-page","status-publish","hentry"],"acf":[],"yoast_head":"<!-- This site is optimized with the Yoast SEO plugin v27.4 - https:\/\/yoast.com\/product\/yoast-seo-wordpress\/ -->\n<title>Monty&#039;s Plant Food | Healthier Soil. Healthier Plants. Higher Yields.<\/title>\n<meta name=\"description\" content=\"Monty\u2019s proprietary active humic technology is designed to improve the overall vitality of your soil.\" \/>\n<meta name=\"robots\" content=\"index, follow, max-snippet:-1, max-image-preview:large, max-video-preview:-1\" \/>\n<link rel=\"canonical\" href=\"https:\/\/montysplantfood.com\/es\/product-technical-information\/\" \/>\n<meta property=\"og:locale\" content=\"es_ES\" \/>\n<meta property=\"og:type\" content=\"article\" \/>\n<meta property=\"og:title\" content=\"Monty&#039;s Plant Food | Healthier Soil. Healthier Plants. Higher Yields.\" \/>\n<meta property=\"og:description\" content=\"Monty\u2019s proprietary active humic technology is designed to improve the overall vitality of your soil.\" \/>\n<meta property=\"og:url\" content=\"https:\/\/montysplantfood.com\/es\/product-technical-information\/\" \/>\n<meta property=\"og:site_name\" content=\"Monty&#039;s Plant Food\" \/>\n<meta property=\"article:modified_time\" content=\"2025-12-11T14:01:50+00:00\" \/>\n<meta property=\"og:image\" content=\"https:\/\/montysplantfood.com\/wp-content\/uploads\/2020\/09\/social-share.jpg\" \/>\n\t<meta property=\"og:image:width\" content=\"1280\" \/>\n\t<meta property=\"og:image:height\" content=\"720\" \/>\n\t<meta property=\"og:image:type\" content=\"image\/jpeg\" \/>\n<meta name=\"twitter:card\" content=\"summary_large_image\" \/>\n<meta name=\"twitter:label1\" content=\"Est. reading time\" \/>\n\t<meta name=\"twitter:data1\" content=\"1 minute\" \/>\n<script type=\"application\/ld+json\" class=\"yoast-schema-graph\">{\"@context\":\"https:\\\/\\\/schema.org\",\"@graph\":[{\"@type\":\"WebPage\",\"@id\":\"https:\\\/\\\/montysplantfood.com\\\/product-technical-information\\\/\",\"url\":\"https:\\\/\\\/montysplantfood.com\\\/product-technical-information\\\/\",\"name\":\"Monty's Plant Food | Healthier Soil. Healthier Plants. Higher Yields.\",\"isPartOf\":{\"@id\":\"https:\\\/\\\/montysplantfood.com\\\/#website\"},\"datePublished\":\"2024-05-09T15:35:30+00:00\",\"dateModified\":\"2025-12-11T14:01:50+00:00\",\"description\":\"Monty\u2019s proprietary active humic technology is designed to improve the overall vitality of your soil.\",\"breadcrumb\":{\"@id\":\"https:\\\/\\\/montysplantfood.com\\\/product-technical-information\\\/#breadcrumb\"},\"inLanguage\":\"es-GT\",\"potentialAction\":[{\"@type\":\"ReadAction\",\"target\":[\"https:\\\/\\\/montysplantfood.com\\\/product-technical-information\\\/\"]}]},{\"@type\":\"BreadcrumbList\",\"@id\":\"https:\\\/\\\/montysplantfood.com\\\/product-technical-information\\\/#breadcrumb\",\"itemListElement\":[{\"@type\":\"ListItem\",\"position\":1,\"name\":\"Home\",\"item\":\"https:\\\/\\\/montysplantfood.com\\\/\"},{\"@type\":\"ListItem\",\"position\":2,\"name\":\"Product Technical Information\"}]},{\"@type\":\"WebSite\",\"@id\":\"https:\\\/\\\/montysplantfood.com\\\/#website\",\"url\":\"https:\\\/\\\/montysplantfood.com\\\/\",\"name\":\"Monty&#039;s Plant Food\",\"description\":\"\",\"publisher\":{\"@id\":\"https:\\\/\\\/montysplantfood.com\\\/#organization\"},\"potentialAction\":[{\"@type\":\"SearchAction\",\"target\":{\"@type\":\"EntryPoint\",\"urlTemplate\":\"https:\\\/\\\/montysplantfood.com\\\/?s={search_term_string}\"},\"query-input\":{\"@type\":\"PropertyValueSpecification\",\"valueRequired\":true,\"valueName\":\"search_term_string\"}}],\"inLanguage\":\"es-GT\"},{\"@type\":\"Organization\",\"@id\":\"https:\\\/\\\/montysplantfood.com\\\/#organization\",\"name\":\"Monty's Plant Food\",\"url\":\"https:\\\/\\\/montysplantfood.com\\\/\",\"logo\":{\"@type\":\"ImageObject\",\"inLanguage\":\"es-GT\",\"@id\":\"https:\\\/\\\/montysplantfood.com\\\/#\\\/schema\\\/logo\\\/image\\\/\",\"url\":\"https:\\\/\\\/montysplantfood.com\\\/wp-content\\\/uploads\\\/2020\\\/09\\\/Website-Logo-TEST.png\",\"contentUrl\":\"https:\\\/\\\/montysplantfood.com\\\/wp-content\\\/uploads\\\/2020\\\/09\\\/Website-Logo-TEST.png\",\"width\":505,\"height\":358,\"caption\":\"Monty's Plant Food\"},\"image\":{\"@id\":\"https:\\\/\\\/montysplantfood.com\\\/#\\\/schema\\\/logo\\\/image\\\/\"}}]}<\/script>\n<!-- \/ Yoast SEO plugin. -->","yoast_head_json":{"title":"Monty's Plant Food | Healthier Soil. Healthier Plants. Higher Yields.","description":"La tecnolog\u00eda h\u00famica activa patentada de Monty est\u00e1 dise\u00f1ada para mejorar la vitalidad general de su suelo.","robots":{"index":"index","follow":"follow","max-snippet":"max-snippet:-1","max-image-preview":"max-image-preview:large","max-video-preview":"max-video-preview:-1"},"canonical":"https:\/\/montysplantfood.com\/es\/product-technical-information\/","og_locale":"es_ES","og_type":"article","og_title":"Monty's Plant Food | Healthier Soil. Healthier Plants. Higher Yields.","og_description":"Monty\u2019s proprietary active humic technology is designed to improve the overall vitality of your soil.","og_url":"https:\/\/montysplantfood.com\/es\/product-technical-information\/","og_site_name":"Monty&#039;s Plant Food","article_modified_time":"2025-12-11T14:01:50+00:00","og_image":[{"width":1280,"height":720,"url":"https:\/\/montysplantfood.com\/wp-content\/uploads\/2020\/09\/social-share.jpg","type":"image\/jpeg"}],"twitter_card":"summary_large_image","twitter_misc":{"Est. reading time":"1 minute"},"schema":{"@context":"https:\/\/schema.org","@graph":[{"@type":"WebPage","@id":"https:\/\/montysplantfood.com\/product-technical-information\/","url":"https:\/\/montysplantfood.com\/product-technical-information\/","name":"Monty's Plant Food | Healthier Soil. Healthier Plants. Higher Yields.","isPartOf":{"@id":"https:\/\/montysplantfood.com\/#website"},"datePublished":"2024-05-09T15:35:30+00:00","dateModified":"2025-12-11T14:01:50+00:00","description":"La tecnolog\u00eda h\u00famica activa patentada de Monty est\u00e1 dise\u00f1ada para mejorar la vitalidad general de su suelo.","breadcrumb":{"@id":"https:\/\/montysplantfood.com\/product-technical-information\/#breadcrumb"},"inLanguage":"es-GT","potentialAction":[{"@type":"ReadAction","target":["https:\/\/montysplantfood.com\/product-technical-information\/"]}]},{"@type":"BreadcrumbList","@id":"https:\/\/montysplantfood.com\/product-technical-information\/#breadcrumb","itemListElement":[{"@type":"ListItem","position":1,"name":"Home","item":"https:\/\/montysplantfood.com\/"},{"@type":"ListItem","position":2,"name":"Product Technical Information"}]},{"@type":"WebSite","@id":"https:\/\/montysplantfood.com\/#website","url":"https:\/\/montysplantfood.com\/","name":"Monty&#039;s Plant Food","description":"","publisher":{"@id":"https:\/\/montysplantfood.com\/#organization"},"potentialAction":[{"@type":"SearchAction","target":{"@type":"EntryPoint","urlTemplate":"https:\/\/montysplantfood.com\/?s={search_term_string}"},"query-input":{"@type":"PropertyValueSpecification","valueRequired":true,"valueName":"search_term_string"}}],"inLanguage":"es-GT"},{"@type":"Organization","@id":"https:\/\/montysplantfood.com\/#organization","name":"Monty's Plant Food","url":"https:\/\/montysplantfood.com\/","logo":{"@type":"ImageObject","inLanguage":"es-GT","@id":"https:\/\/montysplantfood.com\/#\/schema\/logo\/image\/","url":"https:\/\/montysplantfood.com\/wp-content\/uploads\/2020\/09\/Website-Logo-TEST.png","contentUrl":"https:\/\/montysplantfood.com\/wp-content\/uploads\/2020\/09\/Website-Logo-TEST.png","width":505,"height":358,"caption":"Monty's Plant Food"},"image":{"@id":"https:\/\/montysplantfood.com\/#\/schema\/logo\/image\/"}}]}},"_links":{"self":[{"href":"https:\/\/montysplantfood.com\/es\/wp-json\/wp\/v2\/pages\/13694","targetHints":{"allow":["GET"]}}],"collection":[{"href":"https:\/\/montysplantfood.com\/es\/wp-json\/wp\/v2\/pages"}],"about":[{"href":"https:\/\/montysplantfood.com\/es\/wp-json\/wp\/v2\/types\/page"}],"author":[{"embeddable":true,"href":"https:\/\/montysplantfood.com\/es\/wp-json\/wp\/v2\/users\/21"}],"replies":[{"embeddable":true,"href":"https:\/\/montysplantfood.com\/es\/wp-json\/wp\/v2\/comments?post=13694"}],"version-history":[{"count":11,"href":"https:\/\/montysplantfood.com\/es\/wp-json\/wp\/v2\/pages\/13694\/revisions"}],"predecessor-version":[{"id":14551,"href":"https:\/\/montysplantfood.com\/es\/wp-json\/wp\/v2\/pages\/13694\/revisions\/14551"}],"wp:attachment":[{"href":"https:\/\/montysplantfood.com\/es\/wp-json\/wp\/v2\/media?parent=13694"}],"curies":[{"name":"wp","href":"https:\/\/api.w.org\/{rel}","templated":true}]}}