{"id":13359,"date":"2023-12-19T11:12:37","date_gmt":"2023-12-19T16:12:37","guid":{"rendered":"https:\/\/montysplantfood.com\/?page_id=13359"},"modified":"2024-11-22T14:16:27","modified_gmt":"2024-11-22T19:16:27","slug":"the-truth-about-montys-humics","status":"publish","type":"page","link":"https:\/\/montysplantfood.com\/es\/humics\/the-truth-about-montys-humics\/","title":{"rendered":"The Truth About Monty&#8217;s Humics"},"content":{"rendered":"<h1>\n\t\tTHE TRUTH ABOUT MONTY&#8217;S HUMICS\n\t<\/h1>\n\t<p>Un suelo m\u00e1s sano. Plantas m\u00e1s sanas. Mayor rendimiento.<\/p>\n\t<a href=\"https:\/\/montysplantfood.com\/wp-content\/uploads\/2024\/02\/1219-2024-Montys-Humic-Fulvic-Brochure-WEB.pdf\" target=\"_blank\" role=\"button\" rel=\"noopener\" aria-label=\"FOLLETO H\u00daMICO \/ F\u00daLVICO\">\n\t\t\t\t\t\tFOLLETO H\u00daMICO \/ F\u00daLVICO\n\t\t\t\t\t<\/a>\n\t<a href=\"https:\/\/www.youtube.com\/watch?v=bD_UoxJY3ME&#038;t=29s\" target=\"_blank\" role=\"button\" rel=\"noopener\" aria-label=\"V\u00cdDEO SOBRE LA TECNOLOG\u00cdA H\u00daMICA DE MONTY\">\n\t\t\t\t\t\tMONTY&#8217;S HUMIC TECHNOLOGY VIDEO\n\t\t\t\t\t<\/a>\n\t<a href=\"https:\/\/montysplantfood.com\/es\/product-info-data\/\" target=\"_blank\" role=\"button\" rel=\"noopener\" aria-label=\"COLATERAL H\u00daMICO DE MONTY\">\n\t\t\t\t\t\tMONTY&#8217;S HUMIC COLLATERAL\n\t\t\t\t\t<\/a>\n\t<a href=\"https:\/\/montysplantfood.com\/wp-content\/uploads\/2023\/11\/1219-Humic-Fulvic-FAQ-Flyer-2023.pdf\" target=\"_blank\" role=\"button\" rel=\"noopener\" aria-label=\"PREGUNTAS FRECUENTES SOBRE H\u00daMICOS Y F\u00daLVICOS\">\n\t\t\t\t\t\tPREGUNTAS FRECUENTES SOBRE H\u00daMICOS Y F\u00daLVICOS\n\t\t\t\t\t<\/a>\n<h2>\n\t\tUna peque\u00f1a dosis de VERDAD es todo lo que quieren sus cultivos.\n\t<\/h2>\n\t<p>There is quite a bit of mis-information out in the market about humics. Here is the TRUTH about humics and Monty&#8217;s advanced, proprietary technology:<\/p>\n<ul>\n<li>Monty&#8217;s humic technology is proprietary. There is nothing else like it, or proven as effective on the market.<\/li>\n<li>Monty&#8217;s highly concentrated formulas allow for lower application rates at a lower cost per acre.<\/li>\n<li>Monty&#8217;s humics have been used successfully on soils ranging from heavy clay to light sand.<\/li>\n<li>Monty&#8217;s products have a proven track record of improving grower&#8217;s plants, soil, and increasing their yields since 1985.<\/li>\n<li>Monty&#8217;s humics are uniquely designed to address compaction, low levels of organic matter, lack of moisture, and residue breakdown.<\/li>\n<li>Monty&#8217;s is a catalyst designed to make other products &#8211; fertility, herbicides, pesticides, and fungicides &#8211; work more effectively.<\/li>\n<li>Monty&#8217;s humics interact with the biological environment of the soil, helping to create healthier soil.<\/li>\n<li>Monty&#8217;s humics are uniquely designed to meet your farming challenges, without clogging spray tips, settling out, or damaging equipment. You purchase 275 gallons of our product, you apply 275 gallons of our product!<\/li>\n<\/ul>\n<p><strong>AND THAT&#8217;S THE TRUTH. Don&#8217;t be fooled by others who tell you differently. A little dose of truth is all your crops want.<\/strong><\/p>\n\t<h2>OMRI Y HPTA<\/h2>\n\t<h3>\u00a0 \u00a0CERTIFICADO OMRI<\/h3>\n\t\t\t\t<img decoding=\"async\" src=\"https:\/\/montysplantfood.com\/wp-content\/uploads\/2023\/12\/OMRI-Listed-Small-150x150.png\" alt=\"OMRI Listed - Small\" itemprop=\"image\" height=\"150\" width=\"150\" title=\"Listado OMRI - Peque\u00f1o\" onerror=\"this.style.display='none'\"  \/>\n\t<p>El sello OMRI Listed\u00ae garantiza la idoneidad de los productos para la producci\u00f3n, manipulaci\u00f3n y procesamiento ecol\u00f3gicos certificados en las siguientes condiciones:<\/p>\n<ul>\n<li>For certified organic farmers, the product must be included in the operator&#8217;s approved organic system (farm) plan.<\/li>\n<li>El uso del producto debe ajustarse a las restricciones descritas en el <em>Lista de productos OMRI\u00a9<\/em>El<em>\u00a0<\/em><em>Lista de productos OMRI Canada\u00a9 <\/em>o el\u00a0<em>Lista de productos OMRI M\u00e9xico\u00a9<\/em>\u00a0under the product&#8217;s category.<\/li>\n<\/ul>\n\t<h3>\u00a0 \u00a0ASOCIACI\u00d3N COMERCIAL DE PRODUCTOS H\u00daMICOS (HPTA)<\/h3>\n\t\t\t\t<img decoding=\"async\" src=\"https:\/\/montysplantfood.com\/wp-content\/uploads\/2023\/12\/HPTA-Member-Small-150x150.png\" alt=\"HPTA Member - Small\" itemprop=\"image\" height=\"150\" width=\"150\" title=\"Miembro HPTA - Peque\u00f1o\" onerror=\"this.style.display='none'\"  \/>\n\t<p>Monty&#8217;s is a proud member of the Humic Products Trade Association (HPTA). HPTA works to promote commercial trade of Humic Products through scientific cooperation while addressing regulatory issues and is responsible for a new standard for measuring humic substance content in products.<\/p>\n\t<h3>\u00a0 \u00a0M\u00c9TODO DE ENSAYO HPTA CERTIFICADO<\/h3>\n\t\t\t\t<img decoding=\"async\" src=\"https:\/\/montysplantfood.com\/wp-content\/uploads\/2023\/12\/HPTA-Test-Method-Certified-Small-150x150.png\" alt=\"HPTA Test Method Certified-Small\" itemprop=\"image\" height=\"150\" width=\"150\" title=\"M\u00e9todo de ensayo HPTA Certificado-Peque\u00f1o\" onerror=\"this.style.display='none'\"  \/>\n\t<p>El sello HPTA Test Method Certified\u00ae indica que un producto h\u00famico ha utilizado el m\u00e9todo de prueba HPTA, probado cient\u00edficamente, para determinar el contenido genuino de base h\u00famica.<\/p>\n<h2>\n\t\tPregunte a un agr\u00f3nomo\n\t<\/h2>\n\t<p>\u00bfNecesita respuestas a un problema de cultivo o a una pregunta sobre agricultura? Nuestros agr\u00f3nomos est\u00e1n aqu\u00ed para ayudarle. <\/p>\n\t<a href=\"\/es\/ask-agronomist\/\" target=\"_self\" role=\"button\" aria-label=\"Pregunte a un agr\u00f3nomo\" rel=\"noopener\">\n\t\t\t\t\t\tPregunte a un agr\u00f3nomo\n\t\t\t\t\t<\/a>","protected":false},"excerpt":{"rendered":"<p>THE TRUTH ABOUT MONTY&#8217;S HUMICS Healthier Soil. Healthier Plants. Higher Yields. HUMIC \/ FULVIC BROCHURE MONTY&#8217;S HUMIC TECHNOLOGY VIDEO MONTY&#8217;S HUMIC COLLATERAL HUMIC \/ FULVIC FAQ A little dose of TRUTH is all your crops want. There is quite a bit of mis-information out in the market about humics. Here is the TRUTH about humics&hellip;<\/p>","protected":false},"author":21,"featured_media":0,"parent":13283,"menu_order":0,"comment_status":"closed","ping_status":"closed","template":"","meta":{"_acf_changed":false,"footnotes":""},"class_list":["post-13359","page","type-page","status-publish","hentry"],"acf":[],"yoast_head":"<!-- This site is optimized with the Yoast SEO plugin v27.4 - https:\/\/yoast.com\/product\/yoast-seo-wordpress\/ -->\n<title>Monty&#039;s Plant Food | Healthier Soil. Healthier Plants. Higher Yields.<\/title>\n<meta name=\"description\" content=\"Natural soil enhancement and fertility programs designed to improve the quality and quantity of your crop yields and promote healthier plants and soil.Monty\u2019s proprietary active humic technology is designed to improve the overall vitality of your soil.\" \/>\n<meta name=\"robots\" content=\"index, follow, max-snippet:-1, max-image-preview:large, max-video-preview:-1\" \/>\n<link rel=\"canonical\" href=\"https:\/\/montysplantfood.com\/es\/humics\/the-truth-about-montys-humics\/\" \/>\n<meta property=\"og:locale\" content=\"es_ES\" \/>\n<meta property=\"og:type\" content=\"article\" \/>\n<meta property=\"og:title\" content=\"Monty&#039;s Plant Food | Healthier Soil. Healthier Plants. Higher Yields.\" \/>\n<meta property=\"og:description\" content=\"Natural soil enhancement and fertility programs designed to improve the quality and quantity of your crop yields and promote healthier plants and soil.Monty\u2019s proprietary active humic technology is designed to improve the overall vitality of your soil.\" \/>\n<meta property=\"og:url\" content=\"https:\/\/montysplantfood.com\/es\/humics\/the-truth-about-montys-humics\/\" \/>\n<meta property=\"og:site_name\" content=\"Monty&#039;s Plant Food\" \/>\n<meta property=\"article:modified_time\" content=\"2024-11-22T19:16:27+00:00\" \/>\n<meta property=\"og:image\" content=\"https:\/\/montysplantfood.com\/wp-content\/uploads\/2023\/12\/OMRI-Listed-Small-150x150.png\" \/>\n<meta name=\"twitter:card\" content=\"summary_large_image\" \/>\n<meta name=\"twitter:label1\" content=\"Est. reading time\" \/>\n\t<meta name=\"twitter:data1\" content=\"3 minutes\" \/>\n<script type=\"application\/ld+json\" class=\"yoast-schema-graph\">{\"@context\":\"https:\\\/\\\/schema.org\",\"@graph\":[{\"@type\":\"WebPage\",\"@id\":\"https:\\\/\\\/montysplantfood.com\\\/humics\\\/the-truth-about-montys-humics\\\/\",\"url\":\"https:\\\/\\\/montysplantfood.com\\\/humics\\\/the-truth-about-montys-humics\\\/\",\"name\":\"Monty's Plant Food | Healthier Soil. Healthier Plants. Higher Yields.\",\"isPartOf\":{\"@id\":\"https:\\\/\\\/montysplantfood.com\\\/#website\"},\"primaryImageOfPage\":{\"@id\":\"https:\\\/\\\/montysplantfood.com\\\/humics\\\/the-truth-about-montys-humics\\\/#primaryimage\"},\"image\":{\"@id\":\"https:\\\/\\\/montysplantfood.com\\\/humics\\\/the-truth-about-montys-humics\\\/#primaryimage\"},\"thumbnailUrl\":\"https:\\\/\\\/montysplantfood.com\\\/wp-content\\\/uploads\\\/2023\\\/12\\\/OMRI-Listed-Small-150x150.png\",\"datePublished\":\"2023-12-19T16:12:37+00:00\",\"dateModified\":\"2024-11-22T19:16:27+00:00\",\"description\":\"Natural soil enhancement and fertility programs designed to improve the quality and quantity of your crop yields and promote healthier plants and soil.Monty\u2019s proprietary active humic technology is designed to improve the overall vitality of your soil.\",\"breadcrumb\":{\"@id\":\"https:\\\/\\\/montysplantfood.com\\\/humics\\\/the-truth-about-montys-humics\\\/#breadcrumb\"},\"inLanguage\":\"es-GT\",\"potentialAction\":[{\"@type\":\"ReadAction\",\"target\":[\"https:\\\/\\\/montysplantfood.com\\\/humics\\\/the-truth-about-montys-humics\\\/\"]}]},{\"@type\":\"ImageObject\",\"inLanguage\":\"es-GT\",\"@id\":\"https:\\\/\\\/montysplantfood.com\\\/humics\\\/the-truth-about-montys-humics\\\/#primaryimage\",\"url\":\"https:\\\/\\\/montysplantfood.com\\\/wp-content\\\/uploads\\\/2023\\\/12\\\/OMRI-Listed-Small-150x150.png\",\"contentUrl\":\"https:\\\/\\\/montysplantfood.com\\\/wp-content\\\/uploads\\\/2023\\\/12\\\/OMRI-Listed-Small-150x150.png\"},{\"@type\":\"BreadcrumbList\",\"@id\":\"https:\\\/\\\/montysplantfood.com\\\/humics\\\/the-truth-about-montys-humics\\\/#breadcrumb\",\"itemListElement\":[{\"@type\":\"ListItem\",\"position\":1,\"name\":\"Home\",\"item\":\"https:\\\/\\\/montysplantfood.com\\\/\"},{\"@type\":\"ListItem\",\"position\":2,\"name\":\"Monty&#8217;s Humics &#038; Fulvics\",\"item\":\"https:\\\/\\\/montysplantfood.com\\\/humics\\\/\"},{\"@type\":\"ListItem\",\"position\":3,\"name\":\"The Truth About Monty&#8217;s Humics\"}]},{\"@type\":\"WebSite\",\"@id\":\"https:\\\/\\\/montysplantfood.com\\\/#website\",\"url\":\"https:\\\/\\\/montysplantfood.com\\\/\",\"name\":\"Monty&#039;s Plant Food\",\"description\":\"\",\"publisher\":{\"@id\":\"https:\\\/\\\/montysplantfood.com\\\/#organization\"},\"potentialAction\":[{\"@type\":\"SearchAction\",\"target\":{\"@type\":\"EntryPoint\",\"urlTemplate\":\"https:\\\/\\\/montysplantfood.com\\\/?s={search_term_string}\"},\"query-input\":{\"@type\":\"PropertyValueSpecification\",\"valueRequired\":true,\"valueName\":\"search_term_string\"}}],\"inLanguage\":\"es-GT\"},{\"@type\":\"Organization\",\"@id\":\"https:\\\/\\\/montysplantfood.com\\\/#organization\",\"name\":\"Monty's Plant Food\",\"url\":\"https:\\\/\\\/montysplantfood.com\\\/\",\"logo\":{\"@type\":\"ImageObject\",\"inLanguage\":\"es-GT\",\"@id\":\"https:\\\/\\\/montysplantfood.com\\\/#\\\/schema\\\/logo\\\/image\\\/\",\"url\":\"https:\\\/\\\/montysplantfood.com\\\/wp-content\\\/uploads\\\/2020\\\/09\\\/Website-Logo-TEST.png\",\"contentUrl\":\"https:\\\/\\\/montysplantfood.com\\\/wp-content\\\/uploads\\\/2020\\\/09\\\/Website-Logo-TEST.png\",\"width\":505,\"height\":358,\"caption\":\"Monty's Plant Food\"},\"image\":{\"@id\":\"https:\\\/\\\/montysplantfood.com\\\/#\\\/schema\\\/logo\\\/image\\\/\"}}]}<\/script>\n<!-- \/ Yoast SEO plugin. -->","yoast_head_json":{"title":"Monty's Plant Food | Healthier Soil. Healthier Plants. Higher Yields.","description":"Natural soil enhancement and fertility programs designed to improve the quality and quantity of your crop yields and promote healthier plants and soil.Monty\u2019s proprietary active humic technology is designed to improve the overall vitality of your soil.","robots":{"index":"index","follow":"follow","max-snippet":"max-snippet:-1","max-image-preview":"max-image-preview:large","max-video-preview":"max-video-preview:-1"},"canonical":"https:\/\/montysplantfood.com\/es\/humics\/the-truth-about-montys-humics\/","og_locale":"es_ES","og_type":"article","og_title":"Monty's Plant Food | Healthier Soil. Healthier Plants. Higher Yields.","og_description":"Natural soil enhancement and fertility programs designed to improve the quality and quantity of your crop yields and promote healthier plants and soil.Monty\u2019s proprietary active humic technology is designed to improve the overall vitality of your soil.","og_url":"https:\/\/montysplantfood.com\/es\/humics\/the-truth-about-montys-humics\/","og_site_name":"Monty&#039;s Plant Food","article_modified_time":"2024-11-22T19:16:27+00:00","og_image":[{"url":"https:\/\/montysplantfood.com\/wp-content\/uploads\/2023\/12\/OMRI-Listed-Small-150x150.png","type":"","width":"","height":""}],"twitter_card":"summary_large_image","twitter_misc":{"Est. reading time":"3 minutes"},"schema":{"@context":"https:\/\/schema.org","@graph":[{"@type":"WebPage","@id":"https:\/\/montysplantfood.com\/humics\/the-truth-about-montys-humics\/","url":"https:\/\/montysplantfood.com\/humics\/the-truth-about-montys-humics\/","name":"Monty's Plant Food | Healthier Soil. Healthier Plants. Higher Yields.","isPartOf":{"@id":"https:\/\/montysplantfood.com\/#website"},"primaryImageOfPage":{"@id":"https:\/\/montysplantfood.com\/humics\/the-truth-about-montys-humics\/#primaryimage"},"image":{"@id":"https:\/\/montysplantfood.com\/humics\/the-truth-about-montys-humics\/#primaryimage"},"thumbnailUrl":"https:\/\/montysplantfood.com\/wp-content\/uploads\/2023\/12\/OMRI-Listed-Small-150x150.png","datePublished":"2023-12-19T16:12:37+00:00","dateModified":"2024-11-22T19:16:27+00:00","description":"Natural soil enhancement and fertility programs designed to improve the quality and quantity of your crop yields and promote healthier plants and soil.Monty\u2019s proprietary active humic technology is designed to improve the overall vitality of your soil.","breadcrumb":{"@id":"https:\/\/montysplantfood.com\/humics\/the-truth-about-montys-humics\/#breadcrumb"},"inLanguage":"es-GT","potentialAction":[{"@type":"ReadAction","target":["https:\/\/montysplantfood.com\/humics\/the-truth-about-montys-humics\/"]}]},{"@type":"ImageObject","inLanguage":"es-GT","@id":"https:\/\/montysplantfood.com\/humics\/the-truth-about-montys-humics\/#primaryimage","url":"https:\/\/montysplantfood.com\/wp-content\/uploads\/2023\/12\/OMRI-Listed-Small-150x150.png","contentUrl":"https:\/\/montysplantfood.com\/wp-content\/uploads\/2023\/12\/OMRI-Listed-Small-150x150.png"},{"@type":"BreadcrumbList","@id":"https:\/\/montysplantfood.com\/humics\/the-truth-about-montys-humics\/#breadcrumb","itemListElement":[{"@type":"ListItem","position":1,"name":"Home","item":"https:\/\/montysplantfood.com\/"},{"@type":"ListItem","position":2,"name":"Monty&#8217;s Humics &#038; Fulvics","item":"https:\/\/montysplantfood.com\/humics\/"},{"@type":"ListItem","position":3,"name":"The Truth About Monty&#8217;s Humics"}]},{"@type":"WebSite","@id":"https:\/\/montysplantfood.com\/#website","url":"https:\/\/montysplantfood.com\/","name":"Monty&#039;s Plant Food","description":"","publisher":{"@id":"https:\/\/montysplantfood.com\/#organization"},"potentialAction":[{"@type":"SearchAction","target":{"@type":"EntryPoint","urlTemplate":"https:\/\/montysplantfood.com\/?s={search_term_string}"},"query-input":{"@type":"PropertyValueSpecification","valueRequired":true,"valueName":"search_term_string"}}],"inLanguage":"es-GT"},{"@type":"Organization","@id":"https:\/\/montysplantfood.com\/#organization","name":"Monty's Plant Food","url":"https:\/\/montysplantfood.com\/","logo":{"@type":"ImageObject","inLanguage":"es-GT","@id":"https:\/\/montysplantfood.com\/#\/schema\/logo\/image\/","url":"https:\/\/montysplantfood.com\/wp-content\/uploads\/2020\/09\/Website-Logo-TEST.png","contentUrl":"https:\/\/montysplantfood.com\/wp-content\/uploads\/2020\/09\/Website-Logo-TEST.png","width":505,"height":358,"caption":"Monty's Plant Food"},"image":{"@id":"https:\/\/montysplantfood.com\/#\/schema\/logo\/image\/"}}]}},"_links":{"self":[{"href":"https:\/\/montysplantfood.com\/es\/wp-json\/wp\/v2\/pages\/13359","targetHints":{"allow":["GET"]}}],"collection":[{"href":"https:\/\/montysplantfood.com\/es\/wp-json\/wp\/v2\/pages"}],"about":[{"href":"https:\/\/montysplantfood.com\/es\/wp-json\/wp\/v2\/types\/page"}],"author":[{"embeddable":true,"href":"https:\/\/montysplantfood.com\/es\/wp-json\/wp\/v2\/users\/21"}],"replies":[{"embeddable":true,"href":"https:\/\/montysplantfood.com\/es\/wp-json\/wp\/v2\/comments?post=13359"}],"version-history":[{"count":10,"href":"https:\/\/montysplantfood.com\/es\/wp-json\/wp\/v2\/pages\/13359\/revisions"}],"predecessor-version":[{"id":13498,"href":"https:\/\/montysplantfood.com\/es\/wp-json\/wp\/v2\/pages\/13359\/revisions\/13498"}],"up":[{"embeddable":true,"href":"https:\/\/montysplantfood.com\/es\/wp-json\/wp\/v2\/pages\/13283"}],"wp:attachment":[{"href":"https:\/\/montysplantfood.com\/es\/wp-json\/wp\/v2\/media?parent=13359"}],"curies":[{"name":"wp","href":"https:\/\/api.w.org\/{rel}","templated":true}]}}