{"id":13356,"date":"2023-12-19T11:13:15","date_gmt":"2023-12-19T16:13:15","guid":{"rendered":"https:\/\/montysplantfood.com\/?page_id=13356"},"modified":"2024-11-22T14:01:16","modified_gmt":"2024-11-22T19:01:16","slug":"humic-faq","status":"publish","type":"page","link":"https:\/\/montysplantfood.com\/es\/the-humic-advantage\/humic-faq\/","title":{"rendered":"Preguntas frecuentes sobre el h\u00famico"},"content":{"rendered":"<h1>\n\t\tPreguntas frecuentes sobre el h\u00famico\n\t<\/h1>\n<h2>\n\t\tConceptos b\u00e1sicos de los h\u00famicos\n\t<\/h2>\n\t\t\t\t\t\t<h4>\u00bfQu\u00e9 son las sustancias h\u00famicas?<\/h4>\n\t\t\t<p>Las sustancias h\u00famicas (h\u00famicos) proceden de antiguos materiales humificados (por ejemplo, el lignito) y se dividen en dos categor\u00edas principales: \u00e1cidos h\u00famicos y \u00e1cidos f\u00falvicos. Son los principales componentes org\u00e1nicos del suelo (humus), la turba y el carb\u00f3n. Tambi\u00e9n se encuentran en arroyos, lagos y aguas oce\u00e1nicas. Las sustancias h\u00famicas se producen por la descomposici\u00f3n de la materia org\u00e1nica a lo largo de milenios.<\/p>\n\t\t\t\t\t\t<h4>\u00bfC\u00f3mo pueden ayudarme los humus y los f\u00falvicos a aumentar mi rendimiento? <\/h4>\n\t\t\t<p>Humics stimulate microbial activity in soil, help break up compacted soil, assist in transferring micronutrients from the soil to the plant, enhance water retention, increase seed germination, and improve the breakdown of plant residue.\u00a0 Humic acids can protect plant cells from toxins, pathogens, and other environmental impacts. Fulvic acids facilitate nutrient uptake through the plant tissue while also working as a chelator of nutrients, increasing the nutrients&#8217; bioavailability.<\/p>\n\t\t\t\t\t\t<h4>\u00bfObtendr\u00e9 un retorno de la inversi\u00f3n?<\/h4>\n\t\t\t<p>Es un hecho ampliamente reconocido que la mejora del suelo y la estimulaci\u00f3n de la planta aumentan el rendimiento. Los ensayos realizados en universidades y explotaciones agr\u00edcolas han demostrado mejoras significativas en la salud general del suelo y las plantas, por lo que deber\u00eda ver rentabilizada su inversi\u00f3n.<\/p>\n\t\t\t\t\t\t<h4>\u00bfPor qu\u00e9 los distintos productos h\u00famicos tienen porcentajes diferentes?<\/h4>\n\t\t\t<p>Some manufacturers use different methods for determining humic or fulvic content. Monty&#8217;s is working with the Humic Products Trade Association (HPTA) to bring standardized testing to both state regulators and the agricultural industry. Monty&#8217;s uses only the HPTA Method (ISO 19822) for determining our products&#8217; humic and fulvic acids levels. Other manufacturers may use less reliable methods. Monty&#8217;s is a proud member of the HPTA which works to promote commercial trade of humic products through scientific cooperation while addressing regulatory issues.\u00a0<\/p>\n\t\t\t\t\t\t<h4>\u00bfSe puede utilizar demasiado?<\/h4>\n\t\t\t<p>Application of Monty&#8217;s Humic products at rates up to 50 times those recommended, are not toxic or harmful to the environment &#8211; including soil, plant, and native soil microorganisms. Monty&#8217;s recommended application rates allow for maximum, cost-effective results.<\/p>\n\t\t\t\t\t\t<h4>\u00bfC\u00f3mo se pueden aplicar dos cuartos a un acre y obtener resultados? <\/h4>\n\t\t\t<p>Our proprietary Humics are purified and activated, have the correct humic-to-fulvic ratio, and are applied at the optimum concentrations. Therefore, we have a lower rate of application and can achieve greater results by stimulating the plant and the soil&#8217;s natural biology in the most effective way.<\/p>\n\t\t\t\t\t\t<h4>\u00bfC\u00f3mo se compara su coste por acre con el de otros productos h\u00famicos?<\/h4>\n\t\t\t<p>Nuestro coste por acre es generalmente m\u00e1s bajo porque nuestros Humics est\u00e1n purificados y activados, tienen la proporci\u00f3n h\u00famica-f\u00falvica correcta y se aplican a la concentraci\u00f3n h\u00famica \u00f3ptima. Aunque nuestro coste por gal\u00f3n puede ser mayor, nuestro coste por acre es generalmente menor debido a nuestras tasas de aplicaci\u00f3n m\u00e1s bajas.\u00a0<\/p>\n\t\t\t\t\t\t<h4>Can Monty&#8217;s products be blended with dry fertilizer and spread in the field?<\/h4>\n\t\t\t<p>S\u00ed. Nuestros estudios de campo y ensayos universitarios con Dri-Carbon y Humihance no han mostrado ning\u00fan problema de compatibilidad hasta la fecha.<\/p>\n\t\t\t\t\t\t<h4>How do you show\/know it&#8217;s active?<\/h4>\n\t\t\t<p>La actividad se mide en el suelo y en las plantas. Los an\u00e1lisis del suelo mostrar\u00e1n los resultados: reducci\u00f3n de la compactaci\u00f3n del suelo, mejora de la salud general del suelo, mejora de la absorci\u00f3n de micronutrientes y mejora de la descomposici\u00f3n de los residuos vegetales. Los an\u00e1lisis de tejidos mostrar\u00e1n un mejor equilibrio de los nutrientes que necesita la planta. Los resultados pueden incluir un aumento de la masa radicular, plantas m\u00e1s sanas y, en \u00faltima instancia, un mayor rendimiento. A modo de ejemplo, un estudio reciente de la Universidad Estatal de Carolina del Norte revel\u00f3 un aumento medio de la producci\u00f3n de 12% con respecto al suelo no tratado*.<\/p>\n\t\t\t\t\t\t<h4>What are the advantages of using Monty&#8217;s products throughout the year?<\/h4>\n\t\t\t<p>Monty&#8217;s humic products are continuously working when used throughout the year. Monty&#8217;s recommended programs can improve your plants and soil, and maximize your yields year after year, providing the most cost-effective solution available. Monty&#8217;s activated humic and fulvic acids work throughout the year remediating your soil, revitalizing your soil, stabilizing nutrients, and stimulating plants.\u00a0<\/p>\n\t\t\t\t\t\t<h4>\u00bfPor qu\u00e9 me dicen que a\u00f1ada carbono, cuando tengo mucho carbono en mi suelo?<\/h4>\n\t\t\t<p>Carbon has many forms, but stable, organic carbon is our priority. Monty&#8217;s Liquid Carbon and Dri-Carbon are the product name for our active humic products. Monty&#8217;s Liquid Carbon and Dri-Carbon contain highly purified and activated humic substances with carbon in their molecular structure. This type of carbon is stable and organic.\u00a0<\/p>\n\t\t\t\t\t\t<h4>Does Monty&#8217;s activated humic technology work in all soil types?<\/h4>\n\t\t\t<p>Yes. Whether you have clay soils and compaction or sandy soils, Monty&#8217;s humic-based products provide benefits to your soil.<\/p>\n\t\t\t\t\t\t<h4>Are there compatibility issues when mixing Monty&#8217;s products with other products?<\/h4>\n\t\t\t<p>Nuestros estudios de campo y ensayos universitarios han mostrado pocos problemas de compatibilidad. Siga siempre todas las instrucciones de la etiqueta y realice primero una prueba en frasco al mezclar con otros productos qu\u00edmicos.\u00a0<\/p>\n\t\t\t\t\t\t<h4>\u00bfC\u00f3mo aumentan\/disminuyen los Humics el pH de mi suelo?<\/h4>\n\t\t\t<p>Los suelos pueden ser \u00e1cidos o alcalinos debido a un exceso de cationes o aniones en el suelo. Dado que los humectantes tienen cargas positivas y negativas, son capaces de equilibrar las condiciones \u00e1cidas (cationes positivos) o alcalinas (aniones negativos) del suelo.\u00a0<\/p>\n\t<a href=\"https:\/\/montysplantfood.com\/wp-content\/uploads\/2024\/01\/1219-Humic-Fulvic-FAQ-Flyer-2023.pdf\" target=\"_blank\" role=\"button\" rel=\"noopener\" aria-label=\"H\u00famicos FAQ - Dom\u00e9stico\">\n\t\t\t\t\t\tHumic FAQ &#8211; Domestic\n\t\t\t\t\t<\/a>\n\t<a href=\"https:\/\/montysplantfood.com\/wp-content\/uploads\/2021\/04\/1173-Humic-FAQ-Flyer-2020-1.pdf\" target=\"_blank\" role=\"button\" rel=\"noopener\" aria-label=\"H\u00famicos FAQ - Nigeria\">\n\t\t\t\t\t\tHumic FAQ &#8211; Nigeria\n\t\t\t\t\t<\/a>\n\t<a href=\"https:\/\/montysplantfood.com\/wp-content\/uploads\/2024\/01\/1213-Humic-FAQ-Flyer-International-Spanish-2024.pdf\" target=\"_blank\" role=\"button\" rel=\"noopener\" aria-label=\"H\u00famicos FAQ - Guatemala\">\n\t\t\t\t\t\tHumic FAQ &#8211; Guatemala\n\t\t\t\t\t<\/a>\n\t<a href=\"https:\/\/montysinternational.com\/wp-content\/uploads\/2024\/01\/1213-Humic-FAQ-Flyer-Brazil-Portuguese-2024.pdf\" target=\"_blank\" role=\"button\" rel=\"noopener\" aria-label=\"H\u00famicos FAQ - Brasil\">\n\t\t\t\t\t\tHumic FAQ &#8211; Brazil\n\t\t\t\t\t<\/a>","protected":false},"excerpt":{"rendered":"<p>Humic FAQs The Basics of Humics What are Humic Substances? Humic substances (Humics) are derived from ancient humified materials (e.g., lignite) and are broken into two main categories, Humic Acids and Fulvic Acids. They are major organic constituents of soil (humus), peat, and coal. They are also found in upland streams, lakes, and ocean water.&hellip;<\/p>","protected":false},"author":21,"featured_media":0,"parent":9926,"menu_order":0,"comment_status":"closed","ping_status":"closed","template":"","meta":{"_acf_changed":false,"footnotes":""},"class_list":["post-13356","page","type-page","status-publish","hentry"],"acf":[],"yoast_head":"<!-- This site is optimized with the Yoast SEO plugin v27.5 - https:\/\/yoast.com\/product\/yoast-seo-wordpress\/ -->\n<title>Humic FAQs - Monty&#039;s Plant Food<\/title>\n<meta name=\"description\" content=\"Monty\u2019s proprietary active humic technology is designed to improve the overall vitality of your soil.\" \/>\n<meta name=\"robots\" content=\"index, follow, max-snippet:-1, max-image-preview:large, max-video-preview:-1\" \/>\n<link rel=\"canonical\" href=\"https:\/\/montysplantfood.com\/es\/the-humic-advantage\/humic-faq\/\" \/>\n<meta property=\"og:locale\" content=\"es_ES\" \/>\n<meta property=\"og:type\" content=\"article\" \/>\n<meta property=\"og:title\" content=\"Humic FAQs - Monty&#039;s Plant Food\" \/>\n<meta property=\"og:description\" content=\"Monty\u2019s proprietary active humic technology is designed to improve the overall vitality of your soil.\" \/>\n<meta property=\"og:url\" content=\"https:\/\/montysplantfood.com\/es\/the-humic-advantage\/humic-faq\/\" \/>\n<meta property=\"og:site_name\" content=\"Monty&#039;s Plant Food\" \/>\n<meta property=\"article:modified_time\" content=\"2024-11-22T19:01:16+00:00\" \/>\n<meta property=\"og:image\" content=\"https:\/\/montysplantfood.com\/wp-content\/uploads\/2020\/09\/social-share.jpg\" \/>\n\t<meta property=\"og:image:width\" content=\"1280\" \/>\n\t<meta property=\"og:image:height\" content=\"720\" \/>\n\t<meta property=\"og:image:type\" content=\"image\/jpeg\" \/>\n<meta name=\"twitter:card\" content=\"summary_large_image\" \/>\n<meta name=\"twitter:label1\" content=\"Est. reading time\" \/>\n\t<meta name=\"twitter:data1\" content=\"4 minutes\" \/>\n<script type=\"application\/ld+json\" class=\"yoast-schema-graph\">{\"@context\":\"https:\\\/\\\/schema.org\",\"@graph\":[{\"@type\":\"WebPage\",\"@id\":\"https:\\\/\\\/montysplantfood.com\\\/the-humic-advantage\\\/humic-faq\\\/\",\"url\":\"https:\\\/\\\/montysplantfood.com\\\/the-humic-advantage\\\/humic-faq\\\/\",\"name\":\"Humic FAQs - Monty&#039;s Plant Food\",\"isPartOf\":{\"@id\":\"https:\\\/\\\/montysplantfood.com\\\/#website\"},\"datePublished\":\"2023-12-19T16:13:15+00:00\",\"dateModified\":\"2024-11-22T19:01:16+00:00\",\"description\":\"Monty\u2019s proprietary active humic technology is designed to improve the overall vitality of your soil.\",\"breadcrumb\":{\"@id\":\"https:\\\/\\\/montysplantfood.com\\\/the-humic-advantage\\\/humic-faq\\\/#breadcrumb\"},\"inLanguage\":\"es-GT\",\"potentialAction\":[{\"@type\":\"ReadAction\",\"target\":[\"https:\\\/\\\/montysplantfood.com\\\/the-humic-advantage\\\/humic-faq\\\/\"]}]},{\"@type\":\"BreadcrumbList\",\"@id\":\"https:\\\/\\\/montysplantfood.com\\\/the-humic-advantage\\\/humic-faq\\\/#breadcrumb\",\"itemListElement\":[{\"@type\":\"ListItem\",\"position\":1,\"name\":\"Home\",\"item\":\"https:\\\/\\\/montysplantfood.com\\\/\"},{\"@type\":\"ListItem\",\"position\":2,\"name\":\"The Humic Advantage OLD\",\"item\":\"https:\\\/\\\/montysplantfood.com\\\/the-humic-advantage\\\/\"},{\"@type\":\"ListItem\",\"position\":3,\"name\":\"Humic FAQs\"}]},{\"@type\":\"WebSite\",\"@id\":\"https:\\\/\\\/montysplantfood.com\\\/#website\",\"url\":\"https:\\\/\\\/montysplantfood.com\\\/\",\"name\":\"Monty&#039;s Plant Food\",\"description\":\"\",\"publisher\":{\"@id\":\"https:\\\/\\\/montysplantfood.com\\\/#organization\"},\"potentialAction\":[{\"@type\":\"SearchAction\",\"target\":{\"@type\":\"EntryPoint\",\"urlTemplate\":\"https:\\\/\\\/montysplantfood.com\\\/?s={search_term_string}\"},\"query-input\":{\"@type\":\"PropertyValueSpecification\",\"valueRequired\":true,\"valueName\":\"search_term_string\"}}],\"inLanguage\":\"es-GT\"},{\"@type\":\"Organization\",\"@id\":\"https:\\\/\\\/montysplantfood.com\\\/#organization\",\"name\":\"Monty's Plant Food\",\"url\":\"https:\\\/\\\/montysplantfood.com\\\/\",\"logo\":{\"@type\":\"ImageObject\",\"inLanguage\":\"es-GT\",\"@id\":\"https:\\\/\\\/montysplantfood.com\\\/#\\\/schema\\\/logo\\\/image\\\/\",\"url\":\"https:\\\/\\\/montysplantfood.com\\\/wp-content\\\/uploads\\\/2020\\\/09\\\/Website-Logo-TEST.png\",\"contentUrl\":\"https:\\\/\\\/montysplantfood.com\\\/wp-content\\\/uploads\\\/2020\\\/09\\\/Website-Logo-TEST.png\",\"width\":505,\"height\":358,\"caption\":\"Monty's Plant Food\"},\"image\":{\"@id\":\"https:\\\/\\\/montysplantfood.com\\\/#\\\/schema\\\/logo\\\/image\\\/\"}}]}<\/script>\n<!-- \/ Yoast SEO plugin. -->","yoast_head_json":{"title":"Humic FAQs - Monty&#039;s Plant Food","description":"La tecnolog\u00eda h\u00famica activa patentada de Monty est\u00e1 dise\u00f1ada para mejorar la vitalidad general de su suelo.","robots":{"index":"index","follow":"follow","max-snippet":"max-snippet:-1","max-image-preview":"max-image-preview:large","max-video-preview":"max-video-preview:-1"},"canonical":"https:\/\/montysplantfood.com\/es\/the-humic-advantage\/humic-faq\/","og_locale":"es_ES","og_type":"article","og_title":"Humic FAQs - Monty&#039;s Plant Food","og_description":"Monty\u2019s proprietary active humic technology is designed to improve the overall vitality of your soil.","og_url":"https:\/\/montysplantfood.com\/es\/the-humic-advantage\/humic-faq\/","og_site_name":"Monty&#039;s Plant Food","article_modified_time":"2024-11-22T19:01:16+00:00","og_image":[{"width":1280,"height":720,"url":"https:\/\/montysplantfood.com\/wp-content\/uploads\/2020\/09\/social-share.jpg","type":"image\/jpeg"}],"twitter_card":"summary_large_image","twitter_misc":{"Est. reading time":"4 minutes"},"schema":{"@context":"https:\/\/schema.org","@graph":[{"@type":"WebPage","@id":"https:\/\/montysplantfood.com\/the-humic-advantage\/humic-faq\/","url":"https:\/\/montysplantfood.com\/the-humic-advantage\/humic-faq\/","name":"Humic FAQs - Monty&#039;s Plant Food","isPartOf":{"@id":"https:\/\/montysplantfood.com\/#website"},"datePublished":"2023-12-19T16:13:15+00:00","dateModified":"2024-11-22T19:01:16+00:00","description":"La tecnolog\u00eda h\u00famica activa patentada de Monty est\u00e1 dise\u00f1ada para mejorar la vitalidad general de su suelo.","breadcrumb":{"@id":"https:\/\/montysplantfood.com\/the-humic-advantage\/humic-faq\/#breadcrumb"},"inLanguage":"es-GT","potentialAction":[{"@type":"ReadAction","target":["https:\/\/montysplantfood.com\/the-humic-advantage\/humic-faq\/"]}]},{"@type":"BreadcrumbList","@id":"https:\/\/montysplantfood.com\/the-humic-advantage\/humic-faq\/#breadcrumb","itemListElement":[{"@type":"ListItem","position":1,"name":"Home","item":"https:\/\/montysplantfood.com\/"},{"@type":"ListItem","position":2,"name":"The Humic Advantage OLD","item":"https:\/\/montysplantfood.com\/the-humic-advantage\/"},{"@type":"ListItem","position":3,"name":"Humic FAQs"}]},{"@type":"WebSite","@id":"https:\/\/montysplantfood.com\/#website","url":"https:\/\/montysplantfood.com\/","name":"Monty&#039;s Plant Food","description":"","publisher":{"@id":"https:\/\/montysplantfood.com\/#organization"},"potentialAction":[{"@type":"SearchAction","target":{"@type":"EntryPoint","urlTemplate":"https:\/\/montysplantfood.com\/?s={search_term_string}"},"query-input":{"@type":"PropertyValueSpecification","valueRequired":true,"valueName":"search_term_string"}}],"inLanguage":"es-GT"},{"@type":"Organization","@id":"https:\/\/montysplantfood.com\/#organization","name":"Monty's Plant Food","url":"https:\/\/montysplantfood.com\/","logo":{"@type":"ImageObject","inLanguage":"es-GT","@id":"https:\/\/montysplantfood.com\/#\/schema\/logo\/image\/","url":"https:\/\/montysplantfood.com\/wp-content\/uploads\/2020\/09\/Website-Logo-TEST.png","contentUrl":"https:\/\/montysplantfood.com\/wp-content\/uploads\/2020\/09\/Website-Logo-TEST.png","width":505,"height":358,"caption":"Monty's Plant Food"},"image":{"@id":"https:\/\/montysplantfood.com\/#\/schema\/logo\/image\/"}}]}},"_links":{"self":[{"href":"https:\/\/montysplantfood.com\/es\/wp-json\/wp\/v2\/pages\/13356","targetHints":{"allow":["GET"]}}],"collection":[{"href":"https:\/\/montysplantfood.com\/es\/wp-json\/wp\/v2\/pages"}],"about":[{"href":"https:\/\/montysplantfood.com\/es\/wp-json\/wp\/v2\/types\/page"}],"author":[{"embeddable":true,"href":"https:\/\/montysplantfood.com\/es\/wp-json\/wp\/v2\/users\/21"}],"replies":[{"embeddable":true,"href":"https:\/\/montysplantfood.com\/es\/wp-json\/wp\/v2\/comments?post=13356"}],"version-history":[{"count":9,"href":"https:\/\/montysplantfood.com\/es\/wp-json\/wp\/v2\/pages\/13356\/revisions"}],"predecessor-version":[{"id":13949,"href":"https:\/\/montysplantfood.com\/es\/wp-json\/wp\/v2\/pages\/13356\/revisions\/13949"}],"up":[{"embeddable":true,"href":"https:\/\/montysplantfood.com\/es\/wp-json\/wp\/v2\/pages\/9926"}],"wp:attachment":[{"href":"https:\/\/montysplantfood.com\/es\/wp-json\/wp\/v2\/media?parent=13356"}],"curies":[{"name":"wp","href":"https:\/\/api.w.org\/{rel}","templated":true}]}}