{"id":12913,"date":"2023-05-03T10:32:57","date_gmt":"2023-05-03T14:32:57","guid":{"rendered":"https:\/\/montysplantfood.com\/?page_id=12913"},"modified":"2024-11-19T08:24:11","modified_gmt":"2024-11-19T13:24:11","slug":"macc","status":"publish","type":"page","link":"https:\/\/montysplantfood.com\/es\/macc\/","title":{"rendered":"MACC"},"content":{"rendered":"<h1>\n\t\tMACC &#8211; Midwest Advanced Crop Consulting\n\t<\/h1>\n\t\t\t\t<img decoding=\"async\" src=\"https:\/\/montysplantfood.com\/wp-content\/uploads\/2020\/11\/MidwestAdvancedCropConsulting-DD-C-300x112.jpg\" alt=\"MidwestAdvancedCropConsulting-DD-C\" itemprop=\"image\" height=\"112\" width=\"300\" title=\"MidwestAdvancedCropConsulting-DD-C\" onerror=\"this.style.display='none'\"  \/>\n<h2>\n\t\tAsesoramiento personalizado sobre cultivos para un mayor rendimiento de la inversi\u00f3n\n\t<\/h2>\n\t<p><strong>Midwest Advanced Crop Consulting (MACC) is an education program developed to teach farmers throughout the country how to increase their crop yields &#8211; especially corn and soybeans. The program was developed by farmers for farmers.<\/strong><\/p>\n<p><a href=\"https:\/\/montysplantfood.com\/wp-content\/uploads\/2020\/10\/Kevin-Kalb-Corn-1-2-Small.jpg\"><img decoding=\"async\" src=\"https:\/\/montysplantfood.com\/wp-content\/uploads\/2020\/10\/Kevin-Kalb-Corn-1-2-Small.jpg\" alt=\"\" width=\"401\" height=\"269\" \/><\/a>National Corn Yield Contest winners Kevin Kalb and Terry Vissing &#8211; along with trusted advisor Joe Dedman &#8211; have combined their collective knowledge and experiences to create a program that will help you see things differently and understand the science behind the yields.<\/p>\n<p>Every farm is different&#8230; what works on one farm may not work on another. Rather than telling farmers a set formula to increase their yields, this program teaches them how to set the formula themselves, based on their farm&#8217;s data and intermittent results.<\/p>\n<p>Este programa pr\u00e1ctico consiste en una serie de reuniones con presentaciones, demostraciones y debates interactivos a lo largo del a\u00f1o, con un objetivo en mente: c\u00f3mo aumentar el rendimiento de forma constante.<\/p>\n<p>An understanding of soil and tissue testing, and how to use that data, is at the core of the program. You will learn effective ways of testing: What works, what doesn&#8217;t, and how to make continuous improvements.<\/p>\n<p>En cada reuni\u00f3n revisaremos los datos de las muestras de suelo y tejidos. Se\u00f1alaremos los problemas que observamos en las muestras y c\u00f3mo resolverlos. Las reuniones tambi\u00e9n se centrar\u00e1n en t\u00e9cnicas para sembradoras y otros equipos; marcas eficaces de semillas, herbicidas y fertilizantes; calendario de herbicidas y fungicidas; y colocaci\u00f3n y calendario de fertilizantes. En las reuniones tambi\u00e9n podr\u00e1n participar otros expertos en sanidad vegetal y del suelo y profesionales de productos de todo el sector.<\/p>\n<p>&nbsp;<\/p>\n<h2>\n\t\tColaboramos con usted para que obtenga los mejores y m\u00e1s sanos resultados\n\t<\/h2>\n\t\t\t\t<img decoding=\"async\" src=\"https:\/\/montysplantfood.com\/wp-content\/uploads\/2020\/11\/MACC_448x571-KK-235x300.jpg\" alt=\"MACC_448x571-KK\" itemprop=\"image\" height=\"300\" width=\"235\" title=\"MACC_448x571-KK\" onerror=\"this.style.display='none'\"  \/>\n\t\t\t\t<img decoding=\"async\" src=\"https:\/\/montysplantfood.com\/wp-content\/uploads\/2020\/11\/MACC_448x571-KK-235x300.jpg\" alt=\"MACC_448x571-KK\" itemprop=\"image\" height=\"300\" width=\"235\" title=\"MACC_448x571-KK\" onerror=\"this.style.display='none'\"  \/>\n\t<h2><strong>Conozca al equipo de MACC<\/strong><\/h2>\n<p>&nbsp;<\/p>\n\t<p><strong><a href=\"https:\/\/montysplantfood.com\/wp-content\/uploads\/2020\/11\/Kevin-Kalb-2-2.png\"><img decoding=\"async\" src=\"https:\/\/montysplantfood.com\/wp-content\/uploads\/2020\/11\/Kevin-Kalb-2-2.png\" alt=\"\" width=\"200\" height=\"255\" \/><\/a>Kevin Kalb<\/strong><\/p>\n<p>Kevin es un experto en suelos del Medio Oeste, como lo demuestra su r\u00e9cord como ganador en varias ocasiones del Concurso Nacional de Rendimiento de Ma\u00edz patrocinado por la Asociaci\u00f3n Nacional de Productores de Ma\u00edz. Tiene varias colocaciones del estado para los rendimientos m\u00e1s altos en Indiana. Kevin ha logrado rendimientos de ma\u00edz de m\u00e1s de 400 bushel por acre. Puede ver a Kevin en episodios de Live To Farm.<\/p>\n<p><strong>&#8220;I put Monty&#8217;s Liquid Carbon with every application.&#8221;<\/strong><\/p>\n<p>&nbsp;<\/p>\n\t<p><strong><a href=\"https:\/\/montysplantfood.com\/wp-content\/uploads\/2020\/11\/MACC_448x571-TV.jpg\"><img decoding=\"async\" src=\"https:\/\/montysplantfood.com\/wp-content\/uploads\/2020\/11\/MACC_448x571-TV.jpg\" alt=\"\" width=\"200\" height=\"255\" \/><\/a>Terry Vissing<\/strong><\/p>\n<p>Terry cultiva 1.100 acres en Marysville, IN. Terry cultiva ma\u00edz y soja, y su granja es 90% sin labranza. Terry ha sido varias veces ganador estatal de ma\u00edz de la NCGA en Indiana. Tambi\u00e9n ha sido varias veces ganador estatal de sorgo en Indiana y tercer ganador nacional de sorgo. Recibi\u00f3 la designaci\u00f3n de AgriGold Yieldmaster.<\/p>\n<p><strong>&#8220;I work very closely with Monty&#8217;s team to achieve my record yields.&#8221;<\/strong><\/p>\n<p>&nbsp;<\/p>\n\t<p><strong><a href=\"https:\/\/montysplantfood.com\/wp-content\/uploads\/2023\/05\/JD-448x571-MACC.png\"><img decoding=\"async\" src=\"https:\/\/montysplantfood.com\/wp-content\/uploads\/2023\/05\/JD-448x571-MACC.png\" alt=\"\" width=\"200\" height=\"255\" \/><\/a>Joe Dedman<\/strong><\/p>\n<p>Joe is a trusted advisor to the MACC team. Joe is a CCA with over 40 years of farming experience working with growers throughout the United States. Joe has been a Certified Crop Advisor for more than 20 years and is Vice President of Agronomy at Monty&#8217;s Plant Food Company. Joe has worked with growers conducting training seminars, analyzing soil and tissue tests, and making agronomically sound recommendations to help maximize yield.<\/p>\n<p><strong>&#8220;The MACC Group is an outstanding resource to learn new and innovative ways to reach higher yields.&#8221;<\/strong><\/p>\n<p>&nbsp;<\/p>\n\t<h2>Descargar el folleto del MACC <a href=\"https:\/\/montysplantfood.com\/wp-content\/uploads\/2024\/02\/MACC-Group-Brochure_11.23.pdf\">aqu\u00ed<\/a>.<br \/>\nHaga clic en <a href=\"https:\/\/montysplantfood.com\/wp-content\/uploads\/2022\/08\/MACC-CONTRACT-76-2023.pdf\">aqu\u00ed<\/a> para ver el Contrato de Miembro Potencial de MACC.<br \/>\n&#8212;&#8212;&#8212;&#8212;&#8212;&#8212;&#8212;&#8211;<br \/>\nP\u00f3ngase en contacto con nosotros hoy mismo para saber c\u00f3mo puede aumentar el rendimiento y la rentabilidad de la inversi\u00f3n en el 502.727.4518 o macc4yield@gmail.com.<\/h2>\n<p>&nbsp;<\/p>\n<h2>\n\t\t\u00bfQu\u00e9 opinan los cultivadores de MACC de su trabajo con nuestro galardonado equipo?\n\t<\/h2>\n\t\t\t<p>&#8220;I believe the MACC school has been a real advantage for us. Kevin and Terry share their knowledge with us and we apply it to our farming operation. And talking with other farmers has been great. We have all learned something new this year that we had not thought of before.&#8221;<strong>BROOKS CARDINAL<\/strong>CULTIVADOR DE INDIANA. GANADOR NCGA. GUERREROS DEL MA\u00cdZ.<\/p>\t\t\n\t\t\t<p>&#8220;Being a part of the MACC Group has been great for me. Working with people with this level of knowledge has helped me take my yields to the next level. It&#8217;s about learning to pay attention to the small things that have a big impact. Being a part of the MACC Group is absolutely a no-brainer for anyone looking to increase ROI! I would do it again in a heartbeat. Plus the networking and friendships I have built along the way&#8230; I can&#8217;t wait to get back together and talk about the results from this season.&#8221;<strong>MARK THOMAS<\/strong>CULTIVADOR DE KENTUCKY<\/p>\t\t\n\t\t\t<p>&#8220;Becoming a MACC member has been a good decision&#8230; a good investment. We are still learning what will work on our farm, but have seen good results. We are in the fourth year of tissue sampling and are really familiar with it now and what we need to do based on the results. Getting all of the levels balanced is a key to raising our yields.&#8221;<strong>JASON REICHENBACH<\/strong>CULTIVADOR DE INDIANA<\/p>\t\t\n<h2>\n\t\tWhat You Can Count On From Monty&#8217;s\n\t<\/h2>\n\t\t\t\t\t\t\t<img decoding=\"async\" src=\"https:\/\/montysplantfood.com\/wp-content\/uploads\/2020\/08\/icon-benefit-1.png\" alt=\"icon-benefit-1\" \/>\n\t\t<h3>Soluciones basadas en datos<\/h3>\n\t\t\t\t\t\t\t<img decoding=\"async\" src=\"https:\/\/montysplantfood.com\/wp-content\/uploads\/2020\/08\/icon-benefit-2.png\" alt=\"icon-benefit-2\" \/>\n\t\t<h3>Prompt Response &#038; Delivery<\/h3>\n\t\t\t\t\t\t\t<img decoding=\"async\" src=\"https:\/\/montysplantfood.com\/wp-content\/uploads\/2020\/08\/icon-benefit-3.png\" alt=\"icon-benefit-3\" \/>\n\t\t<h3>Innovative &#038; Proven Products<\/h3>\n\t\t\t\t\t\t\t<img decoding=\"async\" src=\"https:\/\/montysplantfood.com\/wp-content\/uploads\/2020\/08\/icon-benefit-4.png\" alt=\"icon-benefit-4\" \/>\n\t\t<h3>High &#038; Healthy Yields<\/h3>\n\t\t\t\t\t\t\t<img decoding=\"async\" src=\"https:\/\/montysplantfood.com\/wp-content\/uploads\/2020\/08\/icon-benefit-5.png\" alt=\"icon-benefit-5\" \/>\n\t\t<h3>Expertos en agronom\u00eda de confianza<\/h3>\n\t\t\t\t\t\t\t<img decoding=\"async\" src=\"https:\/\/montysplantfood.com\/wp-content\/uploads\/2020\/08\/icon-benefit-6.png\" alt=\"icon-benefit-6\" \/>\n\t\t<h3>Materiales respetuosos con el medio ambiente<\/h3>\n<h2>\n\t\tObtenga su plan personalizado gratuito\n\t<\/h2>\n\t<p>Monty&#8217;s Agronomy Experts are committed to helping your fields flourish. Let&#8217;s talk about how.<\/p>\n\t<a href=\"https:\/\/montysplantfood.com\/es\/custom-plan\/\" target=\"_self\" role=\"button\" aria-label=\"Crear un plan personalizado\" rel=\"noopener\">\n\t\t\t\t\t\tCrear un plan personalizado\n\t\t\t\t\t<\/a>","protected":false},"excerpt":{"rendered":"<p>MACC &#8211; Midwest Advanced Crop Consulting Personalized Crop Consulting For Higher ROI Midwest Advanced Crop Consulting (MACC) is an education program developed to teach farmers throughout the country how to increase their crop yields &#8211; especially corn and soybeans. The program was developed by farmers for farmers. National Corn Yield Contest winners Kevin Kalb and&hellip;<\/p>","protected":false},"author":17,"featured_media":0,"parent":0,"menu_order":7,"comment_status":"closed","ping_status":"closed","template":"","meta":{"_acf_changed":false,"footnotes":""},"class_list":["post-12913","page","type-page","status-publish","hentry"],"acf":[],"yoast_head":"<!-- This site is optimized with the Yoast SEO plugin v27.4 - https:\/\/yoast.com\/product\/yoast-seo-wordpress\/ -->\n<title>MACC - Monty&#039;s Plant Food<\/title>\n<meta name=\"robots\" content=\"index, follow, max-snippet:-1, max-image-preview:large, max-video-preview:-1\" \/>\n<link rel=\"canonical\" href=\"https:\/\/montysplantfood.com\/es\/macc\/\" \/>\n<meta property=\"og:locale\" content=\"es_ES\" \/>\n<meta property=\"og:type\" content=\"article\" \/>\n<meta property=\"og:title\" content=\"MACC - Monty&#039;s Plant Food\" \/>\n<meta property=\"og:description\" content=\"MACC &#8211; Midwest Advanced Crop Consulting Personalized Crop Consulting For Higher ROI Midwest Advanced Crop Consulting (MACC) is an education program developed to teach farmers throughout the country how to increase their crop yields &#8211; especially corn and soybeans. The program was developed by farmers for farmers. National Corn Yield Contest winners Kevin Kalb and&hellip;\" \/>\n<meta property=\"og:url\" content=\"https:\/\/montysplantfood.com\/es\/macc\/\" \/>\n<meta property=\"og:site_name\" content=\"Monty&#039;s Plant Food\" \/>\n<meta property=\"article:modified_time\" content=\"2024-11-19T13:24:11+00:00\" \/>\n<meta property=\"og:image\" content=\"https:\/\/montysplantfood.com\/wp-content\/uploads\/2020\/11\/MidwestAdvancedCropConsulting-DD-C-300x112.jpg\" \/>\n<meta name=\"twitter:card\" content=\"summary_large_image\" \/>\n<meta name=\"twitter:label1\" content=\"Est. reading time\" \/>\n\t<meta name=\"twitter:data1\" content=\"7 minutes\" \/>\n<script type=\"application\/ld+json\" class=\"yoast-schema-graph\">{\"@context\":\"https:\\\/\\\/schema.org\",\"@graph\":[{\"@type\":\"WebPage\",\"@id\":\"https:\\\/\\\/montysplantfood.com\\\/macc\\\/\",\"url\":\"https:\\\/\\\/montysplantfood.com\\\/macc\\\/\",\"name\":\"MACC - Monty&#039;s Plant Food\",\"isPartOf\":{\"@id\":\"https:\\\/\\\/montysplantfood.com\\\/#website\"},\"primaryImageOfPage\":{\"@id\":\"https:\\\/\\\/montysplantfood.com\\\/macc\\\/#primaryimage\"},\"image\":{\"@id\":\"https:\\\/\\\/montysplantfood.com\\\/macc\\\/#primaryimage\"},\"thumbnailUrl\":\"https:\\\/\\\/montysplantfood.com\\\/wp-content\\\/uploads\\\/2020\\\/11\\\/MidwestAdvancedCropConsulting-DD-C-300x112.jpg\",\"datePublished\":\"2023-05-03T14:32:57+00:00\",\"dateModified\":\"2024-11-19T13:24:11+00:00\",\"breadcrumb\":{\"@id\":\"https:\\\/\\\/montysplantfood.com\\\/macc\\\/#breadcrumb\"},\"inLanguage\":\"es-GT\",\"potentialAction\":[{\"@type\":\"ReadAction\",\"target\":[\"https:\\\/\\\/montysplantfood.com\\\/macc\\\/\"]}]},{\"@type\":\"ImageObject\",\"inLanguage\":\"es-GT\",\"@id\":\"https:\\\/\\\/montysplantfood.com\\\/macc\\\/#primaryimage\",\"url\":\"https:\\\/\\\/montysplantfood.com\\\/wp-content\\\/uploads\\\/2020\\\/11\\\/MidwestAdvancedCropConsulting-DD-C-300x112.jpg\",\"contentUrl\":\"https:\\\/\\\/montysplantfood.com\\\/wp-content\\\/uploads\\\/2020\\\/11\\\/MidwestAdvancedCropConsulting-DD-C-300x112.jpg\"},{\"@type\":\"BreadcrumbList\",\"@id\":\"https:\\\/\\\/montysplantfood.com\\\/macc\\\/#breadcrumb\",\"itemListElement\":[{\"@type\":\"ListItem\",\"position\":1,\"name\":\"Home\",\"item\":\"https:\\\/\\\/montysplantfood.com\\\/\"},{\"@type\":\"ListItem\",\"position\":2,\"name\":\"MACC\"}]},{\"@type\":\"WebSite\",\"@id\":\"https:\\\/\\\/montysplantfood.com\\\/#website\",\"url\":\"https:\\\/\\\/montysplantfood.com\\\/\",\"name\":\"Monty&#039;s Plant Food\",\"description\":\"\",\"publisher\":{\"@id\":\"https:\\\/\\\/montysplantfood.com\\\/#organization\"},\"potentialAction\":[{\"@type\":\"SearchAction\",\"target\":{\"@type\":\"EntryPoint\",\"urlTemplate\":\"https:\\\/\\\/montysplantfood.com\\\/?s={search_term_string}\"},\"query-input\":{\"@type\":\"PropertyValueSpecification\",\"valueRequired\":true,\"valueName\":\"search_term_string\"}}],\"inLanguage\":\"es-GT\"},{\"@type\":\"Organization\",\"@id\":\"https:\\\/\\\/montysplantfood.com\\\/#organization\",\"name\":\"Monty's Plant Food\",\"url\":\"https:\\\/\\\/montysplantfood.com\\\/\",\"logo\":{\"@type\":\"ImageObject\",\"inLanguage\":\"es-GT\",\"@id\":\"https:\\\/\\\/montysplantfood.com\\\/#\\\/schema\\\/logo\\\/image\\\/\",\"url\":\"https:\\\/\\\/montysplantfood.com\\\/wp-content\\\/uploads\\\/2020\\\/09\\\/Website-Logo-TEST.png\",\"contentUrl\":\"https:\\\/\\\/montysplantfood.com\\\/wp-content\\\/uploads\\\/2020\\\/09\\\/Website-Logo-TEST.png\",\"width\":505,\"height\":358,\"caption\":\"Monty's Plant Food\"},\"image\":{\"@id\":\"https:\\\/\\\/montysplantfood.com\\\/#\\\/schema\\\/logo\\\/image\\\/\"}}]}<\/script>\n<!-- \/ Yoast SEO plugin. -->","yoast_head_json":{"title":"MACC - Monty&#039;s Plant Food","robots":{"index":"index","follow":"follow","max-snippet":"max-snippet:-1","max-image-preview":"max-image-preview:large","max-video-preview":"max-video-preview:-1"},"canonical":"https:\/\/montysplantfood.com\/es\/macc\/","og_locale":"es_ES","og_type":"article","og_title":"MACC - Monty&#039;s Plant Food","og_description":"MACC &#8211; Midwest Advanced Crop Consulting Personalized Crop Consulting For Higher ROI Midwest Advanced Crop Consulting (MACC) is an education program developed to teach farmers throughout the country how to increase their crop yields &#8211; especially corn and soybeans. The program was developed by farmers for farmers. National Corn Yield Contest winners Kevin Kalb and&hellip;","og_url":"https:\/\/montysplantfood.com\/es\/macc\/","og_site_name":"Monty&#039;s Plant Food","article_modified_time":"2024-11-19T13:24:11+00:00","og_image":[{"url":"https:\/\/montysplantfood.com\/wp-content\/uploads\/2020\/11\/MidwestAdvancedCropConsulting-DD-C-300x112.jpg","type":"","width":"","height":""}],"twitter_card":"summary_large_image","twitter_misc":{"Est. reading time":"7 minutes"},"schema":{"@context":"https:\/\/schema.org","@graph":[{"@type":"WebPage","@id":"https:\/\/montysplantfood.com\/macc\/","url":"https:\/\/montysplantfood.com\/macc\/","name":"MACC - Monty&#039;s Plant Food","isPartOf":{"@id":"https:\/\/montysplantfood.com\/#website"},"primaryImageOfPage":{"@id":"https:\/\/montysplantfood.com\/macc\/#primaryimage"},"image":{"@id":"https:\/\/montysplantfood.com\/macc\/#primaryimage"},"thumbnailUrl":"https:\/\/montysplantfood.com\/wp-content\/uploads\/2020\/11\/MidwestAdvancedCropConsulting-DD-C-300x112.jpg","datePublished":"2023-05-03T14:32:57+00:00","dateModified":"2024-11-19T13:24:11+00:00","breadcrumb":{"@id":"https:\/\/montysplantfood.com\/macc\/#breadcrumb"},"inLanguage":"es-GT","potentialAction":[{"@type":"ReadAction","target":["https:\/\/montysplantfood.com\/macc\/"]}]},{"@type":"ImageObject","inLanguage":"es-GT","@id":"https:\/\/montysplantfood.com\/macc\/#primaryimage","url":"https:\/\/montysplantfood.com\/wp-content\/uploads\/2020\/11\/MidwestAdvancedCropConsulting-DD-C-300x112.jpg","contentUrl":"https:\/\/montysplantfood.com\/wp-content\/uploads\/2020\/11\/MidwestAdvancedCropConsulting-DD-C-300x112.jpg"},{"@type":"BreadcrumbList","@id":"https:\/\/montysplantfood.com\/macc\/#breadcrumb","itemListElement":[{"@type":"ListItem","position":1,"name":"Home","item":"https:\/\/montysplantfood.com\/"},{"@type":"ListItem","position":2,"name":"MACC"}]},{"@type":"WebSite","@id":"https:\/\/montysplantfood.com\/#website","url":"https:\/\/montysplantfood.com\/","name":"Monty&#039;s Plant Food","description":"","publisher":{"@id":"https:\/\/montysplantfood.com\/#organization"},"potentialAction":[{"@type":"SearchAction","target":{"@type":"EntryPoint","urlTemplate":"https:\/\/montysplantfood.com\/?s={search_term_string}"},"query-input":{"@type":"PropertyValueSpecification","valueRequired":true,"valueName":"search_term_string"}}],"inLanguage":"es-GT"},{"@type":"Organization","@id":"https:\/\/montysplantfood.com\/#organization","name":"Monty's Plant Food","url":"https:\/\/montysplantfood.com\/","logo":{"@type":"ImageObject","inLanguage":"es-GT","@id":"https:\/\/montysplantfood.com\/#\/schema\/logo\/image\/","url":"https:\/\/montysplantfood.com\/wp-content\/uploads\/2020\/09\/Website-Logo-TEST.png","contentUrl":"https:\/\/montysplantfood.com\/wp-content\/uploads\/2020\/09\/Website-Logo-TEST.png","width":505,"height":358,"caption":"Monty's Plant Food"},"image":{"@id":"https:\/\/montysplantfood.com\/#\/schema\/logo\/image\/"}}]}},"_links":{"self":[{"href":"https:\/\/montysplantfood.com\/es\/wp-json\/wp\/v2\/pages\/12913","targetHints":{"allow":["GET"]}}],"collection":[{"href":"https:\/\/montysplantfood.com\/es\/wp-json\/wp\/v2\/pages"}],"about":[{"href":"https:\/\/montysplantfood.com\/es\/wp-json\/wp\/v2\/types\/page"}],"author":[{"embeddable":true,"href":"https:\/\/montysplantfood.com\/es\/wp-json\/wp\/v2\/users\/17"}],"replies":[{"embeddable":true,"href":"https:\/\/montysplantfood.com\/es\/wp-json\/wp\/v2\/comments?post=12913"}],"version-history":[{"count":10,"href":"https:\/\/montysplantfood.com\/es\/wp-json\/wp\/v2\/pages\/12913\/revisions"}],"predecessor-version":[{"id":13488,"href":"https:\/\/montysplantfood.com\/es\/wp-json\/wp\/v2\/pages\/12913\/revisions\/13488"}],"wp:attachment":[{"href":"https:\/\/montysplantfood.com\/es\/wp-json\/wp\/v2\/media?parent=12913"}],"curies":[{"name":"wp","href":"https:\/\/api.w.org\/{rel}","templated":true}]}}