{"id":11679,"date":"2021-03-24T14:58:43","date_gmt":"2021-03-24T18:58:43","guid":{"rendered":"http:\/\/localhost:10003\/?page_id=11679"},"modified":"2021-04-07T10:39:16","modified_gmt":"2021-04-07T14:39:16","slug":"hemp-product-info","status":"publish","type":"page","link":"https:\/\/montysplantfood.com\/es\/montys-hemp-pro\/hemp-product-info\/","title":{"rendered":"Hemp Pro Product Information"},"content":{"rendered":"<h1>\n\t\tInformaci\u00f3n sobre el producto\n\t<\/h1>\n\t<h3>Informaci\u00f3n sobre el producto<\/h3>\n<ul>\n<li><a href=\"https:\/\/montysplantfood.com\/wp-content\/uploads\/2021\/03\/Hemp-Pocket-Brochure-2020.pdf\" target=\"_blank\" rel=\"noopener\">Folleto Hemp Pro<\/a><\/li>\n<li><a href=\"https:\/\/montysplantfood.com\/wp-content\/uploads\/2021\/03\/Hemp-Pocket-Brochure-PNW-4.24.19.pdf\" target=\"_blank\" rel=\"noopener\">Folleto Hemp Pro (Noroeste del Pac\u00edfico)<\/a><\/li>\n<li><a href=\"https:\/\/montysplantfood.com\/wp-content\/uploads\/2021\/04\/1171-MagmaHume-Product-Info-Flyer-HEMP-3.30.21.pdf\" target=\"_blank\" rel=\"noopener\">MagmaHume<\/a><\/li>\n<\/ul>\n\t<h3>Informaci\u00f3n sobre la solicitud<\/h3>\n<ul>\n<li><a href=\"https:\/\/montysplantfood.com\/wp-content\/uploads\/2021\/03\/Hemp-Pro-CBD-Hemp-Protocol-2020-1.pdf\" target=\"_blank\" rel=\"noopener\">Protocolo de c\u00e1\u00f1amo Hemp Pro CBD<\/a><\/li>\n<li><a href=\"https:\/\/montysplantfood.com\/wp-content\/uploads\/2021\/03\/Hemp-Pro-Protocol-PNW-DI-4.24.19.pdf\" target=\"_blank\" rel=\"noopener\">Hemp Pro CBD PNW C\u00e1\u00f1amo Protocolo\/Riego por goteo<\/a><\/li>\n<li><a href=\"https:\/\/montysplantfood.com\/wp-content\/uploads\/2021\/03\/Hemp-Pro-Protocol-PNW-OI-4.24.19.pdf\" target=\"_blank\" rel=\"noopener\">Hemp Pro CBD PNW C\u00e1\u00f1amo Protocolo\/Riego por aspersi\u00f3n<\/a><\/li>\n<li><a href=\"https:\/\/montysplantfood.com\/wp-content\/uploads\/2021\/03\/1154-Hemp-Pro-Greenhouse-Application-2020.pdf\" target=\"_blank\" rel=\"noopener\">Hemp Pro Aplicaciones de invernadero y de campo<\/a><\/li>\n<li><a href=\"https:\/\/montysplantfood.com\/wp-content\/uploads\/2021\/03\/AgXact-Flyer-Hemp-5.13.19.pdf\" target=\"_blank\" rel=\"noopener\">Hemp Pro, Programa AgXact de an\u00e1lisis de tejidos y suelos<\/a><\/li>\n<li><a href=\"https:\/\/montysplantfood.com\/wp-content\/uploads\/2021\/03\/AgXact-Sample-Report-Form-5.9.19.pdf\" target=\"_blank\" rel=\"noopener\">Hemp Pro, AgXact Formulario de an\u00e1lisis de tejidos y suelos<\/a><\/li>\n<\/ul>\n\t<h3>H\u00famicos<\/h3>\n<ul>\n<li><a href=\"https:\/\/montysplantfood.com\/wp-content\/uploads\/2021\/03\/1173-Humic-FAQ-Flyer-2020-1.pdf\" target=\"_blank\" rel=\"noopener\">Aspectos b\u00e1sicos de los h\u00famicos (FAQ)<\/a><\/li>\n<li><a href=\"https:\/\/montysplantfood.com\/wp-content\/uploads\/2021\/04\/1173-Humic-FAQ-Flyer-2020-SPANISH.pdf\" target=\"_blank\" rel=\"noopener\">The Basics of Humics (FAQ) &#8211; Spanish<\/a><\/li>\n<li><a href=\"https:\/\/montysplantfood.com\/wp-content\/uploads\/2021\/04\/1173-Humic-FAQ-Flyer-2020.pdf\" target=\"_blank\" rel=\"noopener\">Conceptos b\u00e1sicos de los h\u00famicos<\/a><\/li>\n<\/ul>\n\t<h3>FDS (ficha de datos de seguridad)<\/h3>\n<ul>\n<li><a href=\"https:\/\/montysplantfood.com\/wp-content\/uploads\/2021\/03\/MPF-SDS-HP-Starter.pdf\" target=\"_blank\" rel=\"noopener\">C\u00e1\u00f1amo Pro Starter 5-16-12<\/a><\/li>\n<li><a href=\"https:\/\/montysplantfood.com\/wp-content\/uploads\/2021\/03\/MPF-SDS-HP-Early-Veg.pdf\" target=\"_blank\" rel=\"noopener\">C\u00e1\u00f1amo Pro Vegetativo Temprano 7-9-5<\/a><\/li>\n<li><a href=\"https:\/\/montysplantfood.com\/wp-content\/uploads\/2021\/03\/MPF-SDS-HP-Late-Veg.pdf\" target=\"_blank\" rel=\"noopener\">C\u00e1\u00f1amo Pro Vegetativo Tard\u00edo 10-8-4<\/a><\/li>\n<li><a href=\"https:\/\/montysplantfood.com\/wp-content\/uploads\/2021\/03\/MPF-SDS-HP-Bloom-Flower.pdf\" target=\"_blank\" rel=\"noopener\">C\u00e1\u00f1amo Pro Bloom &amp; Flower 3-15-16<\/a><\/li>\n<li><a href=\"https:\/\/montysplantfood.com\/wp-content\/uploads\/2020\/10\/MPF-SDS-MagmaHume.pdf\" target=\"_blank\" rel=\"noopener\">MagmaHume<\/a><\/li>\n<\/ul>","protected":false},"excerpt":{"rendered":"<p>Product Information Product Information Hemp Pro Brochure Hemp Pro Brochure (Pacific Northwest) MagmaHume Application Information Hemp Pro CBD Hemp Protocol Hemp Pro CBD PNW Hemp Protocol\/Drip Irrigation Hemp Pro CBD PNW Hemp Protocol\/Overhead Irrigation Hemp Pro Greenhouse and Field Applications Hemp Pro, AgXact Tissue and Soil Testing Program Hemp Pro, AgXact Tissue and Soil Testing&hellip;<\/p>","protected":false},"author":20,"featured_media":0,"parent":11480,"menu_order":0,"comment_status":"closed","ping_status":"closed","template":"","meta":{"_acf_changed":false,"footnotes":""},"class_list":["post-11679","page","type-page","status-publish","hentry"],"acf":[],"yoast_head":"<!-- This site is optimized with the Yoast SEO plugin v27.4 - https:\/\/yoast.com\/product\/yoast-seo-wordpress\/ -->\n<title>Hemp Pro Product Information - Monty&#039;s Plant Food<\/title>\n<meta name=\"robots\" content=\"index, follow, max-snippet:-1, max-image-preview:large, max-video-preview:-1\" \/>\n<link rel=\"canonical\" href=\"https:\/\/montysplantfood.com\/es\/montys-hemp-pro\/hemp-product-info\/\" \/>\n<meta property=\"og:locale\" content=\"es_ES\" \/>\n<meta property=\"og:type\" content=\"article\" \/>\n<meta property=\"og:title\" content=\"Hemp Pro Product Information - Monty&#039;s Plant Food\" \/>\n<meta property=\"og:description\" content=\"Product Information Product Information Hemp Pro Brochure Hemp Pro Brochure (Pacific Northwest) MagmaHume Application Information Hemp Pro CBD Hemp Protocol Hemp Pro CBD PNW Hemp Protocol\/Drip Irrigation Hemp Pro CBD PNW Hemp Protocol\/Overhead Irrigation Hemp Pro Greenhouse and Field Applications Hemp Pro, AgXact Tissue and Soil Testing Program Hemp Pro, AgXact Tissue and Soil Testing&hellip;\" \/>\n<meta property=\"og:url\" content=\"https:\/\/montysplantfood.com\/es\/montys-hemp-pro\/hemp-product-info\/\" \/>\n<meta property=\"og:site_name\" content=\"Monty&#039;s Plant Food\" \/>\n<meta property=\"article:modified_time\" content=\"2021-04-07T14:39:16+00:00\" \/>\n<meta property=\"og:image\" content=\"https:\/\/montysplantfood.com\/wp-content\/uploads\/2020\/09\/social-share.jpg\" \/>\n\t<meta property=\"og:image:width\" content=\"1280\" \/>\n\t<meta property=\"og:image:height\" content=\"720\" \/>\n\t<meta property=\"og:image:type\" content=\"image\/jpeg\" \/>\n<meta name=\"twitter:card\" content=\"summary_large_image\" \/>\n<meta name=\"twitter:label1\" content=\"Est. reading time\" \/>\n\t<meta name=\"twitter:data1\" content=\"1 minute\" \/>\n<script type=\"application\/ld+json\" class=\"yoast-schema-graph\">{\"@context\":\"https:\\\/\\\/schema.org\",\"@graph\":[{\"@type\":\"WebPage\",\"@id\":\"https:\\\/\\\/montysplantfood.com\\\/montys-hemp-pro\\\/hemp-product-info\\\/\",\"url\":\"https:\\\/\\\/montysplantfood.com\\\/montys-hemp-pro\\\/hemp-product-info\\\/\",\"name\":\"Hemp Pro Product Information - Monty&#039;s Plant Food\",\"isPartOf\":{\"@id\":\"https:\\\/\\\/montysplantfood.com\\\/#website\"},\"datePublished\":\"2021-03-24T18:58:43+00:00\",\"dateModified\":\"2021-04-07T14:39:16+00:00\",\"breadcrumb\":{\"@id\":\"https:\\\/\\\/montysplantfood.com\\\/montys-hemp-pro\\\/hemp-product-info\\\/#breadcrumb\"},\"inLanguage\":\"es-GT\",\"potentialAction\":[{\"@type\":\"ReadAction\",\"target\":[\"https:\\\/\\\/montysplantfood.com\\\/montys-hemp-pro\\\/hemp-product-info\\\/\"]}]},{\"@type\":\"BreadcrumbList\",\"@id\":\"https:\\\/\\\/montysplantfood.com\\\/montys-hemp-pro\\\/hemp-product-info\\\/#breadcrumb\",\"itemListElement\":[{\"@type\":\"ListItem\",\"position\":1,\"name\":\"Home\",\"item\":\"https:\\\/\\\/montysplantfood.com\\\/\"},{\"@type\":\"ListItem\",\"position\":2,\"name\":\"Monty&#8217;s Hemp Pro\",\"item\":\"https:\\\/\\\/montysplantfood.com\\\/montys-hemp-pro\\\/\"},{\"@type\":\"ListItem\",\"position\":3,\"name\":\"Hemp Pro Product Information\"}]},{\"@type\":\"WebSite\",\"@id\":\"https:\\\/\\\/montysplantfood.com\\\/#website\",\"url\":\"https:\\\/\\\/montysplantfood.com\\\/\",\"name\":\"Monty&#039;s Plant Food\",\"description\":\"\",\"publisher\":{\"@id\":\"https:\\\/\\\/montysplantfood.com\\\/#organization\"},\"potentialAction\":[{\"@type\":\"SearchAction\",\"target\":{\"@type\":\"EntryPoint\",\"urlTemplate\":\"https:\\\/\\\/montysplantfood.com\\\/?s={search_term_string}\"},\"query-input\":{\"@type\":\"PropertyValueSpecification\",\"valueRequired\":true,\"valueName\":\"search_term_string\"}}],\"inLanguage\":\"es-GT\"},{\"@type\":\"Organization\",\"@id\":\"https:\\\/\\\/montysplantfood.com\\\/#organization\",\"name\":\"Monty's Plant Food\",\"url\":\"https:\\\/\\\/montysplantfood.com\\\/\",\"logo\":{\"@type\":\"ImageObject\",\"inLanguage\":\"es-GT\",\"@id\":\"https:\\\/\\\/montysplantfood.com\\\/#\\\/schema\\\/logo\\\/image\\\/\",\"url\":\"https:\\\/\\\/montysplantfood.com\\\/wp-content\\\/uploads\\\/2020\\\/09\\\/Website-Logo-TEST.png\",\"contentUrl\":\"https:\\\/\\\/montysplantfood.com\\\/wp-content\\\/uploads\\\/2020\\\/09\\\/Website-Logo-TEST.png\",\"width\":505,\"height\":358,\"caption\":\"Monty's Plant Food\"},\"image\":{\"@id\":\"https:\\\/\\\/montysplantfood.com\\\/#\\\/schema\\\/logo\\\/image\\\/\"}}]}<\/script>\n<!-- \/ Yoast SEO plugin. -->","yoast_head_json":{"title":"Hemp Pro Product Information - Monty&#039;s Plant Food","robots":{"index":"index","follow":"follow","max-snippet":"max-snippet:-1","max-image-preview":"max-image-preview:large","max-video-preview":"max-video-preview:-1"},"canonical":"https:\/\/montysplantfood.com\/es\/montys-hemp-pro\/hemp-product-info\/","og_locale":"es_ES","og_type":"article","og_title":"Hemp Pro Product Information - Monty&#039;s Plant Food","og_description":"Product Information Product Information Hemp Pro Brochure Hemp Pro Brochure (Pacific Northwest) MagmaHume Application Information Hemp Pro CBD Hemp Protocol Hemp Pro CBD PNW Hemp Protocol\/Drip Irrigation Hemp Pro CBD PNW Hemp Protocol\/Overhead Irrigation Hemp Pro Greenhouse and Field Applications Hemp Pro, AgXact Tissue and Soil Testing Program Hemp Pro, AgXact Tissue and Soil Testing&hellip;","og_url":"https:\/\/montysplantfood.com\/es\/montys-hemp-pro\/hemp-product-info\/","og_site_name":"Monty&#039;s Plant Food","article_modified_time":"2021-04-07T14:39:16+00:00","og_image":[{"width":1280,"height":720,"url":"https:\/\/montysplantfood.com\/wp-content\/uploads\/2020\/09\/social-share.jpg","type":"image\/jpeg"}],"twitter_card":"summary_large_image","twitter_misc":{"Est. reading time":"1 minute"},"schema":{"@context":"https:\/\/schema.org","@graph":[{"@type":"WebPage","@id":"https:\/\/montysplantfood.com\/montys-hemp-pro\/hemp-product-info\/","url":"https:\/\/montysplantfood.com\/montys-hemp-pro\/hemp-product-info\/","name":"Hemp Pro Product Information - Monty&#039;s Plant Food","isPartOf":{"@id":"https:\/\/montysplantfood.com\/#website"},"datePublished":"2021-03-24T18:58:43+00:00","dateModified":"2021-04-07T14:39:16+00:00","breadcrumb":{"@id":"https:\/\/montysplantfood.com\/montys-hemp-pro\/hemp-product-info\/#breadcrumb"},"inLanguage":"es-GT","potentialAction":[{"@type":"ReadAction","target":["https:\/\/montysplantfood.com\/montys-hemp-pro\/hemp-product-info\/"]}]},{"@type":"BreadcrumbList","@id":"https:\/\/montysplantfood.com\/montys-hemp-pro\/hemp-product-info\/#breadcrumb","itemListElement":[{"@type":"ListItem","position":1,"name":"Home","item":"https:\/\/montysplantfood.com\/"},{"@type":"ListItem","position":2,"name":"Monty&#8217;s Hemp Pro","item":"https:\/\/montysplantfood.com\/montys-hemp-pro\/"},{"@type":"ListItem","position":3,"name":"Hemp Pro Product Information"}]},{"@type":"WebSite","@id":"https:\/\/montysplantfood.com\/#website","url":"https:\/\/montysplantfood.com\/","name":"Monty&#039;s Plant Food","description":"","publisher":{"@id":"https:\/\/montysplantfood.com\/#organization"},"potentialAction":[{"@type":"SearchAction","target":{"@type":"EntryPoint","urlTemplate":"https:\/\/montysplantfood.com\/?s={search_term_string}"},"query-input":{"@type":"PropertyValueSpecification","valueRequired":true,"valueName":"search_term_string"}}],"inLanguage":"es-GT"},{"@type":"Organization","@id":"https:\/\/montysplantfood.com\/#organization","name":"Monty's Plant Food","url":"https:\/\/montysplantfood.com\/","logo":{"@type":"ImageObject","inLanguage":"es-GT","@id":"https:\/\/montysplantfood.com\/#\/schema\/logo\/image\/","url":"https:\/\/montysplantfood.com\/wp-content\/uploads\/2020\/09\/Website-Logo-TEST.png","contentUrl":"https:\/\/montysplantfood.com\/wp-content\/uploads\/2020\/09\/Website-Logo-TEST.png","width":505,"height":358,"caption":"Monty's Plant Food"},"image":{"@id":"https:\/\/montysplantfood.com\/#\/schema\/logo\/image\/"}}]}},"_links":{"self":[{"href":"https:\/\/montysplantfood.com\/es\/wp-json\/wp\/v2\/pages\/11679","targetHints":{"allow":["GET"]}}],"collection":[{"href":"https:\/\/montysplantfood.com\/es\/wp-json\/wp\/v2\/pages"}],"about":[{"href":"https:\/\/montysplantfood.com\/es\/wp-json\/wp\/v2\/types\/page"}],"author":[{"embeddable":true,"href":"https:\/\/montysplantfood.com\/es\/wp-json\/wp\/v2\/users\/20"}],"replies":[{"embeddable":true,"href":"https:\/\/montysplantfood.com\/es\/wp-json\/wp\/v2\/comments?post=11679"}],"version-history":[{"count":10,"href":"https:\/\/montysplantfood.com\/es\/wp-json\/wp\/v2\/pages\/11679\/revisions"}],"predecessor-version":[{"id":11812,"href":"https:\/\/montysplantfood.com\/es\/wp-json\/wp\/v2\/pages\/11679\/revisions\/11812"}],"up":[{"embeddable":true,"href":"https:\/\/montysplantfood.com\/es\/wp-json\/wp\/v2\/pages\/11480"}],"wp:attachment":[{"href":"https:\/\/montysplantfood.com\/es\/wp-json\/wp\/v2\/media?parent=11679"}],"curies":[{"name":"wp","href":"https:\/\/api.w.org\/{rel}","templated":true}]}}