{"id":88,"date":"2020-08-19T21:46:33","date_gmt":"2020-08-20T01:46:33","guid":{"rendered":"http:\/\/localhost:10003\/products\/"},"modified":"2024-03-22T10:50:57","modified_gmt":"2024-03-22T14:50:57","slug":"products","status":"publish","type":"page","link":"https:\/\/montysplantfood.com\/de\/products\/","title":{"rendered":"Produkte"},"content":{"rendered":"<h1>\n\t\tProdukte\n\t<\/h1>\n    <section id=\"soil-amendment\">\n        <header>\n            <h2>Bodenverbesserung<\/h2>\n        <\/header>\n                        <a href=\"https:\/\/montysplantfood.com\/de\/products\/catalyzer\/\">\n                                <h3>Katalysator<\/h3>\n                                        Monty&#8217;s Concentrated Humics                                    \n                        <\/a>\n                        <a href=\"https:\/\/montysplantfood.com\/de\/products\/dri-carbon\/\">\n                                <h3>Dri-Carbon<\/h3>\n                                        Fl\u00fcssiger Kohlenstoff in trockener Form                                    \n                        <\/a>\n                        <a href=\"https:\/\/montysplantfood.com\/de\/products\/humi-till\/\">\n                                <h3>Humi-Till<\/h3>\n                                        Management von Ernter\u00fcckst\u00e4nden                                    \n                        <\/a>\n                        <a href=\"https:\/\/montysplantfood.com\/de\/products\/humi-till-activator\/\">\n                                <h3>Humi-Till Aktivator<\/h3>\n                                        F\u00fcr das R\u00fcckstandsmanagement                                    \n                        <\/a>\n                        <a href=\"https:\/\/montysplantfood.com\/de\/products\/montys-liquid-carbon\/\">\n                                <h3>Monty's Fl\u00fcssigkohle<\/h3>\n                                        Propriet\u00e4re Humustechnologie                                    \n                        <\/a>\n                        <a href=\"https:\/\/montysplantfood.com\/de\/products\/nanobind\/\">\n                                <h3>Nanobind<\/h3>\n                                        Mikrobiell angereicherter fl\u00fcssiger Kohlenstoff                                    \n                        <\/a>\n            <\/section>\n    <section id=\"starters\">\n        <header>\n            <h2>Vorspeisen<\/h2>\n        <\/header>\n                        <a href=\"https:\/\/montysplantfood.com\/de\/products\/12156\/\">\n                                <h3>9-24-3<\/h3>\n                        <\/a>\n                        <a href=\"https:\/\/montysplantfood.com\/de\/products\/premium-blend\/\">\n                                <h3>Premium-Mischung<\/h3>\n                                        Der Schl\u00fcssel zum Erfolg ist die Wahl des Phosphats                                    \n                        <\/a>\n            <\/section>\n    <section id=\"fertility\">\n        <header>\n            <h2>Fruchtbarkeit<\/h2>\n        <\/header>\n                        <a href=\"https:\/\/montysplantfood.com\/de\/products\/agri-n\/\">\n                                <h3>Agri-N<\/h3>\n                                        Blattverbesserung f\u00fcr Green-Up und Energie                                    \n                        <\/a>\n                        <a href=\"https:\/\/montysplantfood.com\/de\/products\/agrihance-s-v-r\/\">\n                                <h3>Agrihance (S, V, R)<\/h3>\n                                        Seed Starter &#8211; Vegetative Stage &#8211; Reproductive Stage                                    \n                        <\/a>\n                        <a href=\"https:\/\/montysplantfood.com\/de\/products\/all-purpose-growth\/\">\n                                <h3>Allseitiges Wachstum<\/h3>\n                                        Starkes Pflanzenwachstum und Bew\u00e4ltigung von Erntestress                                    \n                        <\/a>\n                        <a href=\"https:\/\/montysplantfood.com\/de\/products\/c795-plus\/\">\n                                <h3>C795 Plus<\/h3>\n                                        Vielseitig einsetzbares Produkt, ideal f\u00fcr den Erfolg von Saatgut und Pflanzen                                    \n                        <\/a>\n                        <a href=\"https:\/\/montysplantfood.com\/de\/products\/calcium-plus\/\">\n                                <h3>Kalzium Plus<\/h3>\n                                        Nahrungserg\u00e4nzungsmittel                                    \n                        <\/a>\n                        <a href=\"https:\/\/montysplantfood.com\/de\/products\/hay-now\/\">\n                                <h3>Hay-Now<\/h3>\n                                        Fl\u00fcssigd\u00fcnger f\u00fcr Heu und Weide                                    \n                        <\/a>\n                        <a href=\"https:\/\/montysplantfood.com\/de\/products\/k28\/\">\n                                <h3>K28<\/h3>\n                                        Fl\u00fcssiger Kali-N\u00e4hrstoffzusatz                                    \n                        <\/a>\n                        <a href=\"https:\/\/montysplantfood.com\/de\/products\/magmahume\/\">\n                                <h3>MagmaHume<\/h3>\n                                        Pflanzen- und Bodenst\u00e4rkungsmittel                                    \n                        <\/a>\n                        <a href=\"https:\/\/montysplantfood.com\/de\/products\/microhance\/\">\n                                <h3>Microhance<\/h3>\n                                        Nutrient Package &#8211; Six Important Nutrients                                    \n                        <\/a>\n                        <a href=\"https:\/\/montysplantfood.com\/de\/products\/midnight\/\">\n                                <h3>Mitternacht<\/h3>\n                                        Einzigartige Mischung ideal f\u00fcr Pflanzenwachstum                                    \n                        <\/a>\n                        <a href=\"https:\/\/montysplantfood.com\/de\/products\/nauxin\/\">\n                                <h3>Nauxin<\/h3>\n                                        Wesentliches N\u00e4hrstoffpaket                                    \n                        <\/a>\n                        <a href=\"https:\/\/montysplantfood.com\/de\/products\/premium-blend\/\">\n                                <h3>Premium-Mischung<\/h3>\n                                        Der Schl\u00fcssel zum Erfolg ist die Wahl des Phosphats                                    \n                        <\/a>\n                        <a href=\"https:\/\/montysplantfood.com\/de\/products\/root-bloom\/\">\n                                <h3>Wurzel &amp; Bl\u00fcte<\/h3>\n                                        Root Growth &#038; Seed and Fruit Development                                    \n                        <\/a>\n                        <a href=\"https:\/\/montysplantfood.com\/de\/products\/seed-starter-foliar\/\">\n                                <h3>Saatgutstarter\/Blattsaatgut<\/h3>\n                                        F\u00fcr schnelles Auflaufen und fr\u00fche Wuchskraft in der Saison                                    \n                        <\/a>\n                        <a href=\"https:\/\/montysplantfood.com\/de\/products\/sulfur-15\/\">\n                                <h3>Schwefel 15<\/h3>\n                                        Nahrungserg\u00e4nzungsmittel                                    \n                        <\/a>\n            <\/section>\n    <section id=\"nutrient-management\">\n        <header>\n            <h2>N\u00e4hrstoffmanagement<\/h2>\n        <\/header>\n                        <a href=\"https:\/\/montysplantfood.com\/de\/products\/drivas\/\">\n                                <h3>Drivas<\/h3>\n                                        Die Kraft eines echten Fulvic                                    \n                        <\/a>\n                        <a href=\"https:\/\/montysplantfood.com\/de\/products\/humihance\/\">\n                                <h3>Humihance<\/h3>\n                                        Monty&#8217;s Innovative Fertilizer Coating                                    \n                        <\/a>\n                        <a href=\"https:\/\/montysplantfood.com\/de\/products\/surge-xd\/\">\n                                <h3>Surge XD<\/h3>\n                                        Extreme Zufuhr von N\u00e4hrstoffen                                    \n                        <\/a>\n            <\/section>\n    <section id=\"micronutrients\">\n        <header>\n            <h2>Mikron\u00e4hrstoffe<\/h2>\n        <\/header>\n                        <a href=\"https:\/\/montysplantfood.com\/de\/products\/boron\/\">\n                                <h3>Bor<\/h3>\n                                        Wird f\u00fcr die Proteinsynthese, die Zellteilung und die Wurzelentwicklung ben\u00f6tigt.                                    \n                        <\/a>\n                        <a href=\"https:\/\/montysplantfood.com\/de\/products\/como\/\">\n                                <h3>CoMo<\/h3>\n                                        Eine einzigartige Mischung von Mikron\u00e4hrstoffen, die das Pflanzenwachstum maximiert                                    \n                        <\/a>\n                        <a href=\"https:\/\/montysplantfood.com\/de\/products\/copper-cu\/\">\n                                <h3>Kupfer (Cu)<\/h3>\n                                        Aktiviert pflanzliche Enzyme, die im Wachstumsprozess ben\u00f6tigt werden                                    \n                        <\/a>\n                        <a href=\"https:\/\/montysplantfood.com\/de\/products\/iron\/\">\n                                <h3>Eisen (Fe)<\/h3>\n                                        Zur Vorbeugung und Beseitigung von Eisenchlorose bei allen Kulturpflanzen                                    \n                        <\/a>\n                        <a href=\"https:\/\/montysplantfood.com\/de\/products\/magnesium-mg\/\">\n                                <h3>Magnesium (Mg)<\/h3>\n                                        Aktiviert pflanzliche Enzyme, die f\u00fcr den Wachstumsprozess erforderlich sind                                    \n                        <\/a>\n                        <a href=\"https:\/\/montysplantfood.com\/de\/products\/manganese-mn\/\">\n                                <h3>Mangan (Mn)<\/h3>\n                                        Unerl\u00e4sslich f\u00fcr die Zelloxidation und die Zuckerabsorption                                    \n                        <\/a>\n                        <a href=\"https:\/\/montysplantfood.com\/de\/products\/molybdenum-mo\/\">\n                                <h3>Molybd\u00e4n (Mo)<\/h3>\n                                        Erg\u00e4nzung zu einem regelm\u00e4\u00dfigen D\u00fcngeprogramm zur Vorbeugung und Korrektur von M\u00e4ngeln                                    \n                        <\/a>\n                        <a href=\"https:\/\/montysplantfood.com\/de\/products\/zinc-zn\/\">\n                                <h3>Zink (Zn)<\/h3>\n                                        Erh\u00f6ht die Verf\u00fcgbarkeit von Kalzium (Ca) und Phosphor (P)                                    \n                        <\/a>\n            <\/section>\n    <section id=\"specialty\">\n        <header>\n            <h2>Spezialit\u00e4t<\/h2>\n        <\/header>\n                        <a href=\"https:\/\/montysplantfood.com\/de\/products\/agri-sweet\/\">\n                                <h3>Agri-Sweet FG<\/h3>\n                                        Raffinierter Zucker                                    \n                        <\/a>\n                        <a href=\"https:\/\/montysplantfood.com\/de\/products\/bio-strain\/\">\n                                <h3>Bio-Stamm<\/h3>\n                                        Mikrobenpaket f\u00fcr Reihenkulturen und Produkte                                    \n                        <\/a>\n                        <a href=\"https:\/\/montysplantfood.com\/de\/products\/calesco\/\">\n                                <h3>Calesco<\/h3>\n                                        Spezial-Wasseraufbereiter                                    \n                        <\/a>\n                        <a href=\"https:\/\/montysplantfood.com\/de\/products\/multiplicity\/\">\n                                <h3>Vielf\u00e4ltigkeit<\/h3>\n                                        Eine trockene Quelle von Mikroorganismen, die Pflanzen helfen, ihr volles Potenzial zu erreichen                                    \n                        <\/a>\n                        <a href=\"https:\/\/montysplantfood.com\/de\/products\/nanoboost\/\">\n                                <h3>Nanoboost<\/h3>\n                                        Herbizid Booster                                    \n                        <\/a>\n                        <a href=\"https:\/\/montysplantfood.com\/de\/products\/sludge-relief\/\">\n                                <h3>Schlamm-Entlastung<\/h3>\n                                        VERDAUUNGSHILFE                                    \n                        <\/a>\n                        <a href=\"https:\/\/montysplantfood.com\/de\/products\/turf-power-srn\/\">\n                                <h3>Turf Power SRN<\/h3>\n                                        13-2-6 with Micronutrients &#038; Humics                                    \n                        <\/a>\n            <\/section>","protected":false},"excerpt":{"rendered":"<p>Products Soil Amendment Catalyzer Monty&#8217;s Concentrated Humics Dri-Carbon Liquid Carbon in Dry Form Humi-Till Crop Residue Management Humi-Till Activator For Residue Management Monty&#8217;s Liquid Carbon Proprietary Humic Technology Nanobind Microbial Enhanced Liquid Carbon Starters 9-24-3 Premium Blend The Key to Success is the Choice of Phosphate Fertility Agri-N Foliar Enhancement for Green-Up and Energy Agrihance&hellip;<\/p>","protected":false},"author":20,"featured_media":0,"parent":0,"menu_order":9,"comment_status":"closed","ping_status":"closed","template":"","meta":{"_acf_changed":false,"footnotes":""},"class_list":["post-88","page","type-page","status-publish","hentry"],"acf":[],"yoast_head":"<!-- This site is optimized with the Yoast SEO plugin v27.4 - https:\/\/yoast.com\/product\/yoast-seo-wordpress\/ -->\n<title>Products - Monty&#039;s Plant Food<\/title>\n<meta name=\"robots\" content=\"index, follow, max-snippet:-1, max-image-preview:large, max-video-preview:-1\" \/>\n<link rel=\"canonical\" href=\"https:\/\/montysplantfood.com\/de\/products\/\" \/>\n<meta property=\"og:locale\" content=\"de_DE\" \/>\n<meta property=\"og:type\" content=\"article\" \/>\n<meta property=\"og:title\" content=\"Products - Monty&#039;s Plant Food\" \/>\n<meta property=\"og:description\" content=\"Products Soil Amendment Catalyzer Monty&#8217;s Concentrated Humics Dri-Carbon Liquid Carbon in Dry Form Humi-Till Crop Residue Management Humi-Till Activator For Residue Management Monty&#8217;s Liquid Carbon Proprietary Humic Technology Nanobind Microbial Enhanced Liquid Carbon Starters 9-24-3 Premium Blend The Key to Success is the Choice of Phosphate Fertility Agri-N Foliar Enhancement for Green-Up and Energy Agrihance&hellip;\" \/>\n<meta property=\"og:url\" content=\"https:\/\/montysplantfood.com\/de\/products\/\" \/>\n<meta property=\"og:site_name\" content=\"Monty&#039;s Plant Food\" \/>\n<meta property=\"article:modified_time\" content=\"2024-03-22T14:50:57+00:00\" \/>\n<meta property=\"og:image\" content=\"https:\/\/montysplantfood.com\/wp-content\/uploads\/2020\/09\/social-share.jpg\" \/>\n\t<meta property=\"og:image:width\" content=\"1280\" \/>\n\t<meta property=\"og:image:height\" content=\"720\" \/>\n\t<meta property=\"og:image:type\" content=\"image\/jpeg\" \/>\n<meta name=\"twitter:card\" content=\"summary_large_image\" \/>\n<meta name=\"twitter:label1\" content=\"Est. reading time\" \/>\n\t<meta name=\"twitter:data1\" content=\"2 minutes\" \/>\n<script type=\"application\/ld+json\" class=\"yoast-schema-graph\">{\"@context\":\"https:\\\/\\\/schema.org\",\"@graph\":[{\"@type\":\"WebPage\",\"@id\":\"https:\\\/\\\/montysplantfood.com\\\/products\\\/\",\"url\":\"https:\\\/\\\/montysplantfood.com\\\/products\\\/\",\"name\":\"Products - Monty&#039;s Plant Food\",\"isPartOf\":{\"@id\":\"https:\\\/\\\/montysplantfood.com\\\/#website\"},\"datePublished\":\"2020-08-20T01:46:33+00:00\",\"dateModified\":\"2024-03-22T14:50:57+00:00\",\"breadcrumb\":{\"@id\":\"https:\\\/\\\/montysplantfood.com\\\/products\\\/#breadcrumb\"},\"inLanguage\":\"de-DE\",\"potentialAction\":[{\"@type\":\"ReadAction\",\"target\":[\"https:\\\/\\\/montysplantfood.com\\\/products\\\/\"]}]},{\"@type\":\"BreadcrumbList\",\"@id\":\"https:\\\/\\\/montysplantfood.com\\\/products\\\/#breadcrumb\",\"itemListElement\":[{\"@type\":\"ListItem\",\"position\":1,\"name\":\"Home\",\"item\":\"https:\\\/\\\/montysplantfood.com\\\/\"},{\"@type\":\"ListItem\",\"position\":2,\"name\":\"Products\"}]},{\"@type\":\"WebSite\",\"@id\":\"https:\\\/\\\/montysplantfood.com\\\/#website\",\"url\":\"https:\\\/\\\/montysplantfood.com\\\/\",\"name\":\"Monty&#039;s Plant Food\",\"description\":\"\",\"publisher\":{\"@id\":\"https:\\\/\\\/montysplantfood.com\\\/#organization\"},\"potentialAction\":[{\"@type\":\"SearchAction\",\"target\":{\"@type\":\"EntryPoint\",\"urlTemplate\":\"https:\\\/\\\/montysplantfood.com\\\/?s={search_term_string}\"},\"query-input\":{\"@type\":\"PropertyValueSpecification\",\"valueRequired\":true,\"valueName\":\"search_term_string\"}}],\"inLanguage\":\"de-DE\"},{\"@type\":\"Organization\",\"@id\":\"https:\\\/\\\/montysplantfood.com\\\/#organization\",\"name\":\"Monty's Plant Food\",\"url\":\"https:\\\/\\\/montysplantfood.com\\\/\",\"logo\":{\"@type\":\"ImageObject\",\"inLanguage\":\"de-DE\",\"@id\":\"https:\\\/\\\/montysplantfood.com\\\/#\\\/schema\\\/logo\\\/image\\\/\",\"url\":\"https:\\\/\\\/montysplantfood.com\\\/wp-content\\\/uploads\\\/2020\\\/09\\\/Website-Logo-TEST.png\",\"contentUrl\":\"https:\\\/\\\/montysplantfood.com\\\/wp-content\\\/uploads\\\/2020\\\/09\\\/Website-Logo-TEST.png\",\"width\":505,\"height\":358,\"caption\":\"Monty's Plant Food\"},\"image\":{\"@id\":\"https:\\\/\\\/montysplantfood.com\\\/#\\\/schema\\\/logo\\\/image\\\/\"}}]}<\/script>\n<!-- \/ Yoast SEO plugin. -->","yoast_head_json":{"title":"Products - Monty&#039;s Plant Food","robots":{"index":"index","follow":"follow","max-snippet":"max-snippet:-1","max-image-preview":"max-image-preview:large","max-video-preview":"max-video-preview:-1"},"canonical":"https:\/\/montysplantfood.com\/de\/products\/","og_locale":"de_DE","og_type":"article","og_title":"Products - Monty&#039;s Plant Food","og_description":"Products Soil Amendment Catalyzer Monty&#8217;s Concentrated Humics Dri-Carbon Liquid Carbon in Dry Form Humi-Till Crop Residue Management Humi-Till Activator For Residue Management Monty&#8217;s Liquid Carbon Proprietary Humic Technology Nanobind Microbial Enhanced Liquid Carbon Starters 9-24-3 Premium Blend The Key to Success is the Choice of Phosphate Fertility Agri-N Foliar Enhancement for Green-Up and Energy Agrihance&hellip;","og_url":"https:\/\/montysplantfood.com\/de\/products\/","og_site_name":"Monty&#039;s Plant Food","article_modified_time":"2024-03-22T14:50:57+00:00","og_image":[{"width":1280,"height":720,"url":"https:\/\/montysplantfood.com\/wp-content\/uploads\/2020\/09\/social-share.jpg","type":"image\/jpeg"}],"twitter_card":"summary_large_image","twitter_misc":{"Est. reading time":"2 minutes"},"schema":{"@context":"https:\/\/schema.org","@graph":[{"@type":"WebPage","@id":"https:\/\/montysplantfood.com\/products\/","url":"https:\/\/montysplantfood.com\/products\/","name":"Products - Monty&#039;s Plant Food","isPartOf":{"@id":"https:\/\/montysplantfood.com\/#website"},"datePublished":"2020-08-20T01:46:33+00:00","dateModified":"2024-03-22T14:50:57+00:00","breadcrumb":{"@id":"https:\/\/montysplantfood.com\/products\/#breadcrumb"},"inLanguage":"de-DE","potentialAction":[{"@type":"ReadAction","target":["https:\/\/montysplantfood.com\/products\/"]}]},{"@type":"BreadcrumbList","@id":"https:\/\/montysplantfood.com\/products\/#breadcrumb","itemListElement":[{"@type":"ListItem","position":1,"name":"Home","item":"https:\/\/montysplantfood.com\/"},{"@type":"ListItem","position":2,"name":"Products"}]},{"@type":"WebSite","@id":"https:\/\/montysplantfood.com\/#website","url":"https:\/\/montysplantfood.com\/","name":"Monty&#039;s Plant Food","description":"","publisher":{"@id":"https:\/\/montysplantfood.com\/#organization"},"potentialAction":[{"@type":"SearchAction","target":{"@type":"EntryPoint","urlTemplate":"https:\/\/montysplantfood.com\/?s={search_term_string}"},"query-input":{"@type":"PropertyValueSpecification","valueRequired":true,"valueName":"search_term_string"}}],"inLanguage":"de-DE"},{"@type":"Organization","@id":"https:\/\/montysplantfood.com\/#organization","name":"Monty's Plant Food","url":"https:\/\/montysplantfood.com\/","logo":{"@type":"ImageObject","inLanguage":"de-DE","@id":"https:\/\/montysplantfood.com\/#\/schema\/logo\/image\/","url":"https:\/\/montysplantfood.com\/wp-content\/uploads\/2020\/09\/Website-Logo-TEST.png","contentUrl":"https:\/\/montysplantfood.com\/wp-content\/uploads\/2020\/09\/Website-Logo-TEST.png","width":505,"height":358,"caption":"Monty's Plant Food"},"image":{"@id":"https:\/\/montysplantfood.com\/#\/schema\/logo\/image\/"}}]}},"_links":{"self":[{"href":"https:\/\/montysplantfood.com\/de\/wp-json\/wp\/v2\/pages\/88","targetHints":{"allow":["GET"]}}],"collection":[{"href":"https:\/\/montysplantfood.com\/de\/wp-json\/wp\/v2\/pages"}],"about":[{"href":"https:\/\/montysplantfood.com\/de\/wp-json\/wp\/v2\/types\/page"}],"author":[{"embeddable":true,"href":"https:\/\/montysplantfood.com\/de\/wp-json\/wp\/v2\/users\/20"}],"replies":[{"embeddable":true,"href":"https:\/\/montysplantfood.com\/de\/wp-json\/wp\/v2\/comments?post=88"}],"version-history":[{"count":3,"href":"https:\/\/montysplantfood.com\/de\/wp-json\/wp\/v2\/pages\/88\/revisions"}],"predecessor-version":[{"id":13607,"href":"https:\/\/montysplantfood.com\/de\/wp-json\/wp\/v2\/pages\/88\/revisions\/13607"}],"wp:attachment":[{"href":"https:\/\/montysplantfood.com\/de\/wp-json\/wp\/v2\/media?parent=88"}],"curies":[{"name":"wp","href":"https:\/\/api.w.org\/{rel}","templated":true}]}}