{"id":86,"date":"2020-08-19T21:46:32","date_gmt":"2020-08-20T01:46:32","guid":{"rendered":"http:\/\/localhost:10003\/why-montys\/"},"modified":"2025-06-26T13:44:18","modified_gmt":"2025-06-26T17:44:18","slug":"about-montys","status":"publish","type":"page","link":"https:\/\/montysplantfood.com\/de\/about-montys\/","title":{"rendered":"About Monty\u2019s"},"content":{"rendered":"<h1>\n\t\tVon Landwirten gebaut. F\u00fcr Landwirte.\n\t<\/h1>\n\t<p>Praktisches Fachwissen f\u00fcr das Gedeihen Ihrer Felder<\/p>\n<h2>\n\t\tVertrauensw\u00fcrdige Berater. Bew\u00e4hrte L\u00f6sungen\n\t<\/h2>\n\t<p>Monty&#8217;s primary goal has always been to help farmers be more successful. We offer farmers high-efficiency nutrient solutions &#8211; whether in-furrow starters, industry-leading humic-based soil conditioners, or foliar-applied nutrient packages &#8211; designed to bring better root development, healthier plants, and ultimately higher yields!<\/p>\n<p>Monty&#8217;s is your trusted source for dependable guidance and innovative, science-backed plant and soil products that make it easy to produce increased, high-quality yields while improving long-term soil quality. Monty&#8217;s&#8230; trusted advisors. Proven solutions. Talk to your Monty&#8217;s representative today!<\/p>\n<p><strong>Unser Auftrag.<\/strong> Durch die Bereitstellung zuverl\u00e4ssiger und umweltvertr\u00e4glicher Pflanzenn\u00e4hrstoff- und Bodenprodukte helfen wir unseren Kunden, ihr volles Potenzial zu entfalten.<\/p>\n<p><strong>Die wichtigsten Grunds\u00e4tze. <\/strong>Die Entwicklung jedes einzelnen Mitarbeiters f\u00f6rdern. Wir gehen die Extrameile, um unseren Kunden zum Erfolg zu verhelfen. Wir w\u00e4hlen die hochwertigsten und umweltvertr\u00e4glichsten Materialien. Wir arbeiten mit Integrit\u00e4t, auch wenn niemand zuschaut. Niemals aufh\u00f6ren zu lernen und neue innovative Technologien zu entwickeln.<\/p>\n\n<h2>\n\t\tPartnerschaft mit Ihnen f\u00fcr Ihre h\u00f6chste und ges\u00fcndeste Rendite\n\t<\/h2>\n\t\t\t\t\t\t\t\t\t<img decoding=\"async\" src=\"https:\/\/montysplantfood.com\/wp-content\/uploads\/2020\/08\/icon-about-1.png\" alt=\"icon-about-1\" itemprop=\"image\" title=\"Symbol-\u00fcber-1\" onerror=\"this.style.display='none'\">\n<h3>\n\t\tAgronomische Experten, die f\u00fcr Sie arbeiten.\n\t<\/h3>\n\t<p>Von der L\u00f6sung kleinerer Probleme bis hin zur Wiederbelebung Ihrer schlechtesten Felder - Ihr Agronomie-Experte vor Ort wird mit Ihnen zusammenarbeiten, um Ihnen ma\u00dfgeschneiderte L\u00f6sungen anzubieten, die Ihren Zielen entsprechen.<\/p>\n<h3>\n\t\tSehen Sie sich die wichtigen Kennzahlen an.\n\t<\/h3>\n\t<p>There is no one-size-fits-all for farmers. And if you don&#8217;t know what&#8217;s going on under the surface, then you&#8217;re farming blind. Make data-driven decisions based on soil and plant samples from your fields.<\/p>\n\t\t\t\t\t\t\t\t\t<img decoding=\"async\" src=\"https:\/\/montysplantfood.com\/wp-content\/uploads\/2020\/08\/icon-about-2.png\" alt=\"icon-about-2\" itemprop=\"image\" srcset=\"https:\/\/montysplantfood.com\/wp-content\/uploads\/2020\/08\/icon-about-2.png 213w, https:\/\/montysplantfood.com\/wp-content\/uploads\/2020\/08\/icon-about-2-150x150.png 150w\" sizes=\"(max-width: 213px) 100vw, 213px\" title=\"Symbol-\u00fcber-2\" onerror=\"this.style.display='none'\">\n\t\t\t\t\t\t\t\t\t<img decoding=\"async\" src=\"https:\/\/montysplantfood.com\/wp-content\/uploads\/2020\/08\/icon-about-3.png\" alt=\"icon-about-3\" itemprop=\"image\" title=\"Symbol-\u00fcber-3\" onerror=\"this.style.display='none'\">\n<h3>\n\t\tAngeberrechte f\u00fcr Hektar.\n\t<\/h3>\n\t<p>You (and your neighbors) will see the Monty&#8217;s difference in side-by-side fields used with and without our soil and plant solutions. <\/p>\n<h2>\n\t\tUnsere Geschichte\n\t<\/h2>\n<p><strong>Die fr\u00fchen Tage<\/strong><\/p>\n<p>Was als Hobby von Monty Justice begann, wurde schnell zu einer lebenslangen Leidenschaft. Nachdem er seine 32-j\u00e4hrige Karriere in der Metallindustrie beendet hatte, widmete sich Monty Justice der Zucht der ges\u00fcndesten und sch\u00f6nsten Rosen. Monty fand schnell heraus, dass es auf dem Markt kein einziges Produkt gab, das seine Rosen optimal ern\u00e4hren konnte, ohne ihnen Salze zuzusetzen und den pH-Wert des Bodens zu ver\u00e4ndern.<\/p>\n<p>Not one to sit content, Monty started his own trials and tests adding different nutrients to the soil and over a two-year period, created the Monty&#8217;s Plant Food proprietary formula.<\/p>\n<p>Initially called &#8216;Monty&#8217;s Joy Juice,&#8217; the formula soon became the joy of gardeners across the Kentucky community where he was born and raised. As reports mounted about the success of Monty&#8217;s on garden crops, interest began to grow among area farmers.<\/p>\n<p><strong>Ein wachsendes Unternehmen<\/strong><\/p>\n<p>Dennis Stephens, a generational farmer from Bourbon County, KY and Monty&#8217;s son-in-law began the first trials on his own family&#8217;s tobacco crops, to see if the results they had been seeing in roses and vegetable gardens could be reproduced on a larger scale.&nbsp;After just one season, amazed by the results, Stephens, along with two other business partners, John Petrey and Kevin Voss, convinced Monty&#8217;s that it was time to take the product to an even larger audience. It was then, in 1997, that Monty&#8217;s Plant Food Company was established.<\/p>\n<p>Monty&#8217;s has evolved into the trusted source of plant and soil product provider for farmers and growers throughout the United States and the world. The company has also taken a leadership role in the emerging conversations regarding soil health with key members of Monty&#8217;s team serving on the Soil Renaissance (Noble Foundation) and the Humics Product Trade Association boards and committees. Monty&#8217;s also continues to perform field trials and collect field data from its growers who have become true advocates.<\/p>\n<p>From backyard rose gardens to major crop producing farms, Monty&#8217;s Plant Food Company stands behind its slogan with growers around the world, promising &#8220;Success You Can See.<\/p>\n<p><strong>&nbsp;<\/strong><\/p>\n<p><strong>Monty&#8217;s Family Values<\/strong><\/p>\n<p>Monty Justice was a man full of boundless energy and enthusiasm &#8211; and never afraid to try new things. Before he was a pioneer in agriculture, he had a successful career in the metal business. Monty was also a dedicated husband, caring father and hands-on grandfather to his 3 grandchildren.<\/p>\n<p>When Monty started &#8216;Monty&#8217;s Joy Juice&#8217;, he truly made it a family business with his wife and children mixing and packaging the humic-based product on their back porch. As word spread about his successful mixture, Monty found himself bottling his product in one gallon recycled milk jugs and delivering them to customers across the Mid-South from the trunk of his car.<\/p>\n<p>The family business grew to include his son-in-law, Dennis Stephens. Together, Monty and Dennis continued to develop the Monty&#8217;s Plant Food brand, connecting with business partners to help distribute the product in larger quantities to farmers and ranchers for their harvests.<\/p>\n<p>From the back porch in the 1990&#8217;s to today&#8217;s multi-million company, the effusive and enthusiastic Monty Justice has given a gift to growers and gardeners around the world. As Monty himself said before he passed away in 2012, &#8220;The pleasure is in the giving.&#8221;<\/p>\n<p><a href=\"https:\/\/montysplantfood.com\/wp-content\/uploads\/2020\/10\/Monty_driveway-full-of-roses.jpg\"><img decoding=\"async\" src=\"https:\/\/montysplantfood.com\/wp-content\/uploads\/2020\/10\/Monty_driveway-full-of-roses.jpg\" alt=\"\" width=\"583\" height=\"345\"><\/a><\/p>\n<p>&nbsp;<\/p>\n<p>&nbsp;<\/p>\n\t\t\t\tMaximize Your Soil&#8217;s Potential\n\t\t<h2>Aktive Humustechnologie<\/h2>\n\t<p>Der Unterschied liegt in der Aktivierung. Wenn Sie die aktivste und l\u00f6slichste propriet\u00e4re Humustechnologie auf dem Markt auf Ihren Boden aufbringen, funktioniert alles andere, was Sie anwenden, besser.<\/p>\n\t<a href=\"https:\/\/montysplantfood.com\/de\/montys-humics-fulvics\/\" target=\"_self\" role=\"button\" aria-label=\"Mehr erfahren\" rel=\"noopener\">\n\t\t\t\t\t\tMehr erfahren\n\t\t\t\t\t<\/a>\n<h2>\n\t\tWhat You Can Count On From Monty&#8217;s\n\t<\/h2>\n\t\t\t\t\t\t\t<img decoding=\"async\" src=\"https:\/\/montysplantfood.com\/wp-content\/uploads\/2020\/08\/icon-benefit-1.png\" alt=\"icon-benefit-1\">\n\t\t<h3>Datengesteuerte L\u00f6sungen<\/h3>\n\t\t\t\t\t\t\t<img decoding=\"async\" src=\"https:\/\/montysplantfood.com\/wp-content\/uploads\/2020\/08\/icon-benefit-2.png\" alt=\"icon-benefit-2\">\n\t\t<h3>Prompt Response &amp; Delivery<\/h3>\n\t\t\t\t\t\t\t<img decoding=\"async\" src=\"https:\/\/montysplantfood.com\/wp-content\/uploads\/2020\/08\/icon-benefit-3.png\" alt=\"icon-benefit-3\">\n\t\t<h3>Innovative &amp; Proven Products<\/h3>\n\t\t\t\t\t\t\t<img decoding=\"async\" src=\"https:\/\/montysplantfood.com\/wp-content\/uploads\/2020\/08\/icon-benefit-4.png\" alt=\"icon-benefit-4\">\n\t\t<h3>High &amp; Healthy Yields<\/h3>\n\t\t\t\t\t\t\t<img decoding=\"async\" src=\"https:\/\/montysplantfood.com\/wp-content\/uploads\/2020\/08\/icon-benefit-5.png\" alt=\"icon-benefit-5\">\n\t\t<h3>Zuverl\u00e4ssige Agronomie-Experten<\/h3>\n\t\t\t\t\t\t\t<img decoding=\"async\" src=\"https:\/\/montysplantfood.com\/wp-content\/uploads\/2020\/08\/icon-benefit-6.png\" alt=\"icon-benefit-6\">\n\t\t<h3>Umweltvertr\u00e4gliche Materialien<\/h3>\n<h2>\n\t\tHolen Sie sich Ihren kostenlosen individuellen Plan\n\t<\/h2>\n\t<p>Monty&#8217;s Agronomy Experts are committed to helping your fields flourish. Let&#8217;s talk about how.<\/p>\n\t<a href=\"https:\/\/montysplantfood.com\/de\/custom-plan\/\" target=\"_self\" role=\"button\" aria-label=\"Einen individuellen Plan erstellen\" rel=\"noopener\">\n\t\t\t\t\t\tEinen individuellen Plan erstellen\n\t\t\t\t\t<\/a>\n\n\n\n<p><\/p>","protected":false},"excerpt":{"rendered":"<p>Built by Farmers. For Farmers. Hands-On Expertise To Help Your Fields Thrive Trusted Advisors. Proven Solutions Monty&#8217;s primary goal has always been to help farmers be more successful. We offer farmers high-efficiency nutrient solutions &#8211; whether in-furrow starters, industry-leading humic-based soil conditioners, or foliar-applied nutrient packages &#8211; designed to bring better root development, healthier plants,&hellip;<\/p>","protected":false},"author":20,"featured_media":0,"parent":0,"menu_order":7,"comment_status":"closed","ping_status":"closed","template":"","meta":{"_acf_changed":false,"footnotes":""},"class_list":["post-86","page","type-page","status-publish","hentry"],"acf":[],"yoast_head":"<!-- This site is optimized with the Yoast SEO plugin v27.4 - https:\/\/yoast.com\/product\/yoast-seo-wordpress\/ -->\n<title>About Monty\u2019s - Monty&#039;s Plant Food<\/title>\n<meta name=\"robots\" content=\"index, follow, max-snippet:-1, max-image-preview:large, max-video-preview:-1\" \/>\n<link rel=\"canonical\" href=\"https:\/\/montysplantfood.com\/de\/about-montys\/\" \/>\n<meta property=\"og:locale\" content=\"de_DE\" \/>\n<meta property=\"og:type\" content=\"article\" \/>\n<meta property=\"og:title\" content=\"About Monty\u2019s - Monty&#039;s Plant Food\" \/>\n<meta property=\"og:description\" content=\"Built by Farmers. For Farmers. Hands-On Expertise To Help Your Fields Thrive Trusted Advisors. Proven Solutions Monty&#8217;s primary goal has always been to help farmers be more successful. We offer farmers high-efficiency nutrient solutions &#8211; whether in-furrow starters, industry-leading humic-based soil conditioners, or foliar-applied nutrient packages &#8211; designed to bring better root development, healthier plants,&hellip;\" \/>\n<meta property=\"og:url\" content=\"https:\/\/montysplantfood.com\/de\/about-montys\/\" \/>\n<meta property=\"og:site_name\" content=\"Monty&#039;s Plant Food\" \/>\n<meta property=\"article:modified_time\" content=\"2025-06-26T17:44:18+00:00\" \/>\n<meta property=\"og:image\" content=\"https:\/\/montysplantfood.com\/wp-content\/uploads\/2020\/08\/icon-about-1.png\" \/>\n<meta name=\"twitter:card\" content=\"summary_large_image\" \/>\n<meta name=\"twitter:label1\" content=\"Est. reading time\" \/>\n\t<meta name=\"twitter:data1\" content=\"6 minutes\" \/>\n<script type=\"application\/ld+json\" class=\"yoast-schema-graph\">{\"@context\":\"https:\\\/\\\/schema.org\",\"@graph\":[{\"@type\":\"WebPage\",\"@id\":\"https:\\\/\\\/montysplantfood.com\\\/about-montys\\\/\",\"url\":\"https:\\\/\\\/montysplantfood.com\\\/about-montys\\\/\",\"name\":\"About Monty\u2019s - Monty&#039;s Plant Food\",\"isPartOf\":{\"@id\":\"https:\\\/\\\/montysplantfood.com\\\/#website\"},\"primaryImageOfPage\":{\"@id\":\"https:\\\/\\\/montysplantfood.com\\\/about-montys\\\/#primaryimage\"},\"image\":{\"@id\":\"https:\\\/\\\/montysplantfood.com\\\/about-montys\\\/#primaryimage\"},\"thumbnailUrl\":\"https:\\\/\\\/montysplantfood.com\\\/wp-content\\\/uploads\\\/2020\\\/08\\\/icon-about-1.png\",\"datePublished\":\"2020-08-20T01:46:32+00:00\",\"dateModified\":\"2025-06-26T17:44:18+00:00\",\"breadcrumb\":{\"@id\":\"https:\\\/\\\/montysplantfood.com\\\/about-montys\\\/#breadcrumb\"},\"inLanguage\":\"de-DE\",\"potentialAction\":[{\"@type\":\"ReadAction\",\"target\":[\"https:\\\/\\\/montysplantfood.com\\\/about-montys\\\/\"]}]},{\"@type\":\"ImageObject\",\"inLanguage\":\"de-DE\",\"@id\":\"https:\\\/\\\/montysplantfood.com\\\/about-montys\\\/#primaryimage\",\"url\":\"https:\\\/\\\/montysplantfood.com\\\/wp-content\\\/uploads\\\/2020\\\/08\\\/icon-about-1.png\",\"contentUrl\":\"https:\\\/\\\/montysplantfood.com\\\/wp-content\\\/uploads\\\/2020\\\/08\\\/icon-about-1.png\"},{\"@type\":\"BreadcrumbList\",\"@id\":\"https:\\\/\\\/montysplantfood.com\\\/about-montys\\\/#breadcrumb\",\"itemListElement\":[{\"@type\":\"ListItem\",\"position\":1,\"name\":\"Home\",\"item\":\"https:\\\/\\\/montysplantfood.com\\\/\"},{\"@type\":\"ListItem\",\"position\":2,\"name\":\"About Monty\u2019s\"}]},{\"@type\":\"WebSite\",\"@id\":\"https:\\\/\\\/montysplantfood.com\\\/#website\",\"url\":\"https:\\\/\\\/montysplantfood.com\\\/\",\"name\":\"Monty&#039;s Plant Food\",\"description\":\"\",\"publisher\":{\"@id\":\"https:\\\/\\\/montysplantfood.com\\\/#organization\"},\"potentialAction\":[{\"@type\":\"SearchAction\",\"target\":{\"@type\":\"EntryPoint\",\"urlTemplate\":\"https:\\\/\\\/montysplantfood.com\\\/?s={search_term_string}\"},\"query-input\":{\"@type\":\"PropertyValueSpecification\",\"valueRequired\":true,\"valueName\":\"search_term_string\"}}],\"inLanguage\":\"de-DE\"},{\"@type\":\"Organization\",\"@id\":\"https:\\\/\\\/montysplantfood.com\\\/#organization\",\"name\":\"Monty's Plant Food\",\"url\":\"https:\\\/\\\/montysplantfood.com\\\/\",\"logo\":{\"@type\":\"ImageObject\",\"inLanguage\":\"de-DE\",\"@id\":\"https:\\\/\\\/montysplantfood.com\\\/#\\\/schema\\\/logo\\\/image\\\/\",\"url\":\"https:\\\/\\\/montysplantfood.com\\\/wp-content\\\/uploads\\\/2020\\\/09\\\/Website-Logo-TEST.png\",\"contentUrl\":\"https:\\\/\\\/montysplantfood.com\\\/wp-content\\\/uploads\\\/2020\\\/09\\\/Website-Logo-TEST.png\",\"width\":505,\"height\":358,\"caption\":\"Monty's Plant Food\"},\"image\":{\"@id\":\"https:\\\/\\\/montysplantfood.com\\\/#\\\/schema\\\/logo\\\/image\\\/\"}}]}<\/script>\n<!-- \/ Yoast SEO plugin. -->","yoast_head_json":{"title":"About Monty\u2019s - Monty&#039;s Plant Food","robots":{"index":"index","follow":"follow","max-snippet":"max-snippet:-1","max-image-preview":"max-image-preview:large","max-video-preview":"max-video-preview:-1"},"canonical":"https:\/\/montysplantfood.com\/de\/about-montys\/","og_locale":"de_DE","og_type":"article","og_title":"About Monty\u2019s - Monty&#039;s Plant Food","og_description":"Built by Farmers. For Farmers. Hands-On Expertise To Help Your Fields Thrive Trusted Advisors. Proven Solutions Monty&#8217;s primary goal has always been to help farmers be more successful. We offer farmers high-efficiency nutrient solutions &#8211; whether in-furrow starters, industry-leading humic-based soil conditioners, or foliar-applied nutrient packages &#8211; designed to bring better root development, healthier plants,&hellip;","og_url":"https:\/\/montysplantfood.com\/de\/about-montys\/","og_site_name":"Monty&#039;s Plant Food","article_modified_time":"2025-06-26T17:44:18+00:00","og_image":[{"url":"https:\/\/montysplantfood.com\/wp-content\/uploads\/2020\/08\/icon-about-1.png","type":"","width":"","height":""}],"twitter_card":"summary_large_image","twitter_misc":{"Est. reading time":"6 minutes"},"schema":{"@context":"https:\/\/schema.org","@graph":[{"@type":"WebPage","@id":"https:\/\/montysplantfood.com\/about-montys\/","url":"https:\/\/montysplantfood.com\/about-montys\/","name":"About Monty\u2019s - Monty&#039;s Plant Food","isPartOf":{"@id":"https:\/\/montysplantfood.com\/#website"},"primaryImageOfPage":{"@id":"https:\/\/montysplantfood.com\/about-montys\/#primaryimage"},"image":{"@id":"https:\/\/montysplantfood.com\/about-montys\/#primaryimage"},"thumbnailUrl":"https:\/\/montysplantfood.com\/wp-content\/uploads\/2020\/08\/icon-about-1.png","datePublished":"2020-08-20T01:46:32+00:00","dateModified":"2025-06-26T17:44:18+00:00","breadcrumb":{"@id":"https:\/\/montysplantfood.com\/about-montys\/#breadcrumb"},"inLanguage":"de-DE","potentialAction":[{"@type":"ReadAction","target":["https:\/\/montysplantfood.com\/about-montys\/"]}]},{"@type":"ImageObject","inLanguage":"de-DE","@id":"https:\/\/montysplantfood.com\/about-montys\/#primaryimage","url":"https:\/\/montysplantfood.com\/wp-content\/uploads\/2020\/08\/icon-about-1.png","contentUrl":"https:\/\/montysplantfood.com\/wp-content\/uploads\/2020\/08\/icon-about-1.png"},{"@type":"BreadcrumbList","@id":"https:\/\/montysplantfood.com\/about-montys\/#breadcrumb","itemListElement":[{"@type":"ListItem","position":1,"name":"Home","item":"https:\/\/montysplantfood.com\/"},{"@type":"ListItem","position":2,"name":"About Monty\u2019s"}]},{"@type":"WebSite","@id":"https:\/\/montysplantfood.com\/#website","url":"https:\/\/montysplantfood.com\/","name":"Monty&#039;s Plant Food","description":"","publisher":{"@id":"https:\/\/montysplantfood.com\/#organization"},"potentialAction":[{"@type":"SearchAction","target":{"@type":"EntryPoint","urlTemplate":"https:\/\/montysplantfood.com\/?s={search_term_string}"},"query-input":{"@type":"PropertyValueSpecification","valueRequired":true,"valueName":"search_term_string"}}],"inLanguage":"de-DE"},{"@type":"Organization","@id":"https:\/\/montysplantfood.com\/#organization","name":"Monty's Plant Food","url":"https:\/\/montysplantfood.com\/","logo":{"@type":"ImageObject","inLanguage":"de-DE","@id":"https:\/\/montysplantfood.com\/#\/schema\/logo\/image\/","url":"https:\/\/montysplantfood.com\/wp-content\/uploads\/2020\/09\/Website-Logo-TEST.png","contentUrl":"https:\/\/montysplantfood.com\/wp-content\/uploads\/2020\/09\/Website-Logo-TEST.png","width":505,"height":358,"caption":"Monty's Plant Food"},"image":{"@id":"https:\/\/montysplantfood.com\/#\/schema\/logo\/image\/"}}]}},"_links":{"self":[{"href":"https:\/\/montysplantfood.com\/de\/wp-json\/wp\/v2\/pages\/86","targetHints":{"allow":["GET"]}}],"collection":[{"href":"https:\/\/montysplantfood.com\/de\/wp-json\/wp\/v2\/pages"}],"about":[{"href":"https:\/\/montysplantfood.com\/de\/wp-json\/wp\/v2\/types\/page"}],"author":[{"embeddable":true,"href":"https:\/\/montysplantfood.com\/de\/wp-json\/wp\/v2\/users\/20"}],"replies":[{"embeddable":true,"href":"https:\/\/montysplantfood.com\/de\/wp-json\/wp\/v2\/comments?post=86"}],"version-history":[{"count":12,"href":"https:\/\/montysplantfood.com\/de\/wp-json\/wp\/v2\/pages\/86\/revisions"}],"predecessor-version":[{"id":14449,"href":"https:\/\/montysplantfood.com\/de\/wp-json\/wp\/v2\/pages\/86\/revisions\/14449"}],"wp:attachment":[{"href":"https:\/\/montysplantfood.com\/de\/wp-json\/wp\/v2\/media?parent=86"}],"curies":[{"name":"wp","href":"https:\/\/api.w.org\/{rel}","templated":true}]}}