{"id":12350,"date":"2022-06-10T09:21:52","date_gmt":"2022-06-10T13:21:52","guid":{"rendered":"http:\/\/localhost:10003\/?page_id=12350"},"modified":"2022-06-10T09:29:47","modified_gmt":"2022-06-10T13:29:47","slug":"tech-bulletins","status":"publish","type":"page","link":"https:\/\/montysplantfood.com\/de\/tech-bulletins\/","title":{"rendered":"Technische Bulletins"},"content":{"rendered":"<h1>\n\t\tTechnische Bulletins\n\t<\/h1>\n<h2>\n\t\tMonty&#8217;s Tech Bulletins\n\t<\/h2>\n<ul>\n<li><a href=\"https:\/\/montysplantfood.com\/wp-content\/uploads\/2020\/10\/1103-Fall-Disease-Bulletin.pdf\">Technisches Bulletin \u00fcber Herbstkrankheiten und R\u00fcckst\u00e4nde<\/a><\/li>\n<li><a href=\"https:\/\/montysplantfood.com\/wp-content\/uploads\/2020\/10\/Bulletin-Cool-Spring-Nutrient.pdf\">Tech Bulletin \u00fcber N\u00e4hrstoffe im k\u00fchlen Fr\u00fchling<\/a><\/li>\n<li><a href=\"https:\/\/montysplantfood.com\/wp-content\/uploads\/2020\/10\/Bulletin-Sulfur-Deficiency.pdf\">Technisches Bulletin \u00fcber Schwefelmangel<\/a><\/li>\n<li><a href=\"https:\/\/montysplantfood.com\/wp-content\/uploads\/2020\/10\/Bulletin-Low-Nutrients.pdf\">N\u00e4hrstoffarmes Tech Bulletin<\/a><\/li>\n<li><a href=\"https:\/\/montysplantfood.com\/wp-content\/uploads\/2020\/10\/Bulletin-AgrihanceV-and-Microhance.pdf\">1-2 Punch: Agrihance-V &amp; Microhance Tech Bulletin<\/a><\/li>\n<li><a href=\"https:\/\/montysplantfood.com\/wp-content\/uploads\/2020\/10\/MTB-White-Mold.pdf\">Technisches Bulletin \u00fcber Wei\u00dfschimmel<\/a><\/li>\n<li><a href=\"https:\/\/montysplantfood.com\/wp-content\/uploads\/2020\/10\/MTB-Winterization.pdf\">Technisches Bulletin zur \u00dcberwinterung<\/a><\/li>\n<li><a href=\"https:\/\/montysplantfood.com\/wp-content\/uploads\/2020\/10\/MTB-Wet-Conditions.pdf\">Technisches Bulletin f\u00fcr nasse Bedingungen<\/a><\/li>\n<li><a href=\"https:\/\/montysplantfood.com\/wp-content\/uploads\/2020\/10\/MTB-Weather.pdf\">Wettertechnisches Bulletin<\/a><\/li>\n<li><a href=\"https:\/\/montysplantfood.com\/wp-content\/uploads\/2020\/10\/MTB-Tobacco.pdf\">Tabaktechnisches Bulletin<\/a><\/li>\n<li><a href=\"https:\/\/montysplantfood.com\/wp-content\/uploads\/2020\/10\/Tobacco-Bulletin-Low-Sulfate-Potash.pdf\">Tabak: Kali mit niedrigem Sulfatgehalt Tech Bulletin<\/a><\/li>\n<li><a href=\"https:\/\/montysplantfood.com\/wp-content\/uploads\/2020\/10\/Makes-A-Difference-Tobacco.pdf\">Tabak: Der Unterschied Tech Bulletin<\/a><\/li>\n<li><a href=\"https:\/\/montysplantfood.com\/wp-content\/uploads\/2020\/10\/MTB-Soybean.pdf\">Sojabohnen Tech Bulletin<\/a><\/li>\n<li><a href=\"https:\/\/montysplantfood.com\/wp-content\/uploads\/2020\/10\/MTB-Late-Season-Soybeans1.pdf\">Sojabohnen: Technisches Bulletin zur Sp\u00e4tsaison<\/a><\/li>\n<li><a href=\"https:\/\/montysplantfood.com\/wp-content\/uploads\/2020\/10\/MTB-Pond-Management.pdf\">Technisches Bulletin zur Teichwirtschaft<\/a><\/li>\n<li><a href=\"https:\/\/montysplantfood.com\/wp-content\/uploads\/2020\/10\/MTB-Pine-Beetles-for-aborists.pdf\">Technisches Bulletin zum Kiefernprachtk\u00e4fer<\/a><\/li>\n<li><a href=\"https:\/\/montysplantfood.com\/wp-content\/uploads\/2020\/10\/1103-Manure-and-Litter-Bulletin-002.pdf\">G\u00fclle Tech Bulletin<\/a><\/li>\n<li><a href=\"https:\/\/montysplantfood.com\/wp-content\/uploads\/2020\/10\/MTB-Hay-and-Pasture.pdf\">Technisches Bulletin f\u00fcr Heu und Weide<\/a><\/li>\n<li><a href=\"https:\/\/montysplantfood.com\/wp-content\/uploads\/2020\/10\/MTB-Foliar-Feeding.pdf\">Technisches Bulletin zur Blattd\u00fcngung<\/a><\/li>\n<li><a href=\"https:\/\/montysplantfood.com\/wp-content\/uploads\/2020\/10\/MTB-Flooding.pdf\">Technisches Bulletin zur \u00dcberschwemmung<\/a><\/li>\n<li><a href=\"https:\/\/montysplantfood.com\/wp-content\/uploads\/2020\/10\/MTB-Excessive-Rainfall.pdf\">Technisches Bulletin zu \u00fcberm\u00e4\u00dfigen Regenf\u00e4llen<\/a><\/li>\n<li><a href=\"https:\/\/montysplantfood.com\/wp-content\/uploads\/2020\/10\/MTB-Delayed-Planting.pdf\">Technisches Bulletin zur verz\u00f6gerten Aussaat<\/a><\/li>\n<li><a href=\"https:\/\/montysplantfood.com\/wp-content\/uploads\/2020\/10\/MTB-Compaction.pdf\">Technisches Bulletin zur Verdichtung<\/a><\/li>\n<li><a href=\"https:\/\/montysplantfood.com\/wp-content\/uploads\/2020\/10\/MTB-Delmarva1.pdf\">Delmarva Tech Bulletin<\/a><\/li>\n<li><a href=\"https:\/\/montysplantfood.com\/wp-content\/uploads\/2020\/10\/MTB-Armyworms.pdf\">Heerw\u00fcrmer Tech Bulletin<\/a><\/li>\n<\/ul>","protected":false},"excerpt":{"rendered":"<p>Tech Bulletins Monty&#8217;s Tech Bulletins Fall Disease &amp; Residue Tech Bulletin Cool Spring Nutrients Tech Bulletin Sulfur Deficiency Tech Bulletin Low Nutrients Tech Bulletin 1-2 Punch: Agrihance-V &amp; Microhance Tech Bulletin White Mold Tech Bulletin Winterization Tech Bulletin Wet Conditions Tech Bulletin Weather Tech Bulletin Tobacco Tech Bulletin Tobacco: Low Sulfate Potash Tech Bulletin Tobacco:&hellip;<\/p>","protected":false},"author":17,"featured_media":0,"parent":0,"menu_order":11,"comment_status":"closed","ping_status":"closed","template":"","meta":{"_acf_changed":false,"footnotes":""},"class_list":["post-12350","page","type-page","status-publish","hentry"],"acf":[],"yoast_head":"<!-- This site is optimized with the Yoast SEO plugin v27.4 - https:\/\/yoast.com\/product\/yoast-seo-wordpress\/ -->\n<title>Tech Bulletins - Monty&#039;s Plant Food<\/title>\n<meta name=\"robots\" content=\"index, follow, max-snippet:-1, max-image-preview:large, max-video-preview:-1\" \/>\n<link rel=\"canonical\" href=\"https:\/\/montysplantfood.com\/de\/tech-bulletins\/\" \/>\n<meta property=\"og:locale\" content=\"de_DE\" \/>\n<meta property=\"og:type\" content=\"article\" \/>\n<meta property=\"og:title\" content=\"Tech Bulletins - Monty&#039;s Plant Food\" \/>\n<meta property=\"og:description\" content=\"Tech Bulletins Monty&#8217;s Tech Bulletins Fall Disease &amp; Residue Tech Bulletin Cool Spring Nutrients Tech Bulletin Sulfur Deficiency Tech Bulletin Low Nutrients Tech Bulletin 1-2 Punch: Agrihance-V &amp; Microhance Tech Bulletin White Mold Tech Bulletin Winterization Tech Bulletin Wet Conditions Tech Bulletin Weather Tech Bulletin Tobacco Tech Bulletin Tobacco: Low Sulfate Potash Tech Bulletin Tobacco:&hellip;\" \/>\n<meta property=\"og:url\" content=\"https:\/\/montysplantfood.com\/de\/tech-bulletins\/\" \/>\n<meta property=\"og:site_name\" content=\"Monty&#039;s Plant Food\" \/>\n<meta property=\"article:modified_time\" content=\"2022-06-10T13:29:47+00:00\" \/>\n<meta property=\"og:image\" content=\"https:\/\/montysplantfood.com\/wp-content\/uploads\/2020\/09\/social-share.jpg\" \/>\n\t<meta property=\"og:image:width\" content=\"1280\" \/>\n\t<meta property=\"og:image:height\" content=\"720\" \/>\n\t<meta property=\"og:image:type\" content=\"image\/jpeg\" \/>\n<meta name=\"twitter:card\" content=\"summary_large_image\" \/>\n<meta name=\"twitter:label1\" content=\"Est. reading time\" \/>\n\t<meta name=\"twitter:data1\" content=\"1 minute\" \/>\n<script type=\"application\/ld+json\" class=\"yoast-schema-graph\">{\"@context\":\"https:\\\/\\\/schema.org\",\"@graph\":[{\"@type\":\"WebPage\",\"@id\":\"https:\\\/\\\/montysplantfood.com\\\/tech-bulletins\\\/\",\"url\":\"https:\\\/\\\/montysplantfood.com\\\/tech-bulletins\\\/\",\"name\":\"Tech Bulletins - Monty&#039;s Plant Food\",\"isPartOf\":{\"@id\":\"https:\\\/\\\/montysplantfood.com\\\/#website\"},\"datePublished\":\"2022-06-10T13:21:52+00:00\",\"dateModified\":\"2022-06-10T13:29:47+00:00\",\"breadcrumb\":{\"@id\":\"https:\\\/\\\/montysplantfood.com\\\/tech-bulletins\\\/#breadcrumb\"},\"inLanguage\":\"de-DE\",\"potentialAction\":[{\"@type\":\"ReadAction\",\"target\":[\"https:\\\/\\\/montysplantfood.com\\\/tech-bulletins\\\/\"]}]},{\"@type\":\"BreadcrumbList\",\"@id\":\"https:\\\/\\\/montysplantfood.com\\\/tech-bulletins\\\/#breadcrumb\",\"itemListElement\":[{\"@type\":\"ListItem\",\"position\":1,\"name\":\"Home\",\"item\":\"https:\\\/\\\/montysplantfood.com\\\/\"},{\"@type\":\"ListItem\",\"position\":2,\"name\":\"Tech Bulletins\"}]},{\"@type\":\"WebSite\",\"@id\":\"https:\\\/\\\/montysplantfood.com\\\/#website\",\"url\":\"https:\\\/\\\/montysplantfood.com\\\/\",\"name\":\"Monty&#039;s Plant Food\",\"description\":\"\",\"publisher\":{\"@id\":\"https:\\\/\\\/montysplantfood.com\\\/#organization\"},\"potentialAction\":[{\"@type\":\"SearchAction\",\"target\":{\"@type\":\"EntryPoint\",\"urlTemplate\":\"https:\\\/\\\/montysplantfood.com\\\/?s={search_term_string}\"},\"query-input\":{\"@type\":\"PropertyValueSpecification\",\"valueRequired\":true,\"valueName\":\"search_term_string\"}}],\"inLanguage\":\"de-DE\"},{\"@type\":\"Organization\",\"@id\":\"https:\\\/\\\/montysplantfood.com\\\/#organization\",\"name\":\"Monty's Plant Food\",\"url\":\"https:\\\/\\\/montysplantfood.com\\\/\",\"logo\":{\"@type\":\"ImageObject\",\"inLanguage\":\"de-DE\",\"@id\":\"https:\\\/\\\/montysplantfood.com\\\/#\\\/schema\\\/logo\\\/image\\\/\",\"url\":\"https:\\\/\\\/montysplantfood.com\\\/wp-content\\\/uploads\\\/2020\\\/09\\\/Website-Logo-TEST.png\",\"contentUrl\":\"https:\\\/\\\/montysplantfood.com\\\/wp-content\\\/uploads\\\/2020\\\/09\\\/Website-Logo-TEST.png\",\"width\":505,\"height\":358,\"caption\":\"Monty's Plant Food\"},\"image\":{\"@id\":\"https:\\\/\\\/montysplantfood.com\\\/#\\\/schema\\\/logo\\\/image\\\/\"}}]}<\/script>\n<!-- \/ Yoast SEO plugin. -->","yoast_head_json":{"title":"Tech Bulletins - Monty&#039;s Plant Food","robots":{"index":"index","follow":"follow","max-snippet":"max-snippet:-1","max-image-preview":"max-image-preview:large","max-video-preview":"max-video-preview:-1"},"canonical":"https:\/\/montysplantfood.com\/de\/tech-bulletins\/","og_locale":"de_DE","og_type":"article","og_title":"Tech Bulletins - Monty&#039;s Plant Food","og_description":"Tech Bulletins Monty&#8217;s Tech Bulletins Fall Disease &amp; Residue Tech Bulletin Cool Spring Nutrients Tech Bulletin Sulfur Deficiency Tech Bulletin Low Nutrients Tech Bulletin 1-2 Punch: Agrihance-V &amp; Microhance Tech Bulletin White Mold Tech Bulletin Winterization Tech Bulletin Wet Conditions Tech Bulletin Weather Tech Bulletin Tobacco Tech Bulletin Tobacco: Low Sulfate Potash Tech Bulletin Tobacco:&hellip;","og_url":"https:\/\/montysplantfood.com\/de\/tech-bulletins\/","og_site_name":"Monty&#039;s Plant Food","article_modified_time":"2022-06-10T13:29:47+00:00","og_image":[{"width":1280,"height":720,"url":"https:\/\/montysplantfood.com\/wp-content\/uploads\/2020\/09\/social-share.jpg","type":"image\/jpeg"}],"twitter_card":"summary_large_image","twitter_misc":{"Est. reading time":"1 minute"},"schema":{"@context":"https:\/\/schema.org","@graph":[{"@type":"WebPage","@id":"https:\/\/montysplantfood.com\/tech-bulletins\/","url":"https:\/\/montysplantfood.com\/tech-bulletins\/","name":"Tech Bulletins - Monty&#039;s Plant Food","isPartOf":{"@id":"https:\/\/montysplantfood.com\/#website"},"datePublished":"2022-06-10T13:21:52+00:00","dateModified":"2022-06-10T13:29:47+00:00","breadcrumb":{"@id":"https:\/\/montysplantfood.com\/tech-bulletins\/#breadcrumb"},"inLanguage":"de-DE","potentialAction":[{"@type":"ReadAction","target":["https:\/\/montysplantfood.com\/tech-bulletins\/"]}]},{"@type":"BreadcrumbList","@id":"https:\/\/montysplantfood.com\/tech-bulletins\/#breadcrumb","itemListElement":[{"@type":"ListItem","position":1,"name":"Home","item":"https:\/\/montysplantfood.com\/"},{"@type":"ListItem","position":2,"name":"Tech Bulletins"}]},{"@type":"WebSite","@id":"https:\/\/montysplantfood.com\/#website","url":"https:\/\/montysplantfood.com\/","name":"Monty&#039;s Plant Food","description":"","publisher":{"@id":"https:\/\/montysplantfood.com\/#organization"},"potentialAction":[{"@type":"SearchAction","target":{"@type":"EntryPoint","urlTemplate":"https:\/\/montysplantfood.com\/?s={search_term_string}"},"query-input":{"@type":"PropertyValueSpecification","valueRequired":true,"valueName":"search_term_string"}}],"inLanguage":"de-DE"},{"@type":"Organization","@id":"https:\/\/montysplantfood.com\/#organization","name":"Monty's Plant Food","url":"https:\/\/montysplantfood.com\/","logo":{"@type":"ImageObject","inLanguage":"de-DE","@id":"https:\/\/montysplantfood.com\/#\/schema\/logo\/image\/","url":"https:\/\/montysplantfood.com\/wp-content\/uploads\/2020\/09\/Website-Logo-TEST.png","contentUrl":"https:\/\/montysplantfood.com\/wp-content\/uploads\/2020\/09\/Website-Logo-TEST.png","width":505,"height":358,"caption":"Monty's Plant Food"},"image":{"@id":"https:\/\/montysplantfood.com\/#\/schema\/logo\/image\/"}}]}},"_links":{"self":[{"href":"https:\/\/montysplantfood.com\/de\/wp-json\/wp\/v2\/pages\/12350","targetHints":{"allow":["GET"]}}],"collection":[{"href":"https:\/\/montysplantfood.com\/de\/wp-json\/wp\/v2\/pages"}],"about":[{"href":"https:\/\/montysplantfood.com\/de\/wp-json\/wp\/v2\/types\/page"}],"author":[{"embeddable":true,"href":"https:\/\/montysplantfood.com\/de\/wp-json\/wp\/v2\/users\/17"}],"replies":[{"embeddable":true,"href":"https:\/\/montysplantfood.com\/de\/wp-json\/wp\/v2\/comments?post=12350"}],"version-history":[{"count":3,"href":"https:\/\/montysplantfood.com\/de\/wp-json\/wp\/v2\/pages\/12350\/revisions"}],"predecessor-version":[{"id":12378,"href":"https:\/\/montysplantfood.com\/de\/wp-json\/wp\/v2\/pages\/12350\/revisions\/12378"}],"wp:attachment":[{"href":"https:\/\/montysplantfood.com\/de\/wp-json\/wp\/v2\/media?parent=12350"}],"curies":[{"name":"wp","href":"https:\/\/api.w.org\/{rel}","templated":true}]}}