{"id":10000,"date":"2020-09-03T14:18:40","date_gmt":"2020-09-03T18:18:40","guid":{"rendered":"http:\/\/localhost:10003\/?page_id=10000"},"modified":"2023-06-16T13:39:59","modified_gmt":"2023-06-16T17:39:59","slug":"soil-tissue-analysis","status":"publish","type":"page","link":"https:\/\/montysplantfood.com\/de\/soil-tissue-analysis\/","title":{"rendered":"Soil &#038; Tissue Analysis"},"content":{"rendered":"<h1>\n\t\tBoden- und Gewebetests\n\t<\/h1>\n\t<h3><strong>Soil and tissue testing throughout the growing season is vital to the success of a high yield program. These are Monty&#8217;s general recommendations. To maximize your testing program, please contact your Monty&#8217;s representative.<\/strong><\/h3>\n<p>&nbsp;<\/p>\n<h3><a href=\"https:\/\/montysplantfood.com\/wp-content\/uploads\/2023\/04\/Tissue_Testing_2.png\"><img decoding=\"async\" src=\"https:\/\/montysplantfood.com\/wp-content\/uploads\/2023\/04\/Tissue_Testing_2.png\" alt=\"\" width=\"448\" height=\"318\" \/><\/a><\/h3>\n<h3><strong>Empfehlungen f\u00fcr Bodenprobenahmen<\/strong><\/h3>\n<p>Die Bodenproben k\u00f6nnen rasterf\u00f6rmig oder nach Bodenzonen entnommen werden. Ihre Probe sollte aus einem Gemisch von 15 Teilproben bestehen, die nach dem Zufallsprinzip in einer Tiefe von 4 bis 6 Zoll auf der gesamten Probenfl\u00e4che entnommen werden. Die Probe muss gut gemischt werden, damit sie repr\u00e4sentativ f\u00fcr die Bodenverh\u00e4ltnisse ist.<\/p>\n<p><strong>B\u00f6den, die weniger h\u00e4ufig getestet werden k\u00f6nnen:<\/strong> Wenn der Boden einen hohen CEC-Wert hat, kann er Kationen-N\u00e4hrstoffe besser halten und der pH-Wert bleibt \u00fcber l\u00e4ngere Zeitr\u00e4ume konstant. Wir empfehlen Tests w\u00e4hrend der gesamten Vegetationsperiode und am Ende der Ernte f\u00fcr die Planung.<\/p>\n<p><strong>B\u00f6den, die h\u00e4ufig getestet werden sollten:<\/strong> Bei B\u00f6den mit niedrigem CEC-Wert (unter 7) k\u00f6nnen einige Kationen wie Kalium (K+), Magnesium (Mg++) und Ammonium (NH4+) durch die Wurzelzone ausgewaschen werden, so dass h\u00e4ufigere Tests zur Feststellung von N\u00e4hrstoffm\u00e4ngeln unerl\u00e4sslich sind. Wenn die Fruchtbarkeit gering ist, sollten h\u00e4ufiger Bodenproben entnommen werden, um eine optimale Nutzung der zugef\u00fchrten N\u00e4hrstoffe zu gew\u00e4hrleisten.<\/p>\n<p><strong>Der Schl\u00fcssel liegt in der Konsistenz und darin, die Informationen rechtzeitig zur\u00fcckzubekommen, um sie zu nutzen. <\/strong>Wir empfehlen die Probenahme bei der Ernte, damit Sie die n\u00e4chste Anbausaison richtig planen k\u00f6nnen. Zwar k\u00f6nnen Faktoren wie Wetter und Fruchtfolge die Ergebnisse von Bodentests beeinflussen, doch sind diese Unterschiede in der Regel gering, so dass unabh\u00e4ngig vom Zeitpunkt der Probenahme immer noch zuverl\u00e4ssige Informationen gewonnen werden k\u00f6nnen.<\/p>\n<p><strong>F\u00fcr Allgemeinpraxen:<\/strong> Zus\u00e4tzliche Probenahmen im Herbst oder Fr\u00fchjahr k\u00f6nnen f\u00fcr die Planung und Anwendung von D\u00fcngemitteln durchgef\u00fchrt werden. Probenahmen vor und nach der Ernte liefern in jeder Saison n\u00fctzliche Daten zur Maximierung des Ertragspotenzials.<\/p>\n<p>&nbsp;<\/p>\n<h3><strong><a href=\"https:\/\/montysplantfood.com\/wp-content\/uploads\/2023\/04\/Tissue_Testing_1.png\"><img decoding=\"async\" src=\"https:\/\/montysplantfood.com\/wp-content\/uploads\/2023\/04\/Tissue_Testing_1.png\" alt=\"\" width=\"386\" height=\"305\" \/><\/a>Empfehlungen f\u00fcr die Entnahme von Gewebeproben<\/strong><\/h3>\n<p><strong>Zeitplan:<\/strong> Um die h\u00f6chstm\u00f6glichen Ertr\u00e4ge zu erzielen, empfehlen wir w\u00f6chentliche Gewebeproben w\u00e4hrend der gesamten Saison. Viele ertragsstarke Landwirte verlassen sich auf w\u00f6chentliche Gewebetests, um ihre M\u00e4ngel schneller zu beheben.<\/p>\n<p><strong>Pflanzengewebe f\u00fcr die Probenahme:<\/strong> Die Entnahme des dritten oder vierten Blattes unter dem j\u00fcngsten Aufwuchs sollte Ihnen Informationen liefern, die Ihnen helfen, die besten Entscheidungen zu treffen. F\u00fcr weitere kulturspezifische Probenahmen wenden Sie sich bitte an Ihr Gewebeprobenlabor.<\/p>\n<p><strong>Lagerung und Versand: <\/strong>Lagern Sie die Probe ordnungsgem\u00e4\u00df und entfernen Sie Erde oder andere Verunreinigungen, die die Gewebeanalyse und die Ergebnisse beeintr\u00e4chtigen k\u00f6nnten. Problembereiche oder Bereiche von Interesse sollten separat beprobt werden. Alle Proben sollten in einer Papiert\u00fcte an einem k\u00fchlen Ort gelagert und ordnungsgem\u00e4\u00df beschriftet werden. Alle Proben sollten unverz\u00fcglich an das Labor geschickt werden, um zu verhindern, dass die Proben verrotten oder besch\u00e4digt werden, was zu ungenauen Ergebnissen f\u00fchren k\u00f6nnte.<\/p>\n<p>Geben Sie sich ausreichend Zeit, um die Testergebnisse zu pr\u00fcfen und das Programm zu planen, bevor Sie D\u00fcngemittel ausbringen. <strong>Talk to your Monty&#8217;s representative about the best soil and issue testing program for you.<\/strong><\/p>\n\t<p>&nbsp;<\/p>\n<h3><strong>Informationen zu Boden- und Gewebetests<\/strong><\/h3>\n<ul>\n<li><a href=\"https:\/\/montysplantfood.com\/wp-content\/uploads\/2022\/07\/AgXact-Tissue-Result-Sample.pdf\">Pflanzengewebsanalyse Probe<\/a><\/li>\n<li><a href=\"https:\/\/montysplantfood.com\/wp-content\/uploads\/2022\/07\/AgXact-Soil-Result-Sample.pdf\">Bodenanalyse Probe<\/a><\/li>\n<li><a href=\"https:\/\/montysplantfood.com\/wp-content\/uploads\/2020\/09\/How-To-Take-a-Plant-Tissue-Sample.pdf\" target=\"_blank\" rel=\"noopener\">Entnahme einer Pflanzengewebeprobe<\/a><\/li>\n<li><a href=\"https:\/\/montysplantfood.com\/wp-content\/uploads\/2020\/09\/Soil-Sample-Information.pdf\" target=\"_blank\" rel=\"noopener\">Informationen zur Bodenprobe<\/a><\/li>\n<li><a href=\"https:\/\/montysplantfood.com\/wp-content\/uploads\/2020\/09\/Plant-Tissue-Sample.pdf\" target=\"_blank\" rel=\"noopener\">Informationen zu Pflanzengewebsproben<\/a><\/li>\n<li><a href=\"https:\/\/montysplantfood.com\/wp-content\/uploads\/2020\/09\/Understanding-Soil-Analysis.pdf\" target=\"_blank\" rel=\"noopener\">Informationen zur Bodenanalyse verstehen<\/a><\/li>\n<li><a href=\"https:\/\/montysplantfood.com\/wp-content\/uploads\/2023\/04\/Montys-Product-and-Application-Guide_Micronutrients.pdf\">N\u00e4hrstoff-Informationen<\/a><\/li>\n<\/ul>\n\t<p>&nbsp;<\/p>\n<p><a href=\"https:\/\/montysplantfood.com\/wp-content\/uploads\/2023\/04\/Screenshot-2023-04-12-at-10.32.21-AM.png\"><img decoding=\"async\" src=\"https:\/\/montysplantfood.com\/wp-content\/uploads\/2023\/04\/Screenshot-2023-04-12-at-10.32.21-AM.png\" alt=\"\" width=\"587\" height=\"278\" \/><\/a><\/p>","protected":false},"excerpt":{"rendered":"<p>Soil &#038; Tissue Testing Soil and tissue testing throughout the growing season is vital to the success of a high yield program. These are Monty&#8217;s general recommendations. To maximize your testing program, please contact your Monty&#8217;s representative. &nbsp; Soil Sampling Recommendations Soil samples can be taken by grid or soil zones. Your sample should consist&hellip;<\/p>","protected":false},"author":20,"featured_media":0,"parent":0,"menu_order":0,"comment_status":"closed","ping_status":"closed","template":"","meta":{"_acf_changed":false,"footnotes":""},"class_list":["post-10000","page","type-page","status-publish","hentry"],"acf":[],"yoast_head":"<!-- This site is optimized with the Yoast SEO plugin v27.4 - https:\/\/yoast.com\/product\/yoast-seo-wordpress\/ -->\n<title>Soil &amp; Tissue Analysis - Monty&#039;s Plant Food<\/title>\n<meta name=\"robots\" content=\"index, follow, max-snippet:-1, max-image-preview:large, max-video-preview:-1\" \/>\n<link rel=\"canonical\" href=\"https:\/\/montysplantfood.com\/de\/soil-tissue-analysis\/\" \/>\n<meta property=\"og:locale\" content=\"de_DE\" \/>\n<meta property=\"og:type\" content=\"article\" \/>\n<meta property=\"og:title\" content=\"Soil &amp; Tissue Analysis - Monty&#039;s Plant Food\" \/>\n<meta property=\"og:description\" content=\"Soil &#038; Tissue Testing Soil and tissue testing throughout the growing season is vital to the success of a high yield program. These are Monty&#8217;s general recommendations. To maximize your testing program, please contact your Monty&#8217;s representative. &nbsp; Soil Sampling Recommendations Soil samples can be taken by grid or soil zones. Your sample should consist&hellip;\" \/>\n<meta property=\"og:url\" content=\"https:\/\/montysplantfood.com\/de\/soil-tissue-analysis\/\" \/>\n<meta property=\"og:site_name\" content=\"Monty&#039;s Plant Food\" \/>\n<meta property=\"article:modified_time\" content=\"2023-06-16T17:39:59+00:00\" \/>\n<meta property=\"og:image\" content=\"https:\/\/montysplantfood.com\/wp-content\/uploads\/2023\/04\/Tissue_Testing_2.png\" \/>\n<meta name=\"twitter:card\" content=\"summary_large_image\" \/>\n<meta name=\"twitter:label1\" content=\"Est. reading time\" \/>\n\t<meta name=\"twitter:data1\" content=\"3 minutes\" \/>\n<script type=\"application\/ld+json\" class=\"yoast-schema-graph\">{\"@context\":\"https:\\\/\\\/schema.org\",\"@graph\":[{\"@type\":\"WebPage\",\"@id\":\"https:\\\/\\\/montysplantfood.com\\\/soil-tissue-analysis\\\/\",\"url\":\"https:\\\/\\\/montysplantfood.com\\\/soil-tissue-analysis\\\/\",\"name\":\"Soil & Tissue Analysis - Monty&#039;s Plant Food\",\"isPartOf\":{\"@id\":\"https:\\\/\\\/montysplantfood.com\\\/#website\"},\"primaryImageOfPage\":{\"@id\":\"https:\\\/\\\/montysplantfood.com\\\/soil-tissue-analysis\\\/#primaryimage\"},\"image\":{\"@id\":\"https:\\\/\\\/montysplantfood.com\\\/soil-tissue-analysis\\\/#primaryimage\"},\"thumbnailUrl\":\"https:\\\/\\\/montysplantfood.com\\\/wp-content\\\/uploads\\\/2023\\\/04\\\/Tissue_Testing_2.png\",\"datePublished\":\"2020-09-03T18:18:40+00:00\",\"dateModified\":\"2023-06-16T17:39:59+00:00\",\"breadcrumb\":{\"@id\":\"https:\\\/\\\/montysplantfood.com\\\/soil-tissue-analysis\\\/#breadcrumb\"},\"inLanguage\":\"de-DE\",\"potentialAction\":[{\"@type\":\"ReadAction\",\"target\":[\"https:\\\/\\\/montysplantfood.com\\\/soil-tissue-analysis\\\/\"]}]},{\"@type\":\"ImageObject\",\"inLanguage\":\"de-DE\",\"@id\":\"https:\\\/\\\/montysplantfood.com\\\/soil-tissue-analysis\\\/#primaryimage\",\"url\":\"https:\\\/\\\/montysplantfood.com\\\/wp-content\\\/uploads\\\/2023\\\/04\\\/Tissue_Testing_2.png\",\"contentUrl\":\"https:\\\/\\\/montysplantfood.com\\\/wp-content\\\/uploads\\\/2023\\\/04\\\/Tissue_Testing_2.png\"},{\"@type\":\"BreadcrumbList\",\"@id\":\"https:\\\/\\\/montysplantfood.com\\\/soil-tissue-analysis\\\/#breadcrumb\",\"itemListElement\":[{\"@type\":\"ListItem\",\"position\":1,\"name\":\"Home\",\"item\":\"https:\\\/\\\/montysplantfood.com\\\/\"},{\"@type\":\"ListItem\",\"position\":2,\"name\":\"Soil &#038; Tissue Analysis\"}]},{\"@type\":\"WebSite\",\"@id\":\"https:\\\/\\\/montysplantfood.com\\\/#website\",\"url\":\"https:\\\/\\\/montysplantfood.com\\\/\",\"name\":\"Monty&#039;s Plant Food\",\"description\":\"\",\"publisher\":{\"@id\":\"https:\\\/\\\/montysplantfood.com\\\/#organization\"},\"potentialAction\":[{\"@type\":\"SearchAction\",\"target\":{\"@type\":\"EntryPoint\",\"urlTemplate\":\"https:\\\/\\\/montysplantfood.com\\\/?s={search_term_string}\"},\"query-input\":{\"@type\":\"PropertyValueSpecification\",\"valueRequired\":true,\"valueName\":\"search_term_string\"}}],\"inLanguage\":\"de-DE\"},{\"@type\":\"Organization\",\"@id\":\"https:\\\/\\\/montysplantfood.com\\\/#organization\",\"name\":\"Monty's Plant Food\",\"url\":\"https:\\\/\\\/montysplantfood.com\\\/\",\"logo\":{\"@type\":\"ImageObject\",\"inLanguage\":\"de-DE\",\"@id\":\"https:\\\/\\\/montysplantfood.com\\\/#\\\/schema\\\/logo\\\/image\\\/\",\"url\":\"https:\\\/\\\/montysplantfood.com\\\/wp-content\\\/uploads\\\/2020\\\/09\\\/Website-Logo-TEST.png\",\"contentUrl\":\"https:\\\/\\\/montysplantfood.com\\\/wp-content\\\/uploads\\\/2020\\\/09\\\/Website-Logo-TEST.png\",\"width\":505,\"height\":358,\"caption\":\"Monty's Plant Food\"},\"image\":{\"@id\":\"https:\\\/\\\/montysplantfood.com\\\/#\\\/schema\\\/logo\\\/image\\\/\"}}]}<\/script>\n<!-- \/ Yoast SEO plugin. -->","yoast_head_json":{"title":"Soil & Tissue Analysis - Monty&#039;s Plant Food","robots":{"index":"index","follow":"follow","max-snippet":"max-snippet:-1","max-image-preview":"max-image-preview:large","max-video-preview":"max-video-preview:-1"},"canonical":"https:\/\/montysplantfood.com\/de\/soil-tissue-analysis\/","og_locale":"de_DE","og_type":"article","og_title":"Soil & Tissue Analysis - Monty&#039;s Plant Food","og_description":"Soil &#038; Tissue Testing Soil and tissue testing throughout the growing season is vital to the success of a high yield program. These are Monty&#8217;s general recommendations. To maximize your testing program, please contact your Monty&#8217;s representative. &nbsp; Soil Sampling Recommendations Soil samples can be taken by grid or soil zones. Your sample should consist&hellip;","og_url":"https:\/\/montysplantfood.com\/de\/soil-tissue-analysis\/","og_site_name":"Monty&#039;s Plant Food","article_modified_time":"2023-06-16T17:39:59+00:00","og_image":[{"url":"https:\/\/montysplantfood.com\/wp-content\/uploads\/2023\/04\/Tissue_Testing_2.png","type":"","width":"","height":""}],"twitter_card":"summary_large_image","twitter_misc":{"Est. reading time":"3 minutes"},"schema":{"@context":"https:\/\/schema.org","@graph":[{"@type":"WebPage","@id":"https:\/\/montysplantfood.com\/soil-tissue-analysis\/","url":"https:\/\/montysplantfood.com\/soil-tissue-analysis\/","name":"Soil & Tissue Analysis - Monty&#039;s Plant Food","isPartOf":{"@id":"https:\/\/montysplantfood.com\/#website"},"primaryImageOfPage":{"@id":"https:\/\/montysplantfood.com\/soil-tissue-analysis\/#primaryimage"},"image":{"@id":"https:\/\/montysplantfood.com\/soil-tissue-analysis\/#primaryimage"},"thumbnailUrl":"https:\/\/montysplantfood.com\/wp-content\/uploads\/2023\/04\/Tissue_Testing_2.png","datePublished":"2020-09-03T18:18:40+00:00","dateModified":"2023-06-16T17:39:59+00:00","breadcrumb":{"@id":"https:\/\/montysplantfood.com\/soil-tissue-analysis\/#breadcrumb"},"inLanguage":"de-DE","potentialAction":[{"@type":"ReadAction","target":["https:\/\/montysplantfood.com\/soil-tissue-analysis\/"]}]},{"@type":"ImageObject","inLanguage":"de-DE","@id":"https:\/\/montysplantfood.com\/soil-tissue-analysis\/#primaryimage","url":"https:\/\/montysplantfood.com\/wp-content\/uploads\/2023\/04\/Tissue_Testing_2.png","contentUrl":"https:\/\/montysplantfood.com\/wp-content\/uploads\/2023\/04\/Tissue_Testing_2.png"},{"@type":"BreadcrumbList","@id":"https:\/\/montysplantfood.com\/soil-tissue-analysis\/#breadcrumb","itemListElement":[{"@type":"ListItem","position":1,"name":"Home","item":"https:\/\/montysplantfood.com\/"},{"@type":"ListItem","position":2,"name":"Soil &#038; Tissue Analysis"}]},{"@type":"WebSite","@id":"https:\/\/montysplantfood.com\/#website","url":"https:\/\/montysplantfood.com\/","name":"Monty&#039;s Plant Food","description":"","publisher":{"@id":"https:\/\/montysplantfood.com\/#organization"},"potentialAction":[{"@type":"SearchAction","target":{"@type":"EntryPoint","urlTemplate":"https:\/\/montysplantfood.com\/?s={search_term_string}"},"query-input":{"@type":"PropertyValueSpecification","valueRequired":true,"valueName":"search_term_string"}}],"inLanguage":"de-DE"},{"@type":"Organization","@id":"https:\/\/montysplantfood.com\/#organization","name":"Monty's Plant Food","url":"https:\/\/montysplantfood.com\/","logo":{"@type":"ImageObject","inLanguage":"de-DE","@id":"https:\/\/montysplantfood.com\/#\/schema\/logo\/image\/","url":"https:\/\/montysplantfood.com\/wp-content\/uploads\/2020\/09\/Website-Logo-TEST.png","contentUrl":"https:\/\/montysplantfood.com\/wp-content\/uploads\/2020\/09\/Website-Logo-TEST.png","width":505,"height":358,"caption":"Monty's Plant Food"},"image":{"@id":"https:\/\/montysplantfood.com\/#\/schema\/logo\/image\/"}}]}},"_links":{"self":[{"href":"https:\/\/montysplantfood.com\/de\/wp-json\/wp\/v2\/pages\/10000","targetHints":{"allow":["GET"]}}],"collection":[{"href":"https:\/\/montysplantfood.com\/de\/wp-json\/wp\/v2\/pages"}],"about":[{"href":"https:\/\/montysplantfood.com\/de\/wp-json\/wp\/v2\/types\/page"}],"author":[{"embeddable":true,"href":"https:\/\/montysplantfood.com\/de\/wp-json\/wp\/v2\/users\/20"}],"replies":[{"embeddable":true,"href":"https:\/\/montysplantfood.com\/de\/wp-json\/wp\/v2\/comments?post=10000"}],"version-history":[{"count":10,"href":"https:\/\/montysplantfood.com\/de\/wp-json\/wp\/v2\/pages\/10000\/revisions"}],"predecessor-version":[{"id":13015,"href":"https:\/\/montysplantfood.com\/de\/wp-json\/wp\/v2\/pages\/10000\/revisions\/13015"}],"wp:attachment":[{"href":"https:\/\/montysplantfood.com\/de\/wp-json\/wp\/v2\/media?parent=10000"}],"curies":[{"name":"wp","href":"https:\/\/api.w.org\/{rel}","templated":true}]}}